{"id":298,"date":"2025-01-12T15:32:14","date_gmt":"2025-01-12T14:32:14","guid":{"rendered":"https:\/\/sklep.strzelamyinaczej.pl\/?post_type=product&#038;p=298"},"modified":"2025-04-03T16:04:53","modified_gmt":"2025-04-03T14:04:53","slug":"t-shirt-ksi","status":"publish","type":"product","link":"http:\/\/sklep.strzelamyinaczej.pl\/en\/produkt\/t-shirt-ksi\/","title":{"rendered":"T-Shirt KSI"},"content":{"rendered":"<div>Jedyny w swoim rodzaju, dobrej jako\u015bci, polecany przez znawc\u00f3w mody i ludzi wy\u017cszych sfer, wykonany z najlepszych materia\u0142\u00f3w przez ludzi z misj\u0105 i poczuciem odpowiedzialno\u015bci za sw\u00f3j produkt.<\/div>\n<div><\/div>\n<div>Tego wszystkiego na pewno nie da si\u0119 powiedzie\u0107 o tym produkcie. Produkt jaki jest ka\u017cdy widzi &#8211; mog\u0142o by\u0107 lepiej ale nikomu si\u0119 nie chcia\u0142o posiedzie\u0107 nad tym d\u0142u\u017cej, poza tym um\u00f3wmy si\u0119 &#8211; dobrze by\u0142o do &#8217;89, p\u00f3\u017aniej tylko gorzej. Wz\u00f3r \u015bredni, materia\u0142 byle jaki, sam produkt te\u017c po linii najmniejszego oporu a ile pieni\u0119dzy za to chc\u0105 ! Ludzie ! Kto takie pieni\u0105dze dzi\u015b ma ? No w\u0142a\u015bnie liczymy, \u017ce Ty i \u017ce skusisz si\u0119 na t\u0105 koszulk\u0119. Skoro dotar\u0142e\u015b lub dotar\u0142a\u015b tak daleko to znaczy, \u017ce jeste\u015b osob\u0105 o ponadprzeci\u0119tnych umiej\u0119tno\u015bciach poniewa\u017c umiesz identyfikowa\u0107 literki, p\u00f3\u017aniej literki \u0142\u0105czy\u0107 w wyrazy czego dalszym nast\u0119pstwem jest budowa zda\u0144. Teraz pytanie czy rozumiesz co czytasz ? Zr\u00f3bmy ma\u0142y test. Czy z powy\u017cszego opisu wynika, \u017ce:<\/div>\n<div><\/div>\n<div>A &#8211; koniecznie chcesz kupi\u0107 koszulk\u0119<\/div>\n<div>B &#8211; ta koszulka to najlepszy produkt jaki jest na rynku koszulek<\/div>\n<div>C &#8211; chcesz kupi\u0107 nawet dwie koszulki<\/div>\n<div>D &#8211;\u00a0 w\u0142a\u015bnie podj\u0105\u0142e\u015b\/podj\u0119\u0142a\u015b decyzj\u0119 o wykupieniu wszystkich koszulek.<\/div>\n<div><\/div>\n<div>Od razu powiem. Wszystkie odpowiedzi s\u0105 poprawne bo u nas wszyscy s\u0105 zwyci\u0119zcami ! Kup se koszulk\u0119 i b\u0105d\u017a zwyci\u0119zc\u0105 lub zwyci\u0119\u017cczyni\u0105 ka\u017cdego dnia w w\u0142a\u015bnie naszej koszulce !<\/div>\n<div><\/div>\n<h3>Rodzaj nadruku:<\/h3>\n<div>Nadruk cyfrowy DTF<\/div>\n<h3>Sk\u0142ad:<\/h3>\n<div>100% bawe\u0142na<\/div>\n<div><\/div>\n<div>Czas wysy\u0142ki to 3 dni robocze.<\/div>\n","protected":false},"excerpt":{"rendered":"<p><strong>Must have ka\u017cdego klubowicza!!!<\/strong> Koszulka klubowa Klubu Strzelaj\u0105cych inaczej, wysoka jako\u015b\u0107 druku i jeszcze wy\u017csza jako\u015b\u0107 koszulki. Niech ka\u017cdy widzi, \u017ce nale\u017cysz do elitarnego Klubu Strzelaj\u0105cych Inaczej. Lans i balans gwarantowany!!!<\/p>\n","protected":false},"featured_media":306,"template":"","meta":[],"product_brand":[],"product_cat":[45],"product_tag":[],"class_list":{"0":"post-298","1":"product","2":"type-product","3":"status-publish","4":"has-post-thumbnail","6":"product_cat-koszulki-klubowe","8":"first","9":"instock","10":"taxable","11":"shipping-taxable","12":"purchasable","13":"product-type-variable"},"yoast_head":"<!-- This site is optimized with the Yoast SEO plugin v24.7 - https:\/\/yoast.com\/wordpress\/plugins\/seo\/ -->\n<title>T-Shirt KSI - Sklep Klubu Strzelaj\u0105cych Inaczej<\/title>\n<meta name=\"robots\" content=\"index, follow, max-snippet:-1, max-image-preview:large, max-video-preview:-1\" \/>\n<link rel=\"canonical\" href=\"http:\/\/sklep.strzelamyinaczej.pl\/en\/produkt\/t-shirt-ksi\/\" \/>\n<meta property=\"og:locale\" content=\"en_US\" \/>\n<meta property=\"og:type\" content=\"article\" \/>\n<meta property=\"og:title\" content=\"T-Shirt KSI - Sklep Klubu Strzelaj\u0105cych Inaczej\" \/>\n<meta property=\"og:description\" content=\"Must have ka\u017cdego klubowicza!!! Koszulka klubowa Klubu Strzelaj\u0105cych inaczej, wysoka jako\u015b\u0107 druku i jeszcze wy\u017csza jako\u015b\u0107 koszulki. Niech ka\u017cdy widzi, \u017ce nale\u017cysz do elitarnego Klubu Strzelaj\u0105cych Inaczej. Lans i balans gwarantowany!!!\" \/>\n<meta property=\"og:url\" content=\"http:\/\/sklep.strzelamyinaczej.pl\/en\/produkt\/t-shirt-ksi\/\" \/>\n<meta property=\"og:site_name\" content=\"Sklep Klubu Strzelaj\u0105cych Inaczej\" \/>\n<meta property=\"article:modified_time\" content=\"2025-04-03T14:04:53+00:00\" \/>\n<meta property=\"og:image\" content=\"http:\/\/sklep.strzelamyinaczej.pl\/wp-content\/uploads\/sites\/2\/2025\/01\/77.jpg\" \/>\n\t<meta property=\"og:image:width\" content=\"1440\" \/>\n\t<meta property=\"og:image:height\" content=\"960\" \/>\n\t<meta property=\"og:image:type\" content=\"image\/jpeg\" \/>\n<meta name=\"twitter:card\" content=\"summary_large_image\" \/>\n<meta name=\"twitter:label1\" content=\"Est. reading time\" \/>\n\t<meta name=\"twitter:data1\" content=\"2 minutes\" \/>\n<script type=\"application\/ld+json\" class=\"yoast-schema-graph\">{\"@context\":\"https:\/\/schema.org\",\"@graph\":[{\"@type\":\"WebPage\",\"@id\":\"http:\/\/sklep.strzelamyinaczej.pl\/en\/produkt\/t-shirt-ksi\/\",\"url\":\"http:\/\/sklep.strzelamyinaczej.pl\/en\/produkt\/t-shirt-ksi\/\",\"name\":\"T-Shirt KSI - Sklep Klubu Strzelaj\u0105cych Inaczej\",\"isPartOf\":{\"@id\":\"https:\/\/sklep.strzelamyinaczej.pl\/en\/#website\"},\"primaryImageOfPage\":{\"@id\":\"http:\/\/sklep.strzelamyinaczej.pl\/en\/produkt\/t-shirt-ksi\/#primaryimage\"},\"image\":{\"@id\":\"http:\/\/sklep.strzelamyinaczej.pl\/en\/produkt\/t-shirt-ksi\/#primaryimage\"},\"thumbnailUrl\":\"http:\/\/sklep.strzelamyinaczej.pl\/wp-content\/uploads\/sites\/2\/2025\/01\/77.jpg\",\"datePublished\":\"2025-01-12T14:32:14+00:00\",\"dateModified\":\"2025-04-03T14:04:53+00:00\",\"breadcrumb\":{\"@id\":\"http:\/\/sklep.strzelamyinaczej.pl\/en\/produkt\/t-shirt-ksi\/#breadcrumb\"},\"inLanguage\":\"en-US\",\"potentialAction\":[{\"@type\":\"ReadAction\",\"target\":[\"http:\/\/sklep.strzelamyinaczej.pl\/en\/produkt\/t-shirt-ksi\/\"]}]},{\"@type\":\"ImageObject\",\"inLanguage\":\"en-US\",\"@id\":\"http:\/\/sklep.strzelamyinaczej.pl\/en\/produkt\/t-shirt-ksi\/#primaryimage\",\"url\":\"http:\/\/sklep.strzelamyinaczej.pl\/wp-content\/uploads\/sites\/2\/2025\/01\/77.jpg\",\"contentUrl\":\"http:\/\/sklep.strzelamyinaczej.pl\/wp-content\/uploads\/sites\/2\/2025\/01\/77.jpg\",\"width\":1440,\"height\":960},{\"@type\":\"BreadcrumbList\",\"@id\":\"http:\/\/sklep.strzelamyinaczej.pl\/en\/produkt\/t-shirt-ksi\/#breadcrumb\",\"itemListElement\":[{\"@type\":\"ListItem\",\"position\":1,\"name\":\"Strona g\u0142\u00f3wna\",\"item\":\"https:\/\/sklep.strzelamyinaczej.pl\/en\/\"},{\"@type\":\"ListItem\",\"position\":2,\"name\":\"Sklep\",\"item\":\"https:\/\/sklep.strzelamyinaczej.pl\/\"},{\"@type\":\"ListItem\",\"position\":3,\"name\":\"T-Shirt KSI\"}]},{\"@type\":\"WebSite\",\"@id\":\"https:\/\/sklep.strzelamyinaczej.pl\/en\/#website\",\"url\":\"https:\/\/sklep.strzelamyinaczej.pl\/en\/\",\"name\":\"Sklep Klubu Strzelaj\u0105cych Inaczej\",\"description\":\"\",\"potentialAction\":[{\"@type\":\"SearchAction\",\"target\":{\"@type\":\"EntryPoint\",\"urlTemplate\":\"https:\/\/sklep.strzelamyinaczej.pl\/en\/?s={search_term_string}\"},\"query-input\":{\"@type\":\"PropertyValueSpecification\",\"valueRequired\":true,\"valueName\":\"search_term_string\"}}],\"inLanguage\":\"en-US\"}]}<\/script>\n<!-- \/ Yoast SEO plugin. -->","yoast_head_json":{"title":"T-Shirt KSI - Sklep Klubu Strzelaj\u0105cych Inaczej","robots":{"index":"index","follow":"follow","max-snippet":"max-snippet:-1","max-image-preview":"max-image-preview:large","max-video-preview":"max-video-preview:-1"},"canonical":"http:\/\/sklep.strzelamyinaczej.pl\/en\/produkt\/t-shirt-ksi\/","og_locale":"en_US","og_type":"article","og_title":"T-Shirt KSI - Sklep Klubu Strzelaj\u0105cych Inaczej","og_description":"Must have ka\u017cdego klubowicza!!! Koszulka klubowa Klubu Strzelaj\u0105cych inaczej, wysoka jako\u015b\u0107 druku i jeszcze wy\u017csza jako\u015b\u0107 koszulki. Niech ka\u017cdy widzi, \u017ce nale\u017cysz do elitarnego Klubu Strzelaj\u0105cych Inaczej. Lans i balans gwarantowany!!!","og_url":"http:\/\/sklep.strzelamyinaczej.pl\/en\/produkt\/t-shirt-ksi\/","og_site_name":"Sklep Klubu Strzelaj\u0105cych Inaczej","article_modified_time":"2025-04-03T14:04:53+00:00","og_image":[{"width":1440,"height":960,"url":"http:\/\/sklep.strzelamyinaczej.pl\/wp-content\/uploads\/sites\/2\/2025\/01\/77.jpg","type":"image\/jpeg"}],"twitter_card":"summary_large_image","twitter_misc":{"Est. reading time":"2 minutes"},"schema":{"@context":"https:\/\/schema.org","@graph":[{"@type":"WebPage","@id":"http:\/\/sklep.strzelamyinaczej.pl\/en\/produkt\/t-shirt-ksi\/","url":"http:\/\/sklep.strzelamyinaczej.pl\/en\/produkt\/t-shirt-ksi\/","name":"T-Shirt KSI - Sklep Klubu Strzelaj\u0105cych Inaczej","isPartOf":{"@id":"https:\/\/sklep.strzelamyinaczej.pl\/en\/#website"},"primaryImageOfPage":{"@id":"http:\/\/sklep.strzelamyinaczej.pl\/en\/produkt\/t-shirt-ksi\/#primaryimage"},"image":{"@id":"http:\/\/sklep.strzelamyinaczej.pl\/en\/produkt\/t-shirt-ksi\/#primaryimage"},"thumbnailUrl":"http:\/\/sklep.strzelamyinaczej.pl\/wp-content\/uploads\/sites\/2\/2025\/01\/77.jpg","datePublished":"2025-01-12T14:32:14+00:00","dateModified":"2025-04-03T14:04:53+00:00","breadcrumb":{"@id":"http:\/\/sklep.strzelamyinaczej.pl\/en\/produkt\/t-shirt-ksi\/#breadcrumb"},"inLanguage":"en-US","potentialAction":[{"@type":"ReadAction","target":["http:\/\/sklep.strzelamyinaczej.pl\/en\/produkt\/t-shirt-ksi\/"]}]},{"@type":"ImageObject","inLanguage":"en-US","@id":"http:\/\/sklep.strzelamyinaczej.pl\/en\/produkt\/t-shirt-ksi\/#primaryimage","url":"http:\/\/sklep.strzelamyinaczej.pl\/wp-content\/uploads\/sites\/2\/2025\/01\/77.jpg","contentUrl":"http:\/\/sklep.strzelamyinaczej.pl\/wp-content\/uploads\/sites\/2\/2025\/01\/77.jpg","width":1440,"height":960},{"@type":"BreadcrumbList","@id":"http:\/\/sklep.strzelamyinaczej.pl\/en\/produkt\/t-shirt-ksi\/#breadcrumb","itemListElement":[{"@type":"ListItem","position":1,"name":"Strona g\u0142\u00f3wna","item":"https:\/\/sklep.strzelamyinaczej.pl\/en\/"},{"@type":"ListItem","position":2,"name":"Sklep","item":"https:\/\/sklep.strzelamyinaczej.pl\/"},{"@type":"ListItem","position":3,"name":"T-Shirt KSI"}]},{"@type":"WebSite","@id":"https:\/\/sklep.strzelamyinaczej.pl\/en\/#website","url":"https:\/\/sklep.strzelamyinaczej.pl\/en\/","name":"Sklep Klubu Strzelaj\u0105cych Inaczej","description":"","potentialAction":[{"@type":"SearchAction","target":{"@type":"EntryPoint","urlTemplate":"https:\/\/sklep.strzelamyinaczej.pl\/en\/?s={search_term_string}"},"query-input":{"@type":"PropertyValueSpecification","valueRequired":true,"valueName":"search_term_string"}}],"inLanguage":"en-US"}]}},"_links":{"self":[{"href":"http:\/\/sklep.strzelamyinaczej.pl\/en\/wp-json\/wp\/v2\/product\/298","targetHints":{"allow":["GET"]}}],"collection":[{"href":"http:\/\/sklep.strzelamyinaczej.pl\/en\/wp-json\/wp\/v2\/product"}],"about":[{"href":"http:\/\/sklep.strzelamyinaczej.pl\/en\/wp-json\/wp\/v2\/types\/product"}],"wp:featuredmedia":[{"embeddable":true,"href":"http:\/\/sklep.strzelamyinaczej.pl\/en\/wp-json\/wp\/v2\/media\/306"}],"wp:attachment":[{"href":"http:\/\/sklep.strzelamyinaczej.pl\/en\/wp-json\/wp\/v2\/media?parent=298"}],"wp:term":[{"taxonomy":"product_brand","embeddable":true,"href":"http:\/\/sklep.strzelamyinaczej.pl\/en\/wp-json\/wp\/v2\/product_brand?post=298"},{"taxonomy":"product_cat","embeddable":true,"href":"http:\/\/sklep.strzelamyinaczej.pl\/en\/wp-json\/wp\/v2\/product_cat?post=298"},{"taxonomy":"product_tag","embeddable":true,"href":"http:\/\/sklep.strzelamyinaczej.pl\/en\/wp-json\/wp\/v2\/product_tag?post=298"}],"curies":[{"name":"wp","href":"https:\/\/api.w.org\/{rel}","templated":true}]}}