{"id":1140,"date":"2025-07-17T22:58:35","date_gmt":"2025-07-17T20:58:35","guid":{"rendered":"https:\/\/sklep.strzelamyinaczej.pl\/?post_type=product&#038;p=1140"},"modified":"2026-04-17T07:24:47","modified_gmt":"2026-04-17T05:24:47","slug":"kurs-na-egzamin-w-wpa-kolekcjonerka","status":"publish","type":"product","link":"https:\/\/sklep.strzelamyinaczej.pl\/en\/produkt\/kurs-na-egzamin-w-wpa-kolekcjonerka\/","title":{"rendered":"Kurs na egzamin w WPA &#8211; Kolekcjonerka"},"content":{"rendered":"<ul>\n<li>Na tym kursie dowiesz si\u0119:<\/li>\n<li>jakie przepisy dotycz\u0105 posiadaczy broni palnej w Polsce<\/li>\n<li>jak przygotowa\u0107 si\u0119 do egzaminu teoretycznego<\/li>\n<li>jak roz\u0142o\u017cy\u0107 i z\u0142o\u017cy\u0107 bro\u0144, kt\u00f3ra b\u0119dzie na egzaminie policyjnym<\/li>\n<li>jak wskaza\u0107 istotne i nieistotne cz\u0119\u015bci broni<\/li>\n<li>nauczymy Ci\u0119 \u0142adowania broni, zachowania zasad bezpiecze\u0144stwa<\/li>\n<li>przygotujemy Ci\u0119 do cz\u0119\u015bci praktycznej egzaminu<\/li>\n<li>podpowiemy, w jaki spos\u00f3b prawid\u0142owo z\u0142o\u017cy\u0107 wniosek o pozwolenie na bro\u0144 do WPA oraz pomo\u017cemy w razie w\u0105tpliwo\u015bci dotycz\u0105cych kwestii formalnych<\/li>\n<\/ul>\n<p>Kurs skierowany jest do wszystkich zainteresowanych \u2013 niezale\u017cnie czy zrzeszonych w Klubie Strzelaj\u0105cych Inaczej, czy nie, natomiast dla naszych klubowicz\u00f3w przewidujemy zni\u017ck\u0119 na kurs.<\/p>\n<p>Szkolenie odbywa si\u0119 zdalnie (cz\u0119\u015b\u0107 wyk\u0142adowa) oraz stacjonarnie, na strzelnicy Klubu Strzelaj\u0105cych Inaczej umiejscowionej na ulicy Zawodnik\u00f3w 1 w Gda\u0144sku. Kurs organizowany jest przez Oskara \u201ePozioma\u201d Poziemskiego \u2013 prowadz\u0105cego strzelanie, s\u0119dziego sportu strzeleckiego oraz prywatnie pasjonata broni palnej. Szkolenie sk\u0142ada si\u0119 z wyk\u0142adu online oraz dw\u00f3ch spotka\u0144 na strzelnicy, kt\u00f3rych termin ustalamy indywidualnie. W trakcie wyk\u0142adu przybli\u017cone zostan\u0105 Wam obowi\u0105zuj\u0105ce akty prawne zwi\u0105zane z broni\u0105 paln\u0105 oraz pula pyta\u0144 teoretycznych, kt\u00f3re mo\u017cecie wylosowa\u0107 na egzaminie. Po wys\u0142uchaniu wyk\u0142adu ustalone zostan\u0105 terminy dw\u00f3ch indywidualnych spotka\u0144 w grupach 2-4-osobowych, podczas kt\u00f3rych obja\u015bnione zostan\u0105 zagadnienia cz\u0119\u015bci praktycznej egzaminu. Po kursie zapewniona zostanie pomoc w przygotowaniu wniosku do WPA, po z\u0142o\u017ceniu kt\u00f3rego otrzymacie termin egzaminu. Po wyznaczeniu terminu egzaminu b\u0119dzie mo\u017cliwo\u015b\u0107 um\u00f3wienia dodatkowej indywidualnej wizyty na strzelnicy w celu przypomnienia przed egzaminem.<\/p>\n<p>Kurs sk\u0142ada si\u0119 z:<\/p>\n<ul>\n<li>cz\u0119\u015bci wyk\u0142adowej trwaj\u0105cej zale\u017cnie od ilo\u015bci pyta\u0144 kursant\u00f3w &#8211; od 3 do 6 godzin<\/li>\n<li>cz\u0119\u015bci praktycznej na kt\u00f3rej kursanci \u0107wicz\u0105 rozk\u0142adanie broni oraz strzelanie na sucho &#8211; oko\u0142o 4 godziny<\/li>\n<li>cz\u0119\u015bci praktycznej na kt\u00f3rej kursanci 3-krotnie strzelaj\u0105 zgodnie z wymaganiami egzaminacyjnymi z ka\u017cdej broni kt\u00f3ra mo\u017ce pojawi\u0107 si\u0119 na egzaminie na &#8220;kolekcj\u0119&#8221; oraz &#8220;dopuszczenie&#8221; &#8211; oko\u0142o 4 godziny<\/li>\n<\/ul>\n<h3><strong>Data rozpocz\u0119cia kolejnej tury kursu: 15.05.2026r. 16:00 (pi\u0105tek) &#8211; je\u015bli zbierze si\u0119 grupa minimum 3 kursant\u00f3w. W przeciwnym razie grupa zostanie przeniesiona na kolejny termin 10.06.2026r.<br \/>\nTego dnia odb\u0119dzie si\u0119 cz\u0119\u015b\u0107 teoretyczna, w formie wyk\u0142adu online na platformie Google Meets<br \/>\n<\/strong><\/h3>\n<p><strong>(Daty zaj\u0119\u0107 praktycznych ustalone b\u0119d\u0105 z grup\u0105)\u00a0<\/strong><\/p>\n<p>&nbsp;<\/p>\n","protected":false},"excerpt":{"rendered":"<p>Kurs przygotowany z my\u015bl\u0105 o osobach zdaj\u0105cych egzamin na tzw. \u201epe\u0142ne pozwolenie kolekcjonerskie\u201d lub dopuszczenie do broni palnej. Chcesz kolekcjonowa\u0107 bro\u0144 bro\u0144 paln\u0105, ale nie zale\u017cy ci na zawodach sportowych, ani na noszeniu za\u0142adowanej broni? W takim razie pozwolenie kolekcjonerskie z egzaminem przed WPA mo\u017ce by\u0107 dla Ciebie.<\/p>\n<p>Najbli\u017cszy wyk\u0142ad: 15.05.2026r. 16:00 (pi\u0105tek) &#8211; je\u015bli zbierze si\u0119 grupa minimum 3 kursant\u00f3w. W przeciwnym razie grupa zostanie przeniesiona na kolejny termin.<\/p>\n<p>Kolejny termin: 10.06.2026r. 16:00 (\u015broda) &#8211; je\u015bli zbierze si\u0119 grupa minimum 3 kursant\u00f3w. W przeciwnym razie grupa zostanie przeniesiona na kolejny termin.<\/p>\n","protected":false},"featured_media":1141,"template":"","meta":[],"product_brand":[],"product_cat":[88],"product_tag":[],"class_list":{"0":"post-1140","1":"product","2":"type-product","3":"status-publish","4":"has-post-thumbnail","6":"product_cat-kursy-szkolenia","7":"product_shipping_class-brak-wysylki","9":"first","10":"instock","11":"sold-individually","12":"taxable","13":"shipping-taxable","14":"purchasable","15":"product-type-variable"},"yoast_head":"<!-- This site is optimized with the Yoast SEO plugin v24.7 - https:\/\/yoast.com\/wordpress\/plugins\/seo\/ -->\n<title>Kurs na egzamin w WPA - Kolekcjonerka - Sklep Klubu Strzelaj\u0105cych Inaczej<\/title>\n<meta name=\"robots\" content=\"index, follow, max-snippet:-1, max-image-preview:large, max-video-preview:-1\" \/>\n<link rel=\"canonical\" href=\"https:\/\/sklep.strzelamyinaczej.pl\/en\/produkt\/kurs-na-egzamin-w-wpa-kolekcjonerka\/\" \/>\n<meta property=\"og:locale\" content=\"en_US\" \/>\n<meta property=\"og:type\" content=\"article\" \/>\n<meta property=\"og:title\" content=\"Kurs na egzamin w WPA - Kolekcjonerka - Sklep Klubu Strzelaj\u0105cych Inaczej\" \/>\n<meta property=\"og:description\" content=\"Kurs przygotowany z my\u015bl\u0105 o osobach zdaj\u0105cych egzamin na tzw. \u201epe\u0142ne pozwolenie kolekcjonerskie\u201d lub dopuszczenie do broni palnej. Chcesz kolekcjonowa\u0107 bro\u0144 bro\u0144 paln\u0105, ale nie zale\u017cy ci na zawodach sportowych, ani na noszeniu za\u0142adowanej broni? W takim razie pozwolenie kolekcjonerskie z egzaminem przed WPA mo\u017ce by\u0107 dla Ciebie.  Najbli\u017cszy wyk\u0142ad: 15.05.2026r. 16:00 (pi\u0105tek) - je\u015bli zbierze si\u0119 grupa minimum 3 kursant\u00f3w. W przeciwnym razie grupa zostanie przeniesiona na kolejny termin.  Kolejny termin: 10.06.2026r. 16:00 (\u015broda) - je\u015bli zbierze si\u0119 grupa minimum 3 kursant\u00f3w. W przeciwnym razie grupa zostanie przeniesiona na kolejny termin.\" \/>\n<meta property=\"og:url\" content=\"https:\/\/sklep.strzelamyinaczej.pl\/en\/produkt\/kurs-na-egzamin-w-wpa-kolekcjonerka\/\" \/>\n<meta property=\"og:site_name\" content=\"Sklep Klubu Strzelaj\u0105cych Inaczej\" \/>\n<meta property=\"article:modified_time\" content=\"2026-04-17T05:24:47+00:00\" \/>\n<meta property=\"og:image\" content=\"http:\/\/sklep.strzelamyinaczej.pl\/wp-content\/uploads\/sites\/2\/2025\/07\/kurs-kolekcja.jpg\" \/>\n\t<meta property=\"og:image:width\" content=\"942\" \/>\n\t<meta property=\"og:image:height\" content=\"685\" \/>\n\t<meta property=\"og:image:type\" content=\"image\/jpeg\" \/>\n<meta name=\"twitter:card\" content=\"summary_large_image\" \/>\n<meta name=\"twitter:label1\" content=\"Est. reading time\" \/>\n\t<meta name=\"twitter:data1\" content=\"3 minutes\" \/>\n<script type=\"application\/ld+json\" class=\"yoast-schema-graph\">{\"@context\":\"https:\/\/schema.org\",\"@graph\":[{\"@type\":\"WebPage\",\"@id\":\"https:\/\/sklep.strzelamyinaczej.pl\/en\/produkt\/kurs-na-egzamin-w-wpa-kolekcjonerka\/\",\"url\":\"https:\/\/sklep.strzelamyinaczej.pl\/en\/produkt\/kurs-na-egzamin-w-wpa-kolekcjonerka\/\",\"name\":\"Kurs na egzamin w WPA - Kolekcjonerka - Sklep Klubu Strzelaj\u0105cych Inaczej\",\"isPartOf\":{\"@id\":\"https:\/\/sklep.strzelamyinaczej.pl\/en\/#website\"},\"primaryImageOfPage\":{\"@id\":\"https:\/\/sklep.strzelamyinaczej.pl\/en\/produkt\/kurs-na-egzamin-w-wpa-kolekcjonerka\/#primaryimage\"},\"image\":{\"@id\":\"https:\/\/sklep.strzelamyinaczej.pl\/en\/produkt\/kurs-na-egzamin-w-wpa-kolekcjonerka\/#primaryimage\"},\"thumbnailUrl\":\"https:\/\/sklep.strzelamyinaczej.pl\/wp-content\/uploads\/sites\/2\/2025\/07\/kurs-kolekcja.jpg\",\"datePublished\":\"2025-07-17T20:58:35+00:00\",\"dateModified\":\"2026-04-17T05:24:47+00:00\",\"breadcrumb\":{\"@id\":\"https:\/\/sklep.strzelamyinaczej.pl\/en\/produkt\/kurs-na-egzamin-w-wpa-kolekcjonerka\/#breadcrumb\"},\"inLanguage\":\"en-US\",\"potentialAction\":[{\"@type\":\"ReadAction\",\"target\":[\"https:\/\/sklep.strzelamyinaczej.pl\/en\/produkt\/kurs-na-egzamin-w-wpa-kolekcjonerka\/\"]}]},{\"@type\":\"ImageObject\",\"inLanguage\":\"en-US\",\"@id\":\"https:\/\/sklep.strzelamyinaczej.pl\/en\/produkt\/kurs-na-egzamin-w-wpa-kolekcjonerka\/#primaryimage\",\"url\":\"https:\/\/sklep.strzelamyinaczej.pl\/wp-content\/uploads\/sites\/2\/2025\/07\/kurs-kolekcja.jpg\",\"contentUrl\":\"https:\/\/sklep.strzelamyinaczej.pl\/wp-content\/uploads\/sites\/2\/2025\/07\/kurs-kolekcja.jpg\",\"width\":942,\"height\":685},{\"@type\":\"BreadcrumbList\",\"@id\":\"https:\/\/sklep.strzelamyinaczej.pl\/en\/produkt\/kurs-na-egzamin-w-wpa-kolekcjonerka\/#breadcrumb\",\"itemListElement\":[{\"@type\":\"ListItem\",\"position\":1,\"name\":\"Strona g\u0142\u00f3wna\",\"item\":\"https:\/\/sklep.strzelamyinaczej.pl\/en\/\"},{\"@type\":\"ListItem\",\"position\":2,\"name\":\"Sklep\",\"item\":\"https:\/\/sklep.strzelamyinaczej.pl\/\"},{\"@type\":\"ListItem\",\"position\":3,\"name\":\"Kurs na egzamin w WPA &#8211; Kolekcjonerka\"}]},{\"@type\":\"WebSite\",\"@id\":\"https:\/\/sklep.strzelamyinaczej.pl\/en\/#website\",\"url\":\"https:\/\/sklep.strzelamyinaczej.pl\/en\/\",\"name\":\"Sklep Klubu Strzelaj\u0105cych Inaczej\",\"description\":\"\",\"potentialAction\":[{\"@type\":\"SearchAction\",\"target\":{\"@type\":\"EntryPoint\",\"urlTemplate\":\"https:\/\/sklep.strzelamyinaczej.pl\/en\/?s={search_term_string}\"},\"query-input\":{\"@type\":\"PropertyValueSpecification\",\"valueRequired\":true,\"valueName\":\"search_term_string\"}}],\"inLanguage\":\"en-US\"}]}<\/script>\n<!-- \/ Yoast SEO plugin. -->","yoast_head_json":{"title":"Kurs na egzamin w WPA - Kolekcjonerka - Sklep Klubu Strzelaj\u0105cych Inaczej","robots":{"index":"index","follow":"follow","max-snippet":"max-snippet:-1","max-image-preview":"max-image-preview:large","max-video-preview":"max-video-preview:-1"},"canonical":"https:\/\/sklep.strzelamyinaczej.pl\/en\/produkt\/kurs-na-egzamin-w-wpa-kolekcjonerka\/","og_locale":"en_US","og_type":"article","og_title":"Kurs na egzamin w WPA - Kolekcjonerka - Sklep Klubu Strzelaj\u0105cych Inaczej","og_description":"Kurs przygotowany z my\u015bl\u0105 o osobach zdaj\u0105cych egzamin na tzw. \u201epe\u0142ne pozwolenie kolekcjonerskie\u201d lub dopuszczenie do broni palnej. Chcesz kolekcjonowa\u0107 bro\u0144 bro\u0144 paln\u0105, ale nie zale\u017cy ci na zawodach sportowych, ani na noszeniu za\u0142adowanej broni? W takim razie pozwolenie kolekcjonerskie z egzaminem przed WPA mo\u017ce by\u0107 dla Ciebie.  Najbli\u017cszy wyk\u0142ad: 15.05.2026r. 16:00 (pi\u0105tek) - je\u015bli zbierze si\u0119 grupa minimum 3 kursant\u00f3w. W przeciwnym razie grupa zostanie przeniesiona na kolejny termin.  Kolejny termin: 10.06.2026r. 16:00 (\u015broda) - je\u015bli zbierze si\u0119 grupa minimum 3 kursant\u00f3w. W przeciwnym razie grupa zostanie przeniesiona na kolejny termin.","og_url":"https:\/\/sklep.strzelamyinaczej.pl\/en\/produkt\/kurs-na-egzamin-w-wpa-kolekcjonerka\/","og_site_name":"Sklep Klubu Strzelaj\u0105cych Inaczej","article_modified_time":"2026-04-17T05:24:47+00:00","og_image":[{"width":942,"height":685,"url":"http:\/\/sklep.strzelamyinaczej.pl\/wp-content\/uploads\/sites\/2\/2025\/07\/kurs-kolekcja.jpg","type":"image\/jpeg"}],"twitter_card":"summary_large_image","twitter_misc":{"Est. reading time":"3 minutes"},"schema":{"@context":"https:\/\/schema.org","@graph":[{"@type":"WebPage","@id":"https:\/\/sklep.strzelamyinaczej.pl\/en\/produkt\/kurs-na-egzamin-w-wpa-kolekcjonerka\/","url":"https:\/\/sklep.strzelamyinaczej.pl\/en\/produkt\/kurs-na-egzamin-w-wpa-kolekcjonerka\/","name":"Kurs na egzamin w WPA - Kolekcjonerka - Sklep Klubu Strzelaj\u0105cych Inaczej","isPartOf":{"@id":"https:\/\/sklep.strzelamyinaczej.pl\/en\/#website"},"primaryImageOfPage":{"@id":"https:\/\/sklep.strzelamyinaczej.pl\/en\/produkt\/kurs-na-egzamin-w-wpa-kolekcjonerka\/#primaryimage"},"image":{"@id":"https:\/\/sklep.strzelamyinaczej.pl\/en\/produkt\/kurs-na-egzamin-w-wpa-kolekcjonerka\/#primaryimage"},"thumbnailUrl":"https:\/\/sklep.strzelamyinaczej.pl\/wp-content\/uploads\/sites\/2\/2025\/07\/kurs-kolekcja.jpg","datePublished":"2025-07-17T20:58:35+00:00","dateModified":"2026-04-17T05:24:47+00:00","breadcrumb":{"@id":"https:\/\/sklep.strzelamyinaczej.pl\/en\/produkt\/kurs-na-egzamin-w-wpa-kolekcjonerka\/#breadcrumb"},"inLanguage":"en-US","potentialAction":[{"@type":"ReadAction","target":["https:\/\/sklep.strzelamyinaczej.pl\/en\/produkt\/kurs-na-egzamin-w-wpa-kolekcjonerka\/"]}]},{"@type":"ImageObject","inLanguage":"en-US","@id":"https:\/\/sklep.strzelamyinaczej.pl\/en\/produkt\/kurs-na-egzamin-w-wpa-kolekcjonerka\/#primaryimage","url":"https:\/\/sklep.strzelamyinaczej.pl\/wp-content\/uploads\/sites\/2\/2025\/07\/kurs-kolekcja.jpg","contentUrl":"https:\/\/sklep.strzelamyinaczej.pl\/wp-content\/uploads\/sites\/2\/2025\/07\/kurs-kolekcja.jpg","width":942,"height":685},{"@type":"BreadcrumbList","@id":"https:\/\/sklep.strzelamyinaczej.pl\/en\/produkt\/kurs-na-egzamin-w-wpa-kolekcjonerka\/#breadcrumb","itemListElement":[{"@type":"ListItem","position":1,"name":"Strona g\u0142\u00f3wna","item":"https:\/\/sklep.strzelamyinaczej.pl\/en\/"},{"@type":"ListItem","position":2,"name":"Sklep","item":"https:\/\/sklep.strzelamyinaczej.pl\/"},{"@type":"ListItem","position":3,"name":"Kurs na egzamin w WPA &#8211; Kolekcjonerka"}]},{"@type":"WebSite","@id":"https:\/\/sklep.strzelamyinaczej.pl\/en\/#website","url":"https:\/\/sklep.strzelamyinaczej.pl\/en\/","name":"Sklep Klubu Strzelaj\u0105cych Inaczej","description":"","potentialAction":[{"@type":"SearchAction","target":{"@type":"EntryPoint","urlTemplate":"https:\/\/sklep.strzelamyinaczej.pl\/en\/?s={search_term_string}"},"query-input":{"@type":"PropertyValueSpecification","valueRequired":true,"valueName":"search_term_string"}}],"inLanguage":"en-US"}]}},"_links":{"self":[{"href":"https:\/\/sklep.strzelamyinaczej.pl\/en\/wp-json\/wp\/v2\/product\/1140","targetHints":{"allow":["GET"]}}],"collection":[{"href":"https:\/\/sklep.strzelamyinaczej.pl\/en\/wp-json\/wp\/v2\/product"}],"about":[{"href":"https:\/\/sklep.strzelamyinaczej.pl\/en\/wp-json\/wp\/v2\/types\/product"}],"wp:featuredmedia":[{"embeddable":true,"href":"https:\/\/sklep.strzelamyinaczej.pl\/en\/wp-json\/wp\/v2\/media\/1141"}],"wp:attachment":[{"href":"https:\/\/sklep.strzelamyinaczej.pl\/en\/wp-json\/wp\/v2\/media?parent=1140"}],"wp:term":[{"taxonomy":"product_brand","embeddable":true,"href":"https:\/\/sklep.strzelamyinaczej.pl\/en\/wp-json\/wp\/v2\/product_brand?post=1140"},{"taxonomy":"product_cat","embeddable":true,"href":"https:\/\/sklep.strzelamyinaczej.pl\/en\/wp-json\/wp\/v2\/product_cat?post=1140"},{"taxonomy":"product_tag","embeddable":true,"href":"https:\/\/sklep.strzelamyinaczej.pl\/en\/wp-json\/wp\/v2\/product_tag?post=1140"}],"curies":[{"name":"wp","href":"https:\/\/api.w.org\/{rel}","templated":true}]}}