{"id":1320,"date":"2025-08-12T10:16:59","date_gmt":"2025-08-12T08:16:59","guid":{"rendered":"https:\/\/sklep.strzelamyinaczej.pl\/?post_type=product&#038;p=1320"},"modified":"2026-02-15T16:00:18","modified_gmt":"2026-02-15T15:00:18","slug":"kurs-obslugi-ar-15-poziom-1","status":"publish","type":"product","link":"https:\/\/sklep.strzelamyinaczej.pl\/en\/produkt\/kurs-obslugi-ar-15-poziom-1\/","title":{"rendered":"Szkolenie karabinek AR15 POZIOM 1 &#8211; wy\u017cszy, ale dalej \u015bredni"},"content":{"rendered":"<div class=\"wpb-content-wrapper\"><div class=\"vc_row wpb_row vc_row-fluid\">\n<div class=\"wpb_column vc_column_container vc_col-sm-12\">\n<div class=\"vc_column-inner\">\n<div class=\"wpb_wrapper\">\n<div class=\"wpb_text_column wpb_content_element\">\n<div class=\"wpb_wrapper\">\n<div>\n<div>\n<h3 dir=\"auto\">Kurs obs\u0142ugi AR 15 poziom 1 &#8211; wy\u017cszy, ale dalej \u015bredni<\/h3>\n<p dir=\"auto\">to zaj\u0119cia na kt\u00f3rych dowiesz si\u0119 wszelkich przydatnych i praktycznych informacji na temat obs\u0142ugi i u\u017cytkowania platformy AR 15.<\/p>\n<div dir=\"auto\"><strong>Kurs jest skierowany do os\u00f3b, kt\u00f3re uczestniczy\u0142y ju\u017c w kursie poziom 0 (pocz\u0105tkuj\u0105cy), lub do os\u00f3b, kt\u00f3re te podstawy maj\u0105 ju\u017c za sob\u0105.\u00a0<\/strong><\/div>\n<div dir=\"auto\"><\/div>\n<div dir=\"auto\"><strong>Kurs ten ma na celu nauczy\u0107 uczestnik\u00f3w ponad-podstawowej, bezpiecznej obs\u0142ugi karabinka AR 15<\/strong>. W zwi\u0105zku z tym na kursie g\u0142\u00f3wny nacisk k\u0142adzie si\u0119 na:<\/div>\n<div dir=\"auto\">\u2013 stosowanie zasad BLOS,<\/div>\n<div dir=\"auto\">\u2013 przekazanie podstawowej wiedzy technicznej na temat akcesori\u00f3w dedykowanych do platformy AR 15,<\/div>\n<div dir=\"auto\">\u2013 operowanie z niezb\u0119dnymi dodatkami,<\/div>\n<div dir=\"auto\">\u2013 prawid\u0142ow\u0105, czasowo efektywn\u0105 prac\u0119 z karabinkiem,<\/div>\n<div dir=\"auto\">\u2013 zasady oddania celnego strza\u0142u,<\/div>\n<div dir=\"auto\">\u2013 przyjmowania prawid\u0142owej postawy strzeleckiej,<\/div>\n<div dir=\"auto\">\u2013 prawid\u0142owego sk\u0142adania przyrz\u0105d\u00f3w celowniczych,<\/div>\n<div dir=\"auto\">\u2013 identyfikacj\u0119 i usuwanie zaci\u0119\u0107.<\/div>\n<h3 dir=\"auto\">W programie szkolenia:<\/h3>\n<div dir=\"auto\">\u2013 om\u00f3wienie zasad BLOS oraz nauka \u015bwiadomego stosowania tych zasad,<\/div>\n<div dir=\"auto\">\u2013 om\u00f3wienie akcesori\u00f3w dedykowanych do platformy AR-15 i ich wykorzystanie w praktyce,<\/div>\n<div dir=\"auto\">\u2013 om\u00f3wienie zaci\u0119\u0107 jakie mog\u0105 si\u0119 przydarzy\u0107 i technik ich usuwania,<\/div>\n<div dir=\"auto\">\u2013 tips&amp;tricks,<\/div>\n<div dir=\"auto\">\u2013 \u0107wiczenia z obs\u0142ugi karabinka. Naucz\u0119 Ci\u0119 jak szybko i sprawnie wymienia\u0107 magazynki, usuwa\u0107 zaci\u0119cia w karabinku, porusza\u0107 si\u0119 z karabinkiem tak \u017ceby\u015b by\u0142 skuteczny i robi\u0142 to bezpiecznie,<\/div>\n<div dir=\"auto\">\u2013 \u0107wiczenia strzeleckie na osi; wymiany magazynk\u00f3w, szybkie przyjmowanie prawid\u0142owej postawy strzeleckiej, przeniesienie celu, praca na resecie,\u00a0 wielostrza\u0142y.<\/div>\n<\/div>\n<div dir=\"auto\"><\/div>\n<div dir=\"auto\">\n<div dir=\"auto\">Kurs jest podzielony na dwie cz\u0119\u015bci.<\/div>\n<div dir=\"auto\"><\/div>\n<div dir=\"auto\">Pierwsza cz\u0119\u015b\u0107 sk\u0142ada si\u0119 z kr\u00f3tkiego wyk\u0142adu na temat platformy AR 15. Podczas tego wyk\u0142adu rozmawiamy o akcesoriach dedykowanych do platformy AR (m.in t\u0142umikach czy pasach no\u015bnych), jak rozpoznawa\u0107 i radzi\u0107 sobie z zaci\u0119ciami, jak dba\u0107 o karabinek \u017ceby s\u0142u\u017cy\u0142 jak najd\u0142u\u017cej oraz jak i jakich modyfikacji warto dokona\u0107 by wycisn\u0105\u0107 z tej platformy jak najwi\u0119cej. Ponadto przydatne wskaz\u00f3wki i elementy kursu poziom 0.<\/div>\n<div dir=\"auto\"><\/div>\n<div>Druga cz\u0119\u015b\u0107 sk\u0142ada si\u0119 z \u0107wicze\u0144 na sucho i strzelania. Podczas treningu na sucho b\u0119dziemy uczyli si\u0119 jak sprawnie, szybko i bezpiecznie przyjmowa\u0107 postaw\u0119 strzeleck\u0105 i oddawa\u0107 celne strza\u0142y. P\u00f3\u017aniej przejdziemy sobie do sk\u0142adania si\u0119 do strza\u0142u i wymian magazynka, zar\u00f3wno sportowo go upuszczaj\u0105c jak i odzyskuj\u0105c i wk\u0142adaj\u0105c z powrotem do \u0142adownicy. Pom\u0119czymy si\u0119 te\u017c z zaci\u0119ciami. Po solidnej dawce \u0107wicze\u0144 na sucho przejdziemy od razu do tego, co tygryski lubi\u0105 najbardziej, czyli strzelania. Podczas strzelania wykonamy dok\u0142adnie te same \u0107wiczenia co powy\u017cej, tylko z amunicj\u0105. Dojd\u0105 do tego strzelania rytmiczne, czyli tak zwane wielostrza\u0142y jak i strzelanie z przeniesieniem celu.<\/div>\n<div dir=\"auto\">\n<div><\/div>\n<div>Po zako\u0144czonym kursie przeprowadzane jest podsumowanie, na kt\u00f3rym omawiamy najwi\u0119ksze b\u0142\u0119dy ka\u017cdego z uczestnik\u00f3w oraz jak temu zaradzi\u0107 na przysz\u0142o\u015b\u0107. Poza tym drog\u0105 mailow\u0105 rozsy\u0142am program kursu wraz z wiedz\u0105 teoretyczn\u0105 i rozpisanymi przyk\u0142adowymi \u0107wiczeniami strzeleckimi \u017ceby m\u00f3c samemu \u0107wiczy\u0107 w domu i na strzelnicy.<\/div>\n<div dir=\"auto\"><\/div>\n<div>Uko\u0144czenie powy\u017cszego kursu daje dobr\u0105 baz\u0119 do dalszego rozwoju w strzelaniu z karabink\u00f3w AR 15. Jak wida\u0107 po skr\u00f3conym opisie programu zaj\u0119\u0107, jest intensywnie ale za to satysfakcjonuj\u0105co ! Pami\u0119tajcie, \u017ce zawsze nale\u017cy utrwala\u0107 zdobyt\u0105 raz wiedz\u0119, a co za tym idzie nale\u017cy regularnie odwiedza\u0107 strzelnice.<\/div>\n<div><\/div>\n<\/div>\n<\/div>\n<div>\n<h3 dir=\"auto\">Koszt szkolenia dla os\u00f3b bez w\u0142asnej broni i\/b\u0105d\u017a amunicji : 520 z\u0142<\/h3>\n<div dir=\"auto\"><strong>Sprz\u0119t i \u015brodki potrzebne do zabrania dla os\u00f3b nie posiadaj\u0105cych w\u0142asnej broni:<\/strong><\/div>\n<div dir=\"auto\">\u2013 ciuchy do ubrudzenia<br \/>\n\u2013 woda<br \/>\n\u2013 przek\u0105ski<br \/>\n\u2013 spodnie ze szlufkami<br \/>\n\u2013 sztywny, szeroki pasek (lub pas strzelecki)<\/div>\n<div dir=\"auto\">Ca\u0142a reszta dostarczana jest przez organizatora (w tym 100 sztuk amunicji do wykorzystania na szkoleniu)<\/div>\n<div dir=\"auto\"><\/div>\n<h3 dir=\"auto\">Koszt szkolenia dla os\u00f3b z w\u0142asn\u0105 broni\u0105 i amunicj\u0105: 290 z\u0142<\/h3>\n<div dir=\"auto\"><strong>Sprz\u0119t i \u015brodki potrzebne dla os\u00f3b posiadaj\u0105cych w\u0142asn\u0105 bro\u0144:<\/strong><\/div>\n<div dir=\"auto\">\u2013 oporz\u0105dzenie z co najmniej 2 (dwiema) \u0142adownicami na magazynek do AR-15<br \/>\n\u2013 100 sztuk amunicji kal. 5.56\u00d745 (.223)<br \/>\n\u2013 okulary ochronne<br \/>\n\u2013 ochronniki s\u0142uchu<br \/>\n\u2013 min. 2 magazynki do kbk AR 15<\/div>\n<h3 dir=\"auto\">Pytania, skargi, wnioski, za\u017calenia:<\/h3>\n<h5 dir=\"auto\"><a href=\"mailto:filip.zabek@strzelamyinaczej.pl\">filip.zabek@strzelamyinaczej.pl<\/a><\/h5>\n<\/div>\n<\/div>\n<\/div>\n<\/div>\n<\/div>\n<\/div>\n<\/div>\n<\/div>\n<\/div>","protected":false},"excerpt":{"rendered":"<p><strong>Kurs ten ma na celu nauczy\u0107 uczestnik\u00f3w ponad-podstawowej, bezpiecznej obs\u0142ugi karabinka AR 15<\/strong>.<\/p>\n","protected":false},"featured_media":3275,"template":"","meta":[],"product_brand":[],"product_cat":[88,91],"product_tag":[],"class_list":{"0":"post-1320","1":"product","2":"type-product","3":"status-publish","4":"has-post-thumbnail","6":"product_cat-kursy-szkolenia","7":"product_cat-kursy-karabin","9":"first","10":"outofstock","11":"taxable","12":"shipping-taxable","13":"purchasable","14":"product-type-variable"},"yoast_head":"<!-- This site is optimized with the Yoast SEO plugin v24.7 - https:\/\/yoast.com\/wordpress\/plugins\/seo\/ -->\n<title>Szkolenie karabinek AR15 POZIOM 1 - wy\u017cszy, ale dalej \u015bredni - Sklep Klubu Strzelaj\u0105cych Inaczej<\/title>\n<meta name=\"description\" content=\"Kurs jest skierowany do os\u00f3b, kt\u00f3re uczestniczy\u0142y ju\u017c w kursie poziom 0 (pocz\u0105tkuj\u0105cy), lub do os\u00f3b, kt\u00f3re te podstawy maj\u0105 ju\u017c za sob\u0105.\u00a0\" \/>\n<meta name=\"robots\" content=\"index, follow, max-snippet:-1, max-image-preview:large, max-video-preview:-1\" \/>\n<link rel=\"canonical\" href=\"https:\/\/sklep.strzelamyinaczej.pl\/en\/produkt\/kurs-obslugi-ar-15-poziom-1\/\" \/>\n<meta property=\"og:locale\" content=\"en_US\" \/>\n<meta property=\"og:type\" content=\"article\" \/>\n<meta property=\"og:title\" content=\"Szkolenie karabinek AR15 POZIOM 1 - wy\u017cszy, ale dalej \u015bredni - Sklep Klubu Strzelaj\u0105cych Inaczej\" \/>\n<meta property=\"og:description\" content=\"Kurs jest skierowany do os\u00f3b, kt\u00f3re uczestniczy\u0142y ju\u017c w kursie poziom 0 (pocz\u0105tkuj\u0105cy), lub do os\u00f3b, kt\u00f3re te podstawy maj\u0105 ju\u017c za sob\u0105.\u00a0\" \/>\n<meta property=\"og:url\" content=\"https:\/\/sklep.strzelamyinaczej.pl\/en\/produkt\/kurs-obslugi-ar-15-poziom-1\/\" \/>\n<meta property=\"og:site_name\" content=\"Sklep Klubu Strzelaj\u0105cych Inaczej\" \/>\n<meta property=\"article:modified_time\" content=\"2026-02-15T15:00:18+00:00\" \/>\n<meta property=\"og:image\" content=\"https:\/\/sklep.strzelamyinaczej.pl\/wp-content\/uploads\/sites\/2\/2025\/08\/szkolenieAR.jpg\" \/>\n\t<meta property=\"og:image:width\" content=\"1400\" \/>\n\t<meta property=\"og:image:height\" content=\"601\" \/>\n\t<meta property=\"og:image:type\" content=\"image\/jpeg\" \/>\n<meta name=\"twitter:card\" content=\"summary_large_image\" \/>\n<meta name=\"twitter:label1\" content=\"Est. reading time\" \/>\n\t<meta name=\"twitter:data1\" content=\"4 minutes\" \/>\n<script type=\"application\/ld+json\" class=\"yoast-schema-graph\">{\"@context\":\"https:\/\/schema.org\",\"@graph\":[{\"@type\":\"WebPage\",\"@id\":\"https:\/\/sklep.strzelamyinaczej.pl\/en\/produkt\/kurs-obslugi-ar-15-poziom-1\/\",\"url\":\"https:\/\/sklep.strzelamyinaczej.pl\/en\/produkt\/kurs-obslugi-ar-15-poziom-1\/\",\"name\":\"Szkolenie karabinek AR15 POZIOM 1 - wy\u017cszy, ale dalej \u015bredni - Sklep Klubu Strzelaj\u0105cych Inaczej\",\"isPartOf\":{\"@id\":\"https:\/\/sklep.strzelamyinaczej.pl\/en\/#website\"},\"primaryImageOfPage\":{\"@id\":\"https:\/\/sklep.strzelamyinaczej.pl\/en\/produkt\/kurs-obslugi-ar-15-poziom-1\/#primaryimage\"},\"image\":{\"@id\":\"https:\/\/sklep.strzelamyinaczej.pl\/en\/produkt\/kurs-obslugi-ar-15-poziom-1\/#primaryimage\"},\"thumbnailUrl\":\"https:\/\/sklep.strzelamyinaczej.pl\/wp-content\/uploads\/sites\/2\/2025\/08\/szkolenieAR.jpg\",\"datePublished\":\"2025-08-12T08:16:59+00:00\",\"dateModified\":\"2026-02-15T15:00:18+00:00\",\"description\":\"Kurs jest skierowany do os\u00f3b, kt\u00f3re uczestniczy\u0142y ju\u017c w kursie poziom 0 (pocz\u0105tkuj\u0105cy), lub do os\u00f3b, kt\u00f3re te podstawy maj\u0105 ju\u017c za sob\u0105.\u00a0\",\"breadcrumb\":{\"@id\":\"https:\/\/sklep.strzelamyinaczej.pl\/en\/produkt\/kurs-obslugi-ar-15-poziom-1\/#breadcrumb\"},\"inLanguage\":\"en-US\",\"potentialAction\":[{\"@type\":\"ReadAction\",\"target\":[\"https:\/\/sklep.strzelamyinaczej.pl\/en\/produkt\/kurs-obslugi-ar-15-poziom-1\/\"]}]},{\"@type\":\"ImageObject\",\"inLanguage\":\"en-US\",\"@id\":\"https:\/\/sklep.strzelamyinaczej.pl\/en\/produkt\/kurs-obslugi-ar-15-poziom-1\/#primaryimage\",\"url\":\"https:\/\/sklep.strzelamyinaczej.pl\/wp-content\/uploads\/sites\/2\/2025\/08\/szkolenieAR.jpg\",\"contentUrl\":\"https:\/\/sklep.strzelamyinaczej.pl\/wp-content\/uploads\/sites\/2\/2025\/08\/szkolenieAR.jpg\",\"width\":1400,\"height\":601},{\"@type\":\"BreadcrumbList\",\"@id\":\"https:\/\/sklep.strzelamyinaczej.pl\/en\/produkt\/kurs-obslugi-ar-15-poziom-1\/#breadcrumb\",\"itemListElement\":[{\"@type\":\"ListItem\",\"position\":1,\"name\":\"Strona g\u0142\u00f3wna\",\"item\":\"https:\/\/sklep.strzelamyinaczej.pl\/en\/\"},{\"@type\":\"ListItem\",\"position\":2,\"name\":\"Sklep\",\"item\":\"https:\/\/sklep.strzelamyinaczej.pl\/\"},{\"@type\":\"ListItem\",\"position\":3,\"name\":\"Szkolenie karabinek AR15 POZIOM 1 &#8211; wy\u017cszy, ale dalej \u015bredni\"}]},{\"@type\":\"WebSite\",\"@id\":\"https:\/\/sklep.strzelamyinaczej.pl\/en\/#website\",\"url\":\"https:\/\/sklep.strzelamyinaczej.pl\/en\/\",\"name\":\"Sklep Klubu Strzelaj\u0105cych Inaczej\",\"description\":\"\",\"potentialAction\":[{\"@type\":\"SearchAction\",\"target\":{\"@type\":\"EntryPoint\",\"urlTemplate\":\"https:\/\/sklep.strzelamyinaczej.pl\/en\/?s={search_term_string}\"},\"query-input\":{\"@type\":\"PropertyValueSpecification\",\"valueRequired\":true,\"valueName\":\"search_term_string\"}}],\"inLanguage\":\"en-US\"}]}<\/script>\n<!-- \/ Yoast SEO plugin. -->","yoast_head_json":{"title":"Szkolenie karabinek AR15 POZIOM 1 - wy\u017cszy, ale dalej \u015bredni - Sklep Klubu Strzelaj\u0105cych Inaczej","description":"Kurs jest skierowany do os\u00f3b, kt\u00f3re uczestniczy\u0142y ju\u017c w kursie poziom 0 (pocz\u0105tkuj\u0105cy), lub do os\u00f3b, kt\u00f3re te podstawy maj\u0105 ju\u017c za sob\u0105.\u00a0","robots":{"index":"index","follow":"follow","max-snippet":"max-snippet:-1","max-image-preview":"max-image-preview:large","max-video-preview":"max-video-preview:-1"},"canonical":"https:\/\/sklep.strzelamyinaczej.pl\/en\/produkt\/kurs-obslugi-ar-15-poziom-1\/","og_locale":"en_US","og_type":"article","og_title":"Szkolenie karabinek AR15 POZIOM 1 - wy\u017cszy, ale dalej \u015bredni - Sklep Klubu Strzelaj\u0105cych Inaczej","og_description":"Kurs jest skierowany do os\u00f3b, kt\u00f3re uczestniczy\u0142y ju\u017c w kursie poziom 0 (pocz\u0105tkuj\u0105cy), lub do os\u00f3b, kt\u00f3re te podstawy maj\u0105 ju\u017c za sob\u0105.\u00a0","og_url":"https:\/\/sklep.strzelamyinaczej.pl\/en\/produkt\/kurs-obslugi-ar-15-poziom-1\/","og_site_name":"Sklep Klubu Strzelaj\u0105cych Inaczej","article_modified_time":"2026-02-15T15:00:18+00:00","og_image":[{"width":1400,"height":601,"url":"https:\/\/sklep.strzelamyinaczej.pl\/wp-content\/uploads\/sites\/2\/2025\/08\/szkolenieAR.jpg","type":"image\/jpeg"}],"twitter_card":"summary_large_image","twitter_misc":{"Est. reading time":"4 minutes"},"schema":{"@context":"https:\/\/schema.org","@graph":[{"@type":"WebPage","@id":"https:\/\/sklep.strzelamyinaczej.pl\/en\/produkt\/kurs-obslugi-ar-15-poziom-1\/","url":"https:\/\/sklep.strzelamyinaczej.pl\/en\/produkt\/kurs-obslugi-ar-15-poziom-1\/","name":"Szkolenie karabinek AR15 POZIOM 1 - wy\u017cszy, ale dalej \u015bredni - Sklep Klubu Strzelaj\u0105cych Inaczej","isPartOf":{"@id":"https:\/\/sklep.strzelamyinaczej.pl\/en\/#website"},"primaryImageOfPage":{"@id":"https:\/\/sklep.strzelamyinaczej.pl\/en\/produkt\/kurs-obslugi-ar-15-poziom-1\/#primaryimage"},"image":{"@id":"https:\/\/sklep.strzelamyinaczej.pl\/en\/produkt\/kurs-obslugi-ar-15-poziom-1\/#primaryimage"},"thumbnailUrl":"https:\/\/sklep.strzelamyinaczej.pl\/wp-content\/uploads\/sites\/2\/2025\/08\/szkolenieAR.jpg","datePublished":"2025-08-12T08:16:59+00:00","dateModified":"2026-02-15T15:00:18+00:00","description":"Kurs jest skierowany do os\u00f3b, kt\u00f3re uczestniczy\u0142y ju\u017c w kursie poziom 0 (pocz\u0105tkuj\u0105cy), lub do os\u00f3b, kt\u00f3re te podstawy maj\u0105 ju\u017c za sob\u0105.\u00a0","breadcrumb":{"@id":"https:\/\/sklep.strzelamyinaczej.pl\/en\/produkt\/kurs-obslugi-ar-15-poziom-1\/#breadcrumb"},"inLanguage":"en-US","potentialAction":[{"@type":"ReadAction","target":["https:\/\/sklep.strzelamyinaczej.pl\/en\/produkt\/kurs-obslugi-ar-15-poziom-1\/"]}]},{"@type":"ImageObject","inLanguage":"en-US","@id":"https:\/\/sklep.strzelamyinaczej.pl\/en\/produkt\/kurs-obslugi-ar-15-poziom-1\/#primaryimage","url":"https:\/\/sklep.strzelamyinaczej.pl\/wp-content\/uploads\/sites\/2\/2025\/08\/szkolenieAR.jpg","contentUrl":"https:\/\/sklep.strzelamyinaczej.pl\/wp-content\/uploads\/sites\/2\/2025\/08\/szkolenieAR.jpg","width":1400,"height":601},{"@type":"BreadcrumbList","@id":"https:\/\/sklep.strzelamyinaczej.pl\/en\/produkt\/kurs-obslugi-ar-15-poziom-1\/#breadcrumb","itemListElement":[{"@type":"ListItem","position":1,"name":"Strona g\u0142\u00f3wna","item":"https:\/\/sklep.strzelamyinaczej.pl\/en\/"},{"@type":"ListItem","position":2,"name":"Sklep","item":"https:\/\/sklep.strzelamyinaczej.pl\/"},{"@type":"ListItem","position":3,"name":"Szkolenie karabinek AR15 POZIOM 1 &#8211; wy\u017cszy, ale dalej \u015bredni"}]},{"@type":"WebSite","@id":"https:\/\/sklep.strzelamyinaczej.pl\/en\/#website","url":"https:\/\/sklep.strzelamyinaczej.pl\/en\/","name":"Sklep Klubu Strzelaj\u0105cych Inaczej","description":"","potentialAction":[{"@type":"SearchAction","target":{"@type":"EntryPoint","urlTemplate":"https:\/\/sklep.strzelamyinaczej.pl\/en\/?s={search_term_string}"},"query-input":{"@type":"PropertyValueSpecification","valueRequired":true,"valueName":"search_term_string"}}],"inLanguage":"en-US"}]}},"_links":{"self":[{"href":"https:\/\/sklep.strzelamyinaczej.pl\/en\/wp-json\/wp\/v2\/product\/1320","targetHints":{"allow":["GET"]}}],"collection":[{"href":"https:\/\/sklep.strzelamyinaczej.pl\/en\/wp-json\/wp\/v2\/product"}],"about":[{"href":"https:\/\/sklep.strzelamyinaczej.pl\/en\/wp-json\/wp\/v2\/types\/product"}],"wp:featuredmedia":[{"embeddable":true,"href":"https:\/\/sklep.strzelamyinaczej.pl\/en\/wp-json\/wp\/v2\/media\/3275"}],"wp:attachment":[{"href":"https:\/\/sklep.strzelamyinaczej.pl\/en\/wp-json\/wp\/v2\/media?parent=1320"}],"wp:term":[{"taxonomy":"product_brand","embeddable":true,"href":"https:\/\/sklep.strzelamyinaczej.pl\/en\/wp-json\/wp\/v2\/product_brand?post=1320"},{"taxonomy":"product_cat","embeddable":true,"href":"https:\/\/sklep.strzelamyinaczej.pl\/en\/wp-json\/wp\/v2\/product_cat?post=1320"},{"taxonomy":"product_tag","embeddable":true,"href":"https:\/\/sklep.strzelamyinaczej.pl\/en\/wp-json\/wp\/v2\/product_tag?post=1320"}],"curies":[{"name":"wp","href":"https:\/\/api.w.org\/{rel}","templated":true}]}}