{"id":146,"date":"2025-01-06T18:16:55","date_gmt":"2025-01-06T17:16:55","guid":{"rendered":"https:\/\/sklep.strzelamyinaczej.pl\/?post_type=product&#038;p=146"},"modified":"2026-01-30T08:27:55","modified_gmt":"2026-01-30T07:27:55","slug":"kurs-pistolet-poziom-1","status":"publish","type":"product","link":"https:\/\/sklep.strzelamyinaczej.pl\/en\/produkt\/kurs-pistolet-poziom-1\/","title":{"rendered":"Kurs Pistolet &#8211; Poziom 1"},"content":{"rendered":"<p>UWAGA! WYKUPUJ\u0104C TO SZKOLENIE WYKUPUJESZ SZKOLENIE NA KONKRETNY TERMIN POWY\u017bEJ. JE\u017bELI NIE POJAWISZ SI\u0118 TEGO DNIA NA SZKOLENIU TO UZNAJE SI\u0118 TO JAKO NIEOBECNO\u015a\u0106 I NIE MA Z TEGO TYTU\u0141U ZWROTU ZA SZKOLENIE!<\/p>\n<p lang=\"pl-pl\" xml:lang=\"pl-pl\"><strong>OPIS KURSU:<\/strong><\/p>\n<p lang=\"pl-pl\" xml:lang=\"pl-pl\">CZAS &#8211; PATRZ NA INFORMACJ\u0118 PRZY WYBORZE TERMINU!<\/p>\n<p lang=\"pl-pl\" xml:lang=\"pl-pl\">MIEJSCE SZKOLENIA &#8211; PATRZ NA INFORMACJ\u0118 PRZY WYBORZE TERMINU!<\/p>\n<p lang=\"pl-pl\" xml:lang=\"pl-pl\">Wiele os\u00f3b zaczynaj\u0105c swoj\u0105 przygod\u0119 z strzelectwem, rozpoczyna j\u0105 od najpopularniejszej broni jak\u0105 jest pistolet. W rzeczywisto\u015bci jest to jedna z najtrudniejszych do opanowania broni. Cz\u0119sto jest tak, \u017ce po zrobieniu pozwolenia, kupujemy jako pierwszy pistolet i nie do ko\u0144ca wiemy, jakie dok\u0142adnie podstawy powinni\u015bmy opanowa\u0107 by mie\u0107 dobry moment wyj\u015bciowy do innych bardziej zaawansowanych kurs\u00f3w i zawod\u00f3w. To szkolenie daje kursantowi baz\u0119 podstawowych umiej\u0119tno\u015bci strzelania z pistoletu podczas dynamicznych zawod\u00f3w takich jak IPSC czy PiRO, ale tak\u017ce podczas strzelania obronnego. Ten kurs da Ci pewno\u015b\u0107 siebie w obs\u0142udze pistoletu oraz pozwoli lepiej zrozumie\u0107 dlaczego tak wa\u017cny jest chwyt broni, odpowiednie celowanie, \u015bci\u0105ganie j\u0119zyka spustowego i wiele innych rzeczy.<\/p>\n<p lang=\"pl-pl\" xml:lang=\"pl-pl\"><strong>Je\u017celi:<\/strong><br \/>\n<strong>Chcia\u0142by\u015b zacz\u0105\u0107 strzela\u0107 z pistoletu i porz\u0105dnie postrzela\u0107?<\/strong><br \/>\n<strong>Uwa\u017casz, \u017ce nie ma co si\u0119 bawi\u0107 w p\u00f3\u0142\u015brodki?<\/strong><br \/>\n<strong>Lubisz od razu rzuca\u0107 si\u0119 na g\u0142\u0119bok\u0105 wod\u0119?<\/strong><br \/>\n<strong>Nauka strzelania na zm\u0119czeniu, spowodowanym intensywnym kursem jest dla Ciebie odpowiednia?<\/strong><br \/>\n<strong>Szukasz uniwersalnego kursu, kt\u00f3ry da Ci solidne podstawy pewnej i pe\u0142nej obs\u0142ugi pistoletu oraz wiedz\u0119 na temat tego jak strzela\u0107 celnie?<\/strong><\/p>\n<p lang=\"pl-pl\" xml:lang=\"pl-pl\">Ten kurs jest odpowiedzi\u0105 na powy\u017csze pytania. Trwa on 6 godzin, jest bogaty w zagadnienia, pozwoli Ci strzela\u0107 na lekkim zm\u0119czeniu. W trakcie kursu poznasz takie zagadnienia jak<\/p>\n<ul>\n<li>\n<p lang=\"pl-pl\" xml:lang=\"pl-pl\"><strong>intuicyjne i \u015bwiadome stosowanie zasad bezpiecze\u0144stwa BLOS<\/strong><\/p>\n<\/li>\n<li>\n<p lang=\"pl-pl\" xml:lang=\"pl-pl\"><strong>\u0142adowanie i roz\u0142adowywanie broni<\/strong><\/p>\n<\/li>\n<li>\n<p lang=\"pl-pl\" xml:lang=\"pl-pl\"><strong>poprawne i szybkie sk\u0142adanie przyrz\u0105d\u00f3w celowniczych<\/strong><\/p>\n<\/li>\n<li>\n<p lang=\"pl-pl\" xml:lang=\"pl-pl\"><strong>dobycie pistoletu z kabury<\/strong><\/p>\n<\/li>\n<li>\n<p lang=\"pl-pl\" xml:lang=\"pl-pl\"><strong>poprawny chwyt pistoletu zar\u00f3wno jedn\u0105 jak i dwoma d\u0142o\u0144mi<\/strong><\/p>\n<\/li>\n<li>\n<p lang=\"pl-pl\" xml:lang=\"pl-pl\"><strong>metody \u015bci\u0105gania j\u0119zyka spustowego<\/strong><\/p>\n<\/li>\n<li>\n<p lang=\"pl-pl\" xml:lang=\"pl-pl\"><strong>prze\u0142adowanie pistoletu po dobyciu<\/strong><\/p>\n<\/li>\n<li>\n<p lang=\"pl-pl\" xml:lang=\"pl-pl\"><strong>wymiana magazynka trzema r\u00f3\u017cnymi sposobami<\/strong><\/p>\n<\/li>\n<li>\n<p lang=\"pl-pl\" xml:lang=\"pl-pl\"><strong>rozpoznawanie i usuwanie zaci\u0119\u0107 takich jak niewypa\u0142, zakleszczona \u0142uska, niezaryglowany zamek, podw\u00f3jne za\u0142adowanie, zaspawanie czy zakleszczenie pocisku w lufie<\/strong><\/p>\n<\/li>\n<li>\n<p lang=\"pl-pl\" xml:lang=\"pl-pl\"><strong>r\u00f3\u017cne sposoby strzelania w zale\u017cno\u015bci od dystansu, wielko\u015bci celu oraz sytuacji<\/strong><br \/>\n<strong>intuicyjna i p\u0142ynna obs\u0142uga pistoletu (\u0142adowanie, roz\u0142adowywanie, dobycie z kabury, prze\u0142adowanie, wymiana magazynka, usuni\u0119cie zaci\u0119cia)<\/strong><\/p>\n<\/li>\n<\/ul>\n<p lang=\"pl-pl\" xml:lang=\"pl-pl\">Podczas kursu wykonamy ca\u0142\u0105 mas\u0119 powt\u00f3rze\u0144 na sucho. Prawie tysi\u0105c razy dob\u0119dziesz bro\u0144 z kabury, wielokrotnie wymienisz magazynek, usuniesz zaci\u0119cie czy prze\u0142adujesz bro\u0144. Te setki powt\u00f3rze\u0144 sprawi\u0105, \u017ce nabierzesz pewno\u015bci siebie w obs\u0142udze broni kr\u00f3tkiej. Na koniec kursu otrzymasz materia\u0142y do samodzielnego doskonalenia i plan \u0107wicze\u0144 wykonywanych na kursie.<\/p>\n<p>JE\u017bELI DOPIERO CO KUPI\u0141E\u015a PISTOLET I CHCESZ GO NOSI\u0106 PRZY SOBIE, TO JEST TO KURS DLA CIEBIE!<\/p>\n<p lang=\"pl-pl\" xml:lang=\"pl-pl\">Recenzja kursu przez jednego z kursant\u00f3w<br \/>\n<a href=\"https:\/\/pawelszczygielski.pl\/2018\/04\/11\/kurs-pistolet-celnosc-i-obsluga-poziom-pierwszy\/\">https:\/\/pawelszczygielski.pl\/2018\/04\/11\/kurs-pistolet-celnosc-i-obsluga-poziom-pierwszy\/<\/a><\/p>\n<p lang=\"pl-pl\" xml:lang=\"pl-pl\"><strong>MINIMALNA I MAKSYMALNA ILO\u015aC OS\u00d3B NA SZKOLENIU:<br \/>\n<\/strong>Minimalna ilo\u015b\u0107 os\u00f3b na szkoleniu: 4 osoby<br \/>\nMaksymalna ilo\u015b\u0107 os\u00f3b na szkoleniu: 8 os\u00f3b<\/p>\n<p lang=\"pl-pl\" xml:lang=\"pl-pl\"><strong>NIEZB\u0118DNY SPRZ\u0118T NA SZKOLENIE:<\/strong><br \/>\nSprz\u0119t i \u015brodki potrzebne na szkolenie dla os\u00f3b nie posiadaj\u0105cych w\u0142asnej broni:<br \/>\n\u2013 ubierz si\u0119 ciep\u0142o, na osi b\u0119dzie zimno!<br \/>\n\u2013 s\u0142uchawki+okulary ochronne<br \/>\n\u2013 spodnie z szlufkami kt\u00f3rych nie boisz si\u0119 pobrudzi\u0107 oraz solidny pasek<\/p>\n<p lang=\"pl-pl\" xml:lang=\"pl-pl\">Sprz\u0119t i \u015brodki potrzebne na szkolenie dla os\u00f3b posiadaj\u0105cych w\u0142asn\u0105 bro\u0144:<br \/>\n\u2013 ubierz si\u0119 ciep\u0142o, na osi b\u0119dzie zimno!<br \/>\n\u2013 pas bojowy z kabur\u0105\/kabura udowa\/kabura na pasie po stronie r\u0119ki dominuj\u0105cej (kabura ma by\u0107 wcze\u015bniej przetestowana czy wygodnie dobywa si\u0119 z niej bro\u0144)<br \/>\n\u2013 spodnie z szlufkami kt\u00f3rych nie boisz si\u0119 pobrudzi\u0107 oraz solidny pasek<br \/>\n\u2013 dwie \u0142adownice na magazynki pistoletowe na pasie<br \/>\n\u2013 w\u0142asny pistolet<br \/>\n\u2013 2 magazynki pistoletowe (minimalnie dwa, najlepiej 3)<br \/>\n\u2013 200 sztuk amunicji<\/p>\n","protected":false},"excerpt":{"rendered":"<p>UWAGA! WYKUPUJ\u0104C TO SZKOLENIE WYKUPUJESZ SZKOLENIE NA KONKRETNY TERMIN POWY\u017bEJ. JE\u017bELI NIE POJAWISZ SI\u0118 TEGO DNIA NA SZKOLENIU TO UZNAJE SI\u0118 TO JAKO NIEOBECNO\u015a\u0106 I NIE MA Z TEGO TYTU\u0141U [&hellip;]<\/p>\n","protected":false},"featured_media":100,"template":"","meta":[],"product_brand":[],"product_cat":[90],"product_tag":[],"class_list":{"0":"post-146","1":"product","2":"type-product","3":"status-publish","4":"has-post-thumbnail","6":"product_cat-kursy-pistolet","7":"product_shipping_class-brak-wysylki","9":"first","10":"instock","11":"taxable","12":"shipping-taxable","13":"purchasable","14":"product-type-variable"},"yoast_head":"<!-- This site is optimized with the Yoast SEO plugin v24.7 - https:\/\/yoast.com\/wordpress\/plugins\/seo\/ -->\n<title>Kurs Pistolet - Poziom 1 - Sklep Klubu Strzelaj\u0105cych Inaczej<\/title>\n<meta name=\"robots\" content=\"index, follow, max-snippet:-1, max-image-preview:large, max-video-preview:-1\" \/>\n<link rel=\"canonical\" href=\"https:\/\/sklep.strzelamyinaczej.pl\/en\/produkt\/kurs-pistolet-poziom-1\/\" \/>\n<meta property=\"og:locale\" content=\"en_US\" \/>\n<meta property=\"og:type\" content=\"article\" \/>\n<meta property=\"og:title\" content=\"Kurs Pistolet - Poziom 1 - Sklep Klubu Strzelaj\u0105cych Inaczej\" \/>\n<meta property=\"og:description\" content=\"UWAGA! WYKUPUJ\u0104C TO SZKOLENIE WYKUPUJESZ SZKOLENIE NA KONKRETNY TERMIN POWY\u017bEJ. JE\u017bELI NIE POJAWISZ SI\u0118 TEGO DNIA NA SZKOLENIU TO UZNAJE SI\u0118 TO JAKO NIEOBECNO\u015a\u0106 I NIE MA Z TEGO TYTU\u0141U [&hellip;]\" \/>\n<meta property=\"og:url\" content=\"https:\/\/sklep.strzelamyinaczej.pl\/en\/produkt\/kurs-pistolet-poziom-1\/\" \/>\n<meta property=\"og:site_name\" content=\"Sklep Klubu Strzelaj\u0105cych Inaczej\" \/>\n<meta property=\"article:modified_time\" content=\"2026-01-30T07:27:55+00:00\" \/>\n<meta property=\"og:image\" content=\"https:\/\/sklep.strzelamyinaczej.pl\/wp-content\/uploads\/sites\/2\/2025\/01\/470191147_1038015548371969_8346180476410425705_n.jpg\" \/>\n\t<meta property=\"og:image:width\" content=\"1080\" \/>\n\t<meta property=\"og:image:height\" content=\"608\" \/>\n\t<meta property=\"og:image:type\" content=\"image\/jpeg\" \/>\n<meta name=\"twitter:card\" content=\"summary_large_image\" \/>\n<meta name=\"twitter:label1\" content=\"Est. reading time\" \/>\n\t<meta name=\"twitter:data1\" content=\"4 minutes\" \/>\n<script type=\"application\/ld+json\" class=\"yoast-schema-graph\">{\"@context\":\"https:\/\/schema.org\",\"@graph\":[{\"@type\":\"WebPage\",\"@id\":\"https:\/\/sklep.strzelamyinaczej.pl\/en\/produkt\/kurs-pistolet-poziom-1\/\",\"url\":\"https:\/\/sklep.strzelamyinaczej.pl\/en\/produkt\/kurs-pistolet-poziom-1\/\",\"name\":\"Kurs Pistolet - Poziom 1 - Sklep Klubu Strzelaj\u0105cych Inaczej\",\"isPartOf\":{\"@id\":\"https:\/\/sklep.strzelamyinaczej.pl\/en\/#website\"},\"primaryImageOfPage\":{\"@id\":\"https:\/\/sklep.strzelamyinaczej.pl\/en\/produkt\/kurs-pistolet-poziom-1\/#primaryimage\"},\"image\":{\"@id\":\"https:\/\/sklep.strzelamyinaczej.pl\/en\/produkt\/kurs-pistolet-poziom-1\/#primaryimage\"},\"thumbnailUrl\":\"https:\/\/sklep.strzelamyinaczej.pl\/wp-content\/uploads\/sites\/2\/2025\/01\/470191147_1038015548371969_8346180476410425705_n.jpg\",\"datePublished\":\"2025-01-06T17:16:55+00:00\",\"dateModified\":\"2026-01-30T07:27:55+00:00\",\"breadcrumb\":{\"@id\":\"https:\/\/sklep.strzelamyinaczej.pl\/en\/produkt\/kurs-pistolet-poziom-1\/#breadcrumb\"},\"inLanguage\":\"en-US\",\"potentialAction\":[{\"@type\":\"ReadAction\",\"target\":[\"https:\/\/sklep.strzelamyinaczej.pl\/en\/produkt\/kurs-pistolet-poziom-1\/\"]}]},{\"@type\":\"ImageObject\",\"inLanguage\":\"en-US\",\"@id\":\"https:\/\/sklep.strzelamyinaczej.pl\/en\/produkt\/kurs-pistolet-poziom-1\/#primaryimage\",\"url\":\"https:\/\/sklep.strzelamyinaczej.pl\/wp-content\/uploads\/sites\/2\/2025\/01\/470191147_1038015548371969_8346180476410425705_n.jpg\",\"contentUrl\":\"https:\/\/sklep.strzelamyinaczej.pl\/wp-content\/uploads\/sites\/2\/2025\/01\/470191147_1038015548371969_8346180476410425705_n.jpg\",\"width\":1080,\"height\":608},{\"@type\":\"BreadcrumbList\",\"@id\":\"https:\/\/sklep.strzelamyinaczej.pl\/en\/produkt\/kurs-pistolet-poziom-1\/#breadcrumb\",\"itemListElement\":[{\"@type\":\"ListItem\",\"position\":1,\"name\":\"Strona g\u0142\u00f3wna\",\"item\":\"https:\/\/sklep.strzelamyinaczej.pl\/en\/\"},{\"@type\":\"ListItem\",\"position\":2,\"name\":\"Sklep\",\"item\":\"https:\/\/sklep.strzelamyinaczej.pl\/\"},{\"@type\":\"ListItem\",\"position\":3,\"name\":\"Kurs Pistolet &#8211; Poziom 1\"}]},{\"@type\":\"WebSite\",\"@id\":\"https:\/\/sklep.strzelamyinaczej.pl\/en\/#website\",\"url\":\"https:\/\/sklep.strzelamyinaczej.pl\/en\/\",\"name\":\"Sklep Klubu Strzelaj\u0105cych Inaczej\",\"description\":\"\",\"potentialAction\":[{\"@type\":\"SearchAction\",\"target\":{\"@type\":\"EntryPoint\",\"urlTemplate\":\"https:\/\/sklep.strzelamyinaczej.pl\/en\/?s={search_term_string}\"},\"query-input\":{\"@type\":\"PropertyValueSpecification\",\"valueRequired\":true,\"valueName\":\"search_term_string\"}}],\"inLanguage\":\"en-US\"}]}<\/script>\n<!-- \/ Yoast SEO plugin. -->","yoast_head_json":{"title":"Kurs Pistolet - Poziom 1 - Sklep Klubu Strzelaj\u0105cych Inaczej","robots":{"index":"index","follow":"follow","max-snippet":"max-snippet:-1","max-image-preview":"max-image-preview:large","max-video-preview":"max-video-preview:-1"},"canonical":"https:\/\/sklep.strzelamyinaczej.pl\/en\/produkt\/kurs-pistolet-poziom-1\/","og_locale":"en_US","og_type":"article","og_title":"Kurs Pistolet - Poziom 1 - Sklep Klubu Strzelaj\u0105cych Inaczej","og_description":"UWAGA! WYKUPUJ\u0104C TO SZKOLENIE WYKUPUJESZ SZKOLENIE NA KONKRETNY TERMIN POWY\u017bEJ. JE\u017bELI NIE POJAWISZ SI\u0118 TEGO DNIA NA SZKOLENIU TO UZNAJE SI\u0118 TO JAKO NIEOBECNO\u015a\u0106 I NIE MA Z TEGO TYTU\u0141U [&hellip;]","og_url":"https:\/\/sklep.strzelamyinaczej.pl\/en\/produkt\/kurs-pistolet-poziom-1\/","og_site_name":"Sklep Klubu Strzelaj\u0105cych Inaczej","article_modified_time":"2026-01-30T07:27:55+00:00","og_image":[{"width":1080,"height":608,"url":"https:\/\/sklep.strzelamyinaczej.pl\/wp-content\/uploads\/sites\/2\/2025\/01\/470191147_1038015548371969_8346180476410425705_n.jpg","type":"image\/jpeg"}],"twitter_card":"summary_large_image","twitter_misc":{"Est. reading time":"4 minutes"},"schema":{"@context":"https:\/\/schema.org","@graph":[{"@type":"WebPage","@id":"https:\/\/sklep.strzelamyinaczej.pl\/en\/produkt\/kurs-pistolet-poziom-1\/","url":"https:\/\/sklep.strzelamyinaczej.pl\/en\/produkt\/kurs-pistolet-poziom-1\/","name":"Kurs Pistolet - Poziom 1 - Sklep Klubu Strzelaj\u0105cych Inaczej","isPartOf":{"@id":"https:\/\/sklep.strzelamyinaczej.pl\/en\/#website"},"primaryImageOfPage":{"@id":"https:\/\/sklep.strzelamyinaczej.pl\/en\/produkt\/kurs-pistolet-poziom-1\/#primaryimage"},"image":{"@id":"https:\/\/sklep.strzelamyinaczej.pl\/en\/produkt\/kurs-pistolet-poziom-1\/#primaryimage"},"thumbnailUrl":"https:\/\/sklep.strzelamyinaczej.pl\/wp-content\/uploads\/sites\/2\/2025\/01\/470191147_1038015548371969_8346180476410425705_n.jpg","datePublished":"2025-01-06T17:16:55+00:00","dateModified":"2026-01-30T07:27:55+00:00","breadcrumb":{"@id":"https:\/\/sklep.strzelamyinaczej.pl\/en\/produkt\/kurs-pistolet-poziom-1\/#breadcrumb"},"inLanguage":"en-US","potentialAction":[{"@type":"ReadAction","target":["https:\/\/sklep.strzelamyinaczej.pl\/en\/produkt\/kurs-pistolet-poziom-1\/"]}]},{"@type":"ImageObject","inLanguage":"en-US","@id":"https:\/\/sklep.strzelamyinaczej.pl\/en\/produkt\/kurs-pistolet-poziom-1\/#primaryimage","url":"https:\/\/sklep.strzelamyinaczej.pl\/wp-content\/uploads\/sites\/2\/2025\/01\/470191147_1038015548371969_8346180476410425705_n.jpg","contentUrl":"https:\/\/sklep.strzelamyinaczej.pl\/wp-content\/uploads\/sites\/2\/2025\/01\/470191147_1038015548371969_8346180476410425705_n.jpg","width":1080,"height":608},{"@type":"BreadcrumbList","@id":"https:\/\/sklep.strzelamyinaczej.pl\/en\/produkt\/kurs-pistolet-poziom-1\/#breadcrumb","itemListElement":[{"@type":"ListItem","position":1,"name":"Strona g\u0142\u00f3wna","item":"https:\/\/sklep.strzelamyinaczej.pl\/en\/"},{"@type":"ListItem","position":2,"name":"Sklep","item":"https:\/\/sklep.strzelamyinaczej.pl\/"},{"@type":"ListItem","position":3,"name":"Kurs Pistolet &#8211; Poziom 1"}]},{"@type":"WebSite","@id":"https:\/\/sklep.strzelamyinaczej.pl\/en\/#website","url":"https:\/\/sklep.strzelamyinaczej.pl\/en\/","name":"Sklep Klubu Strzelaj\u0105cych Inaczej","description":"","potentialAction":[{"@type":"SearchAction","target":{"@type":"EntryPoint","urlTemplate":"https:\/\/sklep.strzelamyinaczej.pl\/en\/?s={search_term_string}"},"query-input":{"@type":"PropertyValueSpecification","valueRequired":true,"valueName":"search_term_string"}}],"inLanguage":"en-US"}]}},"_links":{"self":[{"href":"https:\/\/sklep.strzelamyinaczej.pl\/en\/wp-json\/wp\/v2\/product\/146","targetHints":{"allow":["GET"]}}],"collection":[{"href":"https:\/\/sklep.strzelamyinaczej.pl\/en\/wp-json\/wp\/v2\/product"}],"about":[{"href":"https:\/\/sklep.strzelamyinaczej.pl\/en\/wp-json\/wp\/v2\/types\/product"}],"wp:featuredmedia":[{"embeddable":true,"href":"https:\/\/sklep.strzelamyinaczej.pl\/en\/wp-json\/wp\/v2\/media\/100"}],"wp:attachment":[{"href":"https:\/\/sklep.strzelamyinaczej.pl\/en\/wp-json\/wp\/v2\/media?parent=146"}],"wp:term":[{"taxonomy":"product_brand","embeddable":true,"href":"https:\/\/sklep.strzelamyinaczej.pl\/en\/wp-json\/wp\/v2\/product_brand?post=146"},{"taxonomy":"product_cat","embeddable":true,"href":"https:\/\/sklep.strzelamyinaczej.pl\/en\/wp-json\/wp\/v2\/product_cat?post=146"},{"taxonomy":"product_tag","embeddable":true,"href":"https:\/\/sklep.strzelamyinaczej.pl\/en\/wp-json\/wp\/v2\/product_tag?post=146"}],"curies":[{"name":"wp","href":"https:\/\/api.w.org\/{rel}","templated":true}]}}