{"id":1757,"date":"2025-09-15T10:24:10","date_gmt":"2025-09-15T08:24:10","guid":{"rendered":"https:\/\/sklep.strzelamyinaczej.pl\/?post_type=product&#038;p=1757"},"modified":"2026-04-16T03:41:25","modified_gmt":"2026-04-16T01:41:25","slug":"kurs-dronow-bojowych-fpv-3-dniowy-kurs","status":"publish","type":"product","link":"https:\/\/sklep.strzelamyinaczej.pl\/en\/produkt\/kurs-dronow-bojowych-fpv-3-dniowy-kurs\/","title":{"rendered":"Kurs Dron\u00f3w Bojowych FPV \u2013 3 dniowy kurs"},"content":{"rendered":"<p><b>Kurs Dron\u00f3w Bojowych FPV<\/b><\/p>\n<p>&nbsp;<\/p>\n<p><b>Najwa\u017cniejsza informacja!<\/b><br \/>\n4 dni przed dat\u0105 kursu, sprawdzam pogod\u0119 na kurs, je\u017celi co najmniej przez dwa dni kursu nie b\u0119dzie opad\u00f3w \u015bniegu\/deszczu, kurs si\u0119 odb\u0119dzie. W przeciwnym przypadku kurs zostanie prze\u0142o\u017cony na najbli\u017cszy mo\u017cliwy termin.<\/p>\n<p>&nbsp;<\/p>\n<p><b>Czas trwania kursu:<\/b><\/p>\n<p>3 dni, ka\u017cdy dzie\u0144 co najmniej 12 godzin praktyki (zale\u017cy od pogody)<\/p>\n<p>&nbsp;<\/p>\n<p><b>Miejsce:<\/b><\/p>\n<p>Obszar co najmniej 12\u00d73 km z polami, ma\u0142ymi miejscowo\u015bciami, nielicznie zadrzewiony<\/p>\n<p>&nbsp;<\/p>\n<p><b>Cena za osob\u0119:<\/b><\/p>\n<p>1240 z\u0142 (w tym 9% podatku dochodowego i 23% VAT)<\/p>\n<p>&nbsp;<\/p>\n<p><b>Cena obejmuje:<\/b><\/p>\n<ul>\n<li>minimalnie 3 dni kursu bojowego latania dronami FPV<\/li>\n<li>co najmniej 4 godziny kursu online<\/li>\n<li>obiady ka\u017cdego dnia podczas praktyki<\/li>\n<li>materia\u0142y teoretyczne wysy\u0142ane przed kursem<\/li>\n<\/ul>\n<p>&nbsp;<\/p>\n<p><b>Ilo\u015b\u0107 os\u00f3b:<\/b><\/p>\n<p>Minimalnie 6 os\u00f3b<\/p>\n<p>Maksymalnie 24 osoby<\/p>\n<p>&nbsp;<\/p>\n<p>Dla grup zorganizowanych oraz s\u0142u\u017cb prosimy o kontakt mailowy\u00a0<a href=\"mailto:klubstrzelajacychinaczej@gmail.com\">klubstrzelajacychinaczej@gmail.com<\/a><\/p>\n<p>&nbsp;<\/p>\n<p><b>Ramowy program kursu:<\/b><\/p>\n<ul>\n<li>loty precyzyjne \u2013 loty przez bramki, z precyzyjnym l\u0105dowaniem etc.<\/li>\n<li>loty rozpoznawcze<\/li>\n<li>loty d\u0142ugodystansowe z utrzymywaniem wideo i planowaniem miejsca by do etapu l\u0105dowania\/uderzenia mie\u0107 wideo\/sterowanie<\/li>\n<li>loty uderzeniowe na cel statyczny i ruchomy<\/li>\n<li>zrzuty<\/li>\n<li>montowanie i obs\u0142uga systemu wyzwalania \u0142adunku na dronie<\/li>\n<li>loty w nocy na nocnych i termowizyjnych kamerach<\/li>\n<li>anteny zewn\u0119trzne i retranslatory<\/li>\n<li>serwis i budowa drona<\/li>\n<\/ul>\n<p>&nbsp;<\/p>\n<p><b>Przygotowanie minimalne na kurs bojowych dron\u00f3w FPV:<\/b><\/p>\n<p>Egzamin w symulatorze LiftOff<\/p>\n<ol>\n<li>Trasa Short Circuit \u2013 01 \u2013 Przelecie\u0107 tras\u0119 ca\u0142\u0105 tras\u0119<\/li>\n<\/ol>\n<p>\u2013 Dron Vortex Pro 275<\/p>\n<p>\u2013 Kamera 10 stopni (ustawi\u0107 kursorami na klawiaturze)<\/p>\n<ol start=\"2\">\n<li>Dwie \u00f3semki dooko\u0142a drzew obok startu na powy\u017cszej trasie<\/li>\n<li>Trzy razy pod rz\u0105d wystartowa\u0107 i wyl\u0105dowa\u0107 na d\u0142ugiej przyczepie obok startu<\/li>\n<\/ol>\n<p><a href=\"https:\/\/drive.google.com\/file\/d\/1mms0xARnLA2RWRyHeRWJR3hXQeeulDEL\/view?usp=drivesdk\" target=\"_blank\" rel=\"noopener\">https:\/\/drive.google.com\/file\/d\/1mms0xARnLA2RWRyHeRWJR3hXQeeulDEL\/view?usp=drivesdk<\/a><\/p>\n<ol start=\"4\">\n<li>Przelecie\u0107 pierwsz\u0105 tras\u0119 na mapie Minus Two \u2013 01<br \/>\n<a href=\"https:\/\/drive.google.com\/file\/d\/1UZBQXp54CsGJRgdoo-10_-gSYljFMKLR\/view?usp=drivesdk\" target=\"_blank\" rel=\"noopener\">https:\/\/drive.google.com\/file\/d\/1UZBQXp54CsGJRgdoo-10_-gSYljFMKLR\/view?usp=drivesdk<\/a><\/li>\n<\/ol>\n<p>Minimalnie 1 godzina wylatana na dronie 3-10 cali w trybie ACRO\/AIR i nagra\u0107 swoje loty na goglach<\/p>\n<ul>\n<li>start i l\u0105dowanie precyzyjne w obszarze 1x1m<\/li>\n<li>start odlot w dowolnym kierunku i l\u0105dowanie w obszarze 1x1m<\/li>\n<li>wiszenie w powietrzu i czytanie znak\u00f3w drogowych, kartek A4 itp.<\/li>\n<li>przelot mi\u0119dzy w\u0142asnymi nogami<\/li>\n<\/ul>\n<p>Kursant nagrywa swoje filmy z lot\u00f3w, umieszcza film na YT i przesy\u0142a najp\u00f3\u017aniej 3 dni przed kursem do instruktora.<br \/>\nPoradnik jak trenowa\u0107 loty w symulatorze do kursu:<br \/>\n<a href=\"https:\/\/docs.google.com\/document\/d\/149wCLbIqmYP2mILpsAUuN3YiYeBtNYlKU8jab5PdmKE\/edit?tab=t.0\" target=\"_blank\" rel=\"noopener\">https:\/\/docs.google.com\/document\/d\/149wCLbIqmYP2mILpsAUuN3YiYeBtNYlKU8jab5PdmKE\/edit?tab=t.0<\/a><\/p>\n<p>&nbsp;<\/p>\n<p><b>Lista sprz\u0119tu obowi\u0105zkowego na kurs:<\/b><\/p>\n<ul>\n<li>kontroler FPV\/radio (najlepiej Radiomaster TX16\/Radiomaster TX15\/Radiomaster Boxer, co\u015b innego co ma co najmniej 6 AUX\/switch i wej\u015bcie na modu\u0142 MICRO, najgorzej Radiomaster Pocket)<\/li>\n<li>zapasowe baterie do kontrolera\/radia (np. dwie 18650)<\/li>\n<li>\u0142adowarka do baterii w kontrolerze<\/li>\n<li>karta microSD 32 Gb lub wi\u0119ksza do nagrywania film\u00f3w z gogli<\/li>\n<li>ubrania odpowiednie do pory roku<\/li>\n<li>sk\u0142adane krzese\u0142ko<\/li>\n<li>laptop lub tablet z zainstalowanym programem Beta Flight Configurator<\/li>\n<li>powerbank i kabel USB A- USB C oraz USB A\/C \u2013 micro USB<\/li>\n<li>naczynia i sztu\u0107ce do obiadu<\/li>\n<\/ul>\n<p>&nbsp;<\/p>\n<p><b>Sprz\u0119t udost\u0119pniany przez organizatora na czas kursu (uszkodzony sprz\u0119t podczas kursu, musi by\u0107 odkupiony przez kursanta!):<\/b><\/p>\n<ul>\n<li>stacja antenowa\/wynios (w tym kontroler, gogle, bateria zasilaj\u0105ca, anteny i inne)<\/li>\n<li>maszt do wyniosu<\/li>\n<li>dron 5 cali i zapasowe \u015bmig\u0142a<\/li>\n<li>baterie do dron\u00f3w 5 cali<\/li>\n<li>dron 7-10 cali i zapasowe \u015bmig\u0142a<\/li>\n<li>baterie do dron\u00f3w 7-10 cali<\/li>\n<li>systemy zrzutu, detonatory, zap\u0142onniki i petardy<\/li>\n<li>zestawy serwisowe (lutownica, flux, klucze imbusowe, penseta, cyna, kable, cz\u0119\u015bci zapasowe)<\/li>\n<li>\u0142adowarki do baterii<\/li>\n<\/ul>\n<p>&nbsp;<\/p>\n<p><b>Prowadz\u0105cy:<\/b>\u00a0Borys Romanko<\/p>\n<ul>\n<li>Uczestnik wojny na Ukrainie \u0142\u0105cznie przez 6 miesi\u0119cy na froncie jako kierowca i pilot ma\u0142ych dron\u00f3w rozpoznawczych i komercyjnych<\/li>\n<li>\u017bo\u0142nierz zawodowy przez 9 lat, w tym 6 lat w si\u0142ach specjalnych na stanowisku kierowca, obecnie \u017co\u0142nierz rezerwy<\/li>\n<li>Instruktor strzelectwa PZSS i wojskowego z broni kr\u00f3tkiej, d\u0142ugiej i maszynowej<\/li>\n<li>Instruktor taktyki wojskowej<\/li>\n<li>Instruktor ma\u0142ych dron\u00f3w bojowych z kilkuletnim do\u015bwiadczeniem w prowadzeniu kurs\u00f3w na Ukrainie i w Polsce<\/li>\n<\/ul>\n","protected":false},"excerpt":{"rendered":"<p>Opanuj sztuk\u0119 precyzyjnego latania w najtrudniejszych warunkach. Ten kurs to unikalne po\u0142\u0105czenie\u00a0elitarnego pilota\u017cu FPV\u00a0z praktyczn\u0105 wiedz\u0105 techniczn\u0105. Nauczysz si\u0119 nie tylko skutecznie uderza\u0107 w cele i realizowa\u0107 misje rozpoznawcze, ale tak\u017ce samodzielnie budowa\u0107 i serwisowa\u0107 sw\u00f3j sprz\u0119t.<\/p>\n","protected":false},"featured_media":4641,"template":"","meta":[],"product_brand":[],"product_cat":[95],"product_tag":[],"class_list":{"0":"post-1757","1":"product","2":"type-product","3":"status-publish","4":"has-post-thumbnail","6":"product_cat-szkolenia-dronowe","8":"first","9":"instock","10":"taxable","11":"shipping-taxable","12":"purchasable","13":"product-type-variable"},"yoast_head":"<!-- This site is optimized with the Yoast SEO plugin v24.7 - https:\/\/yoast.com\/wordpress\/plugins\/seo\/ -->\n<title>Kurs Dron\u00f3w Bojowych FPV \u2013 3 dniowy kurs - Sklep Klubu Strzelaj\u0105cych Inaczej<\/title>\n<meta name=\"robots\" content=\"index, follow, max-snippet:-1, max-image-preview:large, max-video-preview:-1\" \/>\n<link rel=\"canonical\" href=\"https:\/\/sklep.strzelamyinaczej.pl\/en\/produkt\/kurs-dronow-bojowych-fpv-3-dniowy-kurs\/\" \/>\n<meta property=\"og:locale\" content=\"en_US\" \/>\n<meta property=\"og:type\" content=\"article\" \/>\n<meta property=\"og:title\" content=\"Kurs Dron\u00f3w Bojowych FPV \u2013 3 dniowy kurs - Sklep Klubu Strzelaj\u0105cych Inaczej\" \/>\n<meta property=\"og:description\" content=\"Opanuj sztuk\u0119 precyzyjnego latania w najtrudniejszych warunkach. Ten kurs to unikalne po\u0142\u0105czenie\u00a0elitarnego pilota\u017cu FPV\u00a0z praktyczn\u0105 wiedz\u0105 techniczn\u0105. Nauczysz si\u0119 nie tylko skutecznie uderza\u0107 w cele i realizowa\u0107 misje rozpoznawcze, ale tak\u017ce samodzielnie budowa\u0107 i serwisowa\u0107 sw\u00f3j sprz\u0119t.\" \/>\n<meta property=\"og:url\" content=\"https:\/\/sklep.strzelamyinaczej.pl\/en\/produkt\/kurs-dronow-bojowych-fpv-3-dniowy-kurs\/\" \/>\n<meta property=\"og:site_name\" content=\"Sklep Klubu Strzelaj\u0105cych Inaczej\" \/>\n<meta property=\"article:modified_time\" content=\"2026-04-16T01:41:25+00:00\" \/>\n<meta property=\"og:image\" content=\"https:\/\/sklep.strzelamyinaczej.pl\/wp-content\/uploads\/sites\/2\/2025\/09\/3-dniowy.jpeg\" \/>\n\t<meta property=\"og:image:width\" content=\"1600\" \/>\n\t<meta property=\"og:image:height\" content=\"1200\" \/>\n\t<meta property=\"og:image:type\" content=\"image\/jpeg\" \/>\n<meta name=\"twitter:card\" content=\"summary_large_image\" \/>\n<meta name=\"twitter:label1\" content=\"Est. reading time\" \/>\n\t<meta name=\"twitter:data1\" content=\"4 minutes\" \/>\n<script type=\"application\/ld+json\" class=\"yoast-schema-graph\">{\"@context\":\"https:\/\/schema.org\",\"@graph\":[{\"@type\":\"WebPage\",\"@id\":\"https:\/\/sklep.strzelamyinaczej.pl\/en\/produkt\/kurs-dronow-bojowych-fpv-3-dniowy-kurs\/\",\"url\":\"https:\/\/sklep.strzelamyinaczej.pl\/en\/produkt\/kurs-dronow-bojowych-fpv-3-dniowy-kurs\/\",\"name\":\"Kurs Dron\u00f3w Bojowych FPV \u2013 3 dniowy kurs - Sklep Klubu Strzelaj\u0105cych Inaczej\",\"isPartOf\":{\"@id\":\"https:\/\/sklep.strzelamyinaczej.pl\/en\/#website\"},\"primaryImageOfPage\":{\"@id\":\"https:\/\/sklep.strzelamyinaczej.pl\/en\/produkt\/kurs-dronow-bojowych-fpv-3-dniowy-kurs\/#primaryimage\"},\"image\":{\"@id\":\"https:\/\/sklep.strzelamyinaczej.pl\/en\/produkt\/kurs-dronow-bojowych-fpv-3-dniowy-kurs\/#primaryimage\"},\"thumbnailUrl\":\"https:\/\/sklep.strzelamyinaczej.pl\/wp-content\/uploads\/sites\/2\/2025\/09\/3-dniowy.jpeg\",\"datePublished\":\"2025-09-15T08:24:10+00:00\",\"dateModified\":\"2026-04-16T01:41:25+00:00\",\"breadcrumb\":{\"@id\":\"https:\/\/sklep.strzelamyinaczej.pl\/en\/produkt\/kurs-dronow-bojowych-fpv-3-dniowy-kurs\/#breadcrumb\"},\"inLanguage\":\"en-US\",\"potentialAction\":[{\"@type\":\"ReadAction\",\"target\":[\"https:\/\/sklep.strzelamyinaczej.pl\/en\/produkt\/kurs-dronow-bojowych-fpv-3-dniowy-kurs\/\"]}]},{\"@type\":\"ImageObject\",\"inLanguage\":\"en-US\",\"@id\":\"https:\/\/sklep.strzelamyinaczej.pl\/en\/produkt\/kurs-dronow-bojowych-fpv-3-dniowy-kurs\/#primaryimage\",\"url\":\"https:\/\/sklep.strzelamyinaczej.pl\/wp-content\/uploads\/sites\/2\/2025\/09\/3-dniowy.jpeg\",\"contentUrl\":\"https:\/\/sklep.strzelamyinaczej.pl\/wp-content\/uploads\/sites\/2\/2025\/09\/3-dniowy.jpeg\",\"width\":1600,\"height\":1200},{\"@type\":\"BreadcrumbList\",\"@id\":\"https:\/\/sklep.strzelamyinaczej.pl\/en\/produkt\/kurs-dronow-bojowych-fpv-3-dniowy-kurs\/#breadcrumb\",\"itemListElement\":[{\"@type\":\"ListItem\",\"position\":1,\"name\":\"Strona g\u0142\u00f3wna\",\"item\":\"https:\/\/sklep.strzelamyinaczej.pl\/en\/\"},{\"@type\":\"ListItem\",\"position\":2,\"name\":\"Sklep\",\"item\":\"https:\/\/sklep.strzelamyinaczej.pl\/\"},{\"@type\":\"ListItem\",\"position\":3,\"name\":\"Kurs Dron\u00f3w Bojowych FPV \u2013 3 dniowy kurs\"}]},{\"@type\":\"WebSite\",\"@id\":\"https:\/\/sklep.strzelamyinaczej.pl\/en\/#website\",\"url\":\"https:\/\/sklep.strzelamyinaczej.pl\/en\/\",\"name\":\"Sklep Klubu Strzelaj\u0105cych Inaczej\",\"description\":\"\",\"potentialAction\":[{\"@type\":\"SearchAction\",\"target\":{\"@type\":\"EntryPoint\",\"urlTemplate\":\"https:\/\/sklep.strzelamyinaczej.pl\/en\/?s={search_term_string}\"},\"query-input\":{\"@type\":\"PropertyValueSpecification\",\"valueRequired\":true,\"valueName\":\"search_term_string\"}}],\"inLanguage\":\"en-US\"}]}<\/script>\n<!-- \/ Yoast SEO plugin. -->","yoast_head_json":{"title":"Kurs Dron\u00f3w Bojowych FPV \u2013 3 dniowy kurs - Sklep Klubu Strzelaj\u0105cych Inaczej","robots":{"index":"index","follow":"follow","max-snippet":"max-snippet:-1","max-image-preview":"max-image-preview:large","max-video-preview":"max-video-preview:-1"},"canonical":"https:\/\/sklep.strzelamyinaczej.pl\/en\/produkt\/kurs-dronow-bojowych-fpv-3-dniowy-kurs\/","og_locale":"en_US","og_type":"article","og_title":"Kurs Dron\u00f3w Bojowych FPV \u2013 3 dniowy kurs - Sklep Klubu Strzelaj\u0105cych Inaczej","og_description":"Opanuj sztuk\u0119 precyzyjnego latania w najtrudniejszych warunkach. Ten kurs to unikalne po\u0142\u0105czenie\u00a0elitarnego pilota\u017cu FPV\u00a0z praktyczn\u0105 wiedz\u0105 techniczn\u0105. Nauczysz si\u0119 nie tylko skutecznie uderza\u0107 w cele i realizowa\u0107 misje rozpoznawcze, ale tak\u017ce samodzielnie budowa\u0107 i serwisowa\u0107 sw\u00f3j sprz\u0119t.","og_url":"https:\/\/sklep.strzelamyinaczej.pl\/en\/produkt\/kurs-dronow-bojowych-fpv-3-dniowy-kurs\/","og_site_name":"Sklep Klubu Strzelaj\u0105cych Inaczej","article_modified_time":"2026-04-16T01:41:25+00:00","og_image":[{"width":1600,"height":1200,"url":"https:\/\/sklep.strzelamyinaczej.pl\/wp-content\/uploads\/sites\/2\/2025\/09\/3-dniowy.jpeg","type":"image\/jpeg"}],"twitter_card":"summary_large_image","twitter_misc":{"Est. reading time":"4 minutes"},"schema":{"@context":"https:\/\/schema.org","@graph":[{"@type":"WebPage","@id":"https:\/\/sklep.strzelamyinaczej.pl\/en\/produkt\/kurs-dronow-bojowych-fpv-3-dniowy-kurs\/","url":"https:\/\/sklep.strzelamyinaczej.pl\/en\/produkt\/kurs-dronow-bojowych-fpv-3-dniowy-kurs\/","name":"Kurs Dron\u00f3w Bojowych FPV \u2013 3 dniowy kurs - Sklep Klubu Strzelaj\u0105cych Inaczej","isPartOf":{"@id":"https:\/\/sklep.strzelamyinaczej.pl\/en\/#website"},"primaryImageOfPage":{"@id":"https:\/\/sklep.strzelamyinaczej.pl\/en\/produkt\/kurs-dronow-bojowych-fpv-3-dniowy-kurs\/#primaryimage"},"image":{"@id":"https:\/\/sklep.strzelamyinaczej.pl\/en\/produkt\/kurs-dronow-bojowych-fpv-3-dniowy-kurs\/#primaryimage"},"thumbnailUrl":"https:\/\/sklep.strzelamyinaczej.pl\/wp-content\/uploads\/sites\/2\/2025\/09\/3-dniowy.jpeg","datePublished":"2025-09-15T08:24:10+00:00","dateModified":"2026-04-16T01:41:25+00:00","breadcrumb":{"@id":"https:\/\/sklep.strzelamyinaczej.pl\/en\/produkt\/kurs-dronow-bojowych-fpv-3-dniowy-kurs\/#breadcrumb"},"inLanguage":"en-US","potentialAction":[{"@type":"ReadAction","target":["https:\/\/sklep.strzelamyinaczej.pl\/en\/produkt\/kurs-dronow-bojowych-fpv-3-dniowy-kurs\/"]}]},{"@type":"ImageObject","inLanguage":"en-US","@id":"https:\/\/sklep.strzelamyinaczej.pl\/en\/produkt\/kurs-dronow-bojowych-fpv-3-dniowy-kurs\/#primaryimage","url":"https:\/\/sklep.strzelamyinaczej.pl\/wp-content\/uploads\/sites\/2\/2025\/09\/3-dniowy.jpeg","contentUrl":"https:\/\/sklep.strzelamyinaczej.pl\/wp-content\/uploads\/sites\/2\/2025\/09\/3-dniowy.jpeg","width":1600,"height":1200},{"@type":"BreadcrumbList","@id":"https:\/\/sklep.strzelamyinaczej.pl\/en\/produkt\/kurs-dronow-bojowych-fpv-3-dniowy-kurs\/#breadcrumb","itemListElement":[{"@type":"ListItem","position":1,"name":"Strona g\u0142\u00f3wna","item":"https:\/\/sklep.strzelamyinaczej.pl\/en\/"},{"@type":"ListItem","position":2,"name":"Sklep","item":"https:\/\/sklep.strzelamyinaczej.pl\/"},{"@type":"ListItem","position":3,"name":"Kurs Dron\u00f3w Bojowych FPV \u2013 3 dniowy kurs"}]},{"@type":"WebSite","@id":"https:\/\/sklep.strzelamyinaczej.pl\/en\/#website","url":"https:\/\/sklep.strzelamyinaczej.pl\/en\/","name":"Sklep Klubu Strzelaj\u0105cych Inaczej","description":"","potentialAction":[{"@type":"SearchAction","target":{"@type":"EntryPoint","urlTemplate":"https:\/\/sklep.strzelamyinaczej.pl\/en\/?s={search_term_string}"},"query-input":{"@type":"PropertyValueSpecification","valueRequired":true,"valueName":"search_term_string"}}],"inLanguage":"en-US"}]}},"_links":{"self":[{"href":"https:\/\/sklep.strzelamyinaczej.pl\/en\/wp-json\/wp\/v2\/product\/1757","targetHints":{"allow":["GET"]}}],"collection":[{"href":"https:\/\/sklep.strzelamyinaczej.pl\/en\/wp-json\/wp\/v2\/product"}],"about":[{"href":"https:\/\/sklep.strzelamyinaczej.pl\/en\/wp-json\/wp\/v2\/types\/product"}],"wp:featuredmedia":[{"embeddable":true,"href":"https:\/\/sklep.strzelamyinaczej.pl\/en\/wp-json\/wp\/v2\/media\/4641"}],"wp:attachment":[{"href":"https:\/\/sklep.strzelamyinaczej.pl\/en\/wp-json\/wp\/v2\/media?parent=1757"}],"wp:term":[{"taxonomy":"product_brand","embeddable":true,"href":"https:\/\/sklep.strzelamyinaczej.pl\/en\/wp-json\/wp\/v2\/product_brand?post=1757"},{"taxonomy":"product_cat","embeddable":true,"href":"https:\/\/sklep.strzelamyinaczej.pl\/en\/wp-json\/wp\/v2\/product_cat?post=1757"},{"taxonomy":"product_tag","embeddable":true,"href":"https:\/\/sklep.strzelamyinaczej.pl\/en\/wp-json\/wp\/v2\/product_tag?post=1757"}],"curies":[{"name":"wp","href":"https:\/\/api.w.org\/{rel}","templated":true}]}}