{"id":176,"date":"2025-01-09T16:17:08","date_gmt":"2025-01-09T15:17:08","guid":{"rendered":"https:\/\/sklep.strzelamyinaczej.pl\/?post_type=product&#038;p=176"},"modified":"2026-03-09T21:09:21","modified_gmt":"2026-03-09T20:09:21","slug":"kurs-prowadzacego-strzelanie","status":"publish","type":"product","link":"https:\/\/sklep.strzelamyinaczej.pl\/en\/produkt\/kurs-prowadzacego-strzelanie\/","title":{"rendered":"Kurs Prowadz\u0105cego Strzelanie"},"content":{"rendered":"<p><strong>Kurs dla os\u00f3b pragn\u0105cych uzyska\u0107 uprawnienia Prowadz\u0105cego Strzelanie.<\/strong><\/p>\n<p>Ustawa o broni i amunicji, a \u015bci\u015blej Rozporz\u0105dzenie O Wzorcowym Regulaminie Strzelnicy wymaga od os\u00f3b, kt\u00f3re chc\u0105 nadzorowa\u0107 strzelaj\u0105cych na strzelnicy (strzelc\u00f3w)\u00a0<strong>uko\u0144czenia kursu Prowadz\u0105cego Strzelanie<\/strong>.<\/p>\n<p>Osoba, kt\u00f3ra chce posiada\u0107 takie uprawnienia odbywa 24 godzinne przeszkolenie z zakresu prowadzenia strzela\u0144 oraz udzielania pomocy przedlekarskiej organizowane pod przewodnictwem Polskiego Zwi\u0105zku Strzelectwa Sportowego (PZSS). Po odbyciu tego kursu PZSS wydaje <strong>legitymacj\u0119 prowadz\u0105cego strzelanie.<\/strong><\/p>\n<p>Je\u015bli chcesz by\u0107 prowadz\u0105cym strzelanie, zabra\u0107 znajomych rodzin\u0119 na strzelnic\u0119 i pokaza\u0107 im swoje hobby to <strong>zapraszamy Ci\u0119 na kurs Prowadz\u0105cego Strzelanie.<\/strong> Ten kurs jest odpowiedzi\u0105 na Twoj\u0105 potrzeb\u0119.<\/p>\n<p><strong>Podczas kursu na prowadz\u0105cego strzelanie dowiesz si\u0119:<\/strong><\/p>\n<p>\u2013 jakie przepisy i obowi\u0105zki nak\u0142ada ustawodawca na prowadz\u0105cego strzelanie;<br \/>\n\u2013 jak radzi\u0107 sobie z przepisami i jak interpretuje przepisy s\u0105d na podstawie ju\u017c rozpatrzonych spraw;<br \/>\n\u2013 jakie przepisy i komendy obowi\u0105zuj\u0105 w r\u00f3\u017cnych dyscyplinach strzelectwa;<br \/>\n\u2013 jak planowa\u0107 strzelanie dla indywidualnych os\u00f3b oraz ma\u0142ych i du\u017cych grup;<br \/>\n\u2013 jak realizowa\u0107 sprawnie strzelanie na miejscu ju\u017c na strzelnicy;<br \/>\n\u2013 jak dzia\u0142a popularna bro\u0144 palna;<br \/>\n\u2013 czym opatrywa\u0107 rany i jak poradzi\u0107 sobie z urazem na strzelnicy;<br \/>\n\u2013 kiedy spodziewa\u0107 si\u0119 zagro\u017cenia i jak radzi\u0107 sobie z trudnym strzelcem;<\/p>\n<p><strong>Kurs prowadz\u0105cego strzelanie sk\u0142ada si\u0119<\/strong>\u00a0z cz\u0119\u015bci teoretycznej, gdzie otrzymuj\u0105 Pa\u0144stwo materia\u0142y online, do pracy w\u0142asnej oraz dw\u00f3ch spotka\u0144 na \u017cywo, gdzie m.in. omawiamy przypadki trudnych \u201ekursant\u00f3w\u201d oraz pierwsz\u0105 pomoc oraz drugiego praktycznego na strzelnicy.<\/p>\n<p><strong>Miejsce szkolenia:<\/strong><\/p>\n<p><strong>Dzie\u0144 1 i 2 &#8211; Online &#8211; praca w\u0142asna na materia\u0142ach online<\/strong><\/p>\n<p><strong>Dzie\u0144 3 \u2013 stacjonarnie wyk\u0142ad\/dyskusja <\/strong><\/p>\n<p>&#8211; spotkanie od 17:00 do 22:00 stacjonarnie,<\/p>\n<p>&#8211; Budynek Startera ul. L\u0119borska 3b Gda\u0144sk (czytaj opis konkretnego kursu)<\/p>\n<p><strong>Dzie\u0144 4 &#8211; praktyka:<\/strong><\/p>\n<p>&#8211; Strzelnica KSI, ul. Zawodnik\u00f3w 1, Gda\u0144sk<\/p>\n<p>&#8211; Czwarty dzie\u0144 &#8211; praktyka na strzelnicy (wybrany dzie\u0144, do dw\u00f3ch tygodni po wyk\u0142adzie)<\/p>\n<p>Zgodnie z wymogami PZSS, kurs ko\u0144czy si\u0119 egzaminem. Koszt przeprowadzenia egzaminu jest wliczony w cen\u0119 kursu.<\/p>\n<p><strong>Op\u0142aty:<\/strong><\/p>\n<p>400 z\u0142 od cz\u0142onk\u00f3w klubu KSI<br \/>\n450 z\u0142 od pozosta\u0142ych os\u00f3b<\/p>\n<p><strong>Op\u0142ata za kurs zawiera koszt wydania legitymacji przez PZSS.<\/strong><\/p>\n<p><strong>Kto mo\u017ce uczestniczy\u0107 w kursie?<br \/>\n<\/strong>W kursie mo\u017ce uczestniczy\u0107 osoba kt\u00f3ra:<br \/>\na) sko\u0144czy\u0142a 21 lat<br \/>\nb) posiada patent PZSS LUB<br \/>\nc) posiada pozwolenie na bro\u0144 LUB<br \/>\nd) posiada dopuszczenie do u\u017cytkowania broni<\/p>\n<p>e)osoba nie spe\u0142niaj\u0105ca \u017cadnego z warunk\u00f3w b), c), d) mo\u017ce otrzyma\u0107 uprawnienia prowadz\u0105cego strzelanie je\u017celi jest pracownikiem s\u0142u\u017cb mundurowych i posiada przydzielon\u0105 bro\u0144 s\u0142u\u017cbow\u0105 lub by\u0142a pracownikiem tych s\u0142u\u017cb i posiada legitymacj\u0119 osoby dopuszczonej do posiadania broni<\/p>\n<p>&nbsp;<\/p>\n","protected":false},"excerpt":{"rendered":"<p><strong>Kurs dla os\u00f3b pragn\u0105cych uzyska\u0107 uprawnienia Prowadz\u0105cego Strzelanie.<\/strong><\/p>\n<p>Ustawa o broni i amunicji, a \u015bci\u015blej Rozporz\u0105dzenie O Wzorcowym Regulaminie Strzelnicy wymaga od os\u00f3b, kt\u00f3re chc\u0105 nadzorowa\u0107 strzelaj\u0105cych na strzelnicy (strzelc\u00f3w)\u00a0<strong>uko\u0144czenia kursu Prowadz\u0105cego Strzelanie<\/strong>.<\/p>\n<p>Osoba, kt\u00f3ra chce posiada\u0107 takie uprawnienia odbywa 24 godzinne przeszkolenie z zakresu prowadzenia strzela\u0144 oraz udzielania pomocy przedlekarskiej organizowane pod przewodnictwem Polskiego Zwi\u0105zku Strzelectwa Sportowego (PZSS). Po odbyciu tego kursu PZSS wydaje <strong>legitymacj\u0119 prowadz\u0105cego strzelanie.<\/strong><\/p>\n<p>Je\u015bli chcesz by\u0107 prowadz\u0105cym strzelanie, zabra\u0107 znajomych rodzin\u0119 na strzelnic\u0119 i pokaza\u0107 im swoje hobby to <strong>zapraszamy Ci\u0119 na kurs Prowadz\u0105cego Strzelanie.<\/strong> Ten kurs jest odpowiedzi\u0105 na Twoj\u0105 potrzeb\u0119.<\/p>\n<p><b>Terminy kurs\u00f3w 2025\/2026:<\/b><\/p>\n<ul>\n<li>\u00a0zaj\u0119cia 08-10.12.2025, praktyki 11.12-21.12.2025 (jeden dzie\u0144), egzamin 23.12.2025 r.<\/li>\n<li>\u00a0zaj\u0119cia 09-11.03.2026, praktyki 12.03-24.03.2026 (jeden dzie\u0144), egzamin 25.03.2026 r.<\/li>\n<li>\u00a0zaj\u0119cia 08-10.06.2026, praktyki 11.06-23.06.2026 (jeden dzie\u0144), egzamin 24.06.2026 r.<\/li>\n<li>\u00a0zaj\u0119cia 14-16.09.2026, praktyki 17.09-29.09.2026 (jeden dzie\u0144), egzamin 30.09.2026 r.<\/li>\n<li>zaj\u0119cia 07-09.12.2026, praktyki 10.12-22.12.2026 (jeden dzie\u0144), egzamin 23.12.2026 r.<\/li>\n<\/ul>\n<div>&#8211; Dzie\u0144 1 i 2 kursu &#8211; online, dzie\u0144 3 &#8211; wyk\u0142ad\/dyskusja, dzie\u0144 4 &#8211; praktyki<\/div>\n<div><strong>&#8211; Prosz\u0119 przeczytaj poni\u017cej szczeg\u00f3\u0142owy opis kursu!<\/strong><\/div>\n","protected":false},"featured_media":177,"template":"","meta":[],"product_brand":[],"product_cat":[88],"product_tag":[],"class_list":{"0":"post-176","1":"product","2":"type-product","3":"status-publish","4":"has-post-thumbnail","6":"product_cat-kursy-szkolenia","8":"first","9":"instock","10":"taxable","11":"shipping-taxable","12":"purchasable","13":"product-type-variable"},"yoast_head":"<!-- This site is optimized with the Yoast SEO plugin v24.7 - https:\/\/yoast.com\/wordpress\/plugins\/seo\/ -->\n<title>Kurs Prowadz\u0105cego Strzelanie - Sklep Klubu Strzelaj\u0105cych Inaczej<\/title>\n<meta name=\"robots\" content=\"index, follow, max-snippet:-1, max-image-preview:large, max-video-preview:-1\" \/>\n<link rel=\"canonical\" href=\"https:\/\/sklep.strzelamyinaczej.pl\/en\/produkt\/kurs-prowadzacego-strzelanie\/\" \/>\n<meta property=\"og:locale\" content=\"en_US\" \/>\n<meta property=\"og:type\" content=\"article\" \/>\n<meta property=\"og:title\" content=\"Kurs Prowadz\u0105cego Strzelanie - Sklep Klubu Strzelaj\u0105cych Inaczej\" \/>\n<meta property=\"og:description\" content=\"Kurs dla os\u00f3b pragn\u0105cych uzyska\u0107 uprawnienia Prowadz\u0105cego Strzelanie.  Ustawa o broni i amunicji, a \u015bci\u015blej Rozporz\u0105dzenie O Wzorcowym Regulaminie Strzelnicy wymaga od os\u00f3b, kt\u00f3re chc\u0105 nadzorowa\u0107 strzelaj\u0105cych na strzelnicy (strzelc\u00f3w)\u00a0uko\u0144czenia kursu Prowadz\u0105cego Strzelanie.  Osoba, kt\u00f3ra chce posiada\u0107 takie uprawnienia odbywa 24 godzinne przeszkolenie z zakresu prowadzenia strzela\u0144 oraz udzielania pomocy przedlekarskiej organizowane pod przewodnictwem Polskiego Zwi\u0105zku Strzelectwa Sportowego (PZSS). Po odbyciu tego kursu PZSS wydaje legitymacj\u0119 prowadz\u0105cego strzelanie.  Je\u015bli chcesz by\u0107 prowadz\u0105cym strzelanie, zabra\u0107 znajomych rodzin\u0119 na strzelnic\u0119 i pokaza\u0107 im swoje hobby to zapraszamy Ci\u0119 na kurs Prowadz\u0105cego Strzelanie. Ten kurs jest odpowiedzi\u0105 na Twoj\u0105 potrzeb\u0119.  Terminy kurs\u00f3w 2025\/2026:   \u00a0zaj\u0119cia 08-10.12.2025, praktyki 11.12-21.12.2025 (jeden dzie\u0144), egzamin 23.12.2025 r.  \u00a0zaj\u0119cia 09-11.03.2026, praktyki 12.03-24.03.2026 (jeden dzie\u0144), egzamin 25.03.2026 r.  \u00a0zaj\u0119cia 08-10.06.2026, praktyki 11.06-23.06.2026 (jeden dzie\u0144), egzamin 24.06.2026 r.  \u00a0zaj\u0119cia 14-16.09.2026, praktyki 17.09-29.09.2026 (jeden dzie\u0144), egzamin 30.09.2026 r.  zaj\u0119cia 07-09.12.2026, praktyki 10.12-22.12.2026 (jeden dzie\u0144), egzamin 23.12.2026 r.  - Dzie\u0144 1 i 2 kursu - online, dzie\u0144 3 - wyk\u0142ad\/dyskusja, dzie\u0144 4 - praktyki - Prosz\u0119 przeczytaj poni\u017cej szczeg\u00f3\u0142owy opis kursu!\" \/>\n<meta property=\"og:url\" content=\"https:\/\/sklep.strzelamyinaczej.pl\/en\/produkt\/kurs-prowadzacego-strzelanie\/\" \/>\n<meta property=\"og:site_name\" content=\"Sklep Klubu Strzelaj\u0105cych Inaczej\" \/>\n<meta property=\"article:modified_time\" content=\"2026-03-09T20:09:21+00:00\" \/>\n<meta property=\"og:image\" content=\"https:\/\/sklep.strzelamyinaczej.pl\/wp-content\/uploads\/sites\/2\/2025\/01\/Kurs-Prowadzacego-Strzelanie.jpg\" \/>\n\t<meta property=\"og:image:width\" content=\"1600\" \/>\n\t<meta property=\"og:image:height\" content=\"1066\" \/>\n\t<meta property=\"og:image:type\" content=\"image\/jpeg\" \/>\n<meta name=\"twitter:card\" content=\"summary_large_image\" \/>\n<meta name=\"twitter:label1\" content=\"Est. reading time\" \/>\n\t<meta name=\"twitter:data1\" content=\"3 minutes\" \/>\n<script type=\"application\/ld+json\" class=\"yoast-schema-graph\">{\"@context\":\"https:\/\/schema.org\",\"@graph\":[{\"@type\":\"WebPage\",\"@id\":\"https:\/\/sklep.strzelamyinaczej.pl\/en\/produkt\/kurs-prowadzacego-strzelanie\/\",\"url\":\"https:\/\/sklep.strzelamyinaczej.pl\/en\/produkt\/kurs-prowadzacego-strzelanie\/\",\"name\":\"Kurs Prowadz\u0105cego Strzelanie - Sklep Klubu Strzelaj\u0105cych Inaczej\",\"isPartOf\":{\"@id\":\"https:\/\/sklep.strzelamyinaczej.pl\/en\/#website\"},\"primaryImageOfPage\":{\"@id\":\"https:\/\/sklep.strzelamyinaczej.pl\/en\/produkt\/kurs-prowadzacego-strzelanie\/#primaryimage\"},\"image\":{\"@id\":\"https:\/\/sklep.strzelamyinaczej.pl\/en\/produkt\/kurs-prowadzacego-strzelanie\/#primaryimage\"},\"thumbnailUrl\":\"https:\/\/sklep.strzelamyinaczej.pl\/wp-content\/uploads\/sites\/2\/2025\/01\/Kurs-Prowadzacego-Strzelanie.jpg\",\"datePublished\":\"2025-01-09T15:17:08+00:00\",\"dateModified\":\"2026-03-09T20:09:21+00:00\",\"breadcrumb\":{\"@id\":\"https:\/\/sklep.strzelamyinaczej.pl\/en\/produkt\/kurs-prowadzacego-strzelanie\/#breadcrumb\"},\"inLanguage\":\"en-US\",\"potentialAction\":[{\"@type\":\"ReadAction\",\"target\":[\"https:\/\/sklep.strzelamyinaczej.pl\/en\/produkt\/kurs-prowadzacego-strzelanie\/\"]}]},{\"@type\":\"ImageObject\",\"inLanguage\":\"en-US\",\"@id\":\"https:\/\/sklep.strzelamyinaczej.pl\/en\/produkt\/kurs-prowadzacego-strzelanie\/#primaryimage\",\"url\":\"https:\/\/sklep.strzelamyinaczej.pl\/wp-content\/uploads\/sites\/2\/2025\/01\/Kurs-Prowadzacego-Strzelanie.jpg\",\"contentUrl\":\"https:\/\/sklep.strzelamyinaczej.pl\/wp-content\/uploads\/sites\/2\/2025\/01\/Kurs-Prowadzacego-Strzelanie.jpg\",\"width\":1600,\"height\":1066},{\"@type\":\"BreadcrumbList\",\"@id\":\"https:\/\/sklep.strzelamyinaczej.pl\/en\/produkt\/kurs-prowadzacego-strzelanie\/#breadcrumb\",\"itemListElement\":[{\"@type\":\"ListItem\",\"position\":1,\"name\":\"Strona g\u0142\u00f3wna\",\"item\":\"https:\/\/sklep.strzelamyinaczej.pl\/en\/\"},{\"@type\":\"ListItem\",\"position\":2,\"name\":\"Sklep\",\"item\":\"https:\/\/sklep.strzelamyinaczej.pl\/\"},{\"@type\":\"ListItem\",\"position\":3,\"name\":\"Kurs Prowadz\u0105cego Strzelanie\"}]},{\"@type\":\"WebSite\",\"@id\":\"https:\/\/sklep.strzelamyinaczej.pl\/en\/#website\",\"url\":\"https:\/\/sklep.strzelamyinaczej.pl\/en\/\",\"name\":\"Sklep Klubu Strzelaj\u0105cych Inaczej\",\"description\":\"\",\"potentialAction\":[{\"@type\":\"SearchAction\",\"target\":{\"@type\":\"EntryPoint\",\"urlTemplate\":\"https:\/\/sklep.strzelamyinaczej.pl\/en\/?s={search_term_string}\"},\"query-input\":{\"@type\":\"PropertyValueSpecification\",\"valueRequired\":true,\"valueName\":\"search_term_string\"}}],\"inLanguage\":\"en-US\"}]}<\/script>\n<!-- \/ Yoast SEO plugin. -->","yoast_head_json":{"title":"Kurs Prowadz\u0105cego Strzelanie - Sklep Klubu Strzelaj\u0105cych Inaczej","robots":{"index":"index","follow":"follow","max-snippet":"max-snippet:-1","max-image-preview":"max-image-preview:large","max-video-preview":"max-video-preview:-1"},"canonical":"https:\/\/sklep.strzelamyinaczej.pl\/en\/produkt\/kurs-prowadzacego-strzelanie\/","og_locale":"en_US","og_type":"article","og_title":"Kurs Prowadz\u0105cego Strzelanie - Sklep Klubu Strzelaj\u0105cych Inaczej","og_description":"Kurs dla os\u00f3b pragn\u0105cych uzyska\u0107 uprawnienia Prowadz\u0105cego Strzelanie.  Ustawa o broni i amunicji, a \u015bci\u015blej Rozporz\u0105dzenie O Wzorcowym Regulaminie Strzelnicy wymaga od os\u00f3b, kt\u00f3re chc\u0105 nadzorowa\u0107 strzelaj\u0105cych na strzelnicy (strzelc\u00f3w)\u00a0uko\u0144czenia kursu Prowadz\u0105cego Strzelanie.  Osoba, kt\u00f3ra chce posiada\u0107 takie uprawnienia odbywa 24 godzinne przeszkolenie z zakresu prowadzenia strzela\u0144 oraz udzielania pomocy przedlekarskiej organizowane pod przewodnictwem Polskiego Zwi\u0105zku Strzelectwa Sportowego (PZSS). Po odbyciu tego kursu PZSS wydaje legitymacj\u0119 prowadz\u0105cego strzelanie.  Je\u015bli chcesz by\u0107 prowadz\u0105cym strzelanie, zabra\u0107 znajomych rodzin\u0119 na strzelnic\u0119 i pokaza\u0107 im swoje hobby to zapraszamy Ci\u0119 na kurs Prowadz\u0105cego Strzelanie. Ten kurs jest odpowiedzi\u0105 na Twoj\u0105 potrzeb\u0119.  Terminy kurs\u00f3w 2025\/2026:   \u00a0zaj\u0119cia 08-10.12.2025, praktyki 11.12-21.12.2025 (jeden dzie\u0144), egzamin 23.12.2025 r.  \u00a0zaj\u0119cia 09-11.03.2026, praktyki 12.03-24.03.2026 (jeden dzie\u0144), egzamin 25.03.2026 r.  \u00a0zaj\u0119cia 08-10.06.2026, praktyki 11.06-23.06.2026 (jeden dzie\u0144), egzamin 24.06.2026 r.  \u00a0zaj\u0119cia 14-16.09.2026, praktyki 17.09-29.09.2026 (jeden dzie\u0144), egzamin 30.09.2026 r.  zaj\u0119cia 07-09.12.2026, praktyki 10.12-22.12.2026 (jeden dzie\u0144), egzamin 23.12.2026 r.  - Dzie\u0144 1 i 2 kursu - online, dzie\u0144 3 - wyk\u0142ad\/dyskusja, dzie\u0144 4 - praktyki - Prosz\u0119 przeczytaj poni\u017cej szczeg\u00f3\u0142owy opis kursu!","og_url":"https:\/\/sklep.strzelamyinaczej.pl\/en\/produkt\/kurs-prowadzacego-strzelanie\/","og_site_name":"Sklep Klubu Strzelaj\u0105cych Inaczej","article_modified_time":"2026-03-09T20:09:21+00:00","og_image":[{"width":1600,"height":1066,"url":"https:\/\/sklep.strzelamyinaczej.pl\/wp-content\/uploads\/sites\/2\/2025\/01\/Kurs-Prowadzacego-Strzelanie.jpg","type":"image\/jpeg"}],"twitter_card":"summary_large_image","twitter_misc":{"Est. reading time":"3 minutes"},"schema":{"@context":"https:\/\/schema.org","@graph":[{"@type":"WebPage","@id":"https:\/\/sklep.strzelamyinaczej.pl\/en\/produkt\/kurs-prowadzacego-strzelanie\/","url":"https:\/\/sklep.strzelamyinaczej.pl\/en\/produkt\/kurs-prowadzacego-strzelanie\/","name":"Kurs Prowadz\u0105cego Strzelanie - Sklep Klubu Strzelaj\u0105cych Inaczej","isPartOf":{"@id":"https:\/\/sklep.strzelamyinaczej.pl\/en\/#website"},"primaryImageOfPage":{"@id":"https:\/\/sklep.strzelamyinaczej.pl\/en\/produkt\/kurs-prowadzacego-strzelanie\/#primaryimage"},"image":{"@id":"https:\/\/sklep.strzelamyinaczej.pl\/en\/produkt\/kurs-prowadzacego-strzelanie\/#primaryimage"},"thumbnailUrl":"https:\/\/sklep.strzelamyinaczej.pl\/wp-content\/uploads\/sites\/2\/2025\/01\/Kurs-Prowadzacego-Strzelanie.jpg","datePublished":"2025-01-09T15:17:08+00:00","dateModified":"2026-03-09T20:09:21+00:00","breadcrumb":{"@id":"https:\/\/sklep.strzelamyinaczej.pl\/en\/produkt\/kurs-prowadzacego-strzelanie\/#breadcrumb"},"inLanguage":"en-US","potentialAction":[{"@type":"ReadAction","target":["https:\/\/sklep.strzelamyinaczej.pl\/en\/produkt\/kurs-prowadzacego-strzelanie\/"]}]},{"@type":"ImageObject","inLanguage":"en-US","@id":"https:\/\/sklep.strzelamyinaczej.pl\/en\/produkt\/kurs-prowadzacego-strzelanie\/#primaryimage","url":"https:\/\/sklep.strzelamyinaczej.pl\/wp-content\/uploads\/sites\/2\/2025\/01\/Kurs-Prowadzacego-Strzelanie.jpg","contentUrl":"https:\/\/sklep.strzelamyinaczej.pl\/wp-content\/uploads\/sites\/2\/2025\/01\/Kurs-Prowadzacego-Strzelanie.jpg","width":1600,"height":1066},{"@type":"BreadcrumbList","@id":"https:\/\/sklep.strzelamyinaczej.pl\/en\/produkt\/kurs-prowadzacego-strzelanie\/#breadcrumb","itemListElement":[{"@type":"ListItem","position":1,"name":"Strona g\u0142\u00f3wna","item":"https:\/\/sklep.strzelamyinaczej.pl\/en\/"},{"@type":"ListItem","position":2,"name":"Sklep","item":"https:\/\/sklep.strzelamyinaczej.pl\/"},{"@type":"ListItem","position":3,"name":"Kurs Prowadz\u0105cego Strzelanie"}]},{"@type":"WebSite","@id":"https:\/\/sklep.strzelamyinaczej.pl\/en\/#website","url":"https:\/\/sklep.strzelamyinaczej.pl\/en\/","name":"Sklep Klubu Strzelaj\u0105cych Inaczej","description":"","potentialAction":[{"@type":"SearchAction","target":{"@type":"EntryPoint","urlTemplate":"https:\/\/sklep.strzelamyinaczej.pl\/en\/?s={search_term_string}"},"query-input":{"@type":"PropertyValueSpecification","valueRequired":true,"valueName":"search_term_string"}}],"inLanguage":"en-US"}]}},"_links":{"self":[{"href":"https:\/\/sklep.strzelamyinaczej.pl\/en\/wp-json\/wp\/v2\/product\/176","targetHints":{"allow":["GET"]}}],"collection":[{"href":"https:\/\/sklep.strzelamyinaczej.pl\/en\/wp-json\/wp\/v2\/product"}],"about":[{"href":"https:\/\/sklep.strzelamyinaczej.pl\/en\/wp-json\/wp\/v2\/types\/product"}],"wp:featuredmedia":[{"embeddable":true,"href":"https:\/\/sklep.strzelamyinaczej.pl\/en\/wp-json\/wp\/v2\/media\/177"}],"wp:attachment":[{"href":"https:\/\/sklep.strzelamyinaczej.pl\/en\/wp-json\/wp\/v2\/media?parent=176"}],"wp:term":[{"taxonomy":"product_brand","embeddable":true,"href":"https:\/\/sklep.strzelamyinaczej.pl\/en\/wp-json\/wp\/v2\/product_brand?post=176"},{"taxonomy":"product_cat","embeddable":true,"href":"https:\/\/sklep.strzelamyinaczej.pl\/en\/wp-json\/wp\/v2\/product_cat?post=176"},{"taxonomy":"product_tag","embeddable":true,"href":"https:\/\/sklep.strzelamyinaczej.pl\/en\/wp-json\/wp\/v2\/product_tag?post=176"}],"curies":[{"name":"wp","href":"https:\/\/api.w.org\/{rel}","templated":true}]}}