{"id":180,"date":"2025-01-08T12:47:00","date_gmt":"2025-01-08T11:47:00","guid":{"rendered":"https:\/\/sklep.strzelamyinaczej.pl\/?post_type=product&#038;p=180"},"modified":"2026-04-10T06:31:41","modified_gmt":"2026-04-10T04:31:41","slug":"kurs-uzycia-dronow-na-froncie","status":"publish","type":"product","link":"https:\/\/sklep.strzelamyinaczej.pl\/en\/produkt\/kurs-uzycia-dronow-na-froncie\/","title":{"rendered":"Kurs Dron\u00f3w Rozpoznawczych"},"content":{"rendered":"<div class=\"tribe-events-single-event-description tribe-events-content\">\n<p>Wszelkie \u015brodki pozyskane na realizacj\u0119 kursu, s\u0105 przeznaczane na zakup kolejnych rzeczy, dzi\u0119ki kt\u00f3rym prowadzimy szkolenia w Polsce oraz na Ukrainie, szkol\u0105c przysz\u0142ych pilot\u00f3w w celu wygrania wojny na Ukrainie oraz przeszkolenia jak najwi\u0119kszej ilo\u015bci \u017co\u0142nierzy Si\u0142 Zbrojnych RP!<\/p>\n<p>Lista rzeczy na kt\u00f3re przeznaczymy pieni\u0105dze z tego i ka\u017cdego kolejnego kursu dronowego:<br \/>\n\u2013 akcesoria do dron\u00f3w FPV, kt\u00f3re opracowujemy sami (systemy zrzutu, p\u0142ytki inicjuj\u0105ce, systemy wyzwalania, anteny etc.)<br \/>\n\u2013 dron rozpoznawczy typu skrzyd\u0142o w\u0142asnej produkcji<\/p>\n<\/div>\n<p>Koszt to tylko 800 z\u0142 (w tym 23% VAT, 90 z\u0142 na wy\u017cywienie, za 20 godzin kursu online oraz co najmniej za 32 godziny zaj\u0119\u0107 praktycznych!)<\/p>\n<div class=\"tribe-events-single-event-description tribe-events-content\">\n<p><strong>NAJWA\u017bNIEJSZA INFORMACJA!<\/strong><\/p>\n<p>W dniu 8 kwietnia sprawdzam pogod\u0119 i je\u017celi nie b\u0119dzie deszczu, \u015bniegu, bardzo silnego wiatru powy\u017cej 12 m\/s ani du\u017cej mg\u0142y to zaj\u0119cia si\u0119 odb\u0119d\u0105! W ka\u017cdym innym wypadku prze\u0142o\u017cymy zaj\u0119cia na najbli\u017cszy mo\u017cliwy weekend. Je\u017celi zaj\u0119cia mia\u0142yby by\u0107 prze\u0142o\u017cone odpowiedni\u0105 wiadomo\u015b\u0107 wysy\u0142am mailem oraz umieszczam na kanale Discord.<\/p>\n<p><strong>Termin:<\/strong><br \/>\n10-12 kwietnia 2026<br \/>\nStart 10 kwietnia 2026 godzina 7:00<br \/>\nZako\u0144czenie 12 kwietnia 2026 godzina 16:00<\/p>\n<p>&nbsp;<\/p>\n<p><strong>Program szczeg\u00f3\u0142owy:<\/strong><br \/>\nPi\u0105tek 7:00 do 21:00<br \/>\n\u2013 budowa drona<br \/>\n\u2013 manipulatory kontrolera<br \/>\n\u2013 aplikacja DJI<br \/>\n\u2013 start i l\u0105dowanie dronem<br \/>\n\u2013 loty dronem<br \/>\n\u2013 loty awaryjne<br \/>\n\u2013 jak nie straci\u0107 drona<br \/>\n\u2013 om\u00f3wienie dzia\u0142ania w dniach nast\u0119pnych<br \/>\n\u2013 logistyka<br \/>\n\u2013 planowanie<br \/>\n\u2013 tworzenie sieci \u0142\u0105czno\u015bci<br \/>\n\u2013 streaming obrazu przez Discord\/Google Meet<\/p>\n<p>Sobota 6:00 do 23:00<br \/>\n\u2013 wyloty i l\u0105dowania taktyczne<br \/>\n\u2013 loty z rozpoznaniem celu statycznego<br \/>\n\u2013 loty z rozpoznaniem celu mobilnego<br \/>\n\u2013 transmisja online<br \/>\n\u2013 terminal \u0142\u0105czno\u015bci satelitarnej Starlink<br \/>\n\u2013 planowanie<br \/>\n\u2013 maskowanie<br \/>\n\u2013 loty nocne i powr\u00f3t dronem na telemetrii oraz bez u\u017cycia \u015bwiate\u0142<br \/>\n\u2013 u\u017cycie Milchat i innej komunikacji<br \/>\n\u2013 zrzuty<br \/>\n\u2013 zarz\u0105dzanie energi\u0105<br \/>\n\u2013 korekcja artylerii<\/p>\n<p>Niedziela 5:00 do 16:00<br \/>\n\u2013 d\u0142ugie zadanie taktyczne ca\u0142ym zespo\u0142em z dowodzeniem, planowaniem, logistyk\u0105 i aktywnym przeciwnikiem<\/p>\n<p><strong>Miejsce:<\/strong><br \/>\nStrzelnica Podw\u00f3rze Koguta<br \/>\n<a href=\"https:\/\/goo.gl\/maps\/24A2KLU4psGJFLXw9\" target=\"_blank\" rel=\"noopener noreferrer\">https:\/\/goo.gl\/maps\/24A2KLU4psGJFLXw9<\/a><\/p>\n<div><strong>Nocleg:<\/strong><br \/>\nNocleg pod go\u0142ym niebem lub w dowolnie wybranym miejscu<\/div>\n<div>\n<p><strong>Koszt kursu zawiera:<br \/>\n<\/strong>\u2013 u\u017cyczenie drona (Mavic Mini 2 lub Mavic Air 2, lub Mavic Air 2S lub Autel Nano+)<br \/>\n\u2013 u\u017cyczenie 3 akumulator\u00f3w do drona<br \/>\n\u2013 u\u017cyczenie kontrolera do drona<br \/>\n\u2013 u\u017cyczenie tabletu Lenovo Tab M8<br \/>\n\u2013 \u0142adowanie wszelkich akcesori\u00f3w w warunkach polowych za pomoc\u0105 agregatu lub banku energii<br \/>\n\u2013 paliwo do agregat\u00f3w i pojazd\u00f3w u\u017cywanych do zadania<br \/>\n\u2013 obiady w pi\u0105tek, sobot\u0119 i niedziel\u0119 przywo\u017cone w opakowaniach zbiorczych<\/p>\n<p>WA\u017bNA INFORMACJA!<br \/>\nJE\u017bELI KURSANT PODCZAS KURSU USZKODZI DRONA, LUB DOWOLNE INNE URZ\u0104DZENIE PRZEKAZANE NA CZAS KURSU PRZEZ ORGANIZATORA, NALE\u017bY JE ODKUPI\u0106 ZA W\u0141ASNE \u015aRODKI!<\/p>\n<p><strong>Koszt kursu nie zawiera:<\/strong><\/p>\n<\/div>\n<div>\u2013 noclegu<\/div>\n<div><\/div>\n<div>\n<div>\n<p><strong>Sprz\u0119t niezb\u0119dny na zaj\u0119cia:<\/strong><\/p>\n<ul>\n<li>Uprawnienia A1\/A3 ULC (certyfikat w postaci wydruku lub PDF do wgl\u0105du na miejscu!)<\/li>\n<li>Konto na stronie\u00a0<a href=\"https:\/\/checkin.pansa.pl\/\" target=\"_blank\" rel=\"noopener\">https:\/\/checkin.pansa.pl\/<\/a><\/li>\n<li>Aplikacja DroneTower zainstalowana na telefonie<\/li>\n<li>Ubi\u00f3r dostosowany do pogody w maskowaniu (dowolny kamufla\u017c)<\/li>\n<li>Siatka maskuj\u0105ca osobista (w kolorach lesistych)<\/li>\n<li>Powerbanki o \u0142\u0105cznej pojemno\u015bci co najmniej 20000 mAh z mo\u017cliwo\u015bci\u0105 szybkiego \u0142adowania (najlepiej 2 lub 4 powerbanki z moc\u0105 \u0142adowania co najmniej 20W Quick Charge 3.0 np. Baseus)<\/li>\n<li>Karta microSD o pojemno\u015bci co najmniej 32 GB i pr\u0119dko\u015bci V3 (je\u017celi chcesz filmy z misji zabra\u0107 z sob\u0105)<\/li>\n<li>Szybka \u0142adowarka AC o mocy co najmniej 65W (np. Baseus\u00a0CCGAN2L-B01 z wtykami USB A i USB C)<\/li>\n<li>Dwa kable USB A \u2013 USB C lub USB C \u2013 USB C do powy\u017cszej \u0142adowarki<\/li>\n<li>Smartfon z aplikacj\u0105 MILCHAT oraz ATAK i mapami polski (do \u015bci\u0105gni\u0119cia z dysku google)<\/li>\n<li>Kubek, mena\u017cka (lub inne naczynie wielorazowe) i \u0142y\u017cka (w celu ograniczenia ilo\u015bci \u015bmieci obiad b\u0119dzie wydawany z pojemnik\u00f3w zbiorczych)<\/li>\n<\/ul>\n<\/div>\n<div>\n<div><\/div>\n<div>\n<p><strong>Sprz\u0119t przydatny na zaj\u0119cia:<\/strong><\/p>\n<ul>\n<li>Dron komercyjny wielowirnikowiec DJI\/AUtel\/etc. + jak najwi\u0119cej baterii (co najmniej 3)<\/li>\n<li>Najlepiej tablet lub smartfon z aplikacj\u0105 do latania<\/li>\n<li>Plecak\/torba do przenoszenia drona, akumulator\u00f3w etc.<\/li>\n<li>Jak kto\u015b chce \u0107wiczy\u0107 bardziej realnie to oporz\u0105dzenie, he\u0142m, karabinek, magazynki i reszta taktycznego sprz\u0119tu<\/li>\n<li>Je\u017celi masz swoje radiotelefony lub inn\u0105 komunikacj\u0119, zabierz j\u0105 z sob\u0105 w ilo\u015bci dla siebie + dla kogo\u015b innego<\/li>\n<li>\u015apiw\u00f3r, karimata\/namiot\/poncho etc. (spanie na pod\u0142odze\/dworze jest atrakcyjnym elementem kursu)<\/li>\n<li>\u0141adowarki, kable, listwy, karty microSD etc. ca\u0142a niezb\u0119dna drobnica w ilo\u015bciach zapasowych<\/li>\n<\/ul>\n<\/div>\n<div>Na miejscu podczas szkolenia b\u0119dzie zabezpieczenie energetyczne w postaci agregatu pr\u0105dotw\u00f3rczego, czterech listew zasilaj\u0105cych z 6 gniazdami ka\u017cda, \u0142adowarki na 40 gniazd USB A oraz stacji Eco Flow.<\/div>\n<div><\/div>\n<\/div>\n<\/div>\n<div><strong>Strona ULC gdzie zrobicie uprawnienia A1\/A3:<\/strong><br \/>\n<a href=\"https:\/\/drony.gov.pl\/\">https:\/\/drony.gov.pl\/<\/a><\/div>\n<\/div>\n<div class=\"tribe-events tribe-common\">\n<div class=\"tribe-events-c-subscribe-dropdown__container\"><\/div>\n<\/div>\n","protected":false},"excerpt":{"rendered":"<p>Kurs dron\u00f3w rozpoznawczych &#8211; po tym kursie nabierzesz umiej\u0119tno\u015bci pos\u0142ugiwania si\u0119 dronami cywilnymi do prowadzenia zwiadu w warunkach bojowych. 20 godzin szkolenia z teorii i 30 godzin praktyki (latania).<\/p>\n","protected":false},"featured_media":323,"template":"","meta":[],"product_brand":[],"product_cat":[95],"product_tag":[],"class_list":{"0":"post-180","1":"product","2":"type-product","3":"status-publish","4":"has-post-thumbnail","6":"product_cat-szkolenia-dronowe","8":"first","9":"instock","10":"taxable","11":"shipping-taxable","12":"purchasable","13":"product-type-variable"},"yoast_head":"<!-- This site is optimized with the Yoast SEO plugin v24.7 - https:\/\/yoast.com\/wordpress\/plugins\/seo\/ -->\n<title>Kurs Dron\u00f3w Rozpoznawczych - Sklep Klubu Strzelaj\u0105cych Inaczej<\/title>\n<meta name=\"robots\" content=\"index, follow, max-snippet:-1, max-image-preview:large, max-video-preview:-1\" \/>\n<link rel=\"canonical\" href=\"https:\/\/sklep.strzelamyinaczej.pl\/en\/produkt\/kurs-uzycia-dronow-na-froncie\/\" \/>\n<meta property=\"og:locale\" content=\"en_US\" \/>\n<meta property=\"og:type\" content=\"article\" \/>\n<meta property=\"og:title\" content=\"Kurs Dron\u00f3w Rozpoznawczych - Sklep Klubu Strzelaj\u0105cych Inaczej\" \/>\n<meta property=\"og:description\" content=\"Kurs dron\u00f3w rozpoznawczych - po tym kursie nabierzesz umiej\u0119tno\u015bci pos\u0142ugiwania si\u0119 dronami cywilnymi do prowadzenia zwiadu w warunkach bojowych. 20 godzin szkolenia z teorii i 30 godzin praktyki (latania).\" \/>\n<meta property=\"og:url\" content=\"https:\/\/sklep.strzelamyinaczej.pl\/en\/produkt\/kurs-uzycia-dronow-na-froncie\/\" \/>\n<meta property=\"og:site_name\" content=\"Sklep Klubu Strzelaj\u0105cych Inaczej\" \/>\n<meta property=\"article:modified_time\" content=\"2026-04-10T04:31:41+00:00\" \/>\n<meta property=\"og:image\" content=\"https:\/\/sklep.strzelamyinaczej.pl\/wp-content\/uploads\/sites\/2\/2025\/01\/DRONY-NA-FRONCIE.jpg\" \/>\n\t<meta property=\"og:image:width\" content=\"1200\" \/>\n\t<meta property=\"og:image:height\" content=\"1600\" \/>\n\t<meta property=\"og:image:type\" content=\"image\/jpeg\" \/>\n<meta name=\"twitter:card\" content=\"summary_large_image\" \/>\n<meta name=\"twitter:label1\" content=\"Est. reading time\" \/>\n\t<meta name=\"twitter:data1\" content=\"5 minutes\" \/>\n<script type=\"application\/ld+json\" class=\"yoast-schema-graph\">{\"@context\":\"https:\/\/schema.org\",\"@graph\":[{\"@type\":\"WebPage\",\"@id\":\"https:\/\/sklep.strzelamyinaczej.pl\/en\/produkt\/kurs-uzycia-dronow-na-froncie\/\",\"url\":\"https:\/\/sklep.strzelamyinaczej.pl\/en\/produkt\/kurs-uzycia-dronow-na-froncie\/\",\"name\":\"Kurs Dron\u00f3w Rozpoznawczych - Sklep Klubu Strzelaj\u0105cych Inaczej\",\"isPartOf\":{\"@id\":\"https:\/\/sklep.strzelamyinaczej.pl\/en\/#website\"},\"primaryImageOfPage\":{\"@id\":\"https:\/\/sklep.strzelamyinaczej.pl\/en\/produkt\/kurs-uzycia-dronow-na-froncie\/#primaryimage\"},\"image\":{\"@id\":\"https:\/\/sklep.strzelamyinaczej.pl\/en\/produkt\/kurs-uzycia-dronow-na-froncie\/#primaryimage\"},\"thumbnailUrl\":\"https:\/\/sklep.strzelamyinaczej.pl\/wp-content\/uploads\/sites\/2\/2025\/01\/DRONY-NA-FRONCIE.jpg\",\"datePublished\":\"2025-01-08T11:47:00+00:00\",\"dateModified\":\"2026-04-10T04:31:41+00:00\",\"breadcrumb\":{\"@id\":\"https:\/\/sklep.strzelamyinaczej.pl\/en\/produkt\/kurs-uzycia-dronow-na-froncie\/#breadcrumb\"},\"inLanguage\":\"en-US\",\"potentialAction\":[{\"@type\":\"ReadAction\",\"target\":[\"https:\/\/sklep.strzelamyinaczej.pl\/en\/produkt\/kurs-uzycia-dronow-na-froncie\/\"]}]},{\"@type\":\"ImageObject\",\"inLanguage\":\"en-US\",\"@id\":\"https:\/\/sklep.strzelamyinaczej.pl\/en\/produkt\/kurs-uzycia-dronow-na-froncie\/#primaryimage\",\"url\":\"https:\/\/sklep.strzelamyinaczej.pl\/wp-content\/uploads\/sites\/2\/2025\/01\/DRONY-NA-FRONCIE.jpg\",\"contentUrl\":\"https:\/\/sklep.strzelamyinaczej.pl\/wp-content\/uploads\/sites\/2\/2025\/01\/DRONY-NA-FRONCIE.jpg\",\"width\":1200,\"height\":1600},{\"@type\":\"BreadcrumbList\",\"@id\":\"https:\/\/sklep.strzelamyinaczej.pl\/en\/produkt\/kurs-uzycia-dronow-na-froncie\/#breadcrumb\",\"itemListElement\":[{\"@type\":\"ListItem\",\"position\":1,\"name\":\"Strona g\u0142\u00f3wna\",\"item\":\"https:\/\/sklep.strzelamyinaczej.pl\/en\/\"},{\"@type\":\"ListItem\",\"position\":2,\"name\":\"Sklep\",\"item\":\"https:\/\/sklep.strzelamyinaczej.pl\/\"},{\"@type\":\"ListItem\",\"position\":3,\"name\":\"Kurs Dron\u00f3w Rozpoznawczych\"}]},{\"@type\":\"WebSite\",\"@id\":\"https:\/\/sklep.strzelamyinaczej.pl\/en\/#website\",\"url\":\"https:\/\/sklep.strzelamyinaczej.pl\/en\/\",\"name\":\"Sklep Klubu Strzelaj\u0105cych Inaczej\",\"description\":\"\",\"potentialAction\":[{\"@type\":\"SearchAction\",\"target\":{\"@type\":\"EntryPoint\",\"urlTemplate\":\"https:\/\/sklep.strzelamyinaczej.pl\/en\/?s={search_term_string}\"},\"query-input\":{\"@type\":\"PropertyValueSpecification\",\"valueRequired\":true,\"valueName\":\"search_term_string\"}}],\"inLanguage\":\"en-US\"}]}<\/script>\n<!-- \/ Yoast SEO plugin. -->","yoast_head_json":{"title":"Kurs Dron\u00f3w Rozpoznawczych - Sklep Klubu Strzelaj\u0105cych Inaczej","robots":{"index":"index","follow":"follow","max-snippet":"max-snippet:-1","max-image-preview":"max-image-preview:large","max-video-preview":"max-video-preview:-1"},"canonical":"https:\/\/sklep.strzelamyinaczej.pl\/en\/produkt\/kurs-uzycia-dronow-na-froncie\/","og_locale":"en_US","og_type":"article","og_title":"Kurs Dron\u00f3w Rozpoznawczych - Sklep Klubu Strzelaj\u0105cych Inaczej","og_description":"Kurs dron\u00f3w rozpoznawczych - po tym kursie nabierzesz umiej\u0119tno\u015bci pos\u0142ugiwania si\u0119 dronami cywilnymi do prowadzenia zwiadu w warunkach bojowych. 20 godzin szkolenia z teorii i 30 godzin praktyki (latania).","og_url":"https:\/\/sklep.strzelamyinaczej.pl\/en\/produkt\/kurs-uzycia-dronow-na-froncie\/","og_site_name":"Sklep Klubu Strzelaj\u0105cych Inaczej","article_modified_time":"2026-04-10T04:31:41+00:00","og_image":[{"width":1200,"height":1600,"url":"https:\/\/sklep.strzelamyinaczej.pl\/wp-content\/uploads\/sites\/2\/2025\/01\/DRONY-NA-FRONCIE.jpg","type":"image\/jpeg"}],"twitter_card":"summary_large_image","twitter_misc":{"Est. reading time":"5 minutes"},"schema":{"@context":"https:\/\/schema.org","@graph":[{"@type":"WebPage","@id":"https:\/\/sklep.strzelamyinaczej.pl\/en\/produkt\/kurs-uzycia-dronow-na-froncie\/","url":"https:\/\/sklep.strzelamyinaczej.pl\/en\/produkt\/kurs-uzycia-dronow-na-froncie\/","name":"Kurs Dron\u00f3w Rozpoznawczych - Sklep Klubu Strzelaj\u0105cych Inaczej","isPartOf":{"@id":"https:\/\/sklep.strzelamyinaczej.pl\/en\/#website"},"primaryImageOfPage":{"@id":"https:\/\/sklep.strzelamyinaczej.pl\/en\/produkt\/kurs-uzycia-dronow-na-froncie\/#primaryimage"},"image":{"@id":"https:\/\/sklep.strzelamyinaczej.pl\/en\/produkt\/kurs-uzycia-dronow-na-froncie\/#primaryimage"},"thumbnailUrl":"https:\/\/sklep.strzelamyinaczej.pl\/wp-content\/uploads\/sites\/2\/2025\/01\/DRONY-NA-FRONCIE.jpg","datePublished":"2025-01-08T11:47:00+00:00","dateModified":"2026-04-10T04:31:41+00:00","breadcrumb":{"@id":"https:\/\/sklep.strzelamyinaczej.pl\/en\/produkt\/kurs-uzycia-dronow-na-froncie\/#breadcrumb"},"inLanguage":"en-US","potentialAction":[{"@type":"ReadAction","target":["https:\/\/sklep.strzelamyinaczej.pl\/en\/produkt\/kurs-uzycia-dronow-na-froncie\/"]}]},{"@type":"ImageObject","inLanguage":"en-US","@id":"https:\/\/sklep.strzelamyinaczej.pl\/en\/produkt\/kurs-uzycia-dronow-na-froncie\/#primaryimage","url":"https:\/\/sklep.strzelamyinaczej.pl\/wp-content\/uploads\/sites\/2\/2025\/01\/DRONY-NA-FRONCIE.jpg","contentUrl":"https:\/\/sklep.strzelamyinaczej.pl\/wp-content\/uploads\/sites\/2\/2025\/01\/DRONY-NA-FRONCIE.jpg","width":1200,"height":1600},{"@type":"BreadcrumbList","@id":"https:\/\/sklep.strzelamyinaczej.pl\/en\/produkt\/kurs-uzycia-dronow-na-froncie\/#breadcrumb","itemListElement":[{"@type":"ListItem","position":1,"name":"Strona g\u0142\u00f3wna","item":"https:\/\/sklep.strzelamyinaczej.pl\/en\/"},{"@type":"ListItem","position":2,"name":"Sklep","item":"https:\/\/sklep.strzelamyinaczej.pl\/"},{"@type":"ListItem","position":3,"name":"Kurs Dron\u00f3w Rozpoznawczych"}]},{"@type":"WebSite","@id":"https:\/\/sklep.strzelamyinaczej.pl\/en\/#website","url":"https:\/\/sklep.strzelamyinaczej.pl\/en\/","name":"Sklep Klubu Strzelaj\u0105cych Inaczej","description":"","potentialAction":[{"@type":"SearchAction","target":{"@type":"EntryPoint","urlTemplate":"https:\/\/sklep.strzelamyinaczej.pl\/en\/?s={search_term_string}"},"query-input":{"@type":"PropertyValueSpecification","valueRequired":true,"valueName":"search_term_string"}}],"inLanguage":"en-US"}]}},"_links":{"self":[{"href":"https:\/\/sklep.strzelamyinaczej.pl\/en\/wp-json\/wp\/v2\/product\/180","targetHints":{"allow":["GET"]}}],"collection":[{"href":"https:\/\/sklep.strzelamyinaczej.pl\/en\/wp-json\/wp\/v2\/product"}],"about":[{"href":"https:\/\/sklep.strzelamyinaczej.pl\/en\/wp-json\/wp\/v2\/types\/product"}],"wp:featuredmedia":[{"embeddable":true,"href":"https:\/\/sklep.strzelamyinaczej.pl\/en\/wp-json\/wp\/v2\/media\/323"}],"wp:attachment":[{"href":"https:\/\/sklep.strzelamyinaczej.pl\/en\/wp-json\/wp\/v2\/media?parent=180"}],"wp:term":[{"taxonomy":"product_brand","embeddable":true,"href":"https:\/\/sklep.strzelamyinaczej.pl\/en\/wp-json\/wp\/v2\/product_brand?post=180"},{"taxonomy":"product_cat","embeddable":true,"href":"https:\/\/sklep.strzelamyinaczej.pl\/en\/wp-json\/wp\/v2\/product_cat?post=180"},{"taxonomy":"product_tag","embeddable":true,"href":"https:\/\/sklep.strzelamyinaczej.pl\/en\/wp-json\/wp\/v2\/product_tag?post=180"}],"curies":[{"name":"wp","href":"https:\/\/api.w.org\/{rel}","templated":true}]}}