{"id":1931,"date":"2025-09-26T12:56:22","date_gmt":"2025-09-26T10:56:22","guid":{"rendered":"https:\/\/sklep.strzelamyinaczej.pl\/?post_type=product&#038;p=1931"},"modified":"2026-04-21T10:42:15","modified_gmt":"2026-04-21T08:42:15","slug":"granaty-pyrosoft","status":"publish","type":"product","link":"https:\/\/sklep.strzelamyinaczej.pl\/en\/produkt\/granaty-pyrosoft\/","title":{"rendered":"Granaty Pyrosoft karton 10 szt"},"content":{"rendered":"<p>Nie takie prawdziwe ale prawie jak prawdziwe ! Oferujemy treningowe granaty firmy PYROSOFT. Wype\u0142nienie \u2013 proszek metaliczny. Idealna rzecz do treningu dla grup proobronnych, wojska i innych wariat\u00f3w. Granaty dzia\u0142aj\u0105 jak prawdziwe tzn. s\u0105 odginane w\u0105sy, zawleczka i \u0142y\u017cka kt\u00f3ra po odpadni\u0119ciu wywo\u0142uje po 5 sekundach wybuch granatu. Nie czekaj, kup teraz i rzucaj granatami na wyimaginowanych napierdzielankach !<\/p>\n<p><strong>Granat P67 PRACTICE NATO AIRSOFT HAND GRANADE<\/strong> jest wyrobem pirotechnicznym s\u0142u\u017c\u0105cym do pozoracji pola walki. Przeznaczony jest dla uczestnik\u00f3w gier paramilitarnych jak np. paintball, ASG, do szkole\u0144 militarnych, itp.<\/p>\n<p><strong>Sprzedawane w paczkach po 10 sztuk.<br \/>\nOdbi\u00f3r tylko osobisty &#8211; Strzelnica KSI Gda\u0144sk<br \/>\n<\/strong><\/p>\n","protected":false},"excerpt":{"rendered":"<p><strong>Kup se granaty i zr\u00f3b jebuduuuu!<\/strong><\/p>\n<p>Nie jeden, nie dwa ale ca\u0142y karton!!! B\u0119dziesz pani\/pan zadowoleni!<\/p>\n<p><strong>Odbi\u00f3r tylko osobisty &#8211; Strzelnica KSI Gda\u0144sk<\/strong><\/p>\n","protected":false},"featured_media":1936,"template":"","meta":[],"product_brand":[],"product_cat":[44],"product_tag":[],"class_list":{"0":"post-1931","1":"product","2":"type-product","3":"status-publish","4":"has-post-thumbnail","6":"product_cat-inne-inne","7":"product_shipping_class-brak-wysylki","9":"first","10":"instock","11":"virtual","12":"taxable","13":"purchasable","14":"product-type-simple"},"yoast_head":"<!-- This site is optimized with the Yoast SEO plugin v24.7 - https:\/\/yoast.com\/wordpress\/plugins\/seo\/ -->\n<title>Granaty Pyrosoft karton 10 szt - Sklep Klubu Strzelaj\u0105cych Inaczej<\/title>\n<meta name=\"robots\" content=\"index, follow, max-snippet:-1, max-image-preview:large, max-video-preview:-1\" \/>\n<link rel=\"canonical\" href=\"https:\/\/sklep.strzelamyinaczej.pl\/en\/produkt\/granaty-pyrosoft\/\" \/>\n<meta property=\"og:locale\" content=\"en_US\" \/>\n<meta property=\"og:type\" content=\"article\" \/>\n<meta property=\"og:title\" content=\"Granaty Pyrosoft karton 10 szt - Sklep Klubu Strzelaj\u0105cych Inaczej\" \/>\n<meta property=\"og:description\" content=\"Kup se granaty i zr\u00f3b jebuduuuu!  Nie jeden, nie dwa ale ca\u0142y karton!!! B\u0119dziesz pani\/pan zadowoleni!  Odbi\u00f3r tylko osobisty - Strzelnica KSI Gda\u0144sk\" \/>\n<meta property=\"og:url\" content=\"https:\/\/sklep.strzelamyinaczej.pl\/en\/produkt\/granaty-pyrosoft\/\" \/>\n<meta property=\"og:site_name\" content=\"Sklep Klubu Strzelaj\u0105cych Inaczej\" \/>\n<meta property=\"article:modified_time\" content=\"2026-04-21T08:42:15+00:00\" \/>\n<meta property=\"og:image\" content=\"https:\/\/sklep.strzelamyinaczej.pl\/wp-content\/uploads\/sites\/2\/2025\/09\/granatyXH1A4325wrzesnia-24-2025-4325.jpg\" \/>\n\t<meta property=\"og:image:width\" content=\"1440\" \/>\n\t<meta property=\"og:image:height\" content=\"1600\" \/>\n\t<meta property=\"og:image:type\" content=\"image\/jpeg\" \/>\n<meta name=\"twitter:card\" content=\"summary_large_image\" \/>\n<meta name=\"twitter:label1\" content=\"Est. reading time\" \/>\n\t<meta name=\"twitter:data1\" content=\"1 minute\" \/>\n<script type=\"application\/ld+json\" class=\"yoast-schema-graph\">{\"@context\":\"https:\/\/schema.org\",\"@graph\":[{\"@type\":\"WebPage\",\"@id\":\"https:\/\/sklep.strzelamyinaczej.pl\/en\/produkt\/granaty-pyrosoft\/\",\"url\":\"https:\/\/sklep.strzelamyinaczej.pl\/en\/produkt\/granaty-pyrosoft\/\",\"name\":\"Granaty Pyrosoft karton 10 szt - Sklep Klubu Strzelaj\u0105cych Inaczej\",\"isPartOf\":{\"@id\":\"https:\/\/sklep.strzelamyinaczej.pl\/en\/#website\"},\"primaryImageOfPage\":{\"@id\":\"https:\/\/sklep.strzelamyinaczej.pl\/en\/produkt\/granaty-pyrosoft\/#primaryimage\"},\"image\":{\"@id\":\"https:\/\/sklep.strzelamyinaczej.pl\/en\/produkt\/granaty-pyrosoft\/#primaryimage\"},\"thumbnailUrl\":\"https:\/\/sklep.strzelamyinaczej.pl\/wp-content\/uploads\/sites\/2\/2025\/09\/granatyXH1A4325wrzesnia-24-2025-4325.jpg\",\"datePublished\":\"2025-09-26T10:56:22+00:00\",\"dateModified\":\"2026-04-21T08:42:15+00:00\",\"breadcrumb\":{\"@id\":\"https:\/\/sklep.strzelamyinaczej.pl\/en\/produkt\/granaty-pyrosoft\/#breadcrumb\"},\"inLanguage\":\"en-US\",\"potentialAction\":[{\"@type\":\"ReadAction\",\"target\":[\"https:\/\/sklep.strzelamyinaczej.pl\/en\/produkt\/granaty-pyrosoft\/\"]}]},{\"@type\":\"ImageObject\",\"inLanguage\":\"en-US\",\"@id\":\"https:\/\/sklep.strzelamyinaczej.pl\/en\/produkt\/granaty-pyrosoft\/#primaryimage\",\"url\":\"https:\/\/sklep.strzelamyinaczej.pl\/wp-content\/uploads\/sites\/2\/2025\/09\/granatyXH1A4325wrzesnia-24-2025-4325.jpg\",\"contentUrl\":\"https:\/\/sklep.strzelamyinaczej.pl\/wp-content\/uploads\/sites\/2\/2025\/09\/granatyXH1A4325wrzesnia-24-2025-4325.jpg\",\"width\":1440,\"height\":1600},{\"@type\":\"BreadcrumbList\",\"@id\":\"https:\/\/sklep.strzelamyinaczej.pl\/en\/produkt\/granaty-pyrosoft\/#breadcrumb\",\"itemListElement\":[{\"@type\":\"ListItem\",\"position\":1,\"name\":\"Strona g\u0142\u00f3wna\",\"item\":\"https:\/\/sklep.strzelamyinaczej.pl\/en\/\"},{\"@type\":\"ListItem\",\"position\":2,\"name\":\"Sklep\",\"item\":\"https:\/\/sklep.strzelamyinaczej.pl\/\"},{\"@type\":\"ListItem\",\"position\":3,\"name\":\"Granaty Pyrosoft karton 10 szt\"}]},{\"@type\":\"WebSite\",\"@id\":\"https:\/\/sklep.strzelamyinaczej.pl\/en\/#website\",\"url\":\"https:\/\/sklep.strzelamyinaczej.pl\/en\/\",\"name\":\"Sklep Klubu Strzelaj\u0105cych Inaczej\",\"description\":\"\",\"potentialAction\":[{\"@type\":\"SearchAction\",\"target\":{\"@type\":\"EntryPoint\",\"urlTemplate\":\"https:\/\/sklep.strzelamyinaczej.pl\/en\/?s={search_term_string}\"},\"query-input\":{\"@type\":\"PropertyValueSpecification\",\"valueRequired\":true,\"valueName\":\"search_term_string\"}}],\"inLanguage\":\"en-US\"}]}<\/script>\n<!-- \/ Yoast SEO plugin. -->","yoast_head_json":{"title":"Granaty Pyrosoft karton 10 szt - Sklep Klubu Strzelaj\u0105cych Inaczej","robots":{"index":"index","follow":"follow","max-snippet":"max-snippet:-1","max-image-preview":"max-image-preview:large","max-video-preview":"max-video-preview:-1"},"canonical":"https:\/\/sklep.strzelamyinaczej.pl\/en\/produkt\/granaty-pyrosoft\/","og_locale":"en_US","og_type":"article","og_title":"Granaty Pyrosoft karton 10 szt - Sklep Klubu Strzelaj\u0105cych Inaczej","og_description":"Kup se granaty i zr\u00f3b jebuduuuu!  Nie jeden, nie dwa ale ca\u0142y karton!!! B\u0119dziesz pani\/pan zadowoleni!  Odbi\u00f3r tylko osobisty - Strzelnica KSI Gda\u0144sk","og_url":"https:\/\/sklep.strzelamyinaczej.pl\/en\/produkt\/granaty-pyrosoft\/","og_site_name":"Sklep Klubu Strzelaj\u0105cych Inaczej","article_modified_time":"2026-04-21T08:42:15+00:00","og_image":[{"width":1440,"height":1600,"url":"https:\/\/sklep.strzelamyinaczej.pl\/wp-content\/uploads\/sites\/2\/2025\/09\/granatyXH1A4325wrzesnia-24-2025-4325.jpg","type":"image\/jpeg"}],"twitter_card":"summary_large_image","twitter_misc":{"Est. reading time":"1 minute"},"schema":{"@context":"https:\/\/schema.org","@graph":[{"@type":"WebPage","@id":"https:\/\/sklep.strzelamyinaczej.pl\/en\/produkt\/granaty-pyrosoft\/","url":"https:\/\/sklep.strzelamyinaczej.pl\/en\/produkt\/granaty-pyrosoft\/","name":"Granaty Pyrosoft karton 10 szt - Sklep Klubu Strzelaj\u0105cych Inaczej","isPartOf":{"@id":"https:\/\/sklep.strzelamyinaczej.pl\/en\/#website"},"primaryImageOfPage":{"@id":"https:\/\/sklep.strzelamyinaczej.pl\/en\/produkt\/granaty-pyrosoft\/#primaryimage"},"image":{"@id":"https:\/\/sklep.strzelamyinaczej.pl\/en\/produkt\/granaty-pyrosoft\/#primaryimage"},"thumbnailUrl":"https:\/\/sklep.strzelamyinaczej.pl\/wp-content\/uploads\/sites\/2\/2025\/09\/granatyXH1A4325wrzesnia-24-2025-4325.jpg","datePublished":"2025-09-26T10:56:22+00:00","dateModified":"2026-04-21T08:42:15+00:00","breadcrumb":{"@id":"https:\/\/sklep.strzelamyinaczej.pl\/en\/produkt\/granaty-pyrosoft\/#breadcrumb"},"inLanguage":"en-US","potentialAction":[{"@type":"ReadAction","target":["https:\/\/sklep.strzelamyinaczej.pl\/en\/produkt\/granaty-pyrosoft\/"]}]},{"@type":"ImageObject","inLanguage":"en-US","@id":"https:\/\/sklep.strzelamyinaczej.pl\/en\/produkt\/granaty-pyrosoft\/#primaryimage","url":"https:\/\/sklep.strzelamyinaczej.pl\/wp-content\/uploads\/sites\/2\/2025\/09\/granatyXH1A4325wrzesnia-24-2025-4325.jpg","contentUrl":"https:\/\/sklep.strzelamyinaczej.pl\/wp-content\/uploads\/sites\/2\/2025\/09\/granatyXH1A4325wrzesnia-24-2025-4325.jpg","width":1440,"height":1600},{"@type":"BreadcrumbList","@id":"https:\/\/sklep.strzelamyinaczej.pl\/en\/produkt\/granaty-pyrosoft\/#breadcrumb","itemListElement":[{"@type":"ListItem","position":1,"name":"Strona g\u0142\u00f3wna","item":"https:\/\/sklep.strzelamyinaczej.pl\/en\/"},{"@type":"ListItem","position":2,"name":"Sklep","item":"https:\/\/sklep.strzelamyinaczej.pl\/"},{"@type":"ListItem","position":3,"name":"Granaty Pyrosoft karton 10 szt"}]},{"@type":"WebSite","@id":"https:\/\/sklep.strzelamyinaczej.pl\/en\/#website","url":"https:\/\/sklep.strzelamyinaczej.pl\/en\/","name":"Sklep Klubu Strzelaj\u0105cych Inaczej","description":"","potentialAction":[{"@type":"SearchAction","target":{"@type":"EntryPoint","urlTemplate":"https:\/\/sklep.strzelamyinaczej.pl\/en\/?s={search_term_string}"},"query-input":{"@type":"PropertyValueSpecification","valueRequired":true,"valueName":"search_term_string"}}],"inLanguage":"en-US"}]}},"_links":{"self":[{"href":"https:\/\/sklep.strzelamyinaczej.pl\/en\/wp-json\/wp\/v2\/product\/1931","targetHints":{"allow":["GET"]}}],"collection":[{"href":"https:\/\/sklep.strzelamyinaczej.pl\/en\/wp-json\/wp\/v2\/product"}],"about":[{"href":"https:\/\/sklep.strzelamyinaczej.pl\/en\/wp-json\/wp\/v2\/types\/product"}],"wp:featuredmedia":[{"embeddable":true,"href":"https:\/\/sklep.strzelamyinaczej.pl\/en\/wp-json\/wp\/v2\/media\/1936"}],"wp:attachment":[{"href":"https:\/\/sklep.strzelamyinaczej.pl\/en\/wp-json\/wp\/v2\/media?parent=1931"}],"wp:term":[{"taxonomy":"product_brand","embeddable":true,"href":"https:\/\/sklep.strzelamyinaczej.pl\/en\/wp-json\/wp\/v2\/product_brand?post=1931"},{"taxonomy":"product_cat","embeddable":true,"href":"https:\/\/sklep.strzelamyinaczej.pl\/en\/wp-json\/wp\/v2\/product_cat?post=1931"},{"taxonomy":"product_tag","embeddable":true,"href":"https:\/\/sklep.strzelamyinaczej.pl\/en\/wp-json\/wp\/v2\/product_tag?post=1931"}],"curies":[{"name":"wp","href":"https:\/\/api.w.org\/{rel}","templated":true}]}}