{"id":3002,"date":"2025-12-02T17:41:14","date_gmt":"2025-12-02T16:41:14","guid":{"rendered":"https:\/\/sklep.strzelamyinaczej.pl\/?post_type=product&#038;p=3002"},"modified":"2026-04-21T10:37:17","modified_gmt":"2026-04-21T08:37:17","slug":"granaty-treningowe-pyrosoft-piro-5-karton-12-szt","status":"publish","type":"product","link":"https:\/\/sklep.strzelamyinaczej.pl\/en\/produkt\/granaty-treningowe-pyrosoft-piro-5-karton-12-szt\/","title":{"rendered":"Granaty treningowe Pyrosoft Piro 5 karton 12 szt"},"content":{"rendered":"<p>Granaty sprzedawane s\u0105 w kartonie zawieraj\u0105cym 12 szt. Odbi\u00f3r osobisty zakupionych karton\u00f3w na naszej strzelnicy w Gda\u0144sku ul. Zawodnik\u00f3w 1.<br \/>\n<strong>Nie prowadzimy sprzeda\u017cy wysy\u0142kowej tego produktu!!!! Tylko odbi\u00f3r osobisty!!!<\/strong><\/p>\n<p><strong>Cena zni\u017ckowa weryfikowana na podstawie legitymacji cz\u0142onkowskiej.<\/strong><\/p>\n<p>Parametry techniczne:<br \/>\n&#8211; Materia\u0142 korpusu (tworzywo ABS &#8211; kopolimery akrylonitrylu, butadienu)<br \/>\n&#8211; Wype\u0142niacz PIRO-5 &#8211; Proszek metaliczny, kreda \/ talk<br \/>\n&#8211; Op\u00f3\u017anienie po inicjacji 3,5-4,2 sekundy<br \/>\n&#8211; Aktywna d\u017awignia zabezpieczaj\u0105ca<br \/>\n&#8211; Waga 400 gram\u00f3w (+\/- 10%)<br \/>\n&#8211; Klasa pirotechniczna P1 (EN 16263-3)<br \/>\n&#8211; Masa mieszanki pirotechnicznej NEC nie wi\u0119ksza ni\u017c 1,1 grama<br \/>\n&#8211; Zagro\u017cenie promieniowaniem akustycznym nie wi\u0119kszym ni\u017c 125dB<br \/>\n&#8211; Promie\u0144 strefy zagro\u017cenia 15 metr\u00f3w<br \/>\n&#8211; Wodoodporno\u015b\u0107 IP66<br \/>\n&#8211; Certyfikat CE2768<\/p>\n","protected":false},"excerpt":{"rendered":"<p>Granaty treningowe Pyrosoft Piro 5 karton 12 szt<\/p>\n<p><strong>Granat rozpryskowy treningowy PIRO-5<\/strong> jest wyrobem pirotechnicznym s\u0142u\u017c\u0105cym do pozoracji pola walki. Idealny do treningu w pos\u0142ugiwaniu si\u0119 granatami na polu walki.<\/p>\n","protected":false},"featured_media":3009,"template":"","meta":[],"product_brand":[],"product_cat":[44],"product_tag":[],"class_list":{"0":"post-3002","1":"product","2":"type-product","3":"status-publish","4":"has-post-thumbnail","6":"product_cat-inne-inne","7":"product_shipping_class-brak-wysylki","9":"first","10":"instock","11":"taxable","12":"shipping-taxable","13":"purchasable","14":"product-type-variable"},"yoast_head":"<!-- This site is optimized with the Yoast SEO plugin v24.7 - https:\/\/yoast.com\/wordpress\/plugins\/seo\/ -->\n<title>Granaty treningowe Pyrosoft Piro 5 karton 12 szt - Sklep Klubu Strzelaj\u0105cych Inaczej<\/title>\n<meta name=\"robots\" content=\"index, follow, max-snippet:-1, max-image-preview:large, max-video-preview:-1\" \/>\n<link rel=\"canonical\" href=\"https:\/\/sklep.strzelamyinaczej.pl\/en\/produkt\/granaty-treningowe-pyrosoft-piro-5-karton-12-szt\/\" \/>\n<meta property=\"og:locale\" content=\"en_US\" \/>\n<meta property=\"og:type\" content=\"article\" \/>\n<meta property=\"og:title\" content=\"Granaty treningowe Pyrosoft Piro 5 karton 12 szt - Sklep Klubu Strzelaj\u0105cych Inaczej\" \/>\n<meta property=\"og:description\" content=\"Granaty treningowe Pyrosoft Piro 5 karton 12 szt  Granat rozpryskowy treningowy PIRO-5 jest wyrobem pirotechnicznym s\u0142u\u017c\u0105cym do pozoracji pola walki. Idealny do treningu w pos\u0142ugiwaniu si\u0119 granatami na polu walki.\" \/>\n<meta property=\"og:url\" content=\"https:\/\/sklep.strzelamyinaczej.pl\/en\/produkt\/granaty-treningowe-pyrosoft-piro-5-karton-12-szt\/\" \/>\n<meta property=\"og:site_name\" content=\"Sklep Klubu Strzelaj\u0105cych Inaczej\" \/>\n<meta property=\"article:modified_time\" content=\"2026-04-21T08:37:17+00:00\" \/>\n<meta property=\"og:image\" content=\"http:\/\/sklep.strzelamyinaczej.pl\/wp-content\/uploads\/sites\/2\/2025\/12\/granat-p5-karton.jpg\" \/>\n\t<meta property=\"og:image:width\" content=\"1600\" \/>\n\t<meta property=\"og:image:height\" content=\"2400\" \/>\n\t<meta property=\"og:image:type\" content=\"image\/jpeg\" \/>\n<meta name=\"twitter:card\" content=\"summary_large_image\" \/>\n<meta name=\"twitter:label1\" content=\"Est. reading time\" \/>\n\t<meta name=\"twitter:data1\" content=\"1 minute\" \/>\n<script type=\"application\/ld+json\" class=\"yoast-schema-graph\">{\"@context\":\"https:\/\/schema.org\",\"@graph\":[{\"@type\":\"WebPage\",\"@id\":\"https:\/\/sklep.strzelamyinaczej.pl\/en\/produkt\/granaty-treningowe-pyrosoft-piro-5-karton-12-szt\/\",\"url\":\"https:\/\/sklep.strzelamyinaczej.pl\/en\/produkt\/granaty-treningowe-pyrosoft-piro-5-karton-12-szt\/\",\"name\":\"Granaty treningowe Pyrosoft Piro 5 karton 12 szt - Sklep Klubu Strzelaj\u0105cych Inaczej\",\"isPartOf\":{\"@id\":\"https:\/\/sklep.strzelamyinaczej.pl\/en\/#website\"},\"primaryImageOfPage\":{\"@id\":\"https:\/\/sklep.strzelamyinaczej.pl\/en\/produkt\/granaty-treningowe-pyrosoft-piro-5-karton-12-szt\/#primaryimage\"},\"image\":{\"@id\":\"https:\/\/sklep.strzelamyinaczej.pl\/en\/produkt\/granaty-treningowe-pyrosoft-piro-5-karton-12-szt\/#primaryimage\"},\"thumbnailUrl\":\"https:\/\/sklep.strzelamyinaczej.pl\/wp-content\/uploads\/sites\/2\/2025\/12\/granat-p5-karton.jpg\",\"datePublished\":\"2025-12-02T16:41:14+00:00\",\"dateModified\":\"2026-04-21T08:37:17+00:00\",\"breadcrumb\":{\"@id\":\"https:\/\/sklep.strzelamyinaczej.pl\/en\/produkt\/granaty-treningowe-pyrosoft-piro-5-karton-12-szt\/#breadcrumb\"},\"inLanguage\":\"en-US\",\"potentialAction\":[{\"@type\":\"ReadAction\",\"target\":[\"https:\/\/sklep.strzelamyinaczej.pl\/en\/produkt\/granaty-treningowe-pyrosoft-piro-5-karton-12-szt\/\"]}]},{\"@type\":\"ImageObject\",\"inLanguage\":\"en-US\",\"@id\":\"https:\/\/sklep.strzelamyinaczej.pl\/en\/produkt\/granaty-treningowe-pyrosoft-piro-5-karton-12-szt\/#primaryimage\",\"url\":\"https:\/\/sklep.strzelamyinaczej.pl\/wp-content\/uploads\/sites\/2\/2025\/12\/granat-p5-karton.jpg\",\"contentUrl\":\"https:\/\/sklep.strzelamyinaczej.pl\/wp-content\/uploads\/sites\/2\/2025\/12\/granat-p5-karton.jpg\",\"width\":1600,\"height\":2400},{\"@type\":\"BreadcrumbList\",\"@id\":\"https:\/\/sklep.strzelamyinaczej.pl\/en\/produkt\/granaty-treningowe-pyrosoft-piro-5-karton-12-szt\/#breadcrumb\",\"itemListElement\":[{\"@type\":\"ListItem\",\"position\":1,\"name\":\"Strona g\u0142\u00f3wna\",\"item\":\"https:\/\/sklep.strzelamyinaczej.pl\/en\/\"},{\"@type\":\"ListItem\",\"position\":2,\"name\":\"Sklep\",\"item\":\"https:\/\/sklep.strzelamyinaczej.pl\/\"},{\"@type\":\"ListItem\",\"position\":3,\"name\":\"Granaty treningowe Pyrosoft Piro 5 karton 12 szt\"}]},{\"@type\":\"WebSite\",\"@id\":\"https:\/\/sklep.strzelamyinaczej.pl\/en\/#website\",\"url\":\"https:\/\/sklep.strzelamyinaczej.pl\/en\/\",\"name\":\"Sklep Klubu Strzelaj\u0105cych Inaczej\",\"description\":\"\",\"potentialAction\":[{\"@type\":\"SearchAction\",\"target\":{\"@type\":\"EntryPoint\",\"urlTemplate\":\"https:\/\/sklep.strzelamyinaczej.pl\/en\/?s={search_term_string}\"},\"query-input\":{\"@type\":\"PropertyValueSpecification\",\"valueRequired\":true,\"valueName\":\"search_term_string\"}}],\"inLanguage\":\"en-US\"}]}<\/script>\n<!-- \/ Yoast SEO plugin. -->","yoast_head_json":{"title":"Granaty treningowe Pyrosoft Piro 5 karton 12 szt - Sklep Klubu Strzelaj\u0105cych Inaczej","robots":{"index":"index","follow":"follow","max-snippet":"max-snippet:-1","max-image-preview":"max-image-preview:large","max-video-preview":"max-video-preview:-1"},"canonical":"https:\/\/sklep.strzelamyinaczej.pl\/en\/produkt\/granaty-treningowe-pyrosoft-piro-5-karton-12-szt\/","og_locale":"en_US","og_type":"article","og_title":"Granaty treningowe Pyrosoft Piro 5 karton 12 szt - Sklep Klubu Strzelaj\u0105cych Inaczej","og_description":"Granaty treningowe Pyrosoft Piro 5 karton 12 szt  Granat rozpryskowy treningowy PIRO-5 jest wyrobem pirotechnicznym s\u0142u\u017c\u0105cym do pozoracji pola walki. Idealny do treningu w pos\u0142ugiwaniu si\u0119 granatami na polu walki.","og_url":"https:\/\/sklep.strzelamyinaczej.pl\/en\/produkt\/granaty-treningowe-pyrosoft-piro-5-karton-12-szt\/","og_site_name":"Sklep Klubu Strzelaj\u0105cych Inaczej","article_modified_time":"2026-04-21T08:37:17+00:00","og_image":[{"width":1600,"height":2400,"url":"http:\/\/sklep.strzelamyinaczej.pl\/wp-content\/uploads\/sites\/2\/2025\/12\/granat-p5-karton.jpg","type":"image\/jpeg"}],"twitter_card":"summary_large_image","twitter_misc":{"Est. reading time":"1 minute"},"schema":{"@context":"https:\/\/schema.org","@graph":[{"@type":"WebPage","@id":"https:\/\/sklep.strzelamyinaczej.pl\/en\/produkt\/granaty-treningowe-pyrosoft-piro-5-karton-12-szt\/","url":"https:\/\/sklep.strzelamyinaczej.pl\/en\/produkt\/granaty-treningowe-pyrosoft-piro-5-karton-12-szt\/","name":"Granaty treningowe Pyrosoft Piro 5 karton 12 szt - Sklep Klubu Strzelaj\u0105cych Inaczej","isPartOf":{"@id":"https:\/\/sklep.strzelamyinaczej.pl\/en\/#website"},"primaryImageOfPage":{"@id":"https:\/\/sklep.strzelamyinaczej.pl\/en\/produkt\/granaty-treningowe-pyrosoft-piro-5-karton-12-szt\/#primaryimage"},"image":{"@id":"https:\/\/sklep.strzelamyinaczej.pl\/en\/produkt\/granaty-treningowe-pyrosoft-piro-5-karton-12-szt\/#primaryimage"},"thumbnailUrl":"https:\/\/sklep.strzelamyinaczej.pl\/wp-content\/uploads\/sites\/2\/2025\/12\/granat-p5-karton.jpg","datePublished":"2025-12-02T16:41:14+00:00","dateModified":"2026-04-21T08:37:17+00:00","breadcrumb":{"@id":"https:\/\/sklep.strzelamyinaczej.pl\/en\/produkt\/granaty-treningowe-pyrosoft-piro-5-karton-12-szt\/#breadcrumb"},"inLanguage":"en-US","potentialAction":[{"@type":"ReadAction","target":["https:\/\/sklep.strzelamyinaczej.pl\/en\/produkt\/granaty-treningowe-pyrosoft-piro-5-karton-12-szt\/"]}]},{"@type":"ImageObject","inLanguage":"en-US","@id":"https:\/\/sklep.strzelamyinaczej.pl\/en\/produkt\/granaty-treningowe-pyrosoft-piro-5-karton-12-szt\/#primaryimage","url":"https:\/\/sklep.strzelamyinaczej.pl\/wp-content\/uploads\/sites\/2\/2025\/12\/granat-p5-karton.jpg","contentUrl":"https:\/\/sklep.strzelamyinaczej.pl\/wp-content\/uploads\/sites\/2\/2025\/12\/granat-p5-karton.jpg","width":1600,"height":2400},{"@type":"BreadcrumbList","@id":"https:\/\/sklep.strzelamyinaczej.pl\/en\/produkt\/granaty-treningowe-pyrosoft-piro-5-karton-12-szt\/#breadcrumb","itemListElement":[{"@type":"ListItem","position":1,"name":"Strona g\u0142\u00f3wna","item":"https:\/\/sklep.strzelamyinaczej.pl\/en\/"},{"@type":"ListItem","position":2,"name":"Sklep","item":"https:\/\/sklep.strzelamyinaczej.pl\/"},{"@type":"ListItem","position":3,"name":"Granaty treningowe Pyrosoft Piro 5 karton 12 szt"}]},{"@type":"WebSite","@id":"https:\/\/sklep.strzelamyinaczej.pl\/en\/#website","url":"https:\/\/sklep.strzelamyinaczej.pl\/en\/","name":"Sklep Klubu Strzelaj\u0105cych Inaczej","description":"","potentialAction":[{"@type":"SearchAction","target":{"@type":"EntryPoint","urlTemplate":"https:\/\/sklep.strzelamyinaczej.pl\/en\/?s={search_term_string}"},"query-input":{"@type":"PropertyValueSpecification","valueRequired":true,"valueName":"search_term_string"}}],"inLanguage":"en-US"}]}},"_links":{"self":[{"href":"https:\/\/sklep.strzelamyinaczej.pl\/en\/wp-json\/wp\/v2\/product\/3002","targetHints":{"allow":["GET"]}}],"collection":[{"href":"https:\/\/sklep.strzelamyinaczej.pl\/en\/wp-json\/wp\/v2\/product"}],"about":[{"href":"https:\/\/sklep.strzelamyinaczej.pl\/en\/wp-json\/wp\/v2\/types\/product"}],"wp:featuredmedia":[{"embeddable":true,"href":"https:\/\/sklep.strzelamyinaczej.pl\/en\/wp-json\/wp\/v2\/media\/3009"}],"wp:attachment":[{"href":"https:\/\/sklep.strzelamyinaczej.pl\/en\/wp-json\/wp\/v2\/media?parent=3002"}],"wp:term":[{"taxonomy":"product_brand","embeddable":true,"href":"https:\/\/sklep.strzelamyinaczej.pl\/en\/wp-json\/wp\/v2\/product_brand?post=3002"},{"taxonomy":"product_cat","embeddable":true,"href":"https:\/\/sklep.strzelamyinaczej.pl\/en\/wp-json\/wp\/v2\/product_cat?post=3002"},{"taxonomy":"product_tag","embeddable":true,"href":"https:\/\/sklep.strzelamyinaczej.pl\/en\/wp-json\/wp\/v2\/product_tag?post=3002"}],"curies":[{"name":"wp","href":"https:\/\/api.w.org\/{rel}","templated":true}]}}