{"id":3361,"date":"2025-12-27T09:43:10","date_gmt":"2025-12-27T08:43:10","guid":{"rendered":"https:\/\/sklep.strzelamyinaczej.pl\/?post_type=product&#038;p=3361"},"modified":"2026-02-27T14:55:48","modified_gmt":"2026-02-27T13:55:48","slug":"zawody-pistoletowe-ciemno-jak-w-2","status":"publish","type":"product","link":"https:\/\/sklep.strzelamyinaczej.pl\/en\/produkt\/zawody-pistoletowe-ciemno-jak-w-2\/","title":{"rendered":"Zawody Pistoletowe ,, Ciemno jak w\u201d"},"content":{"rendered":"<p>Dwie klasy:<br \/>\n\u2013 pistolet dowolny \u2013 dowolny pistolet z do\u0142\u0105czon\u0105 latark\u0105<br \/>\n\u2013 PCC \u2013 pistolet maszynowy, kolba oraz dwa miejsca trzymania broni z do\u0142\u0105czon\u0105 latark\u0105<\/p>\n<p>Minimalna ilo\u015b\u0107 strza\u0142\u00f3w: 130 sztuk<\/p>\n<p>Odleg\u0142o\u015bci strzelania: 6 \u2013 80m<\/p>\n<p>Obowi\u0105zkowe wyposa\u017cenie zawodnika:<br \/>\n\u2013 ochrona s\u0142uchu<br \/>\n\u2013 ochrona wzroku<br \/>\n\u2013 pistolet lub PCC wyposa\u017cone w latark\u0119 na broni<br \/>\n\u2013 magazynki<br \/>\n\u2013 zapasowe baterie do latarki<br \/>\n\u2013 latarka r\u0119czna<br \/>\n\u2013 latarka czo\u0142\u00f3wka (do odczytywania trafie\u0144)<br \/>\n\u2013 ubi\u00f3r dostosowany do pogody<\/p>\n<p>Tylko amunicja pistoletowa FMJ.<\/p>\n<p>Zawody odb\u0119d\u0105 si\u0119 bez wzgl\u0119du na pogod\u0119.<\/p>\n<p>Tory:<\/p>\n<ol>\n<li>CZY W DOMU STRASZY?<\/li>\n<li>IDE ALBO NIE IDE<\/li>\n<li>DRIVE BY<\/li>\n<li>OSTATNIA HERBATKA HRABIEGO<\/li>\n<li>WIED\u0179MA<\/li>\n<li>\u0141API\u0118 ODDECH<\/li>\n<\/ol>\n<p>Zapisy przez sklep maksymalnie do 4 lutego, tak aby\u015bmy zd\u0105\u017cyli przygotowa\u0107 list\u0119 startow\u0105.<\/p>\n<p>&nbsp;<\/p>\n<p>W\u015br\u00f3d wszystkich zawodnik\u00f3w b\u0119dzie losowana nagroda na koniec zawod\u00f3w.<\/p>\n","protected":false},"excerpt":{"rendered":"<p>27 lutego 2026<\/p>\n<p>18:00-23:00<\/p>\n<p>Strzelnica Podw\u00f3rze Koguta w Zielnowie<\/p>\n<p>&nbsp;<\/p>\n","protected":false},"featured_media":3365,"template":"","meta":[],"product_brand":[],"product_cat":[93],"product_tag":[],"class_list":{"0":"post-3361","1":"product","2":"type-product","3":"status-publish","4":"has-post-thumbnail","6":"product_cat-zawody","8":"first","9":"outofstock","10":"virtual","11":"taxable","12":"purchasable","13":"product-type-simple"},"yoast_head":"<!-- This site is optimized with the Yoast SEO plugin v24.7 - https:\/\/yoast.com\/wordpress\/plugins\/seo\/ -->\n<title>Zawody Pistoletowe ,, Ciemno jak w\u201d - Sklep Klubu Strzelaj\u0105cych Inaczej<\/title>\n<meta name=\"robots\" content=\"index, follow, max-snippet:-1, max-image-preview:large, max-video-preview:-1\" \/>\n<link rel=\"canonical\" href=\"https:\/\/sklep.strzelamyinaczej.pl\/en\/produkt\/zawody-pistoletowe-ciemno-jak-w-2\/\" \/>\n<meta property=\"og:locale\" content=\"en_US\" \/>\n<meta property=\"og:type\" content=\"article\" \/>\n<meta property=\"og:title\" content=\"Zawody Pistoletowe ,, Ciemno jak w\u201d - Sklep Klubu Strzelaj\u0105cych Inaczej\" \/>\n<meta property=\"og:description\" content=\"27 lutego 2026  18:00-23:00  Strzelnica Podw\u00f3rze Koguta w Zielnowie  &nbsp;\" \/>\n<meta property=\"og:url\" content=\"https:\/\/sklep.strzelamyinaczej.pl\/en\/produkt\/zawody-pistoletowe-ciemno-jak-w-2\/\" \/>\n<meta property=\"og:site_name\" content=\"Sklep Klubu Strzelaj\u0105cych Inaczej\" \/>\n<meta property=\"article:modified_time\" content=\"2026-02-27T13:55:48+00:00\" \/>\n<meta property=\"og:image\" content=\"https:\/\/sklep.strzelamyinaczej.pl\/wp-content\/uploads\/sites\/2\/2025\/12\/A7DD6F07-B786-49E6-BAAF-1990D73C120E.jpeg\" \/>\n\t<meta property=\"og:image:width\" content=\"1148\" \/>\n\t<meta property=\"og:image:height\" content=\"1166\" \/>\n\t<meta property=\"og:image:type\" content=\"image\/jpeg\" \/>\n<meta name=\"twitter:card\" content=\"summary_large_image\" \/>\n<meta name=\"twitter:label1\" content=\"Est. reading time\" \/>\n\t<meta name=\"twitter:data1\" content=\"1 minute\" \/>\n<script type=\"application\/ld+json\" class=\"yoast-schema-graph\">{\"@context\":\"https:\/\/schema.org\",\"@graph\":[{\"@type\":\"WebPage\",\"@id\":\"https:\/\/sklep.strzelamyinaczej.pl\/en\/produkt\/zawody-pistoletowe-ciemno-jak-w-2\/\",\"url\":\"https:\/\/sklep.strzelamyinaczej.pl\/en\/produkt\/zawody-pistoletowe-ciemno-jak-w-2\/\",\"name\":\"Zawody Pistoletowe ,, Ciemno jak w\u201d - Sklep Klubu Strzelaj\u0105cych Inaczej\",\"isPartOf\":{\"@id\":\"https:\/\/sklep.strzelamyinaczej.pl\/en\/#website\"},\"primaryImageOfPage\":{\"@id\":\"https:\/\/sklep.strzelamyinaczej.pl\/en\/produkt\/zawody-pistoletowe-ciemno-jak-w-2\/#primaryimage\"},\"image\":{\"@id\":\"https:\/\/sklep.strzelamyinaczej.pl\/en\/produkt\/zawody-pistoletowe-ciemno-jak-w-2\/#primaryimage\"},\"thumbnailUrl\":\"https:\/\/sklep.strzelamyinaczej.pl\/wp-content\/uploads\/sites\/2\/2025\/12\/A7DD6F07-B786-49E6-BAAF-1990D73C120E.jpeg\",\"datePublished\":\"2025-12-27T08:43:10+00:00\",\"dateModified\":\"2026-02-27T13:55:48+00:00\",\"breadcrumb\":{\"@id\":\"https:\/\/sklep.strzelamyinaczej.pl\/en\/produkt\/zawody-pistoletowe-ciemno-jak-w-2\/#breadcrumb\"},\"inLanguage\":\"en-US\",\"potentialAction\":[{\"@type\":\"ReadAction\",\"target\":[\"https:\/\/sklep.strzelamyinaczej.pl\/en\/produkt\/zawody-pistoletowe-ciemno-jak-w-2\/\"]}]},{\"@type\":\"ImageObject\",\"inLanguage\":\"en-US\",\"@id\":\"https:\/\/sklep.strzelamyinaczej.pl\/en\/produkt\/zawody-pistoletowe-ciemno-jak-w-2\/#primaryimage\",\"url\":\"https:\/\/sklep.strzelamyinaczej.pl\/wp-content\/uploads\/sites\/2\/2025\/12\/A7DD6F07-B786-49E6-BAAF-1990D73C120E.jpeg\",\"contentUrl\":\"https:\/\/sklep.strzelamyinaczej.pl\/wp-content\/uploads\/sites\/2\/2025\/12\/A7DD6F07-B786-49E6-BAAF-1990D73C120E.jpeg\",\"width\":1148,\"height\":1166},{\"@type\":\"BreadcrumbList\",\"@id\":\"https:\/\/sklep.strzelamyinaczej.pl\/en\/produkt\/zawody-pistoletowe-ciemno-jak-w-2\/#breadcrumb\",\"itemListElement\":[{\"@type\":\"ListItem\",\"position\":1,\"name\":\"Strona g\u0142\u00f3wna\",\"item\":\"https:\/\/sklep.strzelamyinaczej.pl\/en\/\"},{\"@type\":\"ListItem\",\"position\":2,\"name\":\"Sklep\",\"item\":\"https:\/\/sklep.strzelamyinaczej.pl\/\"},{\"@type\":\"ListItem\",\"position\":3,\"name\":\"Zawody Pistoletowe ,, Ciemno jak w\u201d\"}]},{\"@type\":\"WebSite\",\"@id\":\"https:\/\/sklep.strzelamyinaczej.pl\/en\/#website\",\"url\":\"https:\/\/sklep.strzelamyinaczej.pl\/en\/\",\"name\":\"Sklep Klubu Strzelaj\u0105cych Inaczej\",\"description\":\"\",\"potentialAction\":[{\"@type\":\"SearchAction\",\"target\":{\"@type\":\"EntryPoint\",\"urlTemplate\":\"https:\/\/sklep.strzelamyinaczej.pl\/en\/?s={search_term_string}\"},\"query-input\":{\"@type\":\"PropertyValueSpecification\",\"valueRequired\":true,\"valueName\":\"search_term_string\"}}],\"inLanguage\":\"en-US\"}]}<\/script>\n<!-- \/ Yoast SEO plugin. -->","yoast_head_json":{"title":"Zawody Pistoletowe ,, Ciemno jak w\u201d - Sklep Klubu Strzelaj\u0105cych Inaczej","robots":{"index":"index","follow":"follow","max-snippet":"max-snippet:-1","max-image-preview":"max-image-preview:large","max-video-preview":"max-video-preview:-1"},"canonical":"https:\/\/sklep.strzelamyinaczej.pl\/en\/produkt\/zawody-pistoletowe-ciemno-jak-w-2\/","og_locale":"en_US","og_type":"article","og_title":"Zawody Pistoletowe ,, Ciemno jak w\u201d - Sklep Klubu Strzelaj\u0105cych Inaczej","og_description":"27 lutego 2026  18:00-23:00  Strzelnica Podw\u00f3rze Koguta w Zielnowie  &nbsp;","og_url":"https:\/\/sklep.strzelamyinaczej.pl\/en\/produkt\/zawody-pistoletowe-ciemno-jak-w-2\/","og_site_name":"Sklep Klubu Strzelaj\u0105cych Inaczej","article_modified_time":"2026-02-27T13:55:48+00:00","og_image":[{"width":1148,"height":1166,"url":"https:\/\/sklep.strzelamyinaczej.pl\/wp-content\/uploads\/sites\/2\/2025\/12\/A7DD6F07-B786-49E6-BAAF-1990D73C120E.jpeg","type":"image\/jpeg"}],"twitter_card":"summary_large_image","twitter_misc":{"Est. reading time":"1 minute"},"schema":{"@context":"https:\/\/schema.org","@graph":[{"@type":"WebPage","@id":"https:\/\/sklep.strzelamyinaczej.pl\/en\/produkt\/zawody-pistoletowe-ciemno-jak-w-2\/","url":"https:\/\/sklep.strzelamyinaczej.pl\/en\/produkt\/zawody-pistoletowe-ciemno-jak-w-2\/","name":"Zawody Pistoletowe ,, Ciemno jak w\u201d - Sklep Klubu Strzelaj\u0105cych Inaczej","isPartOf":{"@id":"https:\/\/sklep.strzelamyinaczej.pl\/en\/#website"},"primaryImageOfPage":{"@id":"https:\/\/sklep.strzelamyinaczej.pl\/en\/produkt\/zawody-pistoletowe-ciemno-jak-w-2\/#primaryimage"},"image":{"@id":"https:\/\/sklep.strzelamyinaczej.pl\/en\/produkt\/zawody-pistoletowe-ciemno-jak-w-2\/#primaryimage"},"thumbnailUrl":"https:\/\/sklep.strzelamyinaczej.pl\/wp-content\/uploads\/sites\/2\/2025\/12\/A7DD6F07-B786-49E6-BAAF-1990D73C120E.jpeg","datePublished":"2025-12-27T08:43:10+00:00","dateModified":"2026-02-27T13:55:48+00:00","breadcrumb":{"@id":"https:\/\/sklep.strzelamyinaczej.pl\/en\/produkt\/zawody-pistoletowe-ciemno-jak-w-2\/#breadcrumb"},"inLanguage":"en-US","potentialAction":[{"@type":"ReadAction","target":["https:\/\/sklep.strzelamyinaczej.pl\/en\/produkt\/zawody-pistoletowe-ciemno-jak-w-2\/"]}]},{"@type":"ImageObject","inLanguage":"en-US","@id":"https:\/\/sklep.strzelamyinaczej.pl\/en\/produkt\/zawody-pistoletowe-ciemno-jak-w-2\/#primaryimage","url":"https:\/\/sklep.strzelamyinaczej.pl\/wp-content\/uploads\/sites\/2\/2025\/12\/A7DD6F07-B786-49E6-BAAF-1990D73C120E.jpeg","contentUrl":"https:\/\/sklep.strzelamyinaczej.pl\/wp-content\/uploads\/sites\/2\/2025\/12\/A7DD6F07-B786-49E6-BAAF-1990D73C120E.jpeg","width":1148,"height":1166},{"@type":"BreadcrumbList","@id":"https:\/\/sklep.strzelamyinaczej.pl\/en\/produkt\/zawody-pistoletowe-ciemno-jak-w-2\/#breadcrumb","itemListElement":[{"@type":"ListItem","position":1,"name":"Strona g\u0142\u00f3wna","item":"https:\/\/sklep.strzelamyinaczej.pl\/en\/"},{"@type":"ListItem","position":2,"name":"Sklep","item":"https:\/\/sklep.strzelamyinaczej.pl\/"},{"@type":"ListItem","position":3,"name":"Zawody Pistoletowe ,, Ciemno jak w\u201d"}]},{"@type":"WebSite","@id":"https:\/\/sklep.strzelamyinaczej.pl\/en\/#website","url":"https:\/\/sklep.strzelamyinaczej.pl\/en\/","name":"Sklep Klubu Strzelaj\u0105cych Inaczej","description":"","potentialAction":[{"@type":"SearchAction","target":{"@type":"EntryPoint","urlTemplate":"https:\/\/sklep.strzelamyinaczej.pl\/en\/?s={search_term_string}"},"query-input":{"@type":"PropertyValueSpecification","valueRequired":true,"valueName":"search_term_string"}}],"inLanguage":"en-US"}]}},"_links":{"self":[{"href":"https:\/\/sklep.strzelamyinaczej.pl\/en\/wp-json\/wp\/v2\/product\/3361","targetHints":{"allow":["GET"]}}],"collection":[{"href":"https:\/\/sklep.strzelamyinaczej.pl\/en\/wp-json\/wp\/v2\/product"}],"about":[{"href":"https:\/\/sklep.strzelamyinaczej.pl\/en\/wp-json\/wp\/v2\/types\/product"}],"wp:featuredmedia":[{"embeddable":true,"href":"https:\/\/sklep.strzelamyinaczej.pl\/en\/wp-json\/wp\/v2\/media\/3365"}],"wp:attachment":[{"href":"https:\/\/sklep.strzelamyinaczej.pl\/en\/wp-json\/wp\/v2\/media?parent=3361"}],"wp:term":[{"taxonomy":"product_brand","embeddable":true,"href":"https:\/\/sklep.strzelamyinaczej.pl\/en\/wp-json\/wp\/v2\/product_brand?post=3361"},{"taxonomy":"product_cat","embeddable":true,"href":"https:\/\/sklep.strzelamyinaczej.pl\/en\/wp-json\/wp\/v2\/product_cat?post=3361"},{"taxonomy":"product_tag","embeddable":true,"href":"https:\/\/sklep.strzelamyinaczej.pl\/en\/wp-json\/wp\/v2\/product_tag?post=3361"}],"curies":[{"name":"wp","href":"https:\/\/api.w.org\/{rel}","templated":true}]}}