{"id":434,"date":"2025-05-13T20:12:42","date_gmt":"2025-05-13T18:12:42","guid":{"rendered":"https:\/\/sklep.strzelamyinaczej.pl\/?post_type=product&#038;p=434"},"modified":"2026-02-11T21:44:54","modified_gmt":"2026-02-11T20:44:54","slug":"kurs-szkolenie-karabinek-ar-15-poziom-0-podstawy","status":"publish","type":"product","link":"https:\/\/sklep.strzelamyinaczej.pl\/en\/produkt\/kurs-szkolenie-karabinek-ar-15-poziom-0-podstawy\/","title":{"rendered":"Kurs &#8211; Szkolenie karabinek AR-15 POZIOM 0 \u2013 podstawy"},"content":{"rendered":"<h3><strong>Kurs obs\u0142ugi AR 15 poziom 0 \u2013 podstawy<\/strong><\/h3>\n<div>\n<div>Je\u015bli jeste\u015b zainteresowany rozpocz\u0119ciem przygody z karabinkiem typu AR-15, zamierzasz kupi\u0107 taki karabinek albo po prostu chcesz zobaczy\u0107 z czym to si\u0119 je, to jest to szkolenie skierowane do Ciebie!<\/div>\n<div>Kurs ten ma na celu nauczy\u0107 uczestnik\u00f3w podstawowej, bezpiecznej obs\u0142ugi karabinka AR 15.<\/div>\n<div><\/div>\n<div>W zwi\u0105zku z tym na kursie g\u0142\u00f3wny nacisk k\u0142adzie si\u0119 na:<\/div>\n<div>\u2013 stosowanie zasad BLOS,<\/div>\n<div>\u2013 przekazanie podstawowej wiedzy na temat budowy karabinka,<\/div>\n<div>\u2013 przekazanie wiedzy na temat \u201ejaki karabinek kupi\u0107\u201d,<\/div>\n<div>\u2013 nauczenie podstaw obs\u0142ugi i odruch\u00f3w,<\/div>\n<div>\u2013 zasady oddania celnego strza\u0142u,<\/div>\n<div>\u2013 przyjmowania prawid\u0142owej postawy strzeleckiej,<\/div>\n<div><\/div>\n<div>W programie szkolenia:<\/div>\n<div>\u2013 om\u00f3wienie zasad BLOS oraz nauka \u015bwiadomego stosowania tych zasad,<\/div>\n<div>\u2013 om\u00f3wienie budowy platformy AR-15 i wyt\u0142umaczenie jak to dzia\u0142a,<\/div>\n<div>\u2013 om\u00f3wienie r\u00f3\u017cnic mi\u0119dzy konkretnymi rozwi\u0105zaniami,<\/div>\n<div>\u2013 czyszczenie karabinka typu AR-15<\/div>\n<div>\u2013 \u0107wiczenia z obs\u0142ugi \u2013 naucz\u0119 Ci\u0119 jak szybko i sprawnie wymienia\u0107 magazynki, sk\u0142ada\u0107 si\u0119 do strza\u0142u i oddawa\u0107 celny strza\u0142,<\/div>\n<div>\u2013 \u0107wiczenia strzeleckie na osi \u2013 wymiany magazynk\u00f3w, przyjmowanie prawid\u0142owej postawy strzeleckiej, szybkie i celne oddawanie strza\u0142\u00f3w.<\/div>\n<div><\/div>\n<\/div>\n<div>Wi\u0119cej informacji pod tym linkiem: <a href=\"https:\/\/www.strzelamyinaczej.pl\/kurs-ar15-level-0\/\">https:\/\/www.strzelamyinaczej.pl\/kurs-ar15-level-0\/<\/a><\/div>\n","protected":false},"excerpt":{"rendered":"<p><span style=\"font-weight: 400\">Je\u015bli jeste\u015b zainteresowany rozpocz\u0119ciem przygody z karabinkiem typu AR-15, zamierzasz kupi\u0107 taki karabinek albo po prostu chcesz zobaczy\u0107 z czym to si\u0119 je, to jest to szkolenie skierowane do Ciebie!<\/span><\/p>\n","protected":false},"featured_media":971,"template":"","meta":[],"product_brand":[],"product_cat":[88,91],"product_tag":[],"class_list":{"0":"post-434","1":"product","2":"type-product","3":"status-publish","4":"has-post-thumbnail","6":"product_cat-kursy-szkolenia","7":"product_cat-kursy-karabin","9":"first","10":"outofstock","11":"taxable","12":"shipping-taxable","13":"purchasable","14":"product-type-variable"},"yoast_head":"<!-- This site is optimized with the Yoast SEO plugin v24.7 - https:\/\/yoast.com\/wordpress\/plugins\/seo\/ -->\n<title>Kurs - Szkolenie karabinek AR-15 POZIOM 0 \u2013 podstawy - Sklep Klubu Strzelaj\u0105cych Inaczej<\/title>\n<meta name=\"robots\" content=\"index, follow, max-snippet:-1, max-image-preview:large, max-video-preview:-1\" \/>\n<link rel=\"canonical\" href=\"https:\/\/sklep.strzelamyinaczej.pl\/en\/produkt\/kurs-szkolenie-karabinek-ar-15-poziom-0-podstawy\/\" \/>\n<meta property=\"og:locale\" content=\"en_US\" \/>\n<meta property=\"og:type\" content=\"article\" \/>\n<meta property=\"og:title\" content=\"Kurs - Szkolenie karabinek AR-15 POZIOM 0 \u2013 podstawy - Sklep Klubu Strzelaj\u0105cych Inaczej\" \/>\n<meta property=\"og:description\" content=\"Je\u015bli jeste\u015b zainteresowany rozpocz\u0119ciem przygody z karabinkiem typu AR-15, zamierzasz kupi\u0107 taki karabinek albo po prostu chcesz zobaczy\u0107 z czym to si\u0119 je, to jest to szkolenie skierowane do Ciebie!\" \/>\n<meta property=\"og:url\" content=\"https:\/\/sklep.strzelamyinaczej.pl\/en\/produkt\/kurs-szkolenie-karabinek-ar-15-poziom-0-podstawy\/\" \/>\n<meta property=\"og:site_name\" content=\"Sklep Klubu Strzelaj\u0105cych Inaczej\" \/>\n<meta property=\"article:modified_time\" content=\"2026-02-11T20:44:54+00:00\" \/>\n<meta property=\"og:image\" content=\"https:\/\/sklep.strzelamyinaczej.pl\/wp-content\/uploads\/sites\/2\/2025\/02\/486801147_1117389570434566_5029079855153576432_n.jpg\" \/>\n\t<meta property=\"og:image:width\" content=\"2048\" \/>\n\t<meta property=\"og:image:height\" content=\"1152\" \/>\n\t<meta property=\"og:image:type\" content=\"image\/jpeg\" \/>\n<meta name=\"twitter:card\" content=\"summary_large_image\" \/>\n<meta name=\"twitter:label1\" content=\"Est. reading time\" \/>\n\t<meta name=\"twitter:data1\" content=\"2 minutes\" \/>\n<script type=\"application\/ld+json\" class=\"yoast-schema-graph\">{\"@context\":\"https:\/\/schema.org\",\"@graph\":[{\"@type\":\"WebPage\",\"@id\":\"https:\/\/sklep.strzelamyinaczej.pl\/en\/produkt\/kurs-szkolenie-karabinek-ar-15-poziom-0-podstawy\/\",\"url\":\"https:\/\/sklep.strzelamyinaczej.pl\/en\/produkt\/kurs-szkolenie-karabinek-ar-15-poziom-0-podstawy\/\",\"name\":\"Kurs - Szkolenie karabinek AR-15 POZIOM 0 \u2013 podstawy - Sklep Klubu Strzelaj\u0105cych Inaczej\",\"isPartOf\":{\"@id\":\"https:\/\/sklep.strzelamyinaczej.pl\/en\/#website\"},\"primaryImageOfPage\":{\"@id\":\"https:\/\/sklep.strzelamyinaczej.pl\/en\/produkt\/kurs-szkolenie-karabinek-ar-15-poziom-0-podstawy\/#primaryimage\"},\"image\":{\"@id\":\"https:\/\/sklep.strzelamyinaczej.pl\/en\/produkt\/kurs-szkolenie-karabinek-ar-15-poziom-0-podstawy\/#primaryimage\"},\"thumbnailUrl\":\"https:\/\/sklep.strzelamyinaczej.pl\/wp-content\/uploads\/sites\/2\/2025\/02\/486801147_1117389570434566_5029079855153576432_n.jpg\",\"datePublished\":\"2025-05-13T18:12:42+00:00\",\"dateModified\":\"2026-02-11T20:44:54+00:00\",\"breadcrumb\":{\"@id\":\"https:\/\/sklep.strzelamyinaczej.pl\/en\/produkt\/kurs-szkolenie-karabinek-ar-15-poziom-0-podstawy\/#breadcrumb\"},\"inLanguage\":\"en-US\",\"potentialAction\":[{\"@type\":\"ReadAction\",\"target\":[\"https:\/\/sklep.strzelamyinaczej.pl\/en\/produkt\/kurs-szkolenie-karabinek-ar-15-poziom-0-podstawy\/\"]}]},{\"@type\":\"ImageObject\",\"inLanguage\":\"en-US\",\"@id\":\"https:\/\/sklep.strzelamyinaczej.pl\/en\/produkt\/kurs-szkolenie-karabinek-ar-15-poziom-0-podstawy\/#primaryimage\",\"url\":\"https:\/\/sklep.strzelamyinaczej.pl\/wp-content\/uploads\/sites\/2\/2025\/02\/486801147_1117389570434566_5029079855153576432_n.jpg\",\"contentUrl\":\"https:\/\/sklep.strzelamyinaczej.pl\/wp-content\/uploads\/sites\/2\/2025\/02\/486801147_1117389570434566_5029079855153576432_n.jpg\",\"width\":2048,\"height\":1152},{\"@type\":\"BreadcrumbList\",\"@id\":\"https:\/\/sklep.strzelamyinaczej.pl\/en\/produkt\/kurs-szkolenie-karabinek-ar-15-poziom-0-podstawy\/#breadcrumb\",\"itemListElement\":[{\"@type\":\"ListItem\",\"position\":1,\"name\":\"Strona g\u0142\u00f3wna\",\"item\":\"https:\/\/sklep.strzelamyinaczej.pl\/en\/\"},{\"@type\":\"ListItem\",\"position\":2,\"name\":\"Sklep\",\"item\":\"https:\/\/sklep.strzelamyinaczej.pl\/\"},{\"@type\":\"ListItem\",\"position\":3,\"name\":\"Kurs &#8211; Szkolenie karabinek AR-15 POZIOM 0 \u2013 podstawy\"}]},{\"@type\":\"WebSite\",\"@id\":\"https:\/\/sklep.strzelamyinaczej.pl\/en\/#website\",\"url\":\"https:\/\/sklep.strzelamyinaczej.pl\/en\/\",\"name\":\"Sklep Klubu Strzelaj\u0105cych Inaczej\",\"description\":\"\",\"potentialAction\":[{\"@type\":\"SearchAction\",\"target\":{\"@type\":\"EntryPoint\",\"urlTemplate\":\"https:\/\/sklep.strzelamyinaczej.pl\/en\/?s={search_term_string}\"},\"query-input\":{\"@type\":\"PropertyValueSpecification\",\"valueRequired\":true,\"valueName\":\"search_term_string\"}}],\"inLanguage\":\"en-US\"}]}<\/script>\n<!-- \/ Yoast SEO plugin. -->","yoast_head_json":{"title":"Kurs - Szkolenie karabinek AR-15 POZIOM 0 \u2013 podstawy - Sklep Klubu Strzelaj\u0105cych Inaczej","robots":{"index":"index","follow":"follow","max-snippet":"max-snippet:-1","max-image-preview":"max-image-preview:large","max-video-preview":"max-video-preview:-1"},"canonical":"https:\/\/sklep.strzelamyinaczej.pl\/en\/produkt\/kurs-szkolenie-karabinek-ar-15-poziom-0-podstawy\/","og_locale":"en_US","og_type":"article","og_title":"Kurs - Szkolenie karabinek AR-15 POZIOM 0 \u2013 podstawy - Sklep Klubu Strzelaj\u0105cych Inaczej","og_description":"Je\u015bli jeste\u015b zainteresowany rozpocz\u0119ciem przygody z karabinkiem typu AR-15, zamierzasz kupi\u0107 taki karabinek albo po prostu chcesz zobaczy\u0107 z czym to si\u0119 je, to jest to szkolenie skierowane do Ciebie!","og_url":"https:\/\/sklep.strzelamyinaczej.pl\/en\/produkt\/kurs-szkolenie-karabinek-ar-15-poziom-0-podstawy\/","og_site_name":"Sklep Klubu Strzelaj\u0105cych Inaczej","article_modified_time":"2026-02-11T20:44:54+00:00","og_image":[{"width":2048,"height":1152,"url":"https:\/\/sklep.strzelamyinaczej.pl\/wp-content\/uploads\/sites\/2\/2025\/02\/486801147_1117389570434566_5029079855153576432_n.jpg","type":"image\/jpeg"}],"twitter_card":"summary_large_image","twitter_misc":{"Est. reading time":"2 minutes"},"schema":{"@context":"https:\/\/schema.org","@graph":[{"@type":"WebPage","@id":"https:\/\/sklep.strzelamyinaczej.pl\/en\/produkt\/kurs-szkolenie-karabinek-ar-15-poziom-0-podstawy\/","url":"https:\/\/sklep.strzelamyinaczej.pl\/en\/produkt\/kurs-szkolenie-karabinek-ar-15-poziom-0-podstawy\/","name":"Kurs - Szkolenie karabinek AR-15 POZIOM 0 \u2013 podstawy - Sklep Klubu Strzelaj\u0105cych Inaczej","isPartOf":{"@id":"https:\/\/sklep.strzelamyinaczej.pl\/en\/#website"},"primaryImageOfPage":{"@id":"https:\/\/sklep.strzelamyinaczej.pl\/en\/produkt\/kurs-szkolenie-karabinek-ar-15-poziom-0-podstawy\/#primaryimage"},"image":{"@id":"https:\/\/sklep.strzelamyinaczej.pl\/en\/produkt\/kurs-szkolenie-karabinek-ar-15-poziom-0-podstawy\/#primaryimage"},"thumbnailUrl":"https:\/\/sklep.strzelamyinaczej.pl\/wp-content\/uploads\/sites\/2\/2025\/02\/486801147_1117389570434566_5029079855153576432_n.jpg","datePublished":"2025-05-13T18:12:42+00:00","dateModified":"2026-02-11T20:44:54+00:00","breadcrumb":{"@id":"https:\/\/sklep.strzelamyinaczej.pl\/en\/produkt\/kurs-szkolenie-karabinek-ar-15-poziom-0-podstawy\/#breadcrumb"},"inLanguage":"en-US","potentialAction":[{"@type":"ReadAction","target":["https:\/\/sklep.strzelamyinaczej.pl\/en\/produkt\/kurs-szkolenie-karabinek-ar-15-poziom-0-podstawy\/"]}]},{"@type":"ImageObject","inLanguage":"en-US","@id":"https:\/\/sklep.strzelamyinaczej.pl\/en\/produkt\/kurs-szkolenie-karabinek-ar-15-poziom-0-podstawy\/#primaryimage","url":"https:\/\/sklep.strzelamyinaczej.pl\/wp-content\/uploads\/sites\/2\/2025\/02\/486801147_1117389570434566_5029079855153576432_n.jpg","contentUrl":"https:\/\/sklep.strzelamyinaczej.pl\/wp-content\/uploads\/sites\/2\/2025\/02\/486801147_1117389570434566_5029079855153576432_n.jpg","width":2048,"height":1152},{"@type":"BreadcrumbList","@id":"https:\/\/sklep.strzelamyinaczej.pl\/en\/produkt\/kurs-szkolenie-karabinek-ar-15-poziom-0-podstawy\/#breadcrumb","itemListElement":[{"@type":"ListItem","position":1,"name":"Strona g\u0142\u00f3wna","item":"https:\/\/sklep.strzelamyinaczej.pl\/en\/"},{"@type":"ListItem","position":2,"name":"Sklep","item":"https:\/\/sklep.strzelamyinaczej.pl\/"},{"@type":"ListItem","position":3,"name":"Kurs &#8211; Szkolenie karabinek AR-15 POZIOM 0 \u2013 podstawy"}]},{"@type":"WebSite","@id":"https:\/\/sklep.strzelamyinaczej.pl\/en\/#website","url":"https:\/\/sklep.strzelamyinaczej.pl\/en\/","name":"Sklep Klubu Strzelaj\u0105cych Inaczej","description":"","potentialAction":[{"@type":"SearchAction","target":{"@type":"EntryPoint","urlTemplate":"https:\/\/sklep.strzelamyinaczej.pl\/en\/?s={search_term_string}"},"query-input":{"@type":"PropertyValueSpecification","valueRequired":true,"valueName":"search_term_string"}}],"inLanguage":"en-US"}]}},"_links":{"self":[{"href":"https:\/\/sklep.strzelamyinaczej.pl\/en\/wp-json\/wp\/v2\/product\/434","targetHints":{"allow":["GET"]}}],"collection":[{"href":"https:\/\/sklep.strzelamyinaczej.pl\/en\/wp-json\/wp\/v2\/product"}],"about":[{"href":"https:\/\/sklep.strzelamyinaczej.pl\/en\/wp-json\/wp\/v2\/types\/product"}],"wp:featuredmedia":[{"embeddable":true,"href":"https:\/\/sklep.strzelamyinaczej.pl\/en\/wp-json\/wp\/v2\/media\/971"}],"wp:attachment":[{"href":"https:\/\/sklep.strzelamyinaczej.pl\/en\/wp-json\/wp\/v2\/media?parent=434"}],"wp:term":[{"taxonomy":"product_brand","embeddable":true,"href":"https:\/\/sklep.strzelamyinaczej.pl\/en\/wp-json\/wp\/v2\/product_brand?post=434"},{"taxonomy":"product_cat","embeddable":true,"href":"https:\/\/sklep.strzelamyinaczej.pl\/en\/wp-json\/wp\/v2\/product_cat?post=434"},{"taxonomy":"product_tag","embeddable":true,"href":"https:\/\/sklep.strzelamyinaczej.pl\/en\/wp-json\/wp\/v2\/product_tag?post=434"}],"curies":[{"name":"wp","href":"https:\/\/api.w.org\/{rel}","templated":true}]}}