{"id":4436,"date":"2026-03-06T19:05:52","date_gmt":"2026-03-06T18:05:52","guid":{"rendered":"https:\/\/sklep.strzelamyinaczej.pl\/?post_type=product&#038;p=4436"},"modified":"2026-04-15T09:06:44","modified_gmt":"2026-04-15T07:06:44","slug":"strix-223rem-resurection-zielnowo-18-kwietnia-2026","status":"publish","type":"product","link":"https:\/\/sklep.strzelamyinaczej.pl\/en\/produkt\/strix-223rem-resurection-zielnowo-18-kwietnia-2026\/","title":{"rendered":"Strix .223Rem Resurection \u2013 Zielnowo \u2013 18 kwietnia 2026"},"content":{"rendered":"<div class=\"xdj266r x14z9mp xat24cr x1lziwak x1vvkbs x126k92a\">\n<div dir=\"auto\"><strong>Strix .223 wraca na o\u015b \u2014 i wraca w mocnym stylu!<\/strong><\/div>\n<div dir=\"auto\">\n<p><span style=\"font-weight: 400\">Ju\u017c <\/span><b>18 kwietnia 2026 r.<\/b><span style=\"font-weight: 400\"> widzimy si\u0119 na <\/span><b>Strzelnicy Podw\u00f3rze Koguta w Zielnowie<\/b><span style=\"font-weight: 400\">, gdzie ponownie zmierzymy si\u0119 z dystansem, czasem i w\u0142asnymi umiej\u0119tno\u015bciami.<\/span><\/p>\n<p><span style=\"font-weight: 400\">To wydarzenie dla wszystkich, kt\u00f3rzy kochaj\u0105 strzelectwo d\u0142ugodystansowe \u2014 niezale\u017cnie od tego, czy startujesz po raz pierwszy, czy masz ju\u017c solidne do\u015bwiadczenie turniejowe. Przygotowali\u015bmy wymagaj\u0105ce, ale satysfakcjonuj\u0105ce tory, kt\u00f3re sprawdz\u0105 celno\u015b\u0107, prac\u0119 na optyce i opanowanie pod presj\u0105 czasu.<\/span><\/p>\n<p><span style=\"font-weight: 400\">Strzelamy w kalibrze <\/span><b>.223<\/b><span style=\"font-weight: 400\"> w kategoriach <\/span><b>OPEN<\/b><span style=\"font-weight: 400\"> oraz <\/span><b>SEMI-AUTO<\/b><span style=\"font-weight: 400\">, a dla os\u00f3b rozpoczynaj\u0105cych swoj\u0105 przygod\u0119 ze sportow\u0105 rywalizacj\u0105 przygotowali\u015bmy r\u00f3wnie\u017c kategori\u0119 <\/span><b>FUN<\/b><span style=\"font-weight: 400\">.<\/span><\/p>\n<p><span style=\"font-weight: 400\">B\u0119dzie precyzja, b\u0119dzie adrenalina, b\u0119dzie dobra sportowa atmosfera.<\/span><\/p>\n<\/div>\n<\/div>\n<div dir=\"auto\"><\/div>\n<div class=\"x14z9mp xat24cr x1lziwak x1vvkbs xtlvy1s x126k92a\">\n<ul>\n<li dir=\"auto\">Miejsce: <a href=\"https:\/\/maps.app.goo.gl\/SDf7SRXeXubAw9qw9\">KSI Podw\u00f3rze Koguta w Zielnowie<\/a><\/li>\n<li dir=\"auto\">Data: <strong>18 kwietnia 2026 r.<\/strong>\n<ul>\n<li dir=\"auto\"><span style=\"font-weight: 400\">Zerowanie godzina 8:00<\/span><\/li>\n<li dir=\"auto\"><span style=\"font-weight: 400\">Start zawod\u00f3w godzina 9:00<\/span>\n<div dir=\"auto\"><\/div>\n<\/li>\n<\/ul>\n<\/li>\n<\/ul>\n<\/div>\n<div dir=\"auto\">\n<ul>\n<li><strong style=\"font-size: 20px;color: black\">Po zakupie zarejestruj si\u0119 w systemie <a style=\"font-size: 20px;color: blue\" href=\"https:\/\/practiscore.com\/strix-223\/register\">PractiScore!<\/a><\/strong><\/li>\n<li><a href=\"https:\/\/www.strzelamyinaczej.pl\/wp-content\/uploads\/2026\/03\/Regulami-Strix-.223.pdf\"><strong>Regulamin<\/strong><\/a><\/li>\n<\/ul>\n<div dir=\"auto\"><em><strong>Klasy:<\/strong><\/em><\/div>\n<div dir=\"auto\"><em>1. Semi-Auto<\/em><\/div>\n<div dir=\"auto\"><em>2. Repeter<\/em><\/div>\n<div dir=\"auto\"><em><strong>3. <\/strong><strong>FUN<\/strong> \u2013 dla tych, kt\u00f3rzy chc\u0105 spr\u00f3bowa\u0107, ale nie dysponuj\u0105 sprz\u0119tem na daleki dystans. Je\u015bli masz karabin z powi\u0119kszeniem do x10 lub kolimator z powi\u0119kszalnikiem \u2014 ta klasa jest w\u0142a\u015bnie dla Ciebie!<\/em><\/div>\n<p><em><span style=\"font-weight: 400\">Do klasy FUN dopuszcza si\u0119 karabiny spe\u0142niaj\u0105ce nast\u0119puj\u0105ce wymagania:<\/span><\/em><\/p>\n<p><em><span style=\"font-weight: 400\">\u2013 maksymalna d\u0142ugo\u015b\u0107 lufy: 16 cali,<\/span><\/em><\/p>\n<p><em><span style=\"font-weight: 400\">\u2013 optyka: luneta o maksymalnym powi\u0119kszeniu x10 lub kolimator z powi\u0119kszalnikiem.<\/span><\/em><\/p>\n<p><em><span style=\"font-weight: 400\">W przypadku karabinu z luf\u0105 d\u0142u\u017csz\u0105 ni\u017c 16 cali, przy jednoczesnym spe\u0142nieniu wymog\u00f3w dotycz\u0105cych optyki, zawodnik mo\u017ce zosta\u0107 warunkowo dopuszczony do klasy FUN po uprzedniej weryfikacji przez organizatora. W takiej sytuacji wymagany jest wcze\u015bniejszy kontakt z organizatorem.<\/span><\/em><\/p>\n<p><em><span style=\"font-weight: 400\">Klasa FUN przeznaczona jest dla zawodnik\u00f3w pocz\u0105tkuj\u0105cych.<\/span><\/em><\/p>\n<p><em><span style=\"font-weight: 400\">Do zobaczenia na strzelnicy!<\/span><\/em><\/p>\n<\/div>\n","protected":false},"excerpt":{"rendered":"<div dir=\"auto\"><strong>Strix .223 wraca na o\u015b \u2014 i wraca w mocnym stylu!<\/strong><\/div>\n<div dir=\"auto\">\n<p><span style=\"font-weight: 400\">Ju\u017c <\/span><b>18 kwietnia 2026 r.<\/b><span style=\"font-weight: 400\"> widzimy si\u0119 na <\/span><b>Strzelnicy Podw\u00f3rze Koguta w Zielnowie<\/b><span style=\"font-weight: 400\">, gdzie ponownie zmierzymy si\u0119 z dystansem, czasem i w\u0142asnymi umiej\u0119tno\u015bciami.<\/span><\/p>\n<p><span style=\"font-weight: 400\">To wydarzenie dla wszystkich, kt\u00f3rzy kochaj\u0105 strzelectwo d\u0142ugodystansowe \u2014 niezale\u017cnie od tego, czy startujesz po raz pierwszy, czy masz ju\u017c solidne do\u015bwiadczenie turniejowe. Przygotowali\u015bmy wymagaj\u0105ce, ale satysfakcjonuj\u0105ce tory, kt\u00f3re sprawdz\u0105 celno\u015b\u0107, prac\u0119 na optyce i opanowanie pod presj\u0105 czasu.<\/span><\/p>\n<p><span style=\"font-weight: 400\">Strzelamy w kalibrze <\/span><b>.223<\/b><span style=\"font-weight: 400\"> w kategoriach <\/span><b>OPEN<\/b><span style=\"font-weight: 400\"> oraz <\/span><b>SEMI-AUTO<\/b><span style=\"font-weight: 400\">, a dla os\u00f3b rozpoczynaj\u0105cych swoj\u0105 przygod\u0119 ze sportow\u0105 rywalizacj\u0105 przygotowali\u015bmy r\u00f3wnie\u017c kategori\u0119 <\/span><b>FUN<\/b><span style=\"font-weight: 400\">.<\/span><\/p>\n<p><span style=\"font-weight: 400\">B\u0119dzie precyzja, b\u0119dzie adrenalina, b\u0119dzie dobra sportowa atmosfera.<\/span><\/p>\n<div class=\"x14z9mp xat24cr x1lziwak x1vvkbs xtlvy1s x126k92a\">\n<ul>\n<li dir=\"auto\">Miejsce: <a href=\"https:\/\/maps.app.goo.gl\/SDf7SRXeXubAw9qw9\">KSI Podw\u00f3rze Koguta w Zielnowie<\/a><\/li>\n<li dir=\"auto\">Data: <strong>18 kwietnia 2026 r.<\/strong>\n<ul>\n<li dir=\"auto\"><span style=\"font-weight: 400\">Zerowanie godzina 8:00<\/span><\/li>\n<li dir=\"auto\"><span style=\"font-weight: 400\">Start zawod\u00f3w godzina 9:00<\/span>\n<div dir=\"auto\"><\/div>\n<\/li>\n<\/ul>\n<\/li>\n<\/ul>\n<\/div>\n<div dir=\"auto\">\n<ul>\n<li><strong style=\"font-size: 20px;color: black\">Po zakupie zarejestruj si\u0119 w systemie <a style=\"font-size: 20px;color: blue\" href=\"https:\/\/practiscore.com\/strix-223\/register\">PractiScore!<\/a><\/strong><\/li>\n<li><a href=\"https:\/\/www.strzelamyinaczej.pl\/wp-content\/uploads\/2026\/03\/Regulami-Strix-.223.pdf\"><strong>Regulamin<\/strong><\/a><\/li>\n<\/ul>\n<\/div>\n<\/div>\n","protected":false},"featured_media":4515,"template":"","meta":[],"product_brand":[],"product_cat":[16,93],"product_tag":[],"class_list":{"0":"post-4436","1":"product","2":"type-product","3":"status-publish","4":"has-post-thumbnail","6":"product_cat-bez-kategorii","7":"product_cat-zawody","9":"first","10":"outofstock","11":"virtual","12":"sold-individually","13":"taxable","14":"purchasable","15":"product-type-simple"},"yoast_head":"<!-- This site is optimized with the Yoast SEO plugin v24.7 - https:\/\/yoast.com\/wordpress\/plugins\/seo\/ -->\n<title>Strix .223Rem Resurection \u2013 Zielnowo \u2013 18 kwietnia 2026 - Sklep Klubu Strzelaj\u0105cych Inaczej<\/title>\n<meta name=\"robots\" content=\"index, follow, max-snippet:-1, max-image-preview:large, max-video-preview:-1\" \/>\n<link rel=\"canonical\" href=\"https:\/\/sklep.strzelamyinaczej.pl\/en\/produkt\/strix-223rem-resurection-zielnowo-18-kwietnia-2026\/\" \/>\n<meta property=\"og:locale\" content=\"en_US\" \/>\n<meta property=\"og:type\" content=\"article\" \/>\n<meta property=\"og:title\" content=\"Strix .223Rem Resurection \u2013 Zielnowo \u2013 18 kwietnia 2026 - Sklep Klubu Strzelaj\u0105cych Inaczej\" \/>\n<meta property=\"og:description\" content=\"Strix .223 wraca na o\u015b \u2014 i wraca w mocnym stylu!   Ju\u017c 18 kwietnia 2026 r. widzimy si\u0119 na Strzelnicy Podw\u00f3rze Koguta w Zielnowie, gdzie ponownie zmierzymy si\u0119 z dystansem, czasem i w\u0142asnymi umiej\u0119tno\u015bciami.  To wydarzenie dla wszystkich, kt\u00f3rzy kochaj\u0105 strzelectwo d\u0142ugodystansowe \u2014 niezale\u017cnie od tego, czy startujesz po raz pierwszy, czy masz ju\u017c solidne do\u015bwiadczenie turniejowe. Przygotowali\u015bmy wymagaj\u0105ce, ale satysfakcjonuj\u0105ce tory, kt\u00f3re sprawdz\u0105 celno\u015b\u0107, prac\u0119 na optyce i opanowanie pod presj\u0105 czasu.  Strzelamy w kalibrze .223 w kategoriach OPEN oraz SEMI-AUTO, a dla os\u00f3b rozpoczynaj\u0105cych swoj\u0105 przygod\u0119 ze sportow\u0105 rywalizacj\u0105 przygotowali\u015bmy r\u00f3wnie\u017c kategori\u0119 FUN.  B\u0119dzie precyzja, b\u0119dzie adrenalina, b\u0119dzie dobra sportowa atmosfera.    Miejsce: KSI Podw\u00f3rze Koguta w Zielnowie  Data: 18 kwietnia 2026 r.   Zerowanie godzina 8:00  Start zawod\u00f3w godzina 9:00         Po zakupie zarejestruj si\u0119 w systemie PractiScore!  Regulamin\" \/>\n<meta property=\"og:url\" content=\"https:\/\/sklep.strzelamyinaczej.pl\/en\/produkt\/strix-223rem-resurection-zielnowo-18-kwietnia-2026\/\" \/>\n<meta property=\"og:site_name\" content=\"Sklep Klubu Strzelaj\u0105cych Inaczej\" \/>\n<meta property=\"article:modified_time\" content=\"2026-04-15T07:06:44+00:00\" \/>\n<meta property=\"og:image\" content=\"http:\/\/sklep.strzelamyinaczej.pl\/wp-content\/uploads\/sites\/2\/2026\/03\/strix-223-Plakat-kwadrat.jpg\" \/>\n\t<meta property=\"og:image:width\" content=\"1400\" \/>\n\t<meta property=\"og:image:height\" content=\"1400\" \/>\n\t<meta property=\"og:image:type\" content=\"image\/jpeg\" \/>\n<meta name=\"twitter:card\" content=\"summary_large_image\" \/>\n<meta name=\"twitter:label1\" content=\"Est. reading time\" \/>\n\t<meta name=\"twitter:data1\" content=\"2 minutes\" \/>\n<script type=\"application\/ld+json\" class=\"yoast-schema-graph\">{\"@context\":\"https:\/\/schema.org\",\"@graph\":[{\"@type\":\"WebPage\",\"@id\":\"https:\/\/sklep.strzelamyinaczej.pl\/en\/produkt\/strix-223rem-resurection-zielnowo-18-kwietnia-2026\/\",\"url\":\"https:\/\/sklep.strzelamyinaczej.pl\/en\/produkt\/strix-223rem-resurection-zielnowo-18-kwietnia-2026\/\",\"name\":\"Strix .223Rem Resurection \u2013 Zielnowo \u2013 18 kwietnia 2026 - Sklep Klubu Strzelaj\u0105cych Inaczej\",\"isPartOf\":{\"@id\":\"https:\/\/sklep.strzelamyinaczej.pl\/en\/#website\"},\"primaryImageOfPage\":{\"@id\":\"https:\/\/sklep.strzelamyinaczej.pl\/en\/produkt\/strix-223rem-resurection-zielnowo-18-kwietnia-2026\/#primaryimage\"},\"image\":{\"@id\":\"https:\/\/sklep.strzelamyinaczej.pl\/en\/produkt\/strix-223rem-resurection-zielnowo-18-kwietnia-2026\/#primaryimage\"},\"thumbnailUrl\":\"https:\/\/sklep.strzelamyinaczej.pl\/wp-content\/uploads\/sites\/2\/2026\/03\/strix-223-Plakat-kwadrat.jpg\",\"datePublished\":\"2026-03-06T18:05:52+00:00\",\"dateModified\":\"2026-04-15T07:06:44+00:00\",\"breadcrumb\":{\"@id\":\"https:\/\/sklep.strzelamyinaczej.pl\/en\/produkt\/strix-223rem-resurection-zielnowo-18-kwietnia-2026\/#breadcrumb\"},\"inLanguage\":\"en-US\",\"potentialAction\":[{\"@type\":\"ReadAction\",\"target\":[\"https:\/\/sklep.strzelamyinaczej.pl\/en\/produkt\/strix-223rem-resurection-zielnowo-18-kwietnia-2026\/\"]}]},{\"@type\":\"ImageObject\",\"inLanguage\":\"en-US\",\"@id\":\"https:\/\/sklep.strzelamyinaczej.pl\/en\/produkt\/strix-223rem-resurection-zielnowo-18-kwietnia-2026\/#primaryimage\",\"url\":\"https:\/\/sklep.strzelamyinaczej.pl\/wp-content\/uploads\/sites\/2\/2026\/03\/strix-223-Plakat-kwadrat.jpg\",\"contentUrl\":\"https:\/\/sklep.strzelamyinaczej.pl\/wp-content\/uploads\/sites\/2\/2026\/03\/strix-223-Plakat-kwadrat.jpg\",\"width\":1400,\"height\":1400},{\"@type\":\"BreadcrumbList\",\"@id\":\"https:\/\/sklep.strzelamyinaczej.pl\/en\/produkt\/strix-223rem-resurection-zielnowo-18-kwietnia-2026\/#breadcrumb\",\"itemListElement\":[{\"@type\":\"ListItem\",\"position\":1,\"name\":\"Strona g\u0142\u00f3wna\",\"item\":\"https:\/\/sklep.strzelamyinaczej.pl\/en\/\"},{\"@type\":\"ListItem\",\"position\":2,\"name\":\"Sklep\",\"item\":\"https:\/\/sklep.strzelamyinaczej.pl\/\"},{\"@type\":\"ListItem\",\"position\":3,\"name\":\"Strix .223Rem Resurection \u2013 Zielnowo \u2013 18 kwietnia 2026\"}]},{\"@type\":\"WebSite\",\"@id\":\"https:\/\/sklep.strzelamyinaczej.pl\/en\/#website\",\"url\":\"https:\/\/sklep.strzelamyinaczej.pl\/en\/\",\"name\":\"Sklep Klubu Strzelaj\u0105cych Inaczej\",\"description\":\"\",\"potentialAction\":[{\"@type\":\"SearchAction\",\"target\":{\"@type\":\"EntryPoint\",\"urlTemplate\":\"https:\/\/sklep.strzelamyinaczej.pl\/en\/?s={search_term_string}\"},\"query-input\":{\"@type\":\"PropertyValueSpecification\",\"valueRequired\":true,\"valueName\":\"search_term_string\"}}],\"inLanguage\":\"en-US\"}]}<\/script>\n<!-- \/ Yoast SEO plugin. -->","yoast_head_json":{"title":"Strix .223Rem Resurection \u2013 Zielnowo \u2013 18 kwietnia 2026 - Sklep Klubu Strzelaj\u0105cych Inaczej","robots":{"index":"index","follow":"follow","max-snippet":"max-snippet:-1","max-image-preview":"max-image-preview:large","max-video-preview":"max-video-preview:-1"},"canonical":"https:\/\/sklep.strzelamyinaczej.pl\/en\/produkt\/strix-223rem-resurection-zielnowo-18-kwietnia-2026\/","og_locale":"en_US","og_type":"article","og_title":"Strix .223Rem Resurection \u2013 Zielnowo \u2013 18 kwietnia 2026 - Sklep Klubu Strzelaj\u0105cych Inaczej","og_description":"Strix .223 wraca na o\u015b \u2014 i wraca w mocnym stylu!   Ju\u017c 18 kwietnia 2026 r. widzimy si\u0119 na Strzelnicy Podw\u00f3rze Koguta w Zielnowie, gdzie ponownie zmierzymy si\u0119 z dystansem, czasem i w\u0142asnymi umiej\u0119tno\u015bciami.  To wydarzenie dla wszystkich, kt\u00f3rzy kochaj\u0105 strzelectwo d\u0142ugodystansowe \u2014 niezale\u017cnie od tego, czy startujesz po raz pierwszy, czy masz ju\u017c solidne do\u015bwiadczenie turniejowe. Przygotowali\u015bmy wymagaj\u0105ce, ale satysfakcjonuj\u0105ce tory, kt\u00f3re sprawdz\u0105 celno\u015b\u0107, prac\u0119 na optyce i opanowanie pod presj\u0105 czasu.  Strzelamy w kalibrze .223 w kategoriach OPEN oraz SEMI-AUTO, a dla os\u00f3b rozpoczynaj\u0105cych swoj\u0105 przygod\u0119 ze sportow\u0105 rywalizacj\u0105 przygotowali\u015bmy r\u00f3wnie\u017c kategori\u0119 FUN.  B\u0119dzie precyzja, b\u0119dzie adrenalina, b\u0119dzie dobra sportowa atmosfera.    Miejsce: KSI Podw\u00f3rze Koguta w Zielnowie  Data: 18 kwietnia 2026 r.   Zerowanie godzina 8:00  Start zawod\u00f3w godzina 9:00         Po zakupie zarejestruj si\u0119 w systemie PractiScore!  Regulamin","og_url":"https:\/\/sklep.strzelamyinaczej.pl\/en\/produkt\/strix-223rem-resurection-zielnowo-18-kwietnia-2026\/","og_site_name":"Sklep Klubu Strzelaj\u0105cych Inaczej","article_modified_time":"2026-04-15T07:06:44+00:00","og_image":[{"width":1400,"height":1400,"url":"http:\/\/sklep.strzelamyinaczej.pl\/wp-content\/uploads\/sites\/2\/2026\/03\/strix-223-Plakat-kwadrat.jpg","type":"image\/jpeg"}],"twitter_card":"summary_large_image","twitter_misc":{"Est. reading time":"2 minutes"},"schema":{"@context":"https:\/\/schema.org","@graph":[{"@type":"WebPage","@id":"https:\/\/sklep.strzelamyinaczej.pl\/en\/produkt\/strix-223rem-resurection-zielnowo-18-kwietnia-2026\/","url":"https:\/\/sklep.strzelamyinaczej.pl\/en\/produkt\/strix-223rem-resurection-zielnowo-18-kwietnia-2026\/","name":"Strix .223Rem Resurection \u2013 Zielnowo \u2013 18 kwietnia 2026 - Sklep Klubu Strzelaj\u0105cych Inaczej","isPartOf":{"@id":"https:\/\/sklep.strzelamyinaczej.pl\/en\/#website"},"primaryImageOfPage":{"@id":"https:\/\/sklep.strzelamyinaczej.pl\/en\/produkt\/strix-223rem-resurection-zielnowo-18-kwietnia-2026\/#primaryimage"},"image":{"@id":"https:\/\/sklep.strzelamyinaczej.pl\/en\/produkt\/strix-223rem-resurection-zielnowo-18-kwietnia-2026\/#primaryimage"},"thumbnailUrl":"https:\/\/sklep.strzelamyinaczej.pl\/wp-content\/uploads\/sites\/2\/2026\/03\/strix-223-Plakat-kwadrat.jpg","datePublished":"2026-03-06T18:05:52+00:00","dateModified":"2026-04-15T07:06:44+00:00","breadcrumb":{"@id":"https:\/\/sklep.strzelamyinaczej.pl\/en\/produkt\/strix-223rem-resurection-zielnowo-18-kwietnia-2026\/#breadcrumb"},"inLanguage":"en-US","potentialAction":[{"@type":"ReadAction","target":["https:\/\/sklep.strzelamyinaczej.pl\/en\/produkt\/strix-223rem-resurection-zielnowo-18-kwietnia-2026\/"]}]},{"@type":"ImageObject","inLanguage":"en-US","@id":"https:\/\/sklep.strzelamyinaczej.pl\/en\/produkt\/strix-223rem-resurection-zielnowo-18-kwietnia-2026\/#primaryimage","url":"https:\/\/sklep.strzelamyinaczej.pl\/wp-content\/uploads\/sites\/2\/2026\/03\/strix-223-Plakat-kwadrat.jpg","contentUrl":"https:\/\/sklep.strzelamyinaczej.pl\/wp-content\/uploads\/sites\/2\/2026\/03\/strix-223-Plakat-kwadrat.jpg","width":1400,"height":1400},{"@type":"BreadcrumbList","@id":"https:\/\/sklep.strzelamyinaczej.pl\/en\/produkt\/strix-223rem-resurection-zielnowo-18-kwietnia-2026\/#breadcrumb","itemListElement":[{"@type":"ListItem","position":1,"name":"Strona g\u0142\u00f3wna","item":"https:\/\/sklep.strzelamyinaczej.pl\/en\/"},{"@type":"ListItem","position":2,"name":"Sklep","item":"https:\/\/sklep.strzelamyinaczej.pl\/"},{"@type":"ListItem","position":3,"name":"Strix .223Rem Resurection \u2013 Zielnowo \u2013 18 kwietnia 2026"}]},{"@type":"WebSite","@id":"https:\/\/sklep.strzelamyinaczej.pl\/en\/#website","url":"https:\/\/sklep.strzelamyinaczej.pl\/en\/","name":"Sklep Klubu Strzelaj\u0105cych Inaczej","description":"","potentialAction":[{"@type":"SearchAction","target":{"@type":"EntryPoint","urlTemplate":"https:\/\/sklep.strzelamyinaczej.pl\/en\/?s={search_term_string}"},"query-input":{"@type":"PropertyValueSpecification","valueRequired":true,"valueName":"search_term_string"}}],"inLanguage":"en-US"}]}},"_links":{"self":[{"href":"https:\/\/sklep.strzelamyinaczej.pl\/en\/wp-json\/wp\/v2\/product\/4436","targetHints":{"allow":["GET"]}}],"collection":[{"href":"https:\/\/sklep.strzelamyinaczej.pl\/en\/wp-json\/wp\/v2\/product"}],"about":[{"href":"https:\/\/sklep.strzelamyinaczej.pl\/en\/wp-json\/wp\/v2\/types\/product"}],"wp:featuredmedia":[{"embeddable":true,"href":"https:\/\/sklep.strzelamyinaczej.pl\/en\/wp-json\/wp\/v2\/media\/4515"}],"wp:attachment":[{"href":"https:\/\/sklep.strzelamyinaczej.pl\/en\/wp-json\/wp\/v2\/media?parent=4436"}],"wp:term":[{"taxonomy":"product_brand","embeddable":true,"href":"https:\/\/sklep.strzelamyinaczej.pl\/en\/wp-json\/wp\/v2\/product_brand?post=4436"},{"taxonomy":"product_cat","embeddable":true,"href":"https:\/\/sklep.strzelamyinaczej.pl\/en\/wp-json\/wp\/v2\/product_cat?post=4436"},{"taxonomy":"product_tag","embeddable":true,"href":"https:\/\/sklep.strzelamyinaczej.pl\/en\/wp-json\/wp\/v2\/product_tag?post=4436"}],"curies":[{"name":"wp","href":"https:\/\/api.w.org\/{rel}","templated":true}]}}