{"id":4496,"date":"2026-03-06T12:34:30","date_gmt":"2026-03-06T11:34:30","guid":{"rendered":"https:\/\/sklep.strzelamyinaczej.pl\/?post_type=product&#038;p=4496"},"modified":"2026-03-30T11:08:46","modified_gmt":"2026-03-30T09:08:46","slug":"drony-i-elektronika-szkola-szemud","status":"publish","type":"product","link":"https:\/\/sklep.strzelamyinaczej.pl\/en\/produkt\/drony-i-elektronika-szkola-szemud\/","title":{"rendered":"Drony i Elektronika &#8211; szko\u0142a Szemud"},"content":{"rendered":"<div><\/div>\n<div>\n<p>Dzie\u0144 dobry<\/p>\n<div><\/div>\n<div>Jest to formularz do zapis\u00f3w na zaj\u0119cia pt. Drony i Elektronika, kt\u00f3re b\u0119d\u0105 odbywa\u0107 si\u0119 w szkole w Szemudzie.<\/div>\n<div><\/div>\n<\/div>\n<p><a href=\"https:\/\/docs.google.com\/forms\/d\/e\/1FAIpQLScQMBz-TiE8gCTUf4hEJUePNn7tztKMe1BQO_4yACUd33woOw\/viewform\" target=\"_blank\" rel=\"noopener\"><strong>formularz do zapis\u00f3w klik<\/strong><\/a><\/p>\n<p>&nbsp;<\/p>\n<div><b>MIEJSCE:<br \/>\n<\/b>Szko\u0142a w Szmudzie, budynek B, sala komputerowa.<\/div>\n<div><b>TERMINY:<\/b><br \/>\n30 marca 2026 &#8211; 15:00 do 18:00<br \/>\n13 kwietnia\u00a02026 &#8211; 15:00 do 18:00<\/div>\n<div>11 maja\u00a02026 &#8211; 15:00 do 18:00<\/div>\n<div>15 czerwca\u00a02026 &#8211; 15:00 do 18:00<\/div>\n<div><\/div>\n<div><b>KOSZT:<\/b><\/div>\n<div>Koszt wszystkich powy\u017cszych czterech spotka\u0144:<br \/>\n380 z\u0142 (w tym 9% podatku dochodowego i 23% VAT)<br \/>\nSprzeda\u017c przez sklep mojej firmy, w razie gdyby potrzebowali Pa\u0144stwo faktur\u0119, prosz\u0119 zaznaczy\u0107 tak\u0105 opcj\u0119 w sklepie podczas zakupu.<br \/>\n<a href=\"https:\/\/sklep.strzelamyinaczej.pl\/\">https:\/\/sklep.strzelamyinaczej.pl\/produkt\/drony-i-elektronika-szkola-szemud\/<\/a><\/div>\n<div><\/div>\n<div><b>ZG\u0141OSZENIA I ZGODY:<br \/>\n<\/b>Zg\u0142oszenia na zaj\u0119cia nast\u0119puj\u0105 tylko i wy\u0142\u0105cznie przez spe\u0142nienie trzech warunk\u00f3w:<br \/>\n&#8211; wykupienie produktu w sklepie<br \/>\n&#8211; wype\u0142nienie poni\u017cszego formularza<br \/>\n&#8211; podpisanie zgody na udzia\u0142 dziecka w zaj\u0119ciach\u00a0i dostarczenie zgody na pierwsze zaj\u0119cia<br \/>\nPDF (plik do druku)<br \/>\n<a href=\"https:\/\/drive.google.com\/file\/d\/1bS_9thHlKcfviM_N-A6LvanIHr5n-oVZ\/view\">https:\/\/drive.google.com\/file\/d\/1_rYYjzNHO1ho5mJ3EI02_wtchVp2pEZM\/view<\/a><br \/>\nDOC (plik edytowalny)<br \/>\n<a href=\"https:\/\/docs.google.com\/document\/d\/1W73PcJTK9l2l488WrhlxJJhHdC6G1c2n\/edit\">https:\/\/docs.google.com\/document\/d\/1_RylfZZPsg-Gdz6YGpUpDP8bvXixrFoK\/edit<\/a><\/div>\n<div>\n<p><b>CELE:<\/b><\/p>\n<div>G\u0142\u00f3wny cel nauczania:<\/div>\n<div>&#8211; konstrukcja dron\u00f3w lataj\u0105cych, wielowirnikowc\u00f3w i samolot\u00f3w<br \/>\n&#8211; podstawy elektroniki<\/div>\n<div>&#8211; lutowanie<\/div>\n<div>&#8211; sk\u0142adanie dron\u00f3w<\/div>\n<div>&#8211; programowanie dron\u00f3w w BetaFlight\/INav\/Ardu Pilot<br \/>\n&#8211; symulatory lotu i nauka latania<\/div>\n<div>&#8211; samodzielne loty dronem<\/div>\n<div>&#8211; wy\u015bcigi dronami<\/div>\n<div><\/div>\n<div>Cel jest mo\u017cliwy do osi\u0105gni\u0119cia w ci\u0105gu dw\u00f3ch lat nauczania, licz\u0105c zaj\u0119cia co najmniej raz w miesi\u0105cu.<\/div>\n<div><\/div>\n<div><b>ORGANIZACJA ZAJ\u0118\u0106:<\/b><\/div>\n<div>Pojedyncze zaj\u0119cia to 3 godziny lekcyjne z przerwami.<br \/>\nPojedyncze zaj\u0119cia zawsze b\u0119d\u0105 zawiera\u0107 elementy:<br \/>\n&#8211; lot\u00f3w (symulator lub realne loty)<\/div>\n<div>&#8211; elektroniki (\u0107wiczenia z lutowania lub sk\u0142adanie drona)<br \/>\n&#8211; programowania (\u0107wiczenia z ustawie\u0144 autopilot\u00f3w)<br \/>\nW trakcie zaj\u0119\u0107 jednocze\u015bnie b\u0119d\u0105 pracowa\u0107 3 grupy i co przerw\u0119\u00a0zmieniamy temat zaj\u0119\u0107 na kolejny z trzech powy\u017cszych. Pokazuj\u0119 co trzeba zrobi\u0107 i uczniowie samodzielnie wykonuj\u0105 zadane \u0107wiczenia.Maksymalna ilo\u015b\u0107 dzieci w grupie to pocz\u0105tkowo 21 os\u00f3b. W miar\u0119 zwi\u0119kszania ilo\u015bci sprz\u0119tu szkoleniowego (wszystkie zarobione \u015brodki inwestujemy przede wszystkim w kolejne kontrolery i symulatory lotu oraz w sprz\u0119t do elektroniki), b\u0119dziemy powi\u0119ksza\u0107 grupy i\/lub tworzy\u0107 nowe je\u017celi b\u0119dzie wzrost zainteresowania.<\/div>\n<div><b>PROWADZ\u0104CY:<\/b><\/div>\n<div>Zaj\u0119cia b\u0119d\u0119 prowadzi\u0107 osobi\u015bcie, wszystkie moje uprawnienia do wgl\u0105du na \u017cyczenie rodzic\u00f3w:<br \/>\n&#8211; Borys Romanko &#8211; mieszkaniec Szemudu, wychowawca i kierownik oboz\u00f3w m\u0142odzie\u017cowych, ojciec dw\u00f3jki dzieci, wieloletni szkoleniowiec w organizacjach m\u0142odzie\u017cowych jak ZHP czy Strzelec, instruktor strzelectwa, nurkowania, wspinaczki, imprez na orientacj\u0119 i dron\u00f3w, by\u0142y \u017co\u0142nierz<\/div>\n<div><b>SPRZ\u0118T DODATKOWY:<\/b><\/div>\n<div>Dodatkowym, ale nie obowi\u0105zkowym kosztem zaj\u0119\u0107, kt\u00f3ry mo\u017ce si\u0119 pojawi\u0107, aby dzieci mog\u0142y samodzielnie \u0107wiczy\u0107 w domu (je\u017celi chc\u0105) to:<br \/>\n&#8211; lutownica &#8211; oko\u0142o 200 z\u0142<br \/>\n&#8211; cyna &#8211; 30 z\u0142<br \/>\n&#8211; flux &#8211; 15 z\u0142<br \/>\n&#8211; uchwyty, podk\u0142adka, klucze i inne akcesoria &#8211; max 50 z\u0142<br \/>\n&#8211; symulator lot\u00f3w LiftOff &#8211; 70 z\u0142<br \/>\nhttps:\/\/www.liftoff-game.com\/store<br \/>\n&#8211; kontroler &#8211; 250 z\u0142<br \/>\n&#8211; dron &#8211; 400 z\u0142<br \/>\n&#8211; gogle &#8211; 500 z\u0142<br \/>\nNie trzeba ca\u0142ej listy sprz\u0119tu wykupowa\u0107 od razu, wszystko om\u00f3wimy po kolei.<br \/>\nKontrolery, kt\u00f3re zakupi\u0119, raczej zostawi\u0119 w szkole w sali komputerowej, tak samo jak symulatory i b\u0119d\u0105 one dost\u0119pne ca\u0142y czas w ramach dost\u0119pu do sali, wi\u0119c po konsultacji z Pani\u0105 dyrektor, ustalimy mo\u017cliwo\u015b\u0107 dost\u0119pu do lot\u00f3w na symulatorze.<\/div>\n<div><\/div>\n<\/div>\n","protected":false},"excerpt":{"rendered":"<p>Podczas kursu poznasz min. konstrukcj\u0119 i sk\u0142adanie dron\u00f3w lataj\u0105cych, programowanie dron\u00f3w w BetaFlight\/INav\/Ardu Pilot, podstawy elektroniki, symulatory lotu oraz samodzielne loty dronem.<\/p>\n","protected":false},"featured_media":4503,"template":"","meta":[],"product_brand":[],"product_cat":[95],"product_tag":[],"class_list":{"0":"post-4496","1":"product","2":"type-product","3":"status-publish","4":"has-post-thumbnail","6":"product_cat-szkolenia-dronowe","8":"first","9":"instock","10":"virtual","11":"sold-individually","12":"taxable","13":"purchasable","14":"product-type-simple"},"yoast_head":"<!-- This site is optimized with the Yoast SEO plugin v24.7 - https:\/\/yoast.com\/wordpress\/plugins\/seo\/ -->\n<title>Drony i Elektronika - szko\u0142a Szemud - Sklep Klubu Strzelaj\u0105cych Inaczej<\/title>\n<meta name=\"robots\" content=\"index, follow, max-snippet:-1, max-image-preview:large, max-video-preview:-1\" \/>\n<link rel=\"canonical\" href=\"https:\/\/sklep.strzelamyinaczej.pl\/en\/produkt\/drony-i-elektronika-szkola-szemud\/\" \/>\n<meta property=\"og:locale\" content=\"en_US\" \/>\n<meta property=\"og:type\" content=\"article\" \/>\n<meta property=\"og:title\" content=\"Drony i Elektronika - szko\u0142a Szemud - Sklep Klubu Strzelaj\u0105cych Inaczej\" \/>\n<meta property=\"og:description\" content=\"Podczas kursu poznasz min. konstrukcj\u0119 i sk\u0142adanie dron\u00f3w lataj\u0105cych, programowanie dron\u00f3w w BetaFlight\/INav\/Ardu Pilot, podstawy elektroniki, symulatory lotu oraz samodzielne loty dronem.\" \/>\n<meta property=\"og:url\" content=\"https:\/\/sklep.strzelamyinaczej.pl\/en\/produkt\/drony-i-elektronika-szkola-szemud\/\" \/>\n<meta property=\"og:site_name\" content=\"Sklep Klubu Strzelaj\u0105cych Inaczej\" \/>\n<meta property=\"article:modified_time\" content=\"2026-03-30T09:08:46+00:00\" \/>\n<meta property=\"og:image\" content=\"https:\/\/sklep.strzelamyinaczej.pl\/wp-content\/uploads\/sites\/2\/2026\/03\/Szkola_dron-1.jpg\" \/>\n\t<meta property=\"og:image:width\" content=\"1536\" \/>\n\t<meta property=\"og:image:height\" content=\"1024\" \/>\n\t<meta property=\"og:image:type\" content=\"image\/jpeg\" \/>\n<meta name=\"twitter:card\" content=\"summary_large_image\" \/>\n<meta name=\"twitter:label1\" content=\"Est. reading time\" \/>\n\t<meta name=\"twitter:data1\" content=\"3 minutes\" \/>\n<script type=\"application\/ld+json\" class=\"yoast-schema-graph\">{\"@context\":\"https:\/\/schema.org\",\"@graph\":[{\"@type\":\"WebPage\",\"@id\":\"https:\/\/sklep.strzelamyinaczej.pl\/en\/produkt\/drony-i-elektronika-szkola-szemud\/\",\"url\":\"https:\/\/sklep.strzelamyinaczej.pl\/en\/produkt\/drony-i-elektronika-szkola-szemud\/\",\"name\":\"Drony i Elektronika - szko\u0142a Szemud - Sklep Klubu Strzelaj\u0105cych Inaczej\",\"isPartOf\":{\"@id\":\"https:\/\/sklep.strzelamyinaczej.pl\/en\/#website\"},\"primaryImageOfPage\":{\"@id\":\"https:\/\/sklep.strzelamyinaczej.pl\/en\/produkt\/drony-i-elektronika-szkola-szemud\/#primaryimage\"},\"image\":{\"@id\":\"https:\/\/sklep.strzelamyinaczej.pl\/en\/produkt\/drony-i-elektronika-szkola-szemud\/#primaryimage\"},\"thumbnailUrl\":\"https:\/\/sklep.strzelamyinaczej.pl\/wp-content\/uploads\/sites\/2\/2026\/03\/Szkola_dron-1.jpg\",\"datePublished\":\"2026-03-06T11:34:30+00:00\",\"dateModified\":\"2026-03-30T09:08:46+00:00\",\"breadcrumb\":{\"@id\":\"https:\/\/sklep.strzelamyinaczej.pl\/en\/produkt\/drony-i-elektronika-szkola-szemud\/#breadcrumb\"},\"inLanguage\":\"en-US\",\"potentialAction\":[{\"@type\":\"ReadAction\",\"target\":[\"https:\/\/sklep.strzelamyinaczej.pl\/en\/produkt\/drony-i-elektronika-szkola-szemud\/\"]}]},{\"@type\":\"ImageObject\",\"inLanguage\":\"en-US\",\"@id\":\"https:\/\/sklep.strzelamyinaczej.pl\/en\/produkt\/drony-i-elektronika-szkola-szemud\/#primaryimage\",\"url\":\"https:\/\/sklep.strzelamyinaczej.pl\/wp-content\/uploads\/sites\/2\/2026\/03\/Szkola_dron-1.jpg\",\"contentUrl\":\"https:\/\/sklep.strzelamyinaczej.pl\/wp-content\/uploads\/sites\/2\/2026\/03\/Szkola_dron-1.jpg\",\"width\":1536,\"height\":1024},{\"@type\":\"BreadcrumbList\",\"@id\":\"https:\/\/sklep.strzelamyinaczej.pl\/en\/produkt\/drony-i-elektronika-szkola-szemud\/#breadcrumb\",\"itemListElement\":[{\"@type\":\"ListItem\",\"position\":1,\"name\":\"Strona g\u0142\u00f3wna\",\"item\":\"https:\/\/sklep.strzelamyinaczej.pl\/en\/\"},{\"@type\":\"ListItem\",\"position\":2,\"name\":\"Sklep\",\"item\":\"https:\/\/sklep.strzelamyinaczej.pl\/\"},{\"@type\":\"ListItem\",\"position\":3,\"name\":\"Drony i Elektronika &#8211; szko\u0142a Szemud\"}]},{\"@type\":\"WebSite\",\"@id\":\"https:\/\/sklep.strzelamyinaczej.pl\/en\/#website\",\"url\":\"https:\/\/sklep.strzelamyinaczej.pl\/en\/\",\"name\":\"Sklep Klubu Strzelaj\u0105cych Inaczej\",\"description\":\"\",\"potentialAction\":[{\"@type\":\"SearchAction\",\"target\":{\"@type\":\"EntryPoint\",\"urlTemplate\":\"https:\/\/sklep.strzelamyinaczej.pl\/en\/?s={search_term_string}\"},\"query-input\":{\"@type\":\"PropertyValueSpecification\",\"valueRequired\":true,\"valueName\":\"search_term_string\"}}],\"inLanguage\":\"en-US\"}]}<\/script>\n<!-- \/ Yoast SEO plugin. -->","yoast_head_json":{"title":"Drony i Elektronika - szko\u0142a Szemud - Sklep Klubu Strzelaj\u0105cych Inaczej","robots":{"index":"index","follow":"follow","max-snippet":"max-snippet:-1","max-image-preview":"max-image-preview:large","max-video-preview":"max-video-preview:-1"},"canonical":"https:\/\/sklep.strzelamyinaczej.pl\/en\/produkt\/drony-i-elektronika-szkola-szemud\/","og_locale":"en_US","og_type":"article","og_title":"Drony i Elektronika - szko\u0142a Szemud - Sklep Klubu Strzelaj\u0105cych Inaczej","og_description":"Podczas kursu poznasz min. konstrukcj\u0119 i sk\u0142adanie dron\u00f3w lataj\u0105cych, programowanie dron\u00f3w w BetaFlight\/INav\/Ardu Pilot, podstawy elektroniki, symulatory lotu oraz samodzielne loty dronem.","og_url":"https:\/\/sklep.strzelamyinaczej.pl\/en\/produkt\/drony-i-elektronika-szkola-szemud\/","og_site_name":"Sklep Klubu Strzelaj\u0105cych Inaczej","article_modified_time":"2026-03-30T09:08:46+00:00","og_image":[{"width":1536,"height":1024,"url":"https:\/\/sklep.strzelamyinaczej.pl\/wp-content\/uploads\/sites\/2\/2026\/03\/Szkola_dron-1.jpg","type":"image\/jpeg"}],"twitter_card":"summary_large_image","twitter_misc":{"Est. reading time":"3 minutes"},"schema":{"@context":"https:\/\/schema.org","@graph":[{"@type":"WebPage","@id":"https:\/\/sklep.strzelamyinaczej.pl\/en\/produkt\/drony-i-elektronika-szkola-szemud\/","url":"https:\/\/sklep.strzelamyinaczej.pl\/en\/produkt\/drony-i-elektronika-szkola-szemud\/","name":"Drony i Elektronika - szko\u0142a Szemud - Sklep Klubu Strzelaj\u0105cych Inaczej","isPartOf":{"@id":"https:\/\/sklep.strzelamyinaczej.pl\/en\/#website"},"primaryImageOfPage":{"@id":"https:\/\/sklep.strzelamyinaczej.pl\/en\/produkt\/drony-i-elektronika-szkola-szemud\/#primaryimage"},"image":{"@id":"https:\/\/sklep.strzelamyinaczej.pl\/en\/produkt\/drony-i-elektronika-szkola-szemud\/#primaryimage"},"thumbnailUrl":"https:\/\/sklep.strzelamyinaczej.pl\/wp-content\/uploads\/sites\/2\/2026\/03\/Szkola_dron-1.jpg","datePublished":"2026-03-06T11:34:30+00:00","dateModified":"2026-03-30T09:08:46+00:00","breadcrumb":{"@id":"https:\/\/sklep.strzelamyinaczej.pl\/en\/produkt\/drony-i-elektronika-szkola-szemud\/#breadcrumb"},"inLanguage":"en-US","potentialAction":[{"@type":"ReadAction","target":["https:\/\/sklep.strzelamyinaczej.pl\/en\/produkt\/drony-i-elektronika-szkola-szemud\/"]}]},{"@type":"ImageObject","inLanguage":"en-US","@id":"https:\/\/sklep.strzelamyinaczej.pl\/en\/produkt\/drony-i-elektronika-szkola-szemud\/#primaryimage","url":"https:\/\/sklep.strzelamyinaczej.pl\/wp-content\/uploads\/sites\/2\/2026\/03\/Szkola_dron-1.jpg","contentUrl":"https:\/\/sklep.strzelamyinaczej.pl\/wp-content\/uploads\/sites\/2\/2026\/03\/Szkola_dron-1.jpg","width":1536,"height":1024},{"@type":"BreadcrumbList","@id":"https:\/\/sklep.strzelamyinaczej.pl\/en\/produkt\/drony-i-elektronika-szkola-szemud\/#breadcrumb","itemListElement":[{"@type":"ListItem","position":1,"name":"Strona g\u0142\u00f3wna","item":"https:\/\/sklep.strzelamyinaczej.pl\/en\/"},{"@type":"ListItem","position":2,"name":"Sklep","item":"https:\/\/sklep.strzelamyinaczej.pl\/"},{"@type":"ListItem","position":3,"name":"Drony i Elektronika &#8211; szko\u0142a Szemud"}]},{"@type":"WebSite","@id":"https:\/\/sklep.strzelamyinaczej.pl\/en\/#website","url":"https:\/\/sklep.strzelamyinaczej.pl\/en\/","name":"Sklep Klubu Strzelaj\u0105cych Inaczej","description":"","potentialAction":[{"@type":"SearchAction","target":{"@type":"EntryPoint","urlTemplate":"https:\/\/sklep.strzelamyinaczej.pl\/en\/?s={search_term_string}"},"query-input":{"@type":"PropertyValueSpecification","valueRequired":true,"valueName":"search_term_string"}}],"inLanguage":"en-US"}]}},"_links":{"self":[{"href":"https:\/\/sklep.strzelamyinaczej.pl\/en\/wp-json\/wp\/v2\/product\/4496","targetHints":{"allow":["GET"]}}],"collection":[{"href":"https:\/\/sklep.strzelamyinaczej.pl\/en\/wp-json\/wp\/v2\/product"}],"about":[{"href":"https:\/\/sklep.strzelamyinaczej.pl\/en\/wp-json\/wp\/v2\/types\/product"}],"wp:featuredmedia":[{"embeddable":true,"href":"https:\/\/sklep.strzelamyinaczej.pl\/en\/wp-json\/wp\/v2\/media\/4503"}],"wp:attachment":[{"href":"https:\/\/sklep.strzelamyinaczej.pl\/en\/wp-json\/wp\/v2\/media?parent=4496"}],"wp:term":[{"taxonomy":"product_brand","embeddable":true,"href":"https:\/\/sklep.strzelamyinaczej.pl\/en\/wp-json\/wp\/v2\/product_brand?post=4496"},{"taxonomy":"product_cat","embeddable":true,"href":"https:\/\/sklep.strzelamyinaczej.pl\/en\/wp-json\/wp\/v2\/product_cat?post=4496"},{"taxonomy":"product_tag","embeddable":true,"href":"https:\/\/sklep.strzelamyinaczej.pl\/en\/wp-json\/wp\/v2\/product_tag?post=4496"}],"curies":[{"name":"wp","href":"https:\/\/api.w.org\/{rel}","templated":true}]}}