{"id":4520,"date":"2026-03-06T19:33:54","date_gmt":"2026-03-06T18:33:54","guid":{"rendered":"https:\/\/sklep.strzelamyinaczej.pl\/?post_type=product&#038;p=4520"},"modified":"2026-03-28T18:10:19","modified_gmt":"2026-03-28T17:10:19","slug":"strix-22lr-zawody-rankingowe-plprf-19-kwietnia-2026","status":"publish","type":"product","link":"https:\/\/sklep.strzelamyinaczej.pl\/en\/produkt\/strix-22lr-zawody-rankingowe-plprf-19-kwietnia-2026\/","title":{"rendered":"Strix.22lr zawody rankingowe PLPRF &#8211; 19 kwietnia 2026"},"content":{"rendered":"<div class=\"xdj266r x14z9mp xat24cr x1lziwak x1vvkbs x126k92a\">\n<div dir=\"auto\">Zapraszamy na <b>ligowe zawody Polish Precision Rifle Federation<\/b>, kt\u00f3re odb\u0119d\u0105 si\u0119 <b>19 kwietnia 2026 r.<\/b> na terenie <b>Strzelnicy Podw\u00f3rze Koguta w Zielnowie<\/b>.<\/div>\n<\/div>\n<div dir=\"auto\">\n<p><span style=\"font-weight: 400\">Zawody rozegrane zostan\u0105 w kalibrze <\/span><b>.22LR<\/b><span style=\"font-weight: 400\"> i stanowi\u0105 oficjaln\u0105 rund\u0119 ligi PLPRF. To doskona\u0142a okazja do rywalizacji sportowej, sprawdzenia swoich umiej\u0119tno\u015bci w strzelaniu precyzyjnym oraz zdobycia punkt\u00f3w ligowych do eliminacji Mistrzostw \u015bwiata 2027.<\/span><\/p>\n<p><span style=\"font-weight: 400\">Rywalizacja odb\u0119dzie si\u0119 zgodnie z zasadami ligi PLPRF oraz obowi\u0105zuj\u0105cym regulaminem zawod\u00f3w, z zachowaniem najwy\u017cszych standard\u00f3w bezpiecze\u0144stwa i w duchu fair play.<\/span><\/p>\n<div class=\"x14z9mp xat24cr x1lziwak x1vvkbs xtlvy1s x126k92a\">\n<ul>\n<li dir=\"auto\">Miejsce: <a href=\"https:\/\/maps.app.goo.gl\/SDf7SRXeXubAw9qw9\">KSI Podw\u00f3rze Koguta w Zielnowie<\/a><\/li>\n<li dir=\"auto\">Data: <strong>19 kwietnia 2026 r.<\/strong>\n<ul>\n<li dir=\"auto\"><span style=\"font-weight: 400\">Zerowanie godzina 8:00<\/span><\/li>\n<li dir=\"auto\"><span style=\"font-weight: 400\">Start zawod\u00f3w godzina 9:00<\/span>\n<div dir=\"auto\"><\/div>\n<\/li>\n<\/ul>\n<\/li>\n<\/ul>\n<\/div>\n<div dir=\"auto\">\n<ul>\n<li><strong style=\"font-size: 20px;color: black\">Po zakupie zarejestruj si\u0119 w systemie <a style=\"font-size: 20px;color: blue\" href=\"https:\/\/practiscore.com\/strix-22lr-plprf\/register\">Practiscore!<\/a><\/strong><\/li>\n<li>Zawody zgodne z aktualnym regulaminem <a href=\"https:\/\/plprf.org.pl\">PLPRF<\/a><\/li>\n<\/ul>\n<\/div>\n<p><span style=\"font-weight: 400\">Do zobaczenia na osi!\u00a0<\/span><\/p>\n<\/div>\n<div dir=\"auto\"><\/div>\n","protected":false},"excerpt":{"rendered":"<div class=\"xdj266r x14z9mp xat24cr x1lziwak x1vvkbs x126k92a\">\n<div dir=\"auto\">Zapraszamy na <b>ligowe zawody Polish Precision Rifle Federation<\/b>, kt\u00f3re odb\u0119d\u0105 si\u0119 <b>19 kwietnia 2026 r.<\/b> na terenie <b>Strzelnicy Podw\u00f3rze Koguta w Zielnowie<\/b>.<\/div>\n<\/div>\n<div dir=\"auto\">\n<p><span style=\"font-weight: 400\">Zawody rozegrane zostan\u0105 w kalibrze <\/span><b>.22LR<\/b><span style=\"font-weight: 400\"> i stanowi\u0105 oficjaln\u0105 rund\u0119 ligi PLPRF. To doskona\u0142a okazja do rywalizacji sportowej, sprawdzenia swoich umiej\u0119tno\u015bci w strzelaniu precyzyjnym oraz zdobycia punkt\u00f3w ligowych do eliminacji Mistrzostw \u015bwiata 2027.<\/span><\/p>\n<p><span style=\"font-weight: 400\">Rywalizacja odb\u0119dzie si\u0119 zgodnie z zasadami ligi PLPRF oraz obowi\u0105zuj\u0105cym regulaminem zawod\u00f3w, z zachowaniem najwy\u017cszych standard\u00f3w bezpiecze\u0144stwa i w duchu fair play.<\/span><\/p>\n<div class=\"x14z9mp xat24cr x1lziwak x1vvkbs xtlvy1s x126k92a\">\n<ul>\n<li dir=\"auto\">Miejsce: <a href=\"https:\/\/maps.app.goo.gl\/SDf7SRXeXubAw9qw9\">KSI Podw\u00f3rze Koguta w Zielnowie<\/a><\/li>\n<li dir=\"auto\">Data: <strong>19 kwietnia 2026 r.<\/strong>\n<ul>\n<li dir=\"auto\"><span style=\"font-weight: 400\">Zerowanie godzina 8:00<\/span><\/li>\n<li dir=\"auto\"><span style=\"font-weight: 400\">Start zawod\u00f3w godzina 9:00<\/span>\n<div dir=\"auto\"><\/div>\n<\/li>\n<\/ul>\n<\/li>\n<\/ul>\n<\/div>\n<div dir=\"auto\">\n<ul>\n<li><strong style=\"font-size: 20px;color: black\">Po zakupie zarejestruj si\u0119 w systemie <a style=\"font-size: 20px;color: blue\" href=\"https:\/\/practiscore.com\/strix-22lr-plprf\/register\">Practiscore!<\/a><\/strong><\/li>\n<li>Zawody zgodne z aktualnym regulaminem <a href=\"https:\/\/plprf.org.pl\">PLPRF<\/a><\/li>\n<\/ul>\n<\/div>\n<p><span style=\"font-weight: 400\">Do zobaczenia na osi!\u00a0<\/span><\/p>\n<\/div>\n<div dir=\"auto\"><\/div>\n","protected":false},"featured_media":4525,"template":"","meta":[],"product_brand":[],"product_cat":[93],"product_tag":[],"class_list":{"0":"post-4520","1":"product","2":"type-product","3":"status-publish","4":"has-post-thumbnail","6":"product_cat-zawody","8":"first","9":"outofstock","10":"virtual","11":"sold-individually","12":"taxable","13":"purchasable","14":"product-type-simple"},"yoast_head":"<!-- This site is optimized with the Yoast SEO plugin v24.7 - https:\/\/yoast.com\/wordpress\/plugins\/seo\/ -->\n<title>Strix.22lr zawody rankingowe PLPRF - 19 kwietnia 2026 - Sklep Klubu Strzelaj\u0105cych Inaczej<\/title>\n<meta name=\"robots\" content=\"index, follow, max-snippet:-1, max-image-preview:large, max-video-preview:-1\" \/>\n<link rel=\"canonical\" href=\"https:\/\/sklep.strzelamyinaczej.pl\/en\/produkt\/strix-22lr-zawody-rankingowe-plprf-19-kwietnia-2026\/\" \/>\n<meta property=\"og:locale\" content=\"en_US\" \/>\n<meta property=\"og:type\" content=\"article\" \/>\n<meta property=\"og:title\" content=\"Strix.22lr zawody rankingowe PLPRF - 19 kwietnia 2026 - Sklep Klubu Strzelaj\u0105cych Inaczej\" \/>\n<meta property=\"og:description\" content=\"Zapraszamy na ligowe zawody Polish Precision Rifle Federation, kt\u00f3re odb\u0119d\u0105 si\u0119 19 kwietnia 2026 r. na terenie Strzelnicy Podw\u00f3rze Koguta w Zielnowie.    Zawody rozegrane zostan\u0105 w kalibrze .22LR i stanowi\u0105 oficjaln\u0105 rund\u0119 ligi PLPRF. To doskona\u0142a okazja do rywalizacji sportowej, sprawdzenia swoich umiej\u0119tno\u015bci w strzelaniu precyzyjnym oraz zdobycia punkt\u00f3w ligowych do eliminacji Mistrzostw \u015bwiata 2027.  Rywalizacja odb\u0119dzie si\u0119 zgodnie z zasadami ligi PLPRF oraz obowi\u0105zuj\u0105cym regulaminem zawod\u00f3w, z zachowaniem najwy\u017cszych standard\u00f3w bezpiecze\u0144stwa i w duchu fair play.    Miejsce: KSI Podw\u00f3rze Koguta w Zielnowie  Data: 19 kwietnia 2026 r.   Zerowanie godzina 8:00  Start zawod\u00f3w godzina 9:00         Po zakupie zarejestruj si\u0119 w systemie Practiscore!  Zawody zgodne z aktualnym regulaminem PLPRF   Do zobaczenia na osi!\u00a0\" \/>\n<meta property=\"og:url\" content=\"https:\/\/sklep.strzelamyinaczej.pl\/en\/produkt\/strix-22lr-zawody-rankingowe-plprf-19-kwietnia-2026\/\" \/>\n<meta property=\"og:site_name\" content=\"Sklep Klubu Strzelaj\u0105cych Inaczej\" \/>\n<meta property=\"article:modified_time\" content=\"2026-03-28T17:10:19+00:00\" \/>\n<meta property=\"og:image\" content=\"https:\/\/sklep.strzelamyinaczej.pl\/wp-content\/uploads\/sites\/2\/2026\/03\/strix-.22lr-plprf.png\" \/>\n\t<meta property=\"og:image:width\" content=\"1024\" \/>\n\t<meta property=\"og:image:height\" content=\"1024\" \/>\n\t<meta property=\"og:image:type\" content=\"image\/png\" \/>\n<meta name=\"twitter:card\" content=\"summary_large_image\" \/>\n<meta name=\"twitter:label1\" content=\"Est. reading time\" \/>\n\t<meta name=\"twitter:data1\" content=\"1 minute\" \/>\n<script type=\"application\/ld+json\" class=\"yoast-schema-graph\">{\"@context\":\"https:\/\/schema.org\",\"@graph\":[{\"@type\":\"WebPage\",\"@id\":\"https:\/\/sklep.strzelamyinaczej.pl\/en\/produkt\/strix-22lr-zawody-rankingowe-plprf-19-kwietnia-2026\/\",\"url\":\"https:\/\/sklep.strzelamyinaczej.pl\/en\/produkt\/strix-22lr-zawody-rankingowe-plprf-19-kwietnia-2026\/\",\"name\":\"Strix.22lr zawody rankingowe PLPRF - 19 kwietnia 2026 - Sklep Klubu Strzelaj\u0105cych Inaczej\",\"isPartOf\":{\"@id\":\"https:\/\/sklep.strzelamyinaczej.pl\/en\/#website\"},\"primaryImageOfPage\":{\"@id\":\"https:\/\/sklep.strzelamyinaczej.pl\/en\/produkt\/strix-22lr-zawody-rankingowe-plprf-19-kwietnia-2026\/#primaryimage\"},\"image\":{\"@id\":\"https:\/\/sklep.strzelamyinaczej.pl\/en\/produkt\/strix-22lr-zawody-rankingowe-plprf-19-kwietnia-2026\/#primaryimage\"},\"thumbnailUrl\":\"https:\/\/sklep.strzelamyinaczej.pl\/wp-content\/uploads\/sites\/2\/2026\/03\/strix-.22lr-plprf.png\",\"datePublished\":\"2026-03-06T18:33:54+00:00\",\"dateModified\":\"2026-03-28T17:10:19+00:00\",\"breadcrumb\":{\"@id\":\"https:\/\/sklep.strzelamyinaczej.pl\/en\/produkt\/strix-22lr-zawody-rankingowe-plprf-19-kwietnia-2026\/#breadcrumb\"},\"inLanguage\":\"en-US\",\"potentialAction\":[{\"@type\":\"ReadAction\",\"target\":[\"https:\/\/sklep.strzelamyinaczej.pl\/en\/produkt\/strix-22lr-zawody-rankingowe-plprf-19-kwietnia-2026\/\"]}]},{\"@type\":\"ImageObject\",\"inLanguage\":\"en-US\",\"@id\":\"https:\/\/sklep.strzelamyinaczej.pl\/en\/produkt\/strix-22lr-zawody-rankingowe-plprf-19-kwietnia-2026\/#primaryimage\",\"url\":\"https:\/\/sklep.strzelamyinaczej.pl\/wp-content\/uploads\/sites\/2\/2026\/03\/strix-.22lr-plprf.png\",\"contentUrl\":\"https:\/\/sklep.strzelamyinaczej.pl\/wp-content\/uploads\/sites\/2\/2026\/03\/strix-.22lr-plprf.png\",\"width\":1024,\"height\":1024},{\"@type\":\"BreadcrumbList\",\"@id\":\"https:\/\/sklep.strzelamyinaczej.pl\/en\/produkt\/strix-22lr-zawody-rankingowe-plprf-19-kwietnia-2026\/#breadcrumb\",\"itemListElement\":[{\"@type\":\"ListItem\",\"position\":1,\"name\":\"Strona g\u0142\u00f3wna\",\"item\":\"https:\/\/sklep.strzelamyinaczej.pl\/en\/\"},{\"@type\":\"ListItem\",\"position\":2,\"name\":\"Sklep\",\"item\":\"https:\/\/sklep.strzelamyinaczej.pl\/\"},{\"@type\":\"ListItem\",\"position\":3,\"name\":\"Strix.22lr zawody rankingowe PLPRF &#8211; 19 kwietnia 2026\"}]},{\"@type\":\"WebSite\",\"@id\":\"https:\/\/sklep.strzelamyinaczej.pl\/en\/#website\",\"url\":\"https:\/\/sklep.strzelamyinaczej.pl\/en\/\",\"name\":\"Sklep Klubu Strzelaj\u0105cych Inaczej\",\"description\":\"\",\"potentialAction\":[{\"@type\":\"SearchAction\",\"target\":{\"@type\":\"EntryPoint\",\"urlTemplate\":\"https:\/\/sklep.strzelamyinaczej.pl\/en\/?s={search_term_string}\"},\"query-input\":{\"@type\":\"PropertyValueSpecification\",\"valueRequired\":true,\"valueName\":\"search_term_string\"}}],\"inLanguage\":\"en-US\"}]}<\/script>\n<!-- \/ Yoast SEO plugin. -->","yoast_head_json":{"title":"Strix.22lr zawody rankingowe PLPRF - 19 kwietnia 2026 - Sklep Klubu Strzelaj\u0105cych Inaczej","robots":{"index":"index","follow":"follow","max-snippet":"max-snippet:-1","max-image-preview":"max-image-preview:large","max-video-preview":"max-video-preview:-1"},"canonical":"https:\/\/sklep.strzelamyinaczej.pl\/en\/produkt\/strix-22lr-zawody-rankingowe-plprf-19-kwietnia-2026\/","og_locale":"en_US","og_type":"article","og_title":"Strix.22lr zawody rankingowe PLPRF - 19 kwietnia 2026 - Sklep Klubu Strzelaj\u0105cych Inaczej","og_description":"Zapraszamy na ligowe zawody Polish Precision Rifle Federation, kt\u00f3re odb\u0119d\u0105 si\u0119 19 kwietnia 2026 r. na terenie Strzelnicy Podw\u00f3rze Koguta w Zielnowie.    Zawody rozegrane zostan\u0105 w kalibrze .22LR i stanowi\u0105 oficjaln\u0105 rund\u0119 ligi PLPRF. To doskona\u0142a okazja do rywalizacji sportowej, sprawdzenia swoich umiej\u0119tno\u015bci w strzelaniu precyzyjnym oraz zdobycia punkt\u00f3w ligowych do eliminacji Mistrzostw \u015bwiata 2027.  Rywalizacja odb\u0119dzie si\u0119 zgodnie z zasadami ligi PLPRF oraz obowi\u0105zuj\u0105cym regulaminem zawod\u00f3w, z zachowaniem najwy\u017cszych standard\u00f3w bezpiecze\u0144stwa i w duchu fair play.    Miejsce: KSI Podw\u00f3rze Koguta w Zielnowie  Data: 19 kwietnia 2026 r.   Zerowanie godzina 8:00  Start zawod\u00f3w godzina 9:00         Po zakupie zarejestruj si\u0119 w systemie Practiscore!  Zawody zgodne z aktualnym regulaminem PLPRF   Do zobaczenia na osi!\u00a0","og_url":"https:\/\/sklep.strzelamyinaczej.pl\/en\/produkt\/strix-22lr-zawody-rankingowe-plprf-19-kwietnia-2026\/","og_site_name":"Sklep Klubu Strzelaj\u0105cych Inaczej","article_modified_time":"2026-03-28T17:10:19+00:00","og_image":[{"width":1024,"height":1024,"url":"https:\/\/sklep.strzelamyinaczej.pl\/wp-content\/uploads\/sites\/2\/2026\/03\/strix-.22lr-plprf.png","type":"image\/png"}],"twitter_card":"summary_large_image","twitter_misc":{"Est. reading time":"1 minute"},"schema":{"@context":"https:\/\/schema.org","@graph":[{"@type":"WebPage","@id":"https:\/\/sklep.strzelamyinaczej.pl\/en\/produkt\/strix-22lr-zawody-rankingowe-plprf-19-kwietnia-2026\/","url":"https:\/\/sklep.strzelamyinaczej.pl\/en\/produkt\/strix-22lr-zawody-rankingowe-plprf-19-kwietnia-2026\/","name":"Strix.22lr zawody rankingowe PLPRF - 19 kwietnia 2026 - Sklep Klubu Strzelaj\u0105cych Inaczej","isPartOf":{"@id":"https:\/\/sklep.strzelamyinaczej.pl\/en\/#website"},"primaryImageOfPage":{"@id":"https:\/\/sklep.strzelamyinaczej.pl\/en\/produkt\/strix-22lr-zawody-rankingowe-plprf-19-kwietnia-2026\/#primaryimage"},"image":{"@id":"https:\/\/sklep.strzelamyinaczej.pl\/en\/produkt\/strix-22lr-zawody-rankingowe-plprf-19-kwietnia-2026\/#primaryimage"},"thumbnailUrl":"https:\/\/sklep.strzelamyinaczej.pl\/wp-content\/uploads\/sites\/2\/2026\/03\/strix-.22lr-plprf.png","datePublished":"2026-03-06T18:33:54+00:00","dateModified":"2026-03-28T17:10:19+00:00","breadcrumb":{"@id":"https:\/\/sklep.strzelamyinaczej.pl\/en\/produkt\/strix-22lr-zawody-rankingowe-plprf-19-kwietnia-2026\/#breadcrumb"},"inLanguage":"en-US","potentialAction":[{"@type":"ReadAction","target":["https:\/\/sklep.strzelamyinaczej.pl\/en\/produkt\/strix-22lr-zawody-rankingowe-plprf-19-kwietnia-2026\/"]}]},{"@type":"ImageObject","inLanguage":"en-US","@id":"https:\/\/sklep.strzelamyinaczej.pl\/en\/produkt\/strix-22lr-zawody-rankingowe-plprf-19-kwietnia-2026\/#primaryimage","url":"https:\/\/sklep.strzelamyinaczej.pl\/wp-content\/uploads\/sites\/2\/2026\/03\/strix-.22lr-plprf.png","contentUrl":"https:\/\/sklep.strzelamyinaczej.pl\/wp-content\/uploads\/sites\/2\/2026\/03\/strix-.22lr-plprf.png","width":1024,"height":1024},{"@type":"BreadcrumbList","@id":"https:\/\/sklep.strzelamyinaczej.pl\/en\/produkt\/strix-22lr-zawody-rankingowe-plprf-19-kwietnia-2026\/#breadcrumb","itemListElement":[{"@type":"ListItem","position":1,"name":"Strona g\u0142\u00f3wna","item":"https:\/\/sklep.strzelamyinaczej.pl\/en\/"},{"@type":"ListItem","position":2,"name":"Sklep","item":"https:\/\/sklep.strzelamyinaczej.pl\/"},{"@type":"ListItem","position":3,"name":"Strix.22lr zawody rankingowe PLPRF &#8211; 19 kwietnia 2026"}]},{"@type":"WebSite","@id":"https:\/\/sklep.strzelamyinaczej.pl\/en\/#website","url":"https:\/\/sklep.strzelamyinaczej.pl\/en\/","name":"Sklep Klubu Strzelaj\u0105cych Inaczej","description":"","potentialAction":[{"@type":"SearchAction","target":{"@type":"EntryPoint","urlTemplate":"https:\/\/sklep.strzelamyinaczej.pl\/en\/?s={search_term_string}"},"query-input":{"@type":"PropertyValueSpecification","valueRequired":true,"valueName":"search_term_string"}}],"inLanguage":"en-US"}]}},"_links":{"self":[{"href":"https:\/\/sklep.strzelamyinaczej.pl\/en\/wp-json\/wp\/v2\/product\/4520","targetHints":{"allow":["GET"]}}],"collection":[{"href":"https:\/\/sklep.strzelamyinaczej.pl\/en\/wp-json\/wp\/v2\/product"}],"about":[{"href":"https:\/\/sklep.strzelamyinaczej.pl\/en\/wp-json\/wp\/v2\/types\/product"}],"wp:featuredmedia":[{"embeddable":true,"href":"https:\/\/sklep.strzelamyinaczej.pl\/en\/wp-json\/wp\/v2\/media\/4525"}],"wp:attachment":[{"href":"https:\/\/sklep.strzelamyinaczej.pl\/en\/wp-json\/wp\/v2\/media?parent=4520"}],"wp:term":[{"taxonomy":"product_brand","embeddable":true,"href":"https:\/\/sklep.strzelamyinaczej.pl\/en\/wp-json\/wp\/v2\/product_brand?post=4520"},{"taxonomy":"product_cat","embeddable":true,"href":"https:\/\/sklep.strzelamyinaczej.pl\/en\/wp-json\/wp\/v2\/product_cat?post=4520"},{"taxonomy":"product_tag","embeddable":true,"href":"https:\/\/sklep.strzelamyinaczej.pl\/en\/wp-json\/wp\/v2\/product_tag?post=4520"}],"curies":[{"name":"wp","href":"https:\/\/api.w.org\/{rel}","templated":true}]}}