{"id":4800,"date":"2026-03-26T13:45:46","date_gmt":"2026-03-26T12:45:46","guid":{"rendered":"https:\/\/sklep.strzelamyinaczej.pl\/?post_type=product&#038;p=4800"},"modified":"2026-04-30T00:22:51","modified_gmt":"2026-04-29T22:22:51","slug":"oplata-startowa-w-zawodach-strzelbowych-furry-edition-26","status":"publish","type":"product","link":"https:\/\/sklep.strzelamyinaczej.pl\/en\/produkt\/oplata-startowa-w-zawodach-strzelbowych-furry-edition-26\/","title":{"rendered":"op\u0142ata startowa w zawodach strzelbowych FURRY EDITION 26"},"content":{"rendered":"<p>Op\u0142ata startowa za uczestnictwo w wiosennych zawodach STRZELBA INACZEJ FURRY EDITION 26, p\u0142acicie za start , kie\u0142ba z ogniska\/grilla za darmoszk\u0119 \ud83d\ude42<\/p>\n<p>Zawody rozgrywane s\u0105 w trzech kategoriach :<\/p>\n<ul>\n<li>strzelba powtarzalna<\/li>\n<li>dwururka<\/li>\n<li>open<\/li>\n<\/ul>\n<p>op\u0142ata startowa 250 z\u0142, start w dodatkowej konkurencji 100 z\u0142 za konkurencj\u0119<\/p>\n","protected":false},"excerpt":{"rendered":"<p>Op\u0142ata startowa ZAWOD\u00d3W STRZELBA INACZEJ FURRY EDITION 26.<\/p>\n","protected":false},"featured_media":4801,"template":"","meta":[],"product_brand":[],"product_cat":[93],"product_tag":[],"class_list":{"0":"post-4800","1":"product","2":"type-product","3":"status-publish","4":"has-post-thumbnail","6":"product_cat-zawody","8":"first","9":"instock","10":"taxable","11":"shipping-taxable","12":"purchasable","13":"product-type-variable"},"yoast_head":"<!-- This site is optimized with the Yoast SEO plugin v24.7 - https:\/\/yoast.com\/wordpress\/plugins\/seo\/ -->\n<title>op\u0142ata startowa w zawodach strzelbowych FURRY EDITION 26 - Sklep Klubu Strzelaj\u0105cych Inaczej<\/title>\n<meta name=\"robots\" content=\"index, follow, max-snippet:-1, max-image-preview:large, max-video-preview:-1\" \/>\n<link rel=\"canonical\" href=\"https:\/\/sklep.strzelamyinaczej.pl\/en\/produkt\/oplata-startowa-w-zawodach-strzelbowych-furry-edition-26\/\" \/>\n<meta property=\"og:locale\" content=\"en_US\" \/>\n<meta property=\"og:type\" content=\"article\" \/>\n<meta property=\"og:title\" content=\"op\u0142ata startowa w zawodach strzelbowych FURRY EDITION 26 - Sklep Klubu Strzelaj\u0105cych Inaczej\" \/>\n<meta property=\"og:description\" content=\"Op\u0142ata startowa ZAWOD\u00d3W STRZELBA INACZEJ FURRY EDITION 26.\" \/>\n<meta property=\"og:url\" content=\"https:\/\/sklep.strzelamyinaczej.pl\/en\/produkt\/oplata-startowa-w-zawodach-strzelbowych-furry-edition-26\/\" \/>\n<meta property=\"og:site_name\" content=\"Sklep Klubu Strzelaj\u0105cych Inaczej\" \/>\n<meta property=\"article:modified_time\" content=\"2026-04-29T22:22:51+00:00\" \/>\n<meta property=\"og:image\" content=\"https:\/\/sklep.strzelamyinaczej.pl\/wp-content\/uploads\/sites\/2\/2026\/03\/zawody-strzelba.jpg\" \/>\n\t<meta property=\"og:image:width\" content=\"1477\" \/>\n\t<meta property=\"og:image:height\" content=\"833\" \/>\n\t<meta property=\"og:image:type\" content=\"image\/jpeg\" \/>\n<meta name=\"twitter:card\" content=\"summary_large_image\" \/>\n<meta name=\"twitter:label1\" content=\"Est. reading time\" \/>\n\t<meta name=\"twitter:data1\" content=\"1 minute\" \/>\n<script type=\"application\/ld+json\" class=\"yoast-schema-graph\">{\"@context\":\"https:\/\/schema.org\",\"@graph\":[{\"@type\":\"WebPage\",\"@id\":\"https:\/\/sklep.strzelamyinaczej.pl\/en\/produkt\/oplata-startowa-w-zawodach-strzelbowych-furry-edition-26\/\",\"url\":\"https:\/\/sklep.strzelamyinaczej.pl\/en\/produkt\/oplata-startowa-w-zawodach-strzelbowych-furry-edition-26\/\",\"name\":\"op\u0142ata startowa w zawodach strzelbowych FURRY EDITION 26 - Sklep Klubu Strzelaj\u0105cych Inaczej\",\"isPartOf\":{\"@id\":\"https:\/\/sklep.strzelamyinaczej.pl\/en\/#website\"},\"primaryImageOfPage\":{\"@id\":\"https:\/\/sklep.strzelamyinaczej.pl\/en\/produkt\/oplata-startowa-w-zawodach-strzelbowych-furry-edition-26\/#primaryimage\"},\"image\":{\"@id\":\"https:\/\/sklep.strzelamyinaczej.pl\/en\/produkt\/oplata-startowa-w-zawodach-strzelbowych-furry-edition-26\/#primaryimage\"},\"thumbnailUrl\":\"https:\/\/sklep.strzelamyinaczej.pl\/wp-content\/uploads\/sites\/2\/2026\/03\/zawody-strzelba.jpg\",\"datePublished\":\"2026-03-26T12:45:46+00:00\",\"dateModified\":\"2026-04-29T22:22:51+00:00\",\"breadcrumb\":{\"@id\":\"https:\/\/sklep.strzelamyinaczej.pl\/en\/produkt\/oplata-startowa-w-zawodach-strzelbowych-furry-edition-26\/#breadcrumb\"},\"inLanguage\":\"en-US\",\"potentialAction\":[{\"@type\":\"ReadAction\",\"target\":[\"https:\/\/sklep.strzelamyinaczej.pl\/en\/produkt\/oplata-startowa-w-zawodach-strzelbowych-furry-edition-26\/\"]}]},{\"@type\":\"ImageObject\",\"inLanguage\":\"en-US\",\"@id\":\"https:\/\/sklep.strzelamyinaczej.pl\/en\/produkt\/oplata-startowa-w-zawodach-strzelbowych-furry-edition-26\/#primaryimage\",\"url\":\"https:\/\/sklep.strzelamyinaczej.pl\/wp-content\/uploads\/sites\/2\/2026\/03\/zawody-strzelba.jpg\",\"contentUrl\":\"https:\/\/sklep.strzelamyinaczej.pl\/wp-content\/uploads\/sites\/2\/2026\/03\/zawody-strzelba.jpg\",\"width\":1477,\"height\":833},{\"@type\":\"BreadcrumbList\",\"@id\":\"https:\/\/sklep.strzelamyinaczej.pl\/en\/produkt\/oplata-startowa-w-zawodach-strzelbowych-furry-edition-26\/#breadcrumb\",\"itemListElement\":[{\"@type\":\"ListItem\",\"position\":1,\"name\":\"Strona g\u0142\u00f3wna\",\"item\":\"https:\/\/sklep.strzelamyinaczej.pl\/en\/\"},{\"@type\":\"ListItem\",\"position\":2,\"name\":\"Sklep\",\"item\":\"https:\/\/sklep.strzelamyinaczej.pl\/\"},{\"@type\":\"ListItem\",\"position\":3,\"name\":\"op\u0142ata startowa w zawodach strzelbowych FURRY EDITION 26\"}]},{\"@type\":\"WebSite\",\"@id\":\"https:\/\/sklep.strzelamyinaczej.pl\/en\/#website\",\"url\":\"https:\/\/sklep.strzelamyinaczej.pl\/en\/\",\"name\":\"Sklep Klubu Strzelaj\u0105cych Inaczej\",\"description\":\"\",\"potentialAction\":[{\"@type\":\"SearchAction\",\"target\":{\"@type\":\"EntryPoint\",\"urlTemplate\":\"https:\/\/sklep.strzelamyinaczej.pl\/en\/?s={search_term_string}\"},\"query-input\":{\"@type\":\"PropertyValueSpecification\",\"valueRequired\":true,\"valueName\":\"search_term_string\"}}],\"inLanguage\":\"en-US\"}]}<\/script>\n<!-- \/ Yoast SEO plugin. -->","yoast_head_json":{"title":"op\u0142ata startowa w zawodach strzelbowych FURRY EDITION 26 - Sklep Klubu Strzelaj\u0105cych Inaczej","robots":{"index":"index","follow":"follow","max-snippet":"max-snippet:-1","max-image-preview":"max-image-preview:large","max-video-preview":"max-video-preview:-1"},"canonical":"https:\/\/sklep.strzelamyinaczej.pl\/en\/produkt\/oplata-startowa-w-zawodach-strzelbowych-furry-edition-26\/","og_locale":"en_US","og_type":"article","og_title":"op\u0142ata startowa w zawodach strzelbowych FURRY EDITION 26 - Sklep Klubu Strzelaj\u0105cych Inaczej","og_description":"Op\u0142ata startowa ZAWOD\u00d3W STRZELBA INACZEJ FURRY EDITION 26.","og_url":"https:\/\/sklep.strzelamyinaczej.pl\/en\/produkt\/oplata-startowa-w-zawodach-strzelbowych-furry-edition-26\/","og_site_name":"Sklep Klubu Strzelaj\u0105cych Inaczej","article_modified_time":"2026-04-29T22:22:51+00:00","og_image":[{"width":1477,"height":833,"url":"https:\/\/sklep.strzelamyinaczej.pl\/wp-content\/uploads\/sites\/2\/2026\/03\/zawody-strzelba.jpg","type":"image\/jpeg"}],"twitter_card":"summary_large_image","twitter_misc":{"Est. reading time":"1 minute"},"schema":{"@context":"https:\/\/schema.org","@graph":[{"@type":"WebPage","@id":"https:\/\/sklep.strzelamyinaczej.pl\/en\/produkt\/oplata-startowa-w-zawodach-strzelbowych-furry-edition-26\/","url":"https:\/\/sklep.strzelamyinaczej.pl\/en\/produkt\/oplata-startowa-w-zawodach-strzelbowych-furry-edition-26\/","name":"op\u0142ata startowa w zawodach strzelbowych FURRY EDITION 26 - Sklep Klubu Strzelaj\u0105cych Inaczej","isPartOf":{"@id":"https:\/\/sklep.strzelamyinaczej.pl\/en\/#website"},"primaryImageOfPage":{"@id":"https:\/\/sklep.strzelamyinaczej.pl\/en\/produkt\/oplata-startowa-w-zawodach-strzelbowych-furry-edition-26\/#primaryimage"},"image":{"@id":"https:\/\/sklep.strzelamyinaczej.pl\/en\/produkt\/oplata-startowa-w-zawodach-strzelbowych-furry-edition-26\/#primaryimage"},"thumbnailUrl":"https:\/\/sklep.strzelamyinaczej.pl\/wp-content\/uploads\/sites\/2\/2026\/03\/zawody-strzelba.jpg","datePublished":"2026-03-26T12:45:46+00:00","dateModified":"2026-04-29T22:22:51+00:00","breadcrumb":{"@id":"https:\/\/sklep.strzelamyinaczej.pl\/en\/produkt\/oplata-startowa-w-zawodach-strzelbowych-furry-edition-26\/#breadcrumb"},"inLanguage":"en-US","potentialAction":[{"@type":"ReadAction","target":["https:\/\/sklep.strzelamyinaczej.pl\/en\/produkt\/oplata-startowa-w-zawodach-strzelbowych-furry-edition-26\/"]}]},{"@type":"ImageObject","inLanguage":"en-US","@id":"https:\/\/sklep.strzelamyinaczej.pl\/en\/produkt\/oplata-startowa-w-zawodach-strzelbowych-furry-edition-26\/#primaryimage","url":"https:\/\/sklep.strzelamyinaczej.pl\/wp-content\/uploads\/sites\/2\/2026\/03\/zawody-strzelba.jpg","contentUrl":"https:\/\/sklep.strzelamyinaczej.pl\/wp-content\/uploads\/sites\/2\/2026\/03\/zawody-strzelba.jpg","width":1477,"height":833},{"@type":"BreadcrumbList","@id":"https:\/\/sklep.strzelamyinaczej.pl\/en\/produkt\/oplata-startowa-w-zawodach-strzelbowych-furry-edition-26\/#breadcrumb","itemListElement":[{"@type":"ListItem","position":1,"name":"Strona g\u0142\u00f3wna","item":"https:\/\/sklep.strzelamyinaczej.pl\/en\/"},{"@type":"ListItem","position":2,"name":"Sklep","item":"https:\/\/sklep.strzelamyinaczej.pl\/"},{"@type":"ListItem","position":3,"name":"op\u0142ata startowa w zawodach strzelbowych FURRY EDITION 26"}]},{"@type":"WebSite","@id":"https:\/\/sklep.strzelamyinaczej.pl\/en\/#website","url":"https:\/\/sklep.strzelamyinaczej.pl\/en\/","name":"Sklep Klubu Strzelaj\u0105cych Inaczej","description":"","potentialAction":[{"@type":"SearchAction","target":{"@type":"EntryPoint","urlTemplate":"https:\/\/sklep.strzelamyinaczej.pl\/en\/?s={search_term_string}"},"query-input":{"@type":"PropertyValueSpecification","valueRequired":true,"valueName":"search_term_string"}}],"inLanguage":"en-US"}]}},"_links":{"self":[{"href":"https:\/\/sklep.strzelamyinaczej.pl\/en\/wp-json\/wp\/v2\/product\/4800","targetHints":{"allow":["GET"]}}],"collection":[{"href":"https:\/\/sklep.strzelamyinaczej.pl\/en\/wp-json\/wp\/v2\/product"}],"about":[{"href":"https:\/\/sklep.strzelamyinaczej.pl\/en\/wp-json\/wp\/v2\/types\/product"}],"wp:featuredmedia":[{"embeddable":true,"href":"https:\/\/sklep.strzelamyinaczej.pl\/en\/wp-json\/wp\/v2\/media\/4801"}],"wp:attachment":[{"href":"https:\/\/sklep.strzelamyinaczej.pl\/en\/wp-json\/wp\/v2\/media?parent=4800"}],"wp:term":[{"taxonomy":"product_brand","embeddable":true,"href":"https:\/\/sklep.strzelamyinaczej.pl\/en\/wp-json\/wp\/v2\/product_brand?post=4800"},{"taxonomy":"product_cat","embeddable":true,"href":"https:\/\/sklep.strzelamyinaczej.pl\/en\/wp-json\/wp\/v2\/product_cat?post=4800"},{"taxonomy":"product_tag","embeddable":true,"href":"https:\/\/sklep.strzelamyinaczej.pl\/en\/wp-json\/wp\/v2\/product_tag?post=4800"}],"curies":[{"name":"wp","href":"https:\/\/api.w.org\/{rel}","templated":true}]}}