{"id":4968,"date":"2026-04-11T09:55:58","date_gmt":"2026-04-11T07:55:58","guid":{"rendered":"https:\/\/sklep.strzelamyinaczej.pl\/?post_type=product&#038;p=4968"},"modified":"2026-04-11T10:05:25","modified_gmt":"2026-04-11T08:05:25","slug":"06-07-09-07-2026-strzelanie-do-dronow-i-inne","status":"publish","type":"product","link":"https:\/\/sklep.strzelamyinaczej.pl\/en\/produkt\/06-07-09-07-2026-strzelanie-do-dronow-i-inne\/","title":{"rendered":"06.07-09.07.2026 Strzelanie do dron\u00f3w i inne"},"content":{"rendered":"<p><b>Najwa\u017cniejsza informacja!<\/b><br \/>\n4 dni przed dat\u0105 kursu, sprawdzam pogod\u0119 na kurs, je\u017celi co najmniej przez dwa dni kursu nie b\u0119dzie opad\u00f3w \u015bniegu\/deszczu, kurs si\u0119 odb\u0119dzie. W przeciwnym przypadku kurs zostanie prze\u0142o\u017cony na najbli\u017cszy mo\u017cliwy termin.<\/p>\n<p><strong>Organizatorzy<\/strong><\/p>\n<p>Stowarzyszenie Klub Strzelaj\u0105cych Inaczej KSI<\/p>\n<p>Przemek Kuci\u0144ski<\/p>\n<p><b>Czas trwania kursu:<\/b><\/p>\n<p>6-9 lipca 2026<\/p>\n<p>4 dni, ka\u017cdy dzie\u0144 co najmniej 12 godzin praktyki (zale\u017cy od pogody)<\/p>\n<p><b>Miejsce:<\/b><\/p>\n<p>Strzelnica Podw\u00f3rze Koguta w Zielnowie<\/p>\n<p><b>Cena obejmuje:<\/b><\/p>\n<ul>\n<li>4 dni szale\u0144stwa na dronach FPV (patrz program ramowy)<\/li>\n<li>\u015bniadania i obiady ka\u017cdego dnia podczas praktyki<\/li>\n<li>trzy noclegi w Osadzie S\u0142uszewo<\/li>\n<li>materia\u0142y teoretyczne wysy\u0142ane po kursie<\/li>\n<\/ul>\n<p>Maksymalnie 24 osoby<\/p>\n<p><b>Ramowy program kursu:<\/b><\/p>\n<ul>\n<li>loty precyzyjne \u2013 loty przez bramki, z precyzyjnym l\u0105dowaniem etc.<\/li>\n<li>loty rozpoznawcze<\/li>\n<li>loty d\u0142ugodystansowe<\/li>\n<li>loty uderzeniowe na cel statyczny i ruchomy<\/li>\n<li>zrzuty \u0142adunk\u00f3w<\/li>\n<li>montowanie i obs\u0142uga systemu wyzwalania \u0142adunku na dronie<\/li>\n<li>loty w nocy na nocnych i termowizyjnych kamerach<\/li>\n<li>anteny zewn\u0119trzne i retranslatory<\/li>\n<li>serwis i budowa drona<\/li>\n<li>strzelanie z broni palnej<\/li>\n<li>niszczenie w\u0142asnych dron\u00f3w (dla ch\u0119tnych)<\/li>\n<li>misja ko\u0144cz\u0105ca ca\u0142e wydarzenie<\/li>\n<li>pogaw\u0119dki i mi\u0142e sp\u0119dzanie czasu<\/li>\n<\/ul>\n<p><b>Przygotowanie minimalne:<\/b><\/p>\n<p>Musisz dobrze umie\u0107 lata\u0107 w\u0142asnym dronem FPV w trybie ACRO\/AIR. Mo\u017ce to by\u0107 dowolny dron wielko\u015bci 5-10 cali.<\/p>\n<p>Kursant nagrywa swoje filmy z lot\u00f3w, umieszcza film na YT i przesy\u0142a najp\u00f3\u017aniej 3 dni przed kursem do instruktora.<\/p>\n<p><b>Lista sprz\u0119tu obowi\u0105zkowego na kurs:<\/b><\/p>\n<ul>\n<li>kontroler FPV\/radio (najlepiej Radiomaster TX16\/Radiomaster TX15\/Radiomaster Boxer, co\u015b innego co ma co najmniej 6 AUX\/switch i wej\u015bcie na modu\u0142 MICRO)<\/li>\n<li>zapasowe baterie do kontrolera\/radia (np. dwie 18650)<\/li>\n<li>gogle analogowe lub cyfrowe<\/li>\n<li>\u0142adowarka do baterii w kontrolerze<\/li>\n<li>karta microSD 32 Gb lub wi\u0119ksza do nagrywania film\u00f3w z gogli<\/li>\n<li>ubrania odpowiednie do pory roku<\/li>\n<li>sk\u0142adane krzese\u0142ko<\/li>\n<li>laptop lub tablet z zainstalowanym programem Beta Flight Configurator<\/li>\n<li>powerbank i kabel USB A- USB C oraz USB A\/C \u2013 micro USB<\/li>\n<li>w\u0142asny dron 5-10 cali z analogowym nadajnikiem wideo w zakresie 5-6Ghz lub 3.3Ghz, oraz odbiornikiem ELRS<\/li>\n<\/ul>\n<p><b>Sprz\u0119t udost\u0119pniany przez organizatora na czas kursu (uszkodzony sprz\u0119t podczas kursu, musi by\u0107 odkupiony przez kursanta!):<\/b><\/p>\n<ul>\n<li>stacja antenowa\/wynios (w tym kontroler, gogle, bateria zasilaj\u0105ca, anteny i inne)<\/li>\n<li>maszt do wyniosu<\/li>\n<li>systemy zrzutu, detonatory, zap\u0142onniki, petardy i inne \u0142adunki<\/li>\n<li>zestawy serwisowe (lutownica, flux, klucze imbusowe, penseta, cyna, kable, cz\u0119\u015bci zapasowe)<\/li>\n<li>\u0142adowarki do baterii, system zasilania, agregat etc<\/li>\n<\/ul>\n","protected":false},"excerpt":{"rendered":"<p>CZTERY DNI FPV NA DZIKUSA!<br data-start=\"26\" data-end=\"29\" \/>6\u20139 lipca \u2013 4 dni intensywnego latania dronami FPV.<br data-start=\"80\" data-end=\"83\" \/>Codziennie minimum 12 godzin praktyki (w zale\u017cno\u015bci od pogody).<br data-start=\"146\" data-end=\"149\" \/>Miejsce: Strzelnica Podw\u00f3rze Koguta w Zielnowie.<\/p>\n","protected":false},"featured_media":4969,"template":"","meta":[],"product_brand":[],"product_cat":[88,95],"product_tag":[],"class_list":{"0":"post-4968","1":"product","2":"type-product","3":"status-publish","4":"has-post-thumbnail","6":"product_cat-kursy-szkolenia","7":"product_cat-szkolenia-dronowe","9":"first","10":"instock","11":"virtual","12":"taxable","13":"purchasable","14":"product-type-simple"},"yoast_head":"<!-- This site is optimized with the Yoast SEO plugin v24.7 - https:\/\/yoast.com\/wordpress\/plugins\/seo\/ -->\n<title>06.07-09.07.2026 Strzelanie do dron\u00f3w i inne - Sklep Klubu Strzelaj\u0105cych Inaczej<\/title>\n<meta name=\"robots\" content=\"index, follow, max-snippet:-1, max-image-preview:large, max-video-preview:-1\" \/>\n<link rel=\"canonical\" href=\"https:\/\/sklep.strzelamyinaczej.pl\/en\/produkt\/06-07-09-07-2026-strzelanie-do-dronow-i-inne\/\" \/>\n<meta property=\"og:locale\" content=\"en_US\" \/>\n<meta property=\"og:type\" content=\"article\" \/>\n<meta property=\"og:title\" content=\"06.07-09.07.2026 Strzelanie do dron\u00f3w i inne - Sklep Klubu Strzelaj\u0105cych Inaczej\" \/>\n<meta property=\"og:description\" content=\"CZTERY DNI FPV NA DZIKUSA!6\u20139 lipca \u2013 4 dni intensywnego latania dronami FPV.Codziennie minimum 12 godzin praktyki (w zale\u017cno\u015bci od pogody).Miejsce: Strzelnica Podw\u00f3rze Koguta w Zielnowie.\" \/>\n<meta property=\"og:url\" content=\"https:\/\/sklep.strzelamyinaczej.pl\/en\/produkt\/06-07-09-07-2026-strzelanie-do-dronow-i-inne\/\" \/>\n<meta property=\"og:site_name\" content=\"Sklep Klubu Strzelaj\u0105cych Inaczej\" \/>\n<meta property=\"article:modified_time\" content=\"2026-04-11T08:05:25+00:00\" \/>\n<meta property=\"og:image\" content=\"http:\/\/sklep.strzelamyinaczej.pl\/wp-content\/uploads\/sites\/2\/2026\/04\/BFCE00BA-1DBC-42EE-BB89-58DEF08BCA67.jpeg\" \/>\n\t<meta property=\"og:image:width\" content=\"2048\" \/>\n\t<meta property=\"og:image:height\" content=\"683\" \/>\n\t<meta property=\"og:image:type\" content=\"image\/jpeg\" \/>\n<meta name=\"twitter:card\" content=\"summary_large_image\" \/>\n<meta name=\"twitter:label1\" content=\"Est. reading time\" \/>\n\t<meta name=\"twitter:data1\" content=\"3 minutes\" \/>\n<script type=\"application\/ld+json\" class=\"yoast-schema-graph\">{\"@context\":\"https:\/\/schema.org\",\"@graph\":[{\"@type\":\"WebPage\",\"@id\":\"https:\/\/sklep.strzelamyinaczej.pl\/en\/produkt\/06-07-09-07-2026-strzelanie-do-dronow-i-inne\/\",\"url\":\"https:\/\/sklep.strzelamyinaczej.pl\/en\/produkt\/06-07-09-07-2026-strzelanie-do-dronow-i-inne\/\",\"name\":\"06.07-09.07.2026 Strzelanie do dron\u00f3w i inne - Sklep Klubu Strzelaj\u0105cych Inaczej\",\"isPartOf\":{\"@id\":\"https:\/\/sklep.strzelamyinaczej.pl\/en\/#website\"},\"primaryImageOfPage\":{\"@id\":\"https:\/\/sklep.strzelamyinaczej.pl\/en\/produkt\/06-07-09-07-2026-strzelanie-do-dronow-i-inne\/#primaryimage\"},\"image\":{\"@id\":\"https:\/\/sklep.strzelamyinaczej.pl\/en\/produkt\/06-07-09-07-2026-strzelanie-do-dronow-i-inne\/#primaryimage\"},\"thumbnailUrl\":\"https:\/\/sklep.strzelamyinaczej.pl\/wp-content\/uploads\/sites\/2\/2026\/04\/BFCE00BA-1DBC-42EE-BB89-58DEF08BCA67.jpeg\",\"datePublished\":\"2026-04-11T07:55:58+00:00\",\"dateModified\":\"2026-04-11T08:05:25+00:00\",\"breadcrumb\":{\"@id\":\"https:\/\/sklep.strzelamyinaczej.pl\/en\/produkt\/06-07-09-07-2026-strzelanie-do-dronow-i-inne\/#breadcrumb\"},\"inLanguage\":\"en-US\",\"potentialAction\":[{\"@type\":\"ReadAction\",\"target\":[\"https:\/\/sklep.strzelamyinaczej.pl\/en\/produkt\/06-07-09-07-2026-strzelanie-do-dronow-i-inne\/\"]}]},{\"@type\":\"ImageObject\",\"inLanguage\":\"en-US\",\"@id\":\"https:\/\/sklep.strzelamyinaczej.pl\/en\/produkt\/06-07-09-07-2026-strzelanie-do-dronow-i-inne\/#primaryimage\",\"url\":\"https:\/\/sklep.strzelamyinaczej.pl\/wp-content\/uploads\/sites\/2\/2026\/04\/BFCE00BA-1DBC-42EE-BB89-58DEF08BCA67.jpeg\",\"contentUrl\":\"https:\/\/sklep.strzelamyinaczej.pl\/wp-content\/uploads\/sites\/2\/2026\/04\/BFCE00BA-1DBC-42EE-BB89-58DEF08BCA67.jpeg\",\"width\":2048,\"height\":683,\"caption\":\"default\"},{\"@type\":\"BreadcrumbList\",\"@id\":\"https:\/\/sklep.strzelamyinaczej.pl\/en\/produkt\/06-07-09-07-2026-strzelanie-do-dronow-i-inne\/#breadcrumb\",\"itemListElement\":[{\"@type\":\"ListItem\",\"position\":1,\"name\":\"Strona g\u0142\u00f3wna\",\"item\":\"https:\/\/sklep.strzelamyinaczej.pl\/en\/\"},{\"@type\":\"ListItem\",\"position\":2,\"name\":\"Sklep\",\"item\":\"https:\/\/sklep.strzelamyinaczej.pl\/\"},{\"@type\":\"ListItem\",\"position\":3,\"name\":\"06.07-09.07.2026 Strzelanie do dron\u00f3w i inne\"}]},{\"@type\":\"WebSite\",\"@id\":\"https:\/\/sklep.strzelamyinaczej.pl\/en\/#website\",\"url\":\"https:\/\/sklep.strzelamyinaczej.pl\/en\/\",\"name\":\"Sklep Klubu Strzelaj\u0105cych Inaczej\",\"description\":\"\",\"potentialAction\":[{\"@type\":\"SearchAction\",\"target\":{\"@type\":\"EntryPoint\",\"urlTemplate\":\"https:\/\/sklep.strzelamyinaczej.pl\/en\/?s={search_term_string}\"},\"query-input\":{\"@type\":\"PropertyValueSpecification\",\"valueRequired\":true,\"valueName\":\"search_term_string\"}}],\"inLanguage\":\"en-US\"}]}<\/script>\n<!-- \/ Yoast SEO plugin. -->","yoast_head_json":{"title":"06.07-09.07.2026 Strzelanie do dron\u00f3w i inne - Sklep Klubu Strzelaj\u0105cych Inaczej","robots":{"index":"index","follow":"follow","max-snippet":"max-snippet:-1","max-image-preview":"max-image-preview:large","max-video-preview":"max-video-preview:-1"},"canonical":"https:\/\/sklep.strzelamyinaczej.pl\/en\/produkt\/06-07-09-07-2026-strzelanie-do-dronow-i-inne\/","og_locale":"en_US","og_type":"article","og_title":"06.07-09.07.2026 Strzelanie do dron\u00f3w i inne - Sklep Klubu Strzelaj\u0105cych Inaczej","og_description":"CZTERY DNI FPV NA DZIKUSA!6\u20139 lipca \u2013 4 dni intensywnego latania dronami FPV.Codziennie minimum 12 godzin praktyki (w zale\u017cno\u015bci od pogody).Miejsce: Strzelnica Podw\u00f3rze Koguta w Zielnowie.","og_url":"https:\/\/sklep.strzelamyinaczej.pl\/en\/produkt\/06-07-09-07-2026-strzelanie-do-dronow-i-inne\/","og_site_name":"Sklep Klubu Strzelaj\u0105cych Inaczej","article_modified_time":"2026-04-11T08:05:25+00:00","og_image":[{"width":2048,"height":683,"url":"http:\/\/sklep.strzelamyinaczej.pl\/wp-content\/uploads\/sites\/2\/2026\/04\/BFCE00BA-1DBC-42EE-BB89-58DEF08BCA67.jpeg","type":"image\/jpeg"}],"twitter_card":"summary_large_image","twitter_misc":{"Est. reading time":"3 minutes"},"schema":{"@context":"https:\/\/schema.org","@graph":[{"@type":"WebPage","@id":"https:\/\/sklep.strzelamyinaczej.pl\/en\/produkt\/06-07-09-07-2026-strzelanie-do-dronow-i-inne\/","url":"https:\/\/sklep.strzelamyinaczej.pl\/en\/produkt\/06-07-09-07-2026-strzelanie-do-dronow-i-inne\/","name":"06.07-09.07.2026 Strzelanie do dron\u00f3w i inne - Sklep Klubu Strzelaj\u0105cych Inaczej","isPartOf":{"@id":"https:\/\/sklep.strzelamyinaczej.pl\/en\/#website"},"primaryImageOfPage":{"@id":"https:\/\/sklep.strzelamyinaczej.pl\/en\/produkt\/06-07-09-07-2026-strzelanie-do-dronow-i-inne\/#primaryimage"},"image":{"@id":"https:\/\/sklep.strzelamyinaczej.pl\/en\/produkt\/06-07-09-07-2026-strzelanie-do-dronow-i-inne\/#primaryimage"},"thumbnailUrl":"https:\/\/sklep.strzelamyinaczej.pl\/wp-content\/uploads\/sites\/2\/2026\/04\/BFCE00BA-1DBC-42EE-BB89-58DEF08BCA67.jpeg","datePublished":"2026-04-11T07:55:58+00:00","dateModified":"2026-04-11T08:05:25+00:00","breadcrumb":{"@id":"https:\/\/sklep.strzelamyinaczej.pl\/en\/produkt\/06-07-09-07-2026-strzelanie-do-dronow-i-inne\/#breadcrumb"},"inLanguage":"en-US","potentialAction":[{"@type":"ReadAction","target":["https:\/\/sklep.strzelamyinaczej.pl\/en\/produkt\/06-07-09-07-2026-strzelanie-do-dronow-i-inne\/"]}]},{"@type":"ImageObject","inLanguage":"en-US","@id":"https:\/\/sklep.strzelamyinaczej.pl\/en\/produkt\/06-07-09-07-2026-strzelanie-do-dronow-i-inne\/#primaryimage","url":"https:\/\/sklep.strzelamyinaczej.pl\/wp-content\/uploads\/sites\/2\/2026\/04\/BFCE00BA-1DBC-42EE-BB89-58DEF08BCA67.jpeg","contentUrl":"https:\/\/sklep.strzelamyinaczej.pl\/wp-content\/uploads\/sites\/2\/2026\/04\/BFCE00BA-1DBC-42EE-BB89-58DEF08BCA67.jpeg","width":2048,"height":683,"caption":"default"},{"@type":"BreadcrumbList","@id":"https:\/\/sklep.strzelamyinaczej.pl\/en\/produkt\/06-07-09-07-2026-strzelanie-do-dronow-i-inne\/#breadcrumb","itemListElement":[{"@type":"ListItem","position":1,"name":"Strona g\u0142\u00f3wna","item":"https:\/\/sklep.strzelamyinaczej.pl\/en\/"},{"@type":"ListItem","position":2,"name":"Sklep","item":"https:\/\/sklep.strzelamyinaczej.pl\/"},{"@type":"ListItem","position":3,"name":"06.07-09.07.2026 Strzelanie do dron\u00f3w i inne"}]},{"@type":"WebSite","@id":"https:\/\/sklep.strzelamyinaczej.pl\/en\/#website","url":"https:\/\/sklep.strzelamyinaczej.pl\/en\/","name":"Sklep Klubu Strzelaj\u0105cych Inaczej","description":"","potentialAction":[{"@type":"SearchAction","target":{"@type":"EntryPoint","urlTemplate":"https:\/\/sklep.strzelamyinaczej.pl\/en\/?s={search_term_string}"},"query-input":{"@type":"PropertyValueSpecification","valueRequired":true,"valueName":"search_term_string"}}],"inLanguage":"en-US"}]}},"_links":{"self":[{"href":"https:\/\/sklep.strzelamyinaczej.pl\/en\/wp-json\/wp\/v2\/product\/4968","targetHints":{"allow":["GET"]}}],"collection":[{"href":"https:\/\/sklep.strzelamyinaczej.pl\/en\/wp-json\/wp\/v2\/product"}],"about":[{"href":"https:\/\/sklep.strzelamyinaczej.pl\/en\/wp-json\/wp\/v2\/types\/product"}],"wp:featuredmedia":[{"embeddable":true,"href":"https:\/\/sklep.strzelamyinaczej.pl\/en\/wp-json\/wp\/v2\/media\/4969"}],"wp:attachment":[{"href":"https:\/\/sklep.strzelamyinaczej.pl\/en\/wp-json\/wp\/v2\/media?parent=4968"}],"wp:term":[{"taxonomy":"product_brand","embeddable":true,"href":"https:\/\/sklep.strzelamyinaczej.pl\/en\/wp-json\/wp\/v2\/product_brand?post=4968"},{"taxonomy":"product_cat","embeddable":true,"href":"https:\/\/sklep.strzelamyinaczej.pl\/en\/wp-json\/wp\/v2\/product_cat?post=4968"},{"taxonomy":"product_tag","embeddable":true,"href":"https:\/\/sklep.strzelamyinaczej.pl\/en\/wp-json\/wp\/v2\/product_tag?post=4968"}],"curies":[{"name":"wp","href":"https:\/\/api.w.org\/{rel}","templated":true}]}}