{"id":4995,"date":"2026-04-11T19:20:02","date_gmt":"2026-04-11T17:20:02","guid":{"rendered":"https:\/\/sklep.strzelamyinaczej.pl\/?post_type=product&#038;p=4995"},"modified":"2026-04-12T08:50:19","modified_gmt":"2026-04-12T06:50:19","slug":"szkolenie-pierwsza-pomoc-bezpieczny-maluch","status":"publish","type":"product","link":"https:\/\/sklep.strzelamyinaczej.pl\/en\/produkt\/szkolenie-pierwsza-pomoc-bezpieczny-maluch\/","title":{"rendered":"Szkolenie &#8211; Pierwsza Pomoc &#8211; Bezpieczny Maluch (Pediatryczne BLS + AED)"},"content":{"rendered":"<p><span style=\"font-weight: 400;\">Jako rodzic doskonale wiesz, \u017ce dzieci to mali, nieprzewidywalni odkrywcy, kt\u00f3rzy nie znaj\u0105 poj\u0119cia \u201eBHP\u201d. Strach o ich bezpiecze\u0144stwo jest naturalny, ale najlepszym lekarstwem na l\u0119k jest konkretna wiedza.<\/span><\/p>\n<p><span style=\"font-weight: 400;\">To szkolenie nie zrobi z Ciebie lekarza, ale zrobi z Ciebie najwa\u017cniejszego ratownika w \u017cyciu Twojego dziecka.<\/span><\/p>\n<p>&nbsp;<\/p>\n<ol>\n<li><span style=\"font-weight: 400;\"> Czego si\u0119 nauczysz?<\/span>\n<ul>\n<li>Reanimacja dziecka ma\u0142o co r\u00f3\u017cni si\u0119 od tej u doros\u0142ych. Podczas szkolenia k\u0142adziemy nacisk na anatomi\u0119 ma\u0142ego cz\u0142owieka i najcz\u0119stsze przyczyny zagro\u017cenia \u017cycia u najm\u0142odszych.<\/li>\n<\/ul>\n<\/li>\n<\/ol>\n<p>&nbsp;<\/p>\n<table>\n<tbody>\n<tr>\n<td><span style=\"font-weight: 400;\">Modu\u0142\u00a0<\/span><\/td>\n<td><span style=\"font-weight: 400;\">Zakres wiedzy<\/span><\/td>\n<\/tr>\n<tr>\n<td><span style=\"font-weight: 400;\">Prewencja i bezpiecze\u0144stwo<\/span><\/td>\n<td><span style=\"font-weight: 400;\">Jak rozpozna\u0107, \u017ce &#8220;dzieje si\u0119 co\u015b z\u0142ego&#8221;, zanim dojdzie do zatrzymania kr\u0105\u017cenia.<\/span><\/td>\n<\/tr>\n<tr>\n<td><span style=\"font-weight: 400;\">Niemowl\u0119 vs Dziecko<\/span><\/td>\n<td><span style=\"font-weight: 400;\">R\u00f3\u017cnice w technice pomocy dla dzieci poni\u017cej i powy\u017cej 1. roku \u017cycia.<\/span><\/td>\n<\/tr>\n<tr>\n<td><span style=\"font-weight: 400;\">Resuscytacja (BLS)<\/span><\/td>\n<td><span style=\"font-weight: 400;\">Nauka schematu oddechu i uci\u015bni\u0119\u0107 klatki piersiowej.<\/span><\/td>\n<\/tr>\n<tr>\n<td><span style=\"font-weight: 400;\">Zad\u0142awienia (Zakrztuszenia)<\/span><\/td>\n<td><span style=\"font-weight: 400;\">Co robi\u0107, gdy k\u0119s jedzenia lub klocek utknie w drogach oddechowych\u00a0<\/span><\/td>\n<\/tr>\n<tr>\n<td><span style=\"font-weight: 400;\">Obs\u0142uga AED<\/span><\/td>\n<td><span style=\"font-weight: 400;\">Jak bezpiecznie u\u017cy\u0107 defibrylatora u dziecka<\/span><\/td>\n<\/tr>\n<\/tbody>\n<\/table>\n<p>&nbsp;<\/p>\n<ol start=\"2\">\n<li><span style=\"font-weight: 400;\"> Szkolenie odb\u0119dzie si\u0119:\u00a0<\/span>\n<ul>\n<li>Dnia: 23.05.2026 (sobota)<\/li>\n<li>O godzinie: 10:00 &#8211; 16:00 (z mo\u017cliwo\u015bci\u0105 przed\u0142u\u017cenia o 1-2 godzin\u0119 z powodu ilo\u015bci ludzi)<\/li>\n<li>W: Zesp\u00f3\u0142 Szkolno Przedszkolny Nr 6, Babie Do\u0142y, ulica Zielona 53, 81-197 Gdynia.<\/li>\n<\/ul>\n<\/li>\n<\/ol>\n<ol start=\"3\">\n<li><span style=\"font-weight: 400;\"> Pozosta\u0142e informacje\u00a0<\/span>\n<ul>\n<li>Ilo\u015b\u0107 minimalna: 10<\/li>\n<li>Ilo\u015b\u0107 maksymalna: 16<\/li>\n<li>Co zabra\u0107: ciuchy do pobrudzenia, co\u015b do pisania<\/li>\n<\/ul>\n<\/li>\n<\/ol>\n<p>&nbsp;<\/p>\n<p><b>Na koniec wydaj\u0119 certyfikat uko\u0144czenia kursu.<\/b><span style=\"font-weight: 400;\">\u00a0<\/span><\/p>\n<p>Szkolenie prowadzi Bart\u0142omiej Szmit \u2013 Ratownik Medyczny od 2014 roku. Od 2015 roku w systemie ratownictwa medycznego. Piel\u0119gniarz od 2024 roku. Do dnia dzisiejszego aktywny zawodowo. Absolwent kurs\u00f3w takich jak: PHTLS, ITLS, TCCC, PALS i wiele innych. Organizator zawod\u00f3w medycznych Run4Life w 2024. Hobbystycznie strzelec sportowy z broni palnej.<\/p>\n","protected":false},"excerpt":{"rendered":"<p><span style=\"font-weight: 400;\">Jako rodzic doskonale wiesz, \u017ce dzieci to mali, nieprzewidywalni odkrywcy, kt\u00f3rzy nie znaj\u0105 poj\u0119cia \u201eBHP\u201d. Strach o ich bezpiecze\u0144stwo jest naturalny, ale najlepszym lekarstwem na l\u0119k jest konkretna wiedza.<\/span><\/p>\n<p><span style=\"font-weight: 400;\">To szkolenie nie zrobi z Ciebie lekarza, ale zrobi z Ciebie najwa\u017cniejszego ratownika w \u017cyciu Twojego dziecka.<\/span><\/p>\n<p>Pytania? Odpowiemy na medyczneksi@gmail.com<\/p>\n","protected":false},"featured_media":5085,"template":"","meta":[],"product_brand":[],"product_cat":[88,97],"product_tag":[],"class_list":{"0":"post-4995","1":"product","2":"type-product","3":"status-publish","4":"has-post-thumbnail","6":"product_cat-kursy-szkolenia","7":"product_cat-kursy-pierwsza-pomoc","9":"first","10":"instock","11":"taxable","12":"shipping-taxable","13":"purchasable","14":"product-type-variable"},"yoast_head":"<!-- This site is optimized with the Yoast SEO plugin v24.7 - https:\/\/yoast.com\/wordpress\/plugins\/seo\/ -->\n<title>Szkolenie - Pierwsza Pomoc - Bezpieczny Maluch (Pediatryczne BLS + AED) - Sklep Klubu Strzelaj\u0105cych Inaczej<\/title>\n<meta name=\"robots\" content=\"index, follow, max-snippet:-1, max-image-preview:large, max-video-preview:-1\" \/>\n<link rel=\"canonical\" href=\"https:\/\/sklep.strzelamyinaczej.pl\/en\/produkt\/szkolenie-pierwsza-pomoc-bezpieczny-maluch\/\" \/>\n<meta property=\"og:locale\" content=\"en_US\" \/>\n<meta property=\"og:type\" content=\"article\" \/>\n<meta property=\"og:title\" content=\"Szkolenie - Pierwsza Pomoc - Bezpieczny Maluch (Pediatryczne BLS + AED) - Sklep Klubu Strzelaj\u0105cych Inaczej\" \/>\n<meta property=\"og:description\" content=\"Jako rodzic doskonale wiesz, \u017ce dzieci to mali, nieprzewidywalni odkrywcy, kt\u00f3rzy nie znaj\u0105 poj\u0119cia \u201eBHP\u201d. Strach o ich bezpiecze\u0144stwo jest naturalny, ale najlepszym lekarstwem na l\u0119k jest konkretna wiedza.  To szkolenie nie zrobi z Ciebie lekarza, ale zrobi z Ciebie najwa\u017cniejszego ratownika w \u017cyciu Twojego dziecka.  Pytania? Odpowiemy na medyczneksi@gmail.com\" \/>\n<meta property=\"og:url\" content=\"https:\/\/sklep.strzelamyinaczej.pl\/en\/produkt\/szkolenie-pierwsza-pomoc-bezpieczny-maluch\/\" \/>\n<meta property=\"og:site_name\" content=\"Sklep Klubu Strzelaj\u0105cych Inaczej\" \/>\n<meta property=\"article:modified_time\" content=\"2026-04-12T06:50:19+00:00\" \/>\n<meta property=\"og:image\" content=\"http:\/\/sklep.strzelamyinaczej.pl\/wp-content\/uploads\/sites\/2\/2026\/04\/szkolenie-maluch.jpg\" \/>\n\t<meta property=\"og:image:width\" content=\"1024\" \/>\n\t<meta property=\"og:image:height\" content=\"683\" \/>\n\t<meta property=\"og:image:type\" content=\"image\/jpeg\" \/>\n<meta name=\"twitter:card\" content=\"summary_large_image\" \/>\n<meta name=\"twitter:label1\" content=\"Est. reading time\" \/>\n\t<meta name=\"twitter:data1\" content=\"2 minutes\" \/>\n<script type=\"application\/ld+json\" class=\"yoast-schema-graph\">{\"@context\":\"https:\/\/schema.org\",\"@graph\":[{\"@type\":\"WebPage\",\"@id\":\"https:\/\/sklep.strzelamyinaczej.pl\/en\/produkt\/szkolenie-pierwsza-pomoc-bezpieczny-maluch\/\",\"url\":\"https:\/\/sklep.strzelamyinaczej.pl\/en\/produkt\/szkolenie-pierwsza-pomoc-bezpieczny-maluch\/\",\"name\":\"Szkolenie - Pierwsza Pomoc - Bezpieczny Maluch (Pediatryczne BLS + AED) - Sklep Klubu Strzelaj\u0105cych Inaczej\",\"isPartOf\":{\"@id\":\"https:\/\/sklep.strzelamyinaczej.pl\/en\/#website\"},\"primaryImageOfPage\":{\"@id\":\"https:\/\/sklep.strzelamyinaczej.pl\/en\/produkt\/szkolenie-pierwsza-pomoc-bezpieczny-maluch\/#primaryimage\"},\"image\":{\"@id\":\"https:\/\/sklep.strzelamyinaczej.pl\/en\/produkt\/szkolenie-pierwsza-pomoc-bezpieczny-maluch\/#primaryimage\"},\"thumbnailUrl\":\"https:\/\/sklep.strzelamyinaczej.pl\/wp-content\/uploads\/sites\/2\/2026\/04\/szkolenie-maluch.jpg\",\"datePublished\":\"2026-04-11T17:20:02+00:00\",\"dateModified\":\"2026-04-12T06:50:19+00:00\",\"breadcrumb\":{\"@id\":\"https:\/\/sklep.strzelamyinaczej.pl\/en\/produkt\/szkolenie-pierwsza-pomoc-bezpieczny-maluch\/#breadcrumb\"},\"inLanguage\":\"en-US\",\"potentialAction\":[{\"@type\":\"ReadAction\",\"target\":[\"https:\/\/sklep.strzelamyinaczej.pl\/en\/produkt\/szkolenie-pierwsza-pomoc-bezpieczny-maluch\/\"]}]},{\"@type\":\"ImageObject\",\"inLanguage\":\"en-US\",\"@id\":\"https:\/\/sklep.strzelamyinaczej.pl\/en\/produkt\/szkolenie-pierwsza-pomoc-bezpieczny-maluch\/#primaryimage\",\"url\":\"https:\/\/sklep.strzelamyinaczej.pl\/wp-content\/uploads\/sites\/2\/2026\/04\/szkolenie-maluch.jpg\",\"contentUrl\":\"https:\/\/sklep.strzelamyinaczej.pl\/wp-content\/uploads\/sites\/2\/2026\/04\/szkolenie-maluch.jpg\",\"width\":1024,\"height\":683},{\"@type\":\"BreadcrumbList\",\"@id\":\"https:\/\/sklep.strzelamyinaczej.pl\/en\/produkt\/szkolenie-pierwsza-pomoc-bezpieczny-maluch\/#breadcrumb\",\"itemListElement\":[{\"@type\":\"ListItem\",\"position\":1,\"name\":\"Strona g\u0142\u00f3wna\",\"item\":\"https:\/\/sklep.strzelamyinaczej.pl\/en\/\"},{\"@type\":\"ListItem\",\"position\":2,\"name\":\"Sklep\",\"item\":\"https:\/\/sklep.strzelamyinaczej.pl\/\"},{\"@type\":\"ListItem\",\"position\":3,\"name\":\"Szkolenie &#8211; Pierwsza Pomoc &#8211; Bezpieczny Maluch (Pediatryczne BLS + AED)\"}]},{\"@type\":\"WebSite\",\"@id\":\"https:\/\/sklep.strzelamyinaczej.pl\/en\/#website\",\"url\":\"https:\/\/sklep.strzelamyinaczej.pl\/en\/\",\"name\":\"Sklep Klubu Strzelaj\u0105cych Inaczej\",\"description\":\"\",\"potentialAction\":[{\"@type\":\"SearchAction\",\"target\":{\"@type\":\"EntryPoint\",\"urlTemplate\":\"https:\/\/sklep.strzelamyinaczej.pl\/en\/?s={search_term_string}\"},\"query-input\":{\"@type\":\"PropertyValueSpecification\",\"valueRequired\":true,\"valueName\":\"search_term_string\"}}],\"inLanguage\":\"en-US\"}]}<\/script>\n<!-- \/ Yoast SEO plugin. -->","yoast_head_json":{"title":"Szkolenie - Pierwsza Pomoc - Bezpieczny Maluch (Pediatryczne BLS + AED) - Sklep Klubu Strzelaj\u0105cych Inaczej","robots":{"index":"index","follow":"follow","max-snippet":"max-snippet:-1","max-image-preview":"max-image-preview:large","max-video-preview":"max-video-preview:-1"},"canonical":"https:\/\/sklep.strzelamyinaczej.pl\/en\/produkt\/szkolenie-pierwsza-pomoc-bezpieczny-maluch\/","og_locale":"en_US","og_type":"article","og_title":"Szkolenie - Pierwsza Pomoc - Bezpieczny Maluch (Pediatryczne BLS + AED) - Sklep Klubu Strzelaj\u0105cych Inaczej","og_description":"Jako rodzic doskonale wiesz, \u017ce dzieci to mali, nieprzewidywalni odkrywcy, kt\u00f3rzy nie znaj\u0105 poj\u0119cia \u201eBHP\u201d. Strach o ich bezpiecze\u0144stwo jest naturalny, ale najlepszym lekarstwem na l\u0119k jest konkretna wiedza.  To szkolenie nie zrobi z Ciebie lekarza, ale zrobi z Ciebie najwa\u017cniejszego ratownika w \u017cyciu Twojego dziecka.  Pytania? Odpowiemy na medyczneksi@gmail.com","og_url":"https:\/\/sklep.strzelamyinaczej.pl\/en\/produkt\/szkolenie-pierwsza-pomoc-bezpieczny-maluch\/","og_site_name":"Sklep Klubu Strzelaj\u0105cych Inaczej","article_modified_time":"2026-04-12T06:50:19+00:00","og_image":[{"width":1024,"height":683,"url":"http:\/\/sklep.strzelamyinaczej.pl\/wp-content\/uploads\/sites\/2\/2026\/04\/szkolenie-maluch.jpg","type":"image\/jpeg"}],"twitter_card":"summary_large_image","twitter_misc":{"Est. reading time":"2 minutes"},"schema":{"@context":"https:\/\/schema.org","@graph":[{"@type":"WebPage","@id":"https:\/\/sklep.strzelamyinaczej.pl\/en\/produkt\/szkolenie-pierwsza-pomoc-bezpieczny-maluch\/","url":"https:\/\/sklep.strzelamyinaczej.pl\/en\/produkt\/szkolenie-pierwsza-pomoc-bezpieczny-maluch\/","name":"Szkolenie - Pierwsza Pomoc - Bezpieczny Maluch (Pediatryczne BLS + AED) - Sklep Klubu Strzelaj\u0105cych Inaczej","isPartOf":{"@id":"https:\/\/sklep.strzelamyinaczej.pl\/en\/#website"},"primaryImageOfPage":{"@id":"https:\/\/sklep.strzelamyinaczej.pl\/en\/produkt\/szkolenie-pierwsza-pomoc-bezpieczny-maluch\/#primaryimage"},"image":{"@id":"https:\/\/sklep.strzelamyinaczej.pl\/en\/produkt\/szkolenie-pierwsza-pomoc-bezpieczny-maluch\/#primaryimage"},"thumbnailUrl":"https:\/\/sklep.strzelamyinaczej.pl\/wp-content\/uploads\/sites\/2\/2026\/04\/szkolenie-maluch.jpg","datePublished":"2026-04-11T17:20:02+00:00","dateModified":"2026-04-12T06:50:19+00:00","breadcrumb":{"@id":"https:\/\/sklep.strzelamyinaczej.pl\/en\/produkt\/szkolenie-pierwsza-pomoc-bezpieczny-maluch\/#breadcrumb"},"inLanguage":"en-US","potentialAction":[{"@type":"ReadAction","target":["https:\/\/sklep.strzelamyinaczej.pl\/en\/produkt\/szkolenie-pierwsza-pomoc-bezpieczny-maluch\/"]}]},{"@type":"ImageObject","inLanguage":"en-US","@id":"https:\/\/sklep.strzelamyinaczej.pl\/en\/produkt\/szkolenie-pierwsza-pomoc-bezpieczny-maluch\/#primaryimage","url":"https:\/\/sklep.strzelamyinaczej.pl\/wp-content\/uploads\/sites\/2\/2026\/04\/szkolenie-maluch.jpg","contentUrl":"https:\/\/sklep.strzelamyinaczej.pl\/wp-content\/uploads\/sites\/2\/2026\/04\/szkolenie-maluch.jpg","width":1024,"height":683},{"@type":"BreadcrumbList","@id":"https:\/\/sklep.strzelamyinaczej.pl\/en\/produkt\/szkolenie-pierwsza-pomoc-bezpieczny-maluch\/#breadcrumb","itemListElement":[{"@type":"ListItem","position":1,"name":"Strona g\u0142\u00f3wna","item":"https:\/\/sklep.strzelamyinaczej.pl\/en\/"},{"@type":"ListItem","position":2,"name":"Sklep","item":"https:\/\/sklep.strzelamyinaczej.pl\/"},{"@type":"ListItem","position":3,"name":"Szkolenie &#8211; Pierwsza Pomoc &#8211; Bezpieczny Maluch (Pediatryczne BLS + AED)"}]},{"@type":"WebSite","@id":"https:\/\/sklep.strzelamyinaczej.pl\/en\/#website","url":"https:\/\/sklep.strzelamyinaczej.pl\/en\/","name":"Sklep Klubu Strzelaj\u0105cych Inaczej","description":"","potentialAction":[{"@type":"SearchAction","target":{"@type":"EntryPoint","urlTemplate":"https:\/\/sklep.strzelamyinaczej.pl\/en\/?s={search_term_string}"},"query-input":{"@type":"PropertyValueSpecification","valueRequired":true,"valueName":"search_term_string"}}],"inLanguage":"en-US"}]}},"_links":{"self":[{"href":"https:\/\/sklep.strzelamyinaczej.pl\/en\/wp-json\/wp\/v2\/product\/4995","targetHints":{"allow":["GET"]}}],"collection":[{"href":"https:\/\/sklep.strzelamyinaczej.pl\/en\/wp-json\/wp\/v2\/product"}],"about":[{"href":"https:\/\/sklep.strzelamyinaczej.pl\/en\/wp-json\/wp\/v2\/types\/product"}],"wp:featuredmedia":[{"embeddable":true,"href":"https:\/\/sklep.strzelamyinaczej.pl\/en\/wp-json\/wp\/v2\/media\/5085"}],"wp:attachment":[{"href":"https:\/\/sklep.strzelamyinaczej.pl\/en\/wp-json\/wp\/v2\/media?parent=4995"}],"wp:term":[{"taxonomy":"product_brand","embeddable":true,"href":"https:\/\/sklep.strzelamyinaczej.pl\/en\/wp-json\/wp\/v2\/product_brand?post=4995"},{"taxonomy":"product_cat","embeddable":true,"href":"https:\/\/sklep.strzelamyinaczej.pl\/en\/wp-json\/wp\/v2\/product_cat?post=4995"},{"taxonomy":"product_tag","embeddable":true,"href":"https:\/\/sklep.strzelamyinaczej.pl\/en\/wp-json\/wp\/v2\/product_tag?post=4995"}],"curies":[{"name":"wp","href":"https:\/\/api.w.org\/{rel}","templated":true}]}}