{"id":5010,"date":"2026-04-11T20:22:19","date_gmt":"2026-04-11T18:22:19","guid":{"rendered":"https:\/\/sklep.strzelamyinaczej.pl\/?post_type=product&#038;p=5010"},"modified":"2026-04-12T08:42:49","modified_gmt":"2026-04-12T06:42:49","slug":"szkolenie-pierwsza-pomoc-w-sytuacjach-ekstremalnych-13-06-2026","status":"publish","type":"product","link":"https:\/\/sklep.strzelamyinaczej.pl\/en\/produkt\/szkolenie-pierwsza-pomoc-w-sytuacjach-ekstremalnych-13-06-2026\/","title":{"rendered":"Szkolenie &#8211; Pierwsza Pomoc W Sytuacjach Ekstremalnych (data:13.06.2026)"},"content":{"rendered":"<p><span style=\"font-weight: 400;\">Szkolenie: Pierwsza Pomoc \u2013 Od Zera do Bohatera (BLS + AED)<\/span><\/p>\n<p><span style=\"font-weight: 400;\">Wi\u0119kszo\u015b\u0107 ludzi boi si\u0119, \u017ce &#8220;zrobi co\u015b \u017ale&#8221;. Na tym szkoleniu udowodnimy Ci, \u017ce jedynym b\u0142\u0119dem jest brak dzia\u0142ania. Stawiamy na praktyk\u0119, lu\u017an\u0105 atmosfer\u0119 i zero nudnych wyk\u0142ad\u00f3w.<\/span><\/p>\n<p>&nbsp;<\/p>\n<ol>\n<li><span style=\"font-weight: 400;\"> Czego si\u0119 nauczysz?<\/span>\n<ul>\n<li><span style=\"font-weight: 400;\">Dowiesz si\u0119, jak dzia\u0142a\u0107 pod presj\u0105 stresu, w ha\u0142asie i emocjach. Dowiesz si\u0119, \u017ce najprostsze narz\u0119dzia i Twoje d\u0142onie to najpot\u0119\u017cniejsza bro\u0144 w walce o czyje\u015b \u017cycie. <\/span><\/li>\n<\/ul>\n<\/li>\n<\/ol>\n<table>\n<tbody>\n<tr>\n<td><span style=\"font-weight: 400;\">Modu\u0142<\/span><\/td>\n<td><span style=\"font-weight: 400;\">Zakres wiedzy\u00a0<\/span><\/td>\n<\/tr>\n<tr>\n<td><span style=\"font-weight: 400;\">Ocena \u015bwiadomo\u015bci\u00a0<\/span><\/td>\n<td><span style=\"font-weight: 400;\">Skala ACVPU &#8211; jak szybko i sprawnie oceni\u0107 stan \u015bwiadomo\u015bci pacjenta\u00a0<\/span><\/td>\n<\/tr>\n<tr>\n<td><span style=\"font-weight: 400;\">Protok\u00f3\u0142 MARCHE, MIST, SAMPLE<\/span><\/td>\n<td><span style=\"font-weight: 400;\">Jak poprawnie zareagowa\u0107 na stan pacjenta, okre\u015bli\u0107 priorytety i reagowa\u0107 na zagro\u017cenie. Jak przekaza\u0107 pacjenta dalej s\u0142u\u017cbom.<\/span><\/td>\n<\/tr>\n<tr>\n<td><span style=\"font-weight: 400;\">Wypadki<\/span><\/td>\n<td><span style=\"font-weight: 400;\">Jak reagowa\u0107 na mnogi i masowy wypadek. Jak zdecydowa\u0107 i nada\u0107 priorytet poszkodowanemu.\u00a0<\/span><\/td>\n<\/tr>\n<tr>\n<td><span style=\"font-weight: 400;\">Stany krytyczne\u00a0<\/span><\/td>\n<td><span style=\"font-weight: 400;\">Jak oceni\u0107 stany krytyczne u pacjenta i zapobiega\u0107 dalszemu pogorszeniu.<\/span><\/td>\n<\/tr>\n<\/tbody>\n<\/table>\n<ol start=\"2\">\n<li><span style=\"font-weight: 400;\"> Szkolenie odb\u0119dzie si\u0119:\u00a0<\/span>\n<ul>\n<li>Dnia: 13.06.2026 (sobota)<\/li>\n<li><span style=\"font-weight: 400;\">O godzinie: 10:00 \u2013 18:00 (z mo\u017cliwo\u015bci\u0105 przed\u0142u\u017cenia o 1-2 godzin\u0119 z powodu ilo\u015bci ludzi)<\/span><\/li>\n<li>W: Zesp\u00f3\u0142 Szkolno Przedszkolny Nr 6, Babie Do\u0142y, ulica Zielona 53, 81-197 Gdynia.<\/li>\n<\/ul>\n<\/li>\n<\/ol>\n<ol start=\"3\">\n<li><span style=\"font-weight: 400;\"> Pozosta\u0142e informacje\u00a0<\/span>\n<ul>\n<li>Ilo\u015b\u0107 minimalna: 10<\/li>\n<li>Ilo\u015b\u0107 maksymalna: 16<\/li>\n<li>Co zabra\u0107: ciuchy do pobrudzenia, co\u015b do pisania<\/li>\n<\/ul>\n<\/li>\n<\/ol>\n<p>&nbsp;<\/p>\n<p><b>Na koniec wydaj\u0119 certyfikat uko\u0144czenia kursu.<\/b><span style=\"font-weight: 400;\">\u00a0<\/span><\/p>\n<p>Szkolenie prowadzi Bart\u0142omiej Szmit \u2013 Ratownik Medyczny od 2014 roku. Od 2015 roku w systemie ratownictwa medycznego. Piel\u0119gniarz od 2024 roku. Do dnia dzisiejszego aktywny zawodowo. Absolwent kurs\u00f3w takich jak: PHTLS, ITLS, TCCC, PALS i wiele innych. Organizator zawod\u00f3w medycznych Run4Life w 2024. Hobbystycznie strzelec sportowy z broni palnej.<\/p>\n","protected":false},"excerpt":{"rendered":"<p><span style=\"font-weight: 400;\">To nie jest kolejny kurs o naklejaniu plastr\u00f3w. To praktyczne warsztaty przetrwania, podczas kt\u00f3rych nauczysz si\u0119, jak opanowa\u0107 chaos i uratowa\u0107 cz\u0142owieka w najtrudniejszych pierwszych minutach po wypadku, zanim nadjedzie karetka.<\/span><\/p>\n<p>Pytania? Odpowiemy na medyczneksi@gmail.com<\/p>\n","protected":false},"featured_media":568,"template":"","meta":[],"product_brand":[],"product_cat":[88,97],"product_tag":[],"class_list":{"0":"post-5010","1":"product","2":"type-product","3":"status-publish","4":"has-post-thumbnail","6":"product_cat-kursy-szkolenia","7":"product_cat-kursy-pierwsza-pomoc","9":"first","10":"instock","11":"taxable","12":"shipping-taxable","13":"purchasable","14":"product-type-variable"},"yoast_head":"<!-- This site is optimized with the Yoast SEO plugin v24.7 - https:\/\/yoast.com\/wordpress\/plugins\/seo\/ -->\n<title>Szkolenie - Pierwsza Pomoc W Sytuacjach Ekstremalnych (data:13.06.2026) - Sklep Klubu Strzelaj\u0105cych Inaczej<\/title>\n<meta name=\"robots\" content=\"index, follow, max-snippet:-1, max-image-preview:large, max-video-preview:-1\" \/>\n<link rel=\"canonical\" href=\"https:\/\/sklep.strzelamyinaczej.pl\/en\/produkt\/szkolenie-pierwsza-pomoc-w-sytuacjach-ekstremalnych-13-06-2026\/\" \/>\n<meta property=\"og:locale\" content=\"en_US\" \/>\n<meta property=\"og:type\" content=\"article\" \/>\n<meta property=\"og:title\" content=\"Szkolenie - Pierwsza Pomoc W Sytuacjach Ekstremalnych (data:13.06.2026) - Sklep Klubu Strzelaj\u0105cych Inaczej\" \/>\n<meta property=\"og:description\" content=\"To nie jest kolejny kurs o naklejaniu plastr\u00f3w. To praktyczne warsztaty przetrwania, podczas kt\u00f3rych nauczysz si\u0119, jak opanowa\u0107 chaos i uratowa\u0107 cz\u0142owieka w najtrudniejszych pierwszych minutach po wypadku, zanim nadjedzie karetka.  Pytania? Odpowiemy na medyczneksi@gmail.com\" \/>\n<meta property=\"og:url\" content=\"https:\/\/sklep.strzelamyinaczej.pl\/en\/produkt\/szkolenie-pierwsza-pomoc-w-sytuacjach-ekstremalnych-13-06-2026\/\" \/>\n<meta property=\"og:site_name\" content=\"Sklep Klubu Strzelaj\u0105cych Inaczej\" \/>\n<meta property=\"article:modified_time\" content=\"2026-04-12T06:42:49+00:00\" \/>\n<meta property=\"og:image\" content=\"http:\/\/sklep.strzelamyinaczej.pl\/wp-content\/uploads\/sites\/2\/2025\/02\/med-IMG_0182-768x512-1.jpg\" \/>\n\t<meta property=\"og:image:width\" content=\"768\" \/>\n\t<meta property=\"og:image:height\" content=\"512\" \/>\n\t<meta property=\"og:image:type\" content=\"image\/jpeg\" \/>\n<meta name=\"twitter:card\" content=\"summary_large_image\" \/>\n<meta name=\"twitter:label1\" content=\"Est. reading time\" \/>\n\t<meta name=\"twitter:data1\" content=\"2 minutes\" \/>\n<script type=\"application\/ld+json\" class=\"yoast-schema-graph\">{\"@context\":\"https:\/\/schema.org\",\"@graph\":[{\"@type\":\"WebPage\",\"@id\":\"https:\/\/sklep.strzelamyinaczej.pl\/en\/produkt\/szkolenie-pierwsza-pomoc-w-sytuacjach-ekstremalnych-13-06-2026\/\",\"url\":\"https:\/\/sklep.strzelamyinaczej.pl\/en\/produkt\/szkolenie-pierwsza-pomoc-w-sytuacjach-ekstremalnych-13-06-2026\/\",\"name\":\"Szkolenie - Pierwsza Pomoc W Sytuacjach Ekstremalnych (data:13.06.2026) - Sklep Klubu Strzelaj\u0105cych Inaczej\",\"isPartOf\":{\"@id\":\"https:\/\/sklep.strzelamyinaczej.pl\/en\/#website\"},\"primaryImageOfPage\":{\"@id\":\"https:\/\/sklep.strzelamyinaczej.pl\/en\/produkt\/szkolenie-pierwsza-pomoc-w-sytuacjach-ekstremalnych-13-06-2026\/#primaryimage\"},\"image\":{\"@id\":\"https:\/\/sklep.strzelamyinaczej.pl\/en\/produkt\/szkolenie-pierwsza-pomoc-w-sytuacjach-ekstremalnych-13-06-2026\/#primaryimage\"},\"thumbnailUrl\":\"https:\/\/sklep.strzelamyinaczej.pl\/wp-content\/uploads\/sites\/2\/2025\/02\/med-IMG_0182-768x512-1.jpg\",\"datePublished\":\"2026-04-11T18:22:19+00:00\",\"dateModified\":\"2026-04-12T06:42:49+00:00\",\"breadcrumb\":{\"@id\":\"https:\/\/sklep.strzelamyinaczej.pl\/en\/produkt\/szkolenie-pierwsza-pomoc-w-sytuacjach-ekstremalnych-13-06-2026\/#breadcrumb\"},\"inLanguage\":\"en-US\",\"potentialAction\":[{\"@type\":\"ReadAction\",\"target\":[\"https:\/\/sklep.strzelamyinaczej.pl\/en\/produkt\/szkolenie-pierwsza-pomoc-w-sytuacjach-ekstremalnych-13-06-2026\/\"]}]},{\"@type\":\"ImageObject\",\"inLanguage\":\"en-US\",\"@id\":\"https:\/\/sklep.strzelamyinaczej.pl\/en\/produkt\/szkolenie-pierwsza-pomoc-w-sytuacjach-ekstremalnych-13-06-2026\/#primaryimage\",\"url\":\"https:\/\/sklep.strzelamyinaczej.pl\/wp-content\/uploads\/sites\/2\/2025\/02\/med-IMG_0182-768x512-1.jpg\",\"contentUrl\":\"https:\/\/sklep.strzelamyinaczej.pl\/wp-content\/uploads\/sites\/2\/2025\/02\/med-IMG_0182-768x512-1.jpg\",\"width\":768,\"height\":512},{\"@type\":\"BreadcrumbList\",\"@id\":\"https:\/\/sklep.strzelamyinaczej.pl\/en\/produkt\/szkolenie-pierwsza-pomoc-w-sytuacjach-ekstremalnych-13-06-2026\/#breadcrumb\",\"itemListElement\":[{\"@type\":\"ListItem\",\"position\":1,\"name\":\"Strona g\u0142\u00f3wna\",\"item\":\"https:\/\/sklep.strzelamyinaczej.pl\/en\/\"},{\"@type\":\"ListItem\",\"position\":2,\"name\":\"Sklep\",\"item\":\"https:\/\/sklep.strzelamyinaczej.pl\/\"},{\"@type\":\"ListItem\",\"position\":3,\"name\":\"Szkolenie &#8211; Pierwsza Pomoc W Sytuacjach Ekstremalnych (data:13.06.2026)\"}]},{\"@type\":\"WebSite\",\"@id\":\"https:\/\/sklep.strzelamyinaczej.pl\/en\/#website\",\"url\":\"https:\/\/sklep.strzelamyinaczej.pl\/en\/\",\"name\":\"Sklep Klubu Strzelaj\u0105cych Inaczej\",\"description\":\"\",\"potentialAction\":[{\"@type\":\"SearchAction\",\"target\":{\"@type\":\"EntryPoint\",\"urlTemplate\":\"https:\/\/sklep.strzelamyinaczej.pl\/en\/?s={search_term_string}\"},\"query-input\":{\"@type\":\"PropertyValueSpecification\",\"valueRequired\":true,\"valueName\":\"search_term_string\"}}],\"inLanguage\":\"en-US\"}]}<\/script>\n<!-- \/ Yoast SEO plugin. -->","yoast_head_json":{"title":"Szkolenie - Pierwsza Pomoc W Sytuacjach Ekstremalnych (data:13.06.2026) - Sklep Klubu Strzelaj\u0105cych Inaczej","robots":{"index":"index","follow":"follow","max-snippet":"max-snippet:-1","max-image-preview":"max-image-preview:large","max-video-preview":"max-video-preview:-1"},"canonical":"https:\/\/sklep.strzelamyinaczej.pl\/en\/produkt\/szkolenie-pierwsza-pomoc-w-sytuacjach-ekstremalnych-13-06-2026\/","og_locale":"en_US","og_type":"article","og_title":"Szkolenie - Pierwsza Pomoc W Sytuacjach Ekstremalnych (data:13.06.2026) - Sklep Klubu Strzelaj\u0105cych Inaczej","og_description":"To nie jest kolejny kurs o naklejaniu plastr\u00f3w. To praktyczne warsztaty przetrwania, podczas kt\u00f3rych nauczysz si\u0119, jak opanowa\u0107 chaos i uratowa\u0107 cz\u0142owieka w najtrudniejszych pierwszych minutach po wypadku, zanim nadjedzie karetka.  Pytania? Odpowiemy na medyczneksi@gmail.com","og_url":"https:\/\/sklep.strzelamyinaczej.pl\/en\/produkt\/szkolenie-pierwsza-pomoc-w-sytuacjach-ekstremalnych-13-06-2026\/","og_site_name":"Sklep Klubu Strzelaj\u0105cych Inaczej","article_modified_time":"2026-04-12T06:42:49+00:00","og_image":[{"width":768,"height":512,"url":"http:\/\/sklep.strzelamyinaczej.pl\/wp-content\/uploads\/sites\/2\/2025\/02\/med-IMG_0182-768x512-1.jpg","type":"image\/jpeg"}],"twitter_card":"summary_large_image","twitter_misc":{"Est. reading time":"2 minutes"},"schema":{"@context":"https:\/\/schema.org","@graph":[{"@type":"WebPage","@id":"https:\/\/sklep.strzelamyinaczej.pl\/en\/produkt\/szkolenie-pierwsza-pomoc-w-sytuacjach-ekstremalnych-13-06-2026\/","url":"https:\/\/sklep.strzelamyinaczej.pl\/en\/produkt\/szkolenie-pierwsza-pomoc-w-sytuacjach-ekstremalnych-13-06-2026\/","name":"Szkolenie - Pierwsza Pomoc W Sytuacjach Ekstremalnych (data:13.06.2026) - Sklep Klubu Strzelaj\u0105cych Inaczej","isPartOf":{"@id":"https:\/\/sklep.strzelamyinaczej.pl\/en\/#website"},"primaryImageOfPage":{"@id":"https:\/\/sklep.strzelamyinaczej.pl\/en\/produkt\/szkolenie-pierwsza-pomoc-w-sytuacjach-ekstremalnych-13-06-2026\/#primaryimage"},"image":{"@id":"https:\/\/sklep.strzelamyinaczej.pl\/en\/produkt\/szkolenie-pierwsza-pomoc-w-sytuacjach-ekstremalnych-13-06-2026\/#primaryimage"},"thumbnailUrl":"https:\/\/sklep.strzelamyinaczej.pl\/wp-content\/uploads\/sites\/2\/2025\/02\/med-IMG_0182-768x512-1.jpg","datePublished":"2026-04-11T18:22:19+00:00","dateModified":"2026-04-12T06:42:49+00:00","breadcrumb":{"@id":"https:\/\/sklep.strzelamyinaczej.pl\/en\/produkt\/szkolenie-pierwsza-pomoc-w-sytuacjach-ekstremalnych-13-06-2026\/#breadcrumb"},"inLanguage":"en-US","potentialAction":[{"@type":"ReadAction","target":["https:\/\/sklep.strzelamyinaczej.pl\/en\/produkt\/szkolenie-pierwsza-pomoc-w-sytuacjach-ekstremalnych-13-06-2026\/"]}]},{"@type":"ImageObject","inLanguage":"en-US","@id":"https:\/\/sklep.strzelamyinaczej.pl\/en\/produkt\/szkolenie-pierwsza-pomoc-w-sytuacjach-ekstremalnych-13-06-2026\/#primaryimage","url":"https:\/\/sklep.strzelamyinaczej.pl\/wp-content\/uploads\/sites\/2\/2025\/02\/med-IMG_0182-768x512-1.jpg","contentUrl":"https:\/\/sklep.strzelamyinaczej.pl\/wp-content\/uploads\/sites\/2\/2025\/02\/med-IMG_0182-768x512-1.jpg","width":768,"height":512},{"@type":"BreadcrumbList","@id":"https:\/\/sklep.strzelamyinaczej.pl\/en\/produkt\/szkolenie-pierwsza-pomoc-w-sytuacjach-ekstremalnych-13-06-2026\/#breadcrumb","itemListElement":[{"@type":"ListItem","position":1,"name":"Strona g\u0142\u00f3wna","item":"https:\/\/sklep.strzelamyinaczej.pl\/en\/"},{"@type":"ListItem","position":2,"name":"Sklep","item":"https:\/\/sklep.strzelamyinaczej.pl\/"},{"@type":"ListItem","position":3,"name":"Szkolenie &#8211; Pierwsza Pomoc W Sytuacjach Ekstremalnych (data:13.06.2026)"}]},{"@type":"WebSite","@id":"https:\/\/sklep.strzelamyinaczej.pl\/en\/#website","url":"https:\/\/sklep.strzelamyinaczej.pl\/en\/","name":"Sklep Klubu Strzelaj\u0105cych Inaczej","description":"","potentialAction":[{"@type":"SearchAction","target":{"@type":"EntryPoint","urlTemplate":"https:\/\/sklep.strzelamyinaczej.pl\/en\/?s={search_term_string}"},"query-input":{"@type":"PropertyValueSpecification","valueRequired":true,"valueName":"search_term_string"}}],"inLanguage":"en-US"}]}},"_links":{"self":[{"href":"https:\/\/sklep.strzelamyinaczej.pl\/en\/wp-json\/wp\/v2\/product\/5010","targetHints":{"allow":["GET"]}}],"collection":[{"href":"https:\/\/sklep.strzelamyinaczej.pl\/en\/wp-json\/wp\/v2\/product"}],"about":[{"href":"https:\/\/sklep.strzelamyinaczej.pl\/en\/wp-json\/wp\/v2\/types\/product"}],"wp:featuredmedia":[{"embeddable":true,"href":"https:\/\/sklep.strzelamyinaczej.pl\/en\/wp-json\/wp\/v2\/media\/568"}],"wp:attachment":[{"href":"https:\/\/sklep.strzelamyinaczej.pl\/en\/wp-json\/wp\/v2\/media?parent=5010"}],"wp:term":[{"taxonomy":"product_brand","embeddable":true,"href":"https:\/\/sklep.strzelamyinaczej.pl\/en\/wp-json\/wp\/v2\/product_brand?post=5010"},{"taxonomy":"product_cat","embeddable":true,"href":"https:\/\/sklep.strzelamyinaczej.pl\/en\/wp-json\/wp\/v2\/product_cat?post=5010"},{"taxonomy":"product_tag","embeddable":true,"href":"https:\/\/sklep.strzelamyinaczej.pl\/en\/wp-json\/wp\/v2\/product_tag?post=5010"}],"curies":[{"name":"wp","href":"https:\/\/api.w.org\/{rel}","templated":true}]}}