{"id":564,"date":"2025-02-18T13:19:25","date_gmt":"2025-02-18T12:19:25","guid":{"rendered":"https:\/\/sklep.strzelamyinaczej.pl\/?post_type=product&#038;p=564"},"modified":"2025-03-31T20:24:38","modified_gmt":"2025-03-31T18:24:38","slug":"szkolenie-z-pierwszej-pomocy","status":"publish","type":"product","link":"https:\/\/sklep.strzelamyinaczej.pl\/en\/produkt\/szkolenie-z-pierwszej-pomocy\/","title":{"rendered":"Szkolenie z pierwszej pomocy"},"content":{"rendered":"<p><span style=\"font-weight: 400\">Kurs pierwszej pomocy BLS z elementami protoko\u0142u MARCHE to specjalistyczne szkolenie, kt\u00f3re \u0142\u0105czy w sobie podstawowe umiej\u0119tno\u015bci ratunkowe z wiedz\u0105 i technikami stosowanymi w warunkach bojowych. Protok\u00f3\u0142 MARCHE to schemat post\u0119powania i ustalania priorytet\u00f3w podczas udzielania pierwszej pomocy, kt\u00f3ry jest kluczowy w medycynie pola walki.<\/span><\/p>\n<p><b>Cz\u0119\u015b\u0107 og\u00f3lna kursu pierwszej pomocy BLS:<\/b><\/p>\n<p><span style=\"font-weight: 400\">W ramach kursu uczestnicy zdobywaj\u0105 wiedz\u0119 i umiej\u0119tno\u015bci z zakresu:<\/span><\/p>\n<ul>\n<li style=\"font-weight: 400\"><b>Ocena stanu poszkodowanego,<\/b><\/li>\n<li style=\"font-weight: 400\"><b>Wezwanie pomocy,<\/b><\/li>\n<li style=\"font-weight: 400\"><b>Resuscytacja kr\u0105\u017ceniowo-oddechowa (RKO),<\/b><\/li>\n<li style=\"font-weight: 400\"><b>U\u017cycie automatycznego defibrylatora zewn\u0119trznego (AED),<\/b><\/li>\n<li style=\"font-weight: 400\"><b>Post\u0119powanie w przypadku zad\u0142awienia,<\/b><\/li>\n<\/ul>\n<p><b>Protok\u00f3\u0142 MARCHE:<\/b><\/p>\n<p><span style=\"font-weight: 400\">Protok\u00f3\u0142 MARCHE to akronim, kt\u00f3ry oznacza kolejne etapy post\u0119powania w przypadku udzielania pierwszej pomocy w warunkach bojowych:<\/span><\/p>\n<ul>\n<li style=\"font-weight: 400\"><b>M (Massive bleeding):<\/b><span style=\"font-weight: 400\"> Masowe krwotoki<\/span><\/li>\n<li style=\"font-weight: 400\"><b>A (Airway):<\/b><span style=\"font-weight: 400\"> Drogi oddechowe\u00a0<\/span><\/li>\n<li style=\"font-weight: 400\"><b>R (Respiratory):<\/b><span style=\"font-weight: 400\"> Oddech<\/span><\/li>\n<li style=\"font-weight: 400\"><b>C (Circulation):<\/b><span style=\"font-weight: 400\"> Kr\u0105\u017cenie<\/span><\/li>\n<li style=\"font-weight: 400\"><b>H (Hypothermia\/Head):<\/b><span style=\"font-weight: 400\"> Hipotermia\/ obra\u017cenia g\u0142owy<\/span><\/li>\n<li style=\"font-weight: 400\"><b>E (Everything else\/evacuation):<\/b><span style=\"font-weight: 400\"> Inne\/ewakuacja<\/span><\/li>\n<\/ul>\n<p><b>Korzy\u015bci z kursu:<\/b><\/p>\n<p><span style=\"font-weight: 400\">Uko\u0144czenie kursu pierwszej pomocy BLS z protoko\u0142em MARCHE daje uczestnikom wiedz\u0119 i umiej\u0119tno\u015bci niezb\u0119dne do udzielania skutecznej pomocy w sytuacjach zagro\u017cenia \u017cycia nie tylko w warunkach bojowych. \u015awiat pokazuje, \u017ce nie musimy by\u0107 namacalnymi \u015bwiadkami wojny by musie\u0107 szybko podajmowa\u0107 decyzje co do udzielenia pierwszej pomocy.<\/span><\/p>\n<p><b>MIEJSCE SZKOLENIA:<\/b><span style=\"font-weight: 400\"><br \/>\n<\/span><span style=\"font-weight: 400\">ul. Hutnicza 12, Gdynia ( <\/span><a href=\"https:\/\/maps.app.goo.gl\/vYCj5RHoRSU5ZNg58\"><span style=\"font-weight: 400\"><strong>https:\/\/maps.app.goo.gl\/vYCj5RHoRSU5ZNg58<\/strong><\/span><\/a><span style=\"font-weight: 400\"> )<\/span><span style=\"font-weight: 400\"><br \/>\n<\/span><b>CZAS SZKOLENIA:<\/b><span style=\"font-weight: 400\"><br \/>\n<\/span><span style=\"font-weight: 400\">8 godzin<\/span><\/p>\n<p>Od 09:00 do 17:00 (w zale\u017cno\u015bci od ilo\u015bci kursant\u00f3w mo\u017cliwe, \u017ce zako\u0144czy si\u0119 szybciej.)<\/p>\n<p><b>OP\u0141ATY:<\/b><\/p>\n<p><span style=\"font-weight: 400\">Koszt dla klubowicza KSI: 450 z\u0142<\/span><\/p>\n<p><span style=\"font-weight: 400\">Koszt dla os\u00f3b spoza klubu &#8211; 550 z\u0142<\/span><span style=\"font-weight: 400\"><br \/>\n<\/span><b>MINIMALNA I MAKSYMALNA ILO\u015a\u0106 OS\u00d3B NA SZKOLENIU:<\/b><span style=\"font-weight: 400\"><br \/>\n<\/span><span style=\"font-weight: 400\">Minimalna ilo\u015b\u0107 os\u00f3b na szkoleniu: 10 osoby<\/span><span style=\"font-weight: 400\"><br \/>\n<\/span><span style=\"font-weight: 400\">Maksymalna ilo\u015b\u0107 os\u00f3b na szkoleniu: 18 os\u00f3b<\/span><span style=\"font-weight: 400\"><br \/>\n<\/span><b>NIEZB\u0118DNY SPRZ\u0118T NA SZKOLENIE:<\/b><span style=\"font-weight: 400\"><br \/>\n<\/span><span style=\"font-weight: 400\">Sprz\u0119t i \u015brodki potrzebne na szkolenie:<\/span><span style=\"font-weight: 400\"><br \/>\n<\/span><span style=\"font-weight: 400\">\u2013 ubierz si\u0119 w ciuchy, kt\u00f3re mo\u017cesz pobrudzi\u0107<\/span><span style=\"font-weight: 400\"><br \/>\n<\/span><span style=\"font-weight: 400\">\u2013 co\u015b do notowania<\/span><span style=\"font-weight: 400\"><br \/>\n<\/span><b>ZG\u0141OSZENIA:<\/b><span style=\"font-weight: 400\"><br \/>\n<\/span><span style=\"font-weight: 400\">Poprzez zakup kursu w naszym sklepie<\/span><\/p>\n<p><strong>Formularz kontaktowy (\u00a0 \u00a0 \u00a0 <a href=\"https:\/\/forms.gle\/3Q5ZyG93z46YUEpx9\">https:\/\/forms.gle\/3Q5ZyG93z46YUEpx9<\/a>\u00a0 \u00a0)<\/strong><\/p>\n<p><b>INSTRUKTORZY:<\/b><span style=\"font-weight: 400\"><br \/>\n<\/span><span style=\"font-weight: 400\">Szymon Pustelak &#8211; Ratownik Medyczny od 2021 roku w systemie ratownictwa medycznego. Instruktor pierwszej pomocy, absolwent kurs\u00f3w TC3 NAEMT, ratownik WOPR. Organizator zawod\u00f3w medycznych Run4Life w 2024r.\u00a0<\/span><\/p>\n<p><span style=\"font-weight: 400\">Bart\u0142omiej Szmit &#8211; Ratownik Medyczny od 2014 roku. Od 2015 roku w systemie ratownictwa medycznego. Piel\u0119gniarz od 2024 roku. Do dnia dzisiejszego aktywny zawodowo. Absolwent kurs\u00f3w takich jak: PHTLS, ITLS, TCCC, PALS i wiele innych. Organizator zawod\u00f3w medycznych Run4Life w 2024. Hobbystycznie strzelec sportowy z broni palnej.\u00a0<\/span><\/p>\n","protected":false},"excerpt":{"rendered":"<p>Uko\u0144czenie kursu pierwszej pomocy BLS z protoko\u0142em MARCHE daje uczestnikom wiedz\u0119 i umiej\u0119tno\u015bci niezb\u0119dne do udzielania skutecznej pomocy w sytuacjach zagro\u017cenia \u017cycia nie tylko w warunkach bojowych. \u015awiat pokazuje, \u017ce nie musimy by\u0107 namacalnymi \u015bwiadkami wojny by m\u00f3c szybko podejmowa\u0107 decyzje co do udzielenia pierwszej pomocy.<\/p>\n<p>Pytania? Odpowiemy na medyczneksi@gmail.com<\/p>\n","protected":false},"featured_media":568,"template":"","meta":[],"product_brand":[],"product_cat":[16,88],"product_tag":[],"class_list":{"0":"post-564","1":"product","2":"type-product","3":"status-publish","4":"has-post-thumbnail","6":"product_cat-bez-kategorii","7":"product_cat-kursy-szkolenia","9":"first","10":"instock","11":"taxable","12":"shipping-taxable","13":"purchasable","14":"product-type-variable"},"yoast_head":"<!-- This site is optimized with the Yoast SEO plugin v24.7 - https:\/\/yoast.com\/wordpress\/plugins\/seo\/ -->\n<title>Szkolenie z pierwszej pomocy - Sklep Klubu Strzelaj\u0105cych Inaczej<\/title>\n<meta name=\"robots\" content=\"index, follow, max-snippet:-1, max-image-preview:large, max-video-preview:-1\" \/>\n<link rel=\"canonical\" href=\"https:\/\/sklep.strzelamyinaczej.pl\/en\/produkt\/szkolenie-z-pierwszej-pomocy\/\" \/>\n<meta property=\"og:locale\" content=\"en_US\" \/>\n<meta property=\"og:type\" content=\"article\" \/>\n<meta property=\"og:title\" content=\"Szkolenie z pierwszej pomocy - Sklep Klubu Strzelaj\u0105cych Inaczej\" \/>\n<meta property=\"og:description\" content=\"Uko\u0144czenie kursu pierwszej pomocy BLS z protoko\u0142em MARCHE daje uczestnikom wiedz\u0119 i umiej\u0119tno\u015bci niezb\u0119dne do udzielania skutecznej pomocy w sytuacjach zagro\u017cenia \u017cycia nie tylko w warunkach bojowych. \u015awiat pokazuje, \u017ce nie musimy by\u0107 namacalnymi \u015bwiadkami wojny by m\u00f3c szybko podejmowa\u0107 decyzje co do udzielenia pierwszej pomocy.  Pytania? Odpowiemy na medyczneksi@gmail.com\" \/>\n<meta property=\"og:url\" content=\"https:\/\/sklep.strzelamyinaczej.pl\/en\/produkt\/szkolenie-z-pierwszej-pomocy\/\" \/>\n<meta property=\"og:site_name\" content=\"Sklep Klubu Strzelaj\u0105cych Inaczej\" \/>\n<meta property=\"article:modified_time\" content=\"2025-03-31T18:24:38+00:00\" \/>\n<meta property=\"og:image\" content=\"https:\/\/sklep.strzelamyinaczej.pl\/wp-content\/uploads\/sites\/2\/2025\/02\/med-IMG_0182-768x512-1.jpg\" \/>\n\t<meta property=\"og:image:width\" content=\"768\" \/>\n\t<meta property=\"og:image:height\" content=\"512\" \/>\n\t<meta property=\"og:image:type\" content=\"image\/jpeg\" \/>\n<meta name=\"twitter:card\" content=\"summary_large_image\" \/>\n<meta name=\"twitter:label1\" content=\"Est. reading time\" \/>\n\t<meta name=\"twitter:data1\" content=\"3 minutes\" \/>\n<script type=\"application\/ld+json\" class=\"yoast-schema-graph\">{\"@context\":\"https:\/\/schema.org\",\"@graph\":[{\"@type\":\"WebPage\",\"@id\":\"https:\/\/sklep.strzelamyinaczej.pl\/en\/produkt\/szkolenie-z-pierwszej-pomocy\/\",\"url\":\"https:\/\/sklep.strzelamyinaczej.pl\/en\/produkt\/szkolenie-z-pierwszej-pomocy\/\",\"name\":\"Szkolenie z pierwszej pomocy - Sklep Klubu Strzelaj\u0105cych Inaczej\",\"isPartOf\":{\"@id\":\"https:\/\/sklep.strzelamyinaczej.pl\/en\/#website\"},\"primaryImageOfPage\":{\"@id\":\"https:\/\/sklep.strzelamyinaczej.pl\/en\/produkt\/szkolenie-z-pierwszej-pomocy\/#primaryimage\"},\"image\":{\"@id\":\"https:\/\/sklep.strzelamyinaczej.pl\/en\/produkt\/szkolenie-z-pierwszej-pomocy\/#primaryimage\"},\"thumbnailUrl\":\"https:\/\/sklep.strzelamyinaczej.pl\/wp-content\/uploads\/sites\/2\/2025\/02\/med-IMG_0182-768x512-1.jpg\",\"datePublished\":\"2025-02-18T12:19:25+00:00\",\"dateModified\":\"2025-03-31T18:24:38+00:00\",\"breadcrumb\":{\"@id\":\"https:\/\/sklep.strzelamyinaczej.pl\/en\/produkt\/szkolenie-z-pierwszej-pomocy\/#breadcrumb\"},\"inLanguage\":\"en-US\",\"potentialAction\":[{\"@type\":\"ReadAction\",\"target\":[\"https:\/\/sklep.strzelamyinaczej.pl\/en\/produkt\/szkolenie-z-pierwszej-pomocy\/\"]}]},{\"@type\":\"ImageObject\",\"inLanguage\":\"en-US\",\"@id\":\"https:\/\/sklep.strzelamyinaczej.pl\/en\/produkt\/szkolenie-z-pierwszej-pomocy\/#primaryimage\",\"url\":\"https:\/\/sklep.strzelamyinaczej.pl\/wp-content\/uploads\/sites\/2\/2025\/02\/med-IMG_0182-768x512-1.jpg\",\"contentUrl\":\"https:\/\/sklep.strzelamyinaczej.pl\/wp-content\/uploads\/sites\/2\/2025\/02\/med-IMG_0182-768x512-1.jpg\",\"width\":768,\"height\":512},{\"@type\":\"BreadcrumbList\",\"@id\":\"https:\/\/sklep.strzelamyinaczej.pl\/en\/produkt\/szkolenie-z-pierwszej-pomocy\/#breadcrumb\",\"itemListElement\":[{\"@type\":\"ListItem\",\"position\":1,\"name\":\"Strona g\u0142\u00f3wna\",\"item\":\"https:\/\/sklep.strzelamyinaczej.pl\/en\/\"},{\"@type\":\"ListItem\",\"position\":2,\"name\":\"Sklep\",\"item\":\"https:\/\/sklep.strzelamyinaczej.pl\/\"},{\"@type\":\"ListItem\",\"position\":3,\"name\":\"Szkolenie z pierwszej pomocy\"}]},{\"@type\":\"WebSite\",\"@id\":\"https:\/\/sklep.strzelamyinaczej.pl\/en\/#website\",\"url\":\"https:\/\/sklep.strzelamyinaczej.pl\/en\/\",\"name\":\"Sklep Klubu Strzelaj\u0105cych Inaczej\",\"description\":\"\",\"potentialAction\":[{\"@type\":\"SearchAction\",\"target\":{\"@type\":\"EntryPoint\",\"urlTemplate\":\"https:\/\/sklep.strzelamyinaczej.pl\/en\/?s={search_term_string}\"},\"query-input\":{\"@type\":\"PropertyValueSpecification\",\"valueRequired\":true,\"valueName\":\"search_term_string\"}}],\"inLanguage\":\"en-US\"}]}<\/script>\n<!-- \/ Yoast SEO plugin. -->","yoast_head_json":{"title":"Szkolenie z pierwszej pomocy - Sklep Klubu Strzelaj\u0105cych Inaczej","robots":{"index":"index","follow":"follow","max-snippet":"max-snippet:-1","max-image-preview":"max-image-preview:large","max-video-preview":"max-video-preview:-1"},"canonical":"https:\/\/sklep.strzelamyinaczej.pl\/en\/produkt\/szkolenie-z-pierwszej-pomocy\/","og_locale":"en_US","og_type":"article","og_title":"Szkolenie z pierwszej pomocy - Sklep Klubu Strzelaj\u0105cych Inaczej","og_description":"Uko\u0144czenie kursu pierwszej pomocy BLS z protoko\u0142em MARCHE daje uczestnikom wiedz\u0119 i umiej\u0119tno\u015bci niezb\u0119dne do udzielania skutecznej pomocy w sytuacjach zagro\u017cenia \u017cycia nie tylko w warunkach bojowych. \u015awiat pokazuje, \u017ce nie musimy by\u0107 namacalnymi \u015bwiadkami wojny by m\u00f3c szybko podejmowa\u0107 decyzje co do udzielenia pierwszej pomocy.  Pytania? Odpowiemy na medyczneksi@gmail.com","og_url":"https:\/\/sklep.strzelamyinaczej.pl\/en\/produkt\/szkolenie-z-pierwszej-pomocy\/","og_site_name":"Sklep Klubu Strzelaj\u0105cych Inaczej","article_modified_time":"2025-03-31T18:24:38+00:00","og_image":[{"width":768,"height":512,"url":"https:\/\/sklep.strzelamyinaczej.pl\/wp-content\/uploads\/sites\/2\/2025\/02\/med-IMG_0182-768x512-1.jpg","type":"image\/jpeg"}],"twitter_card":"summary_large_image","twitter_misc":{"Est. reading time":"3 minutes"},"schema":{"@context":"https:\/\/schema.org","@graph":[{"@type":"WebPage","@id":"https:\/\/sklep.strzelamyinaczej.pl\/en\/produkt\/szkolenie-z-pierwszej-pomocy\/","url":"https:\/\/sklep.strzelamyinaczej.pl\/en\/produkt\/szkolenie-z-pierwszej-pomocy\/","name":"Szkolenie z pierwszej pomocy - Sklep Klubu Strzelaj\u0105cych Inaczej","isPartOf":{"@id":"https:\/\/sklep.strzelamyinaczej.pl\/en\/#website"},"primaryImageOfPage":{"@id":"https:\/\/sklep.strzelamyinaczej.pl\/en\/produkt\/szkolenie-z-pierwszej-pomocy\/#primaryimage"},"image":{"@id":"https:\/\/sklep.strzelamyinaczej.pl\/en\/produkt\/szkolenie-z-pierwszej-pomocy\/#primaryimage"},"thumbnailUrl":"https:\/\/sklep.strzelamyinaczej.pl\/wp-content\/uploads\/sites\/2\/2025\/02\/med-IMG_0182-768x512-1.jpg","datePublished":"2025-02-18T12:19:25+00:00","dateModified":"2025-03-31T18:24:38+00:00","breadcrumb":{"@id":"https:\/\/sklep.strzelamyinaczej.pl\/en\/produkt\/szkolenie-z-pierwszej-pomocy\/#breadcrumb"},"inLanguage":"en-US","potentialAction":[{"@type":"ReadAction","target":["https:\/\/sklep.strzelamyinaczej.pl\/en\/produkt\/szkolenie-z-pierwszej-pomocy\/"]}]},{"@type":"ImageObject","inLanguage":"en-US","@id":"https:\/\/sklep.strzelamyinaczej.pl\/en\/produkt\/szkolenie-z-pierwszej-pomocy\/#primaryimage","url":"https:\/\/sklep.strzelamyinaczej.pl\/wp-content\/uploads\/sites\/2\/2025\/02\/med-IMG_0182-768x512-1.jpg","contentUrl":"https:\/\/sklep.strzelamyinaczej.pl\/wp-content\/uploads\/sites\/2\/2025\/02\/med-IMG_0182-768x512-1.jpg","width":768,"height":512},{"@type":"BreadcrumbList","@id":"https:\/\/sklep.strzelamyinaczej.pl\/en\/produkt\/szkolenie-z-pierwszej-pomocy\/#breadcrumb","itemListElement":[{"@type":"ListItem","position":1,"name":"Strona g\u0142\u00f3wna","item":"https:\/\/sklep.strzelamyinaczej.pl\/en\/"},{"@type":"ListItem","position":2,"name":"Sklep","item":"https:\/\/sklep.strzelamyinaczej.pl\/"},{"@type":"ListItem","position":3,"name":"Szkolenie z pierwszej pomocy"}]},{"@type":"WebSite","@id":"https:\/\/sklep.strzelamyinaczej.pl\/en\/#website","url":"https:\/\/sklep.strzelamyinaczej.pl\/en\/","name":"Sklep Klubu Strzelaj\u0105cych Inaczej","description":"","potentialAction":[{"@type":"SearchAction","target":{"@type":"EntryPoint","urlTemplate":"https:\/\/sklep.strzelamyinaczej.pl\/en\/?s={search_term_string}"},"query-input":{"@type":"PropertyValueSpecification","valueRequired":true,"valueName":"search_term_string"}}],"inLanguage":"en-US"}]}},"_links":{"self":[{"href":"https:\/\/sklep.strzelamyinaczej.pl\/en\/wp-json\/wp\/v2\/product\/564","targetHints":{"allow":["GET"]}}],"collection":[{"href":"https:\/\/sklep.strzelamyinaczej.pl\/en\/wp-json\/wp\/v2\/product"}],"about":[{"href":"https:\/\/sklep.strzelamyinaczej.pl\/en\/wp-json\/wp\/v2\/types\/product"}],"wp:featuredmedia":[{"embeddable":true,"href":"https:\/\/sklep.strzelamyinaczej.pl\/en\/wp-json\/wp\/v2\/media\/568"}],"wp:attachment":[{"href":"https:\/\/sklep.strzelamyinaczej.pl\/en\/wp-json\/wp\/v2\/media?parent=564"}],"wp:term":[{"taxonomy":"product_brand","embeddable":true,"href":"https:\/\/sklep.strzelamyinaczej.pl\/en\/wp-json\/wp\/v2\/product_brand?post=564"},{"taxonomy":"product_cat","embeddable":true,"href":"https:\/\/sklep.strzelamyinaczej.pl\/en\/wp-json\/wp\/v2\/product_cat?post=564"},{"taxonomy":"product_tag","embeddable":true,"href":"https:\/\/sklep.strzelamyinaczej.pl\/en\/wp-json\/wp\/v2\/product_tag?post=564"}],"curies":[{"name":"wp","href":"https:\/\/api.w.org\/{rel}","templated":true}]}}