{"id":677,"date":"2025-03-05T11:11:47","date_gmt":"2025-03-05T10:11:47","guid":{"rendered":"https:\/\/sklep.strzelamyinaczej.pl\/?post_type=product&#038;p=677"},"modified":"2025-06-04T12:01:44","modified_gmt":"2025-06-04T10:01:44","slug":"wyklad-kurs-przygotowujacy-do-egzaminu-na-patent","status":"publish","type":"product","link":"https:\/\/sklep.strzelamyinaczej.pl\/en\/produkt\/wyklad-kurs-przygotowujacy-do-egzaminu-na-patent\/","title":{"rendered":"Wyk\u0142ad &#8211; kurs przygotowuj\u0105cy do egzaminu na patent"},"content":{"rendered":"<p>Uwaga!<\/p>\n<p>Kupuj\u0105c ten towar uzyskujesz dost\u0119p do wyk\u0142adu online z kursu przygotowuj\u0105cego do egzaminu na patent bez zaj\u0119\u0107 praktycznych.<\/p>\n<p>Kup ten towar tylko i wy\u0142\u0105cznie je\u015bli skontaktowa\u0142e\u015b si\u0119 z:<\/p>\n<p>Nikodem Ponikwicki<\/p>\n<p>607-424-105<\/p>\n","protected":false},"excerpt":{"rendered":"<p>Kupuj\u0105c ten towar uzyskujesz dost\u0119p do wyk\u0142adu online z kursu przygotowuj\u0105cego do egzaminu na patent bez zaj\u0119\u0107 praktycznych.<\/p>\n","protected":false},"featured_media":261,"template":"","meta":[],"product_brand":[],"product_cat":[88],"product_tag":[],"class_list":{"0":"post-677","1":"product","2":"type-product","3":"status-publish","4":"has-post-thumbnail","6":"product_cat-kursy-szkolenia","8":"first","9":"outofstock","10":"virtual","11":"taxable","12":"purchasable","13":"product-type-simple"},"yoast_head":"<!-- This site is optimized with the Yoast SEO plugin v24.7 - https:\/\/yoast.com\/wordpress\/plugins\/seo\/ -->\n<title>Wyk\u0142ad - kurs przygotowuj\u0105cy do egzaminu na patent - Sklep Klubu Strzelaj\u0105cych Inaczej<\/title>\n<meta name=\"robots\" content=\"index, follow, max-snippet:-1, max-image-preview:large, max-video-preview:-1\" \/>\n<link rel=\"canonical\" href=\"https:\/\/sklep.strzelamyinaczej.pl\/en\/produkt\/wyklad-kurs-przygotowujacy-do-egzaminu-na-patent\/\" \/>\n<meta property=\"og:locale\" content=\"en_US\" \/>\n<meta property=\"og:type\" content=\"article\" \/>\n<meta property=\"og:title\" content=\"Wyk\u0142ad - kurs przygotowuj\u0105cy do egzaminu na patent - Sklep Klubu Strzelaj\u0105cych Inaczej\" \/>\n<meta property=\"og:description\" content=\"Kupuj\u0105c ten towar uzyskujesz dost\u0119p do wyk\u0142adu online z kursu przygotowuj\u0105cego do egzaminu na patent bez zaj\u0119\u0107 praktycznych.\" \/>\n<meta property=\"og:url\" content=\"https:\/\/sklep.strzelamyinaczej.pl\/en\/produkt\/wyklad-kurs-przygotowujacy-do-egzaminu-na-patent\/\" \/>\n<meta property=\"og:site_name\" content=\"Sklep Klubu Strzelaj\u0105cych Inaczej\" \/>\n<meta property=\"article:modified_time\" content=\"2025-06-04T10:01:44+00:00\" \/>\n<meta property=\"og:image\" content=\"https:\/\/sklep.strzelamyinaczej.pl\/wp-content\/uploads\/sites\/2\/2025\/01\/gsp-kurs-na-patent-3.jpg\" \/>\n\t<meta property=\"og:image:width\" content=\"1800\" \/>\n\t<meta property=\"og:image:height\" content=\"1263\" \/>\n\t<meta property=\"og:image:type\" content=\"image\/jpeg\" \/>\n<meta name=\"twitter:card\" content=\"summary_large_image\" \/>\n<meta name=\"twitter:label1\" content=\"Est. reading time\" \/>\n\t<meta name=\"twitter:data1\" content=\"1 minute\" \/>\n<script type=\"application\/ld+json\" class=\"yoast-schema-graph\">{\"@context\":\"https:\/\/schema.org\",\"@graph\":[{\"@type\":\"WebPage\",\"@id\":\"https:\/\/sklep.strzelamyinaczej.pl\/en\/produkt\/wyklad-kurs-przygotowujacy-do-egzaminu-na-patent\/\",\"url\":\"https:\/\/sklep.strzelamyinaczej.pl\/en\/produkt\/wyklad-kurs-przygotowujacy-do-egzaminu-na-patent\/\",\"name\":\"Wyk\u0142ad - kurs przygotowuj\u0105cy do egzaminu na patent - Sklep Klubu Strzelaj\u0105cych Inaczej\",\"isPartOf\":{\"@id\":\"https:\/\/sklep.strzelamyinaczej.pl\/en\/#website\"},\"primaryImageOfPage\":{\"@id\":\"https:\/\/sklep.strzelamyinaczej.pl\/en\/produkt\/wyklad-kurs-przygotowujacy-do-egzaminu-na-patent\/#primaryimage\"},\"image\":{\"@id\":\"https:\/\/sklep.strzelamyinaczej.pl\/en\/produkt\/wyklad-kurs-przygotowujacy-do-egzaminu-na-patent\/#primaryimage\"},\"thumbnailUrl\":\"https:\/\/sklep.strzelamyinaczej.pl\/wp-content\/uploads\/sites\/2\/2025\/01\/gsp-kurs-na-patent-3.jpg\",\"datePublished\":\"2025-03-05T10:11:47+00:00\",\"dateModified\":\"2025-06-04T10:01:44+00:00\",\"breadcrumb\":{\"@id\":\"https:\/\/sklep.strzelamyinaczej.pl\/en\/produkt\/wyklad-kurs-przygotowujacy-do-egzaminu-na-patent\/#breadcrumb\"},\"inLanguage\":\"en-US\",\"potentialAction\":[{\"@type\":\"ReadAction\",\"target\":[\"https:\/\/sklep.strzelamyinaczej.pl\/en\/produkt\/wyklad-kurs-przygotowujacy-do-egzaminu-na-patent\/\"]}]},{\"@type\":\"ImageObject\",\"inLanguage\":\"en-US\",\"@id\":\"https:\/\/sklep.strzelamyinaczej.pl\/en\/produkt\/wyklad-kurs-przygotowujacy-do-egzaminu-na-patent\/#primaryimage\",\"url\":\"https:\/\/sklep.strzelamyinaczej.pl\/wp-content\/uploads\/sites\/2\/2025\/01\/gsp-kurs-na-patent-3.jpg\",\"contentUrl\":\"https:\/\/sklep.strzelamyinaczej.pl\/wp-content\/uploads\/sites\/2\/2025\/01\/gsp-kurs-na-patent-3.jpg\",\"width\":1800,\"height\":1263},{\"@type\":\"BreadcrumbList\",\"@id\":\"https:\/\/sklep.strzelamyinaczej.pl\/en\/produkt\/wyklad-kurs-przygotowujacy-do-egzaminu-na-patent\/#breadcrumb\",\"itemListElement\":[{\"@type\":\"ListItem\",\"position\":1,\"name\":\"Strona g\u0142\u00f3wna\",\"item\":\"https:\/\/sklep.strzelamyinaczej.pl\/en\/\"},{\"@type\":\"ListItem\",\"position\":2,\"name\":\"Sklep\",\"item\":\"https:\/\/sklep.strzelamyinaczej.pl\/\"},{\"@type\":\"ListItem\",\"position\":3,\"name\":\"Wyk\u0142ad &#8211; kurs przygotowuj\u0105cy do egzaminu na patent\"}]},{\"@type\":\"WebSite\",\"@id\":\"https:\/\/sklep.strzelamyinaczej.pl\/en\/#website\",\"url\":\"https:\/\/sklep.strzelamyinaczej.pl\/en\/\",\"name\":\"Sklep Klubu Strzelaj\u0105cych Inaczej\",\"description\":\"\",\"potentialAction\":[{\"@type\":\"SearchAction\",\"target\":{\"@type\":\"EntryPoint\",\"urlTemplate\":\"https:\/\/sklep.strzelamyinaczej.pl\/en\/?s={search_term_string}\"},\"query-input\":{\"@type\":\"PropertyValueSpecification\",\"valueRequired\":true,\"valueName\":\"search_term_string\"}}],\"inLanguage\":\"en-US\"}]}<\/script>\n<!-- \/ Yoast SEO plugin. -->","yoast_head_json":{"title":"Wyk\u0142ad - kurs przygotowuj\u0105cy do egzaminu na patent - Sklep Klubu Strzelaj\u0105cych Inaczej","robots":{"index":"index","follow":"follow","max-snippet":"max-snippet:-1","max-image-preview":"max-image-preview:large","max-video-preview":"max-video-preview:-1"},"canonical":"https:\/\/sklep.strzelamyinaczej.pl\/en\/produkt\/wyklad-kurs-przygotowujacy-do-egzaminu-na-patent\/","og_locale":"en_US","og_type":"article","og_title":"Wyk\u0142ad - kurs przygotowuj\u0105cy do egzaminu na patent - Sklep Klubu Strzelaj\u0105cych Inaczej","og_description":"Kupuj\u0105c ten towar uzyskujesz dost\u0119p do wyk\u0142adu online z kursu przygotowuj\u0105cego do egzaminu na patent bez zaj\u0119\u0107 praktycznych.","og_url":"https:\/\/sklep.strzelamyinaczej.pl\/en\/produkt\/wyklad-kurs-przygotowujacy-do-egzaminu-na-patent\/","og_site_name":"Sklep Klubu Strzelaj\u0105cych Inaczej","article_modified_time":"2025-06-04T10:01:44+00:00","og_image":[{"width":1800,"height":1263,"url":"https:\/\/sklep.strzelamyinaczej.pl\/wp-content\/uploads\/sites\/2\/2025\/01\/gsp-kurs-na-patent-3.jpg","type":"image\/jpeg"}],"twitter_card":"summary_large_image","twitter_misc":{"Est. reading time":"1 minute"},"schema":{"@context":"https:\/\/schema.org","@graph":[{"@type":"WebPage","@id":"https:\/\/sklep.strzelamyinaczej.pl\/en\/produkt\/wyklad-kurs-przygotowujacy-do-egzaminu-na-patent\/","url":"https:\/\/sklep.strzelamyinaczej.pl\/en\/produkt\/wyklad-kurs-przygotowujacy-do-egzaminu-na-patent\/","name":"Wyk\u0142ad - kurs przygotowuj\u0105cy do egzaminu na patent - Sklep Klubu Strzelaj\u0105cych Inaczej","isPartOf":{"@id":"https:\/\/sklep.strzelamyinaczej.pl\/en\/#website"},"primaryImageOfPage":{"@id":"https:\/\/sklep.strzelamyinaczej.pl\/en\/produkt\/wyklad-kurs-przygotowujacy-do-egzaminu-na-patent\/#primaryimage"},"image":{"@id":"https:\/\/sklep.strzelamyinaczej.pl\/en\/produkt\/wyklad-kurs-przygotowujacy-do-egzaminu-na-patent\/#primaryimage"},"thumbnailUrl":"https:\/\/sklep.strzelamyinaczej.pl\/wp-content\/uploads\/sites\/2\/2025\/01\/gsp-kurs-na-patent-3.jpg","datePublished":"2025-03-05T10:11:47+00:00","dateModified":"2025-06-04T10:01:44+00:00","breadcrumb":{"@id":"https:\/\/sklep.strzelamyinaczej.pl\/en\/produkt\/wyklad-kurs-przygotowujacy-do-egzaminu-na-patent\/#breadcrumb"},"inLanguage":"en-US","potentialAction":[{"@type":"ReadAction","target":["https:\/\/sklep.strzelamyinaczej.pl\/en\/produkt\/wyklad-kurs-przygotowujacy-do-egzaminu-na-patent\/"]}]},{"@type":"ImageObject","inLanguage":"en-US","@id":"https:\/\/sklep.strzelamyinaczej.pl\/en\/produkt\/wyklad-kurs-przygotowujacy-do-egzaminu-na-patent\/#primaryimage","url":"https:\/\/sklep.strzelamyinaczej.pl\/wp-content\/uploads\/sites\/2\/2025\/01\/gsp-kurs-na-patent-3.jpg","contentUrl":"https:\/\/sklep.strzelamyinaczej.pl\/wp-content\/uploads\/sites\/2\/2025\/01\/gsp-kurs-na-patent-3.jpg","width":1800,"height":1263},{"@type":"BreadcrumbList","@id":"https:\/\/sklep.strzelamyinaczej.pl\/en\/produkt\/wyklad-kurs-przygotowujacy-do-egzaminu-na-patent\/#breadcrumb","itemListElement":[{"@type":"ListItem","position":1,"name":"Strona g\u0142\u00f3wna","item":"https:\/\/sklep.strzelamyinaczej.pl\/en\/"},{"@type":"ListItem","position":2,"name":"Sklep","item":"https:\/\/sklep.strzelamyinaczej.pl\/"},{"@type":"ListItem","position":3,"name":"Wyk\u0142ad &#8211; kurs przygotowuj\u0105cy do egzaminu na patent"}]},{"@type":"WebSite","@id":"https:\/\/sklep.strzelamyinaczej.pl\/en\/#website","url":"https:\/\/sklep.strzelamyinaczej.pl\/en\/","name":"Sklep Klubu Strzelaj\u0105cych Inaczej","description":"","potentialAction":[{"@type":"SearchAction","target":{"@type":"EntryPoint","urlTemplate":"https:\/\/sklep.strzelamyinaczej.pl\/en\/?s={search_term_string}"},"query-input":{"@type":"PropertyValueSpecification","valueRequired":true,"valueName":"search_term_string"}}],"inLanguage":"en-US"}]}},"_links":{"self":[{"href":"https:\/\/sklep.strzelamyinaczej.pl\/en\/wp-json\/wp\/v2\/product\/677","targetHints":{"allow":["GET"]}}],"collection":[{"href":"https:\/\/sklep.strzelamyinaczej.pl\/en\/wp-json\/wp\/v2\/product"}],"about":[{"href":"https:\/\/sklep.strzelamyinaczej.pl\/en\/wp-json\/wp\/v2\/types\/product"}],"wp:featuredmedia":[{"embeddable":true,"href":"https:\/\/sklep.strzelamyinaczej.pl\/en\/wp-json\/wp\/v2\/media\/261"}],"wp:attachment":[{"href":"https:\/\/sklep.strzelamyinaczej.pl\/en\/wp-json\/wp\/v2\/media?parent=677"}],"wp:term":[{"taxonomy":"product_brand","embeddable":true,"href":"https:\/\/sklep.strzelamyinaczej.pl\/en\/wp-json\/wp\/v2\/product_brand?post=677"},{"taxonomy":"product_cat","embeddable":true,"href":"https:\/\/sklep.strzelamyinaczej.pl\/en\/wp-json\/wp\/v2\/product_cat?post=677"},{"taxonomy":"product_tag","embeddable":true,"href":"https:\/\/sklep.strzelamyinaczej.pl\/en\/wp-json\/wp\/v2\/product_tag?post=677"}],"curies":[{"name":"wp","href":"https:\/\/api.w.org\/{rel}","templated":true}]}}