{"id":808,"date":"2025-04-04T22:15:11","date_gmt":"2025-04-04T20:15:11","guid":{"rendered":"https:\/\/sklep.strzelamyinaczej.pl\/?post_type=product&#038;p=808"},"modified":"2026-04-15T08:45:11","modified_gmt":"2026-04-15T06:45:11","slug":"kurs-przygotowujacy-do-egzaminu-na-patent-strzelecki","status":"publish","type":"product","link":"https:\/\/sklep.strzelamyinaczej.pl\/en\/produkt\/kurs-przygotowujacy-do-egzaminu-na-patent-strzelecki\/","title":{"rendered":"Kurs przygotowuj\u0105cy do egzaminu na patent strzelecki"},"content":{"rendered":"<h3 class=\"western\">Kurs przygotowuj\u0105cy do egzaminu na patent strzelecki<\/h3>\n<h5>Szkolenie wst\u0119pne dla os\u00f3b fizycznych chc\u0105cych uzyska\u0107 patent strzelecki<\/h5>\n<p>Kurs dla os\u00f3b staraj\u0105cych si\u0119 o patent strzelecki. Dla tych, kt\u00f3rzy ci\u0105gle si\u0119 wahaj\u0105 czy ju\u017c zdawa\u0107 egzamin na patent, dla tych co si\u0119 nie mog\u0105 doczeka\u0107 kiedy minie miesi\u0105c przynale\u017cno\u015bci do klubu, dla tych co ci\u0105gle nie mog\u0105 si\u0119 zabra\u0107 za nauk\u0119 i \u0107wiczenia. Je\u015bli nie masz patentu strzeleckiego, a chcesz go uzyska\u0107 i potem zrobi\u0107 pozwolenie na bro\u0144 paln\u0105 \u2013 to jest to kurs dla Ciebie. Je\u015bli zapisa\u0142e\u015b si\u0119 do klubu to nie czekaj miesi\u0105c na zapisanie si\u0119 na ten kurs \u2013 zapisz si\u0119 na kurs ju\u017c teraz.<\/p>\n<p><strong>Na tym kursie:<\/strong><\/p>\n<ul>\n<li>poka\u017cemy Ci jak wygl\u0105da egzamin na patent zar\u00f3wno praktyczny, jak i teoretyczny,<\/li>\n<li>wielokrotnie prze\u0107wiczymy sekwencje egzaminu praktycznego,<\/li>\n<li>stworzymy sytuacje nietypowe, kt\u00f3re mog\u0119 si\u0119 wydarzy\u0107 podczas egzaminu<\/li>\n<li>poka\u017cemy Ci jak masz \u0107wiczy\u0107 strzelanie do egzaminu na patent,<\/li>\n<li>poka\u017cemy Ci jak si\u0119 uczy\u0107, czego si\u0119 uczy\u0107 i sk\u0105d si\u0119 uczy\u0107 zagadnie\u0144 teoretycznych,<\/li>\n<li>podczas kursu rozwi\u0105\u017cesz wiele prawdziwych test\u00f3w egzaminacyjnych,<\/li>\n<\/ul>\n<p>Zaj\u0119cia prowadz\u0105 dla Was do\u015bwiadczeni strzelcy, pasjonaci z kilkunastoletnim sta\u017cem, kt\u00f3rzy s\u0105 kolekcjonerami broni palnej, instruktorami strzelectwa i s\u0119dziami sportowymi w jednym, znajduj\u0105cymi rado\u015b\u0107 ze strzelania i uczenia innych.<\/p>\n<p>Kurs jest dedykowany dla cz\u0142onk\u00f3w\u00a0<b>Stowarzyszenia Klub Strzelaj\u0105cych Inaczej<\/b>. Je\u015bli nie jeste\u015b naszym cz\u0142onkiem zapraszamy do naszego Klubu.<\/p>\n<p>Zaj\u0119cia odbywaj\u0105 si\u0119 p\u00f3\u017anym popo\u0142udniem, wieczorem w uk\u0142adzie:<\/p>\n<ul>\n<li>wtorek 17:00-22:30 (7 godzin lekcyjnych) \u2013 cz\u0119\u015b\u0107 teoretyczna (wyk\u0142ad);<\/li>\n<li>czwartek 17:00-22:30 (7 godzin lekcyjnych) \u2013 trening strzelecki (pistolet \u2013 50 strza\u0142\u00f3w, karabin sportowy stoj\u0105c- 25 strza\u0142\u00f3w, strzelba \u2013 10 strza\u0142\u00f3w) i teoria;<\/li>\n<li>czwartek 17:00-22:30 (7 godzin lekcyjnych) \u2013 trening strzelecki (pistolet \u2013 50 strza\u0142\u00f3w, karabin sportowy stoj\u0105c- 25 strza\u0142\u00f3w, strzelba \u2013 10 strza\u0142\u00f3w) i teoria;<\/li>\n<li>zaj\u0119cia z budowy broni i amunicji (3 godziny lekcyjne) w dodatkowym ustalonym terminie<\/li>\n<li>egzamin pr\u00f3bny w wyznaczonym\/wybranym terminie<\/li>\n<\/ul>\n<p><strong>PS: Program kursu mo\u017ce by\u0107 modyfikowany ze wzgl\u0119du na zmieniaj\u0105ce si\u0119 wymagania formalne jak i potrzeby kursant\u00f3w.<\/strong><\/p>\n<p>Organizacj\u0105 kursu zajmuje si\u0119:<\/p>\n<p>Nikodem Ponikwicki<br \/>\nTel. 607-424-105<br \/>\nnikodemmp@gmail.com<\/p>\n<p><strong>Grupa: maksymalnie 8 osobow<\/strong><\/p>\n","protected":false},"excerpt":{"rendered":"<p>KURS PRZYGOTOWUJ\u0104CY DO EGZAMINU NA PATENT STRZELECKI<br \/>\nKurs dla os\u00f3b staraj\u0105cych si\u0119 o patent strzelecki. Dla tych, kt\u00f3rzy ci\u0105gle si\u0119 wahaj\u0105 czy ju\u017c zdawa\u0107 egzamin na patent, dla tych co si\u0119 nie mog\u0105 doczeka\u0107 kiedy minie miesi\u0105c przynale\u017cno\u015bci do klubu, dla tych co ci\u0105gle nie mog\u0105 si\u0119 zabra\u0107 za nauk\u0119 i \u0107wiczenia. Je\u015bli nie masz patentu strzeleckiego, a chcesz go uzyska\u0107 i potem zrobi\u0107 pozwolenie na bro\u0144 paln\u0105 \u2013 to jest to kurs dla Ciebie. Je\u015bli zapisa\u0142e\u015b si\u0119 do klubu to nie czekaj trzech miesi\u0119cy na zapisanie si\u0119 na ten kurs \u2013 zapisz si\u0119 na kurs ju\u017c teraz.<\/p>\n","protected":false},"featured_media":261,"template":"","meta":[],"product_brand":[],"product_cat":[88],"product_tag":[],"class_list":{"0":"post-808","1":"product","2":"type-product","3":"status-publish","4":"has-post-thumbnail","6":"product_cat-kursy-szkolenia","8":"first","9":"instock","10":"sold-individually","11":"taxable","12":"shipping-taxable","13":"purchasable","14":"product-type-variable"},"yoast_head":"<!-- This site is optimized with the Yoast SEO plugin v24.7 - https:\/\/yoast.com\/wordpress\/plugins\/seo\/ -->\n<title>Kurs przygotowuj\u0105cy do egzaminu na patent strzelecki - Sklep Klubu Strzelaj\u0105cych Inaczej<\/title>\n<meta name=\"robots\" content=\"index, follow, max-snippet:-1, max-image-preview:large, max-video-preview:-1\" \/>\n<link rel=\"canonical\" href=\"https:\/\/sklep.strzelamyinaczej.pl\/en\/produkt\/kurs-przygotowujacy-do-egzaminu-na-patent-strzelecki\/\" \/>\n<meta property=\"og:locale\" content=\"en_US\" \/>\n<meta property=\"og:type\" content=\"article\" \/>\n<meta property=\"og:title\" content=\"Kurs przygotowuj\u0105cy do egzaminu na patent strzelecki - Sklep Klubu Strzelaj\u0105cych Inaczej\" \/>\n<meta property=\"og:description\" content=\"KURS PRZYGOTOWUJ\u0104CY DO EGZAMINU NA PATENT STRZELECKI Kurs dla os\u00f3b staraj\u0105cych si\u0119 o patent strzelecki. Dla tych, kt\u00f3rzy ci\u0105gle si\u0119 wahaj\u0105 czy ju\u017c zdawa\u0107 egzamin na patent, dla tych co si\u0119 nie mog\u0105 doczeka\u0107 kiedy minie miesi\u0105c przynale\u017cno\u015bci do klubu, dla tych co ci\u0105gle nie mog\u0105 si\u0119 zabra\u0107 za nauk\u0119 i \u0107wiczenia. Je\u015bli nie masz patentu strzeleckiego, a chcesz go uzyska\u0107 i potem zrobi\u0107 pozwolenie na bro\u0144 paln\u0105 \u2013 to jest to kurs dla Ciebie. Je\u015bli zapisa\u0142e\u015b si\u0119 do klubu to nie czekaj trzech miesi\u0119cy na zapisanie si\u0119 na ten kurs \u2013 zapisz si\u0119 na kurs ju\u017c teraz.\" \/>\n<meta property=\"og:url\" content=\"https:\/\/sklep.strzelamyinaczej.pl\/en\/produkt\/kurs-przygotowujacy-do-egzaminu-na-patent-strzelecki\/\" \/>\n<meta property=\"og:site_name\" content=\"Sklep Klubu Strzelaj\u0105cych Inaczej\" \/>\n<meta property=\"article:modified_time\" content=\"2026-04-15T06:45:11+00:00\" \/>\n<meta property=\"og:image\" content=\"https:\/\/sklep.strzelamyinaczej.pl\/wp-content\/uploads\/sites\/2\/2025\/01\/gsp-kurs-na-patent-3.jpg\" \/>\n\t<meta property=\"og:image:width\" content=\"1800\" \/>\n\t<meta property=\"og:image:height\" content=\"1263\" \/>\n\t<meta property=\"og:image:type\" content=\"image\/jpeg\" \/>\n<meta name=\"twitter:card\" content=\"summary_large_image\" \/>\n<meta name=\"twitter:label1\" content=\"Est. reading time\" \/>\n\t<meta name=\"twitter:data1\" content=\"3 minutes\" \/>\n<script type=\"application\/ld+json\" class=\"yoast-schema-graph\">{\"@context\":\"https:\/\/schema.org\",\"@graph\":[{\"@type\":\"WebPage\",\"@id\":\"https:\/\/sklep.strzelamyinaczej.pl\/en\/produkt\/kurs-przygotowujacy-do-egzaminu-na-patent-strzelecki\/\",\"url\":\"https:\/\/sklep.strzelamyinaczej.pl\/en\/produkt\/kurs-przygotowujacy-do-egzaminu-na-patent-strzelecki\/\",\"name\":\"Kurs przygotowuj\u0105cy do egzaminu na patent strzelecki - Sklep Klubu Strzelaj\u0105cych Inaczej\",\"isPartOf\":{\"@id\":\"https:\/\/sklep.strzelamyinaczej.pl\/en\/#website\"},\"primaryImageOfPage\":{\"@id\":\"https:\/\/sklep.strzelamyinaczej.pl\/en\/produkt\/kurs-przygotowujacy-do-egzaminu-na-patent-strzelecki\/#primaryimage\"},\"image\":{\"@id\":\"https:\/\/sklep.strzelamyinaczej.pl\/en\/produkt\/kurs-przygotowujacy-do-egzaminu-na-patent-strzelecki\/#primaryimage\"},\"thumbnailUrl\":\"https:\/\/sklep.strzelamyinaczej.pl\/wp-content\/uploads\/sites\/2\/2025\/01\/gsp-kurs-na-patent-3.jpg\",\"datePublished\":\"2025-04-04T20:15:11+00:00\",\"dateModified\":\"2026-04-15T06:45:11+00:00\",\"breadcrumb\":{\"@id\":\"https:\/\/sklep.strzelamyinaczej.pl\/en\/produkt\/kurs-przygotowujacy-do-egzaminu-na-patent-strzelecki\/#breadcrumb\"},\"inLanguage\":\"en-US\",\"potentialAction\":[{\"@type\":\"ReadAction\",\"target\":[\"https:\/\/sklep.strzelamyinaczej.pl\/en\/produkt\/kurs-przygotowujacy-do-egzaminu-na-patent-strzelecki\/\"]}]},{\"@type\":\"ImageObject\",\"inLanguage\":\"en-US\",\"@id\":\"https:\/\/sklep.strzelamyinaczej.pl\/en\/produkt\/kurs-przygotowujacy-do-egzaminu-na-patent-strzelecki\/#primaryimage\",\"url\":\"https:\/\/sklep.strzelamyinaczej.pl\/wp-content\/uploads\/sites\/2\/2025\/01\/gsp-kurs-na-patent-3.jpg\",\"contentUrl\":\"https:\/\/sklep.strzelamyinaczej.pl\/wp-content\/uploads\/sites\/2\/2025\/01\/gsp-kurs-na-patent-3.jpg\",\"width\":1800,\"height\":1263},{\"@type\":\"BreadcrumbList\",\"@id\":\"https:\/\/sklep.strzelamyinaczej.pl\/en\/produkt\/kurs-przygotowujacy-do-egzaminu-na-patent-strzelecki\/#breadcrumb\",\"itemListElement\":[{\"@type\":\"ListItem\",\"position\":1,\"name\":\"Strona g\u0142\u00f3wna\",\"item\":\"https:\/\/sklep.strzelamyinaczej.pl\/en\/\"},{\"@type\":\"ListItem\",\"position\":2,\"name\":\"Sklep\",\"item\":\"https:\/\/sklep.strzelamyinaczej.pl\/\"},{\"@type\":\"ListItem\",\"position\":3,\"name\":\"Kurs przygotowuj\u0105cy do egzaminu na patent strzelecki\"}]},{\"@type\":\"WebSite\",\"@id\":\"https:\/\/sklep.strzelamyinaczej.pl\/en\/#website\",\"url\":\"https:\/\/sklep.strzelamyinaczej.pl\/en\/\",\"name\":\"Sklep Klubu Strzelaj\u0105cych Inaczej\",\"description\":\"\",\"potentialAction\":[{\"@type\":\"SearchAction\",\"target\":{\"@type\":\"EntryPoint\",\"urlTemplate\":\"https:\/\/sklep.strzelamyinaczej.pl\/en\/?s={search_term_string}\"},\"query-input\":{\"@type\":\"PropertyValueSpecification\",\"valueRequired\":true,\"valueName\":\"search_term_string\"}}],\"inLanguage\":\"en-US\"}]}<\/script>\n<!-- \/ Yoast SEO plugin. -->","yoast_head_json":{"title":"Kurs przygotowuj\u0105cy do egzaminu na patent strzelecki - Sklep Klubu Strzelaj\u0105cych Inaczej","robots":{"index":"index","follow":"follow","max-snippet":"max-snippet:-1","max-image-preview":"max-image-preview:large","max-video-preview":"max-video-preview:-1"},"canonical":"https:\/\/sklep.strzelamyinaczej.pl\/en\/produkt\/kurs-przygotowujacy-do-egzaminu-na-patent-strzelecki\/","og_locale":"en_US","og_type":"article","og_title":"Kurs przygotowuj\u0105cy do egzaminu na patent strzelecki - Sklep Klubu Strzelaj\u0105cych Inaczej","og_description":"KURS PRZYGOTOWUJ\u0104CY DO EGZAMINU NA PATENT STRZELECKI Kurs dla os\u00f3b staraj\u0105cych si\u0119 o patent strzelecki. Dla tych, kt\u00f3rzy ci\u0105gle si\u0119 wahaj\u0105 czy ju\u017c zdawa\u0107 egzamin na patent, dla tych co si\u0119 nie mog\u0105 doczeka\u0107 kiedy minie miesi\u0105c przynale\u017cno\u015bci do klubu, dla tych co ci\u0105gle nie mog\u0105 si\u0119 zabra\u0107 za nauk\u0119 i \u0107wiczenia. Je\u015bli nie masz patentu strzeleckiego, a chcesz go uzyska\u0107 i potem zrobi\u0107 pozwolenie na bro\u0144 paln\u0105 \u2013 to jest to kurs dla Ciebie. Je\u015bli zapisa\u0142e\u015b si\u0119 do klubu to nie czekaj trzech miesi\u0119cy na zapisanie si\u0119 na ten kurs \u2013 zapisz si\u0119 na kurs ju\u017c teraz.","og_url":"https:\/\/sklep.strzelamyinaczej.pl\/en\/produkt\/kurs-przygotowujacy-do-egzaminu-na-patent-strzelecki\/","og_site_name":"Sklep Klubu Strzelaj\u0105cych Inaczej","article_modified_time":"2026-04-15T06:45:11+00:00","og_image":[{"width":1800,"height":1263,"url":"https:\/\/sklep.strzelamyinaczej.pl\/wp-content\/uploads\/sites\/2\/2025\/01\/gsp-kurs-na-patent-3.jpg","type":"image\/jpeg"}],"twitter_card":"summary_large_image","twitter_misc":{"Est. reading time":"3 minutes"},"schema":{"@context":"https:\/\/schema.org","@graph":[{"@type":"WebPage","@id":"https:\/\/sklep.strzelamyinaczej.pl\/en\/produkt\/kurs-przygotowujacy-do-egzaminu-na-patent-strzelecki\/","url":"https:\/\/sklep.strzelamyinaczej.pl\/en\/produkt\/kurs-przygotowujacy-do-egzaminu-na-patent-strzelecki\/","name":"Kurs przygotowuj\u0105cy do egzaminu na patent strzelecki - Sklep Klubu Strzelaj\u0105cych Inaczej","isPartOf":{"@id":"https:\/\/sklep.strzelamyinaczej.pl\/en\/#website"},"primaryImageOfPage":{"@id":"https:\/\/sklep.strzelamyinaczej.pl\/en\/produkt\/kurs-przygotowujacy-do-egzaminu-na-patent-strzelecki\/#primaryimage"},"image":{"@id":"https:\/\/sklep.strzelamyinaczej.pl\/en\/produkt\/kurs-przygotowujacy-do-egzaminu-na-patent-strzelecki\/#primaryimage"},"thumbnailUrl":"https:\/\/sklep.strzelamyinaczej.pl\/wp-content\/uploads\/sites\/2\/2025\/01\/gsp-kurs-na-patent-3.jpg","datePublished":"2025-04-04T20:15:11+00:00","dateModified":"2026-04-15T06:45:11+00:00","breadcrumb":{"@id":"https:\/\/sklep.strzelamyinaczej.pl\/en\/produkt\/kurs-przygotowujacy-do-egzaminu-na-patent-strzelecki\/#breadcrumb"},"inLanguage":"en-US","potentialAction":[{"@type":"ReadAction","target":["https:\/\/sklep.strzelamyinaczej.pl\/en\/produkt\/kurs-przygotowujacy-do-egzaminu-na-patent-strzelecki\/"]}]},{"@type":"ImageObject","inLanguage":"en-US","@id":"https:\/\/sklep.strzelamyinaczej.pl\/en\/produkt\/kurs-przygotowujacy-do-egzaminu-na-patent-strzelecki\/#primaryimage","url":"https:\/\/sklep.strzelamyinaczej.pl\/wp-content\/uploads\/sites\/2\/2025\/01\/gsp-kurs-na-patent-3.jpg","contentUrl":"https:\/\/sklep.strzelamyinaczej.pl\/wp-content\/uploads\/sites\/2\/2025\/01\/gsp-kurs-na-patent-3.jpg","width":1800,"height":1263},{"@type":"BreadcrumbList","@id":"https:\/\/sklep.strzelamyinaczej.pl\/en\/produkt\/kurs-przygotowujacy-do-egzaminu-na-patent-strzelecki\/#breadcrumb","itemListElement":[{"@type":"ListItem","position":1,"name":"Strona g\u0142\u00f3wna","item":"https:\/\/sklep.strzelamyinaczej.pl\/en\/"},{"@type":"ListItem","position":2,"name":"Sklep","item":"https:\/\/sklep.strzelamyinaczej.pl\/"},{"@type":"ListItem","position":3,"name":"Kurs przygotowuj\u0105cy do egzaminu na patent strzelecki"}]},{"@type":"WebSite","@id":"https:\/\/sklep.strzelamyinaczej.pl\/en\/#website","url":"https:\/\/sklep.strzelamyinaczej.pl\/en\/","name":"Sklep Klubu Strzelaj\u0105cych Inaczej","description":"","potentialAction":[{"@type":"SearchAction","target":{"@type":"EntryPoint","urlTemplate":"https:\/\/sklep.strzelamyinaczej.pl\/en\/?s={search_term_string}"},"query-input":{"@type":"PropertyValueSpecification","valueRequired":true,"valueName":"search_term_string"}}],"inLanguage":"en-US"}]}},"_links":{"self":[{"href":"https:\/\/sklep.strzelamyinaczej.pl\/en\/wp-json\/wp\/v2\/product\/808","targetHints":{"allow":["GET"]}}],"collection":[{"href":"https:\/\/sklep.strzelamyinaczej.pl\/en\/wp-json\/wp\/v2\/product"}],"about":[{"href":"https:\/\/sklep.strzelamyinaczej.pl\/en\/wp-json\/wp\/v2\/types\/product"}],"wp:featuredmedia":[{"embeddable":true,"href":"https:\/\/sklep.strzelamyinaczej.pl\/en\/wp-json\/wp\/v2\/media\/261"}],"wp:attachment":[{"href":"https:\/\/sklep.strzelamyinaczej.pl\/en\/wp-json\/wp\/v2\/media?parent=808"}],"wp:term":[{"taxonomy":"product_brand","embeddable":true,"href":"https:\/\/sklep.strzelamyinaczej.pl\/en\/wp-json\/wp\/v2\/product_brand?post=808"},{"taxonomy":"product_cat","embeddable":true,"href":"https:\/\/sklep.strzelamyinaczej.pl\/en\/wp-json\/wp\/v2\/product_cat?post=808"},{"taxonomy":"product_tag","embeddable":true,"href":"https:\/\/sklep.strzelamyinaczej.pl\/en\/wp-json\/wp\/v2\/product_tag?post=808"}],"curies":[{"name":"wp","href":"https:\/\/api.w.org\/{rel}","templated":true}]}}