{"id":99,"date":"2025-01-05T13:55:20","date_gmt":"2025-01-05T12:55:20","guid":{"rendered":"https:\/\/sklep.strzelamyinaczej.pl\/?post_type=product&#038;p=99"},"modified":"2026-04-26T20:48:56","modified_gmt":"2026-04-26T18:48:56","slug":"kurs-pistolet-poziom-0","status":"publish","type":"product","link":"https:\/\/sklep.strzelamyinaczej.pl\/en\/produkt\/kurs-pistolet-poziom-0\/","title":{"rendered":"Kurs Pistolet &#8211; Poziom 0"},"content":{"rendered":"<h3>KURS PISTOLET \u2013 POZIOM 0, SPR\u00d3BUJ\u0118 MO\u017bE NIE UGRYZIE!<\/h3>\n<p>CZAS &#8211; PATRZ NA INFORMACJ\u0118 PRZY WYBORZE TERMINU!<\/p>\n<p>MIEJSCE SZKOLENIA &#8211; PATRZ NA INFORMACJ\u0118 PRZY WYBORZE TERMINU!<\/p>\n<p>UWAGA! WYKUPUJ\u0104C TO SZKOLENIE WYKUPUJESZ SZKOLENIE NA KONKRETNY TERMIN POWY\u017bEJ. JE\u017bELI NIE POJAWISZ SI\u0118 TEGO DNIA NA SZKOLENIU TO UZNAJE SI\u0118 TO JAKO NIEOBECNO\u015a\u0106 I NIE MA Z TEGO TYTU\u0141U ZWROTU ZA SZKOLENIE!<\/p>\n<p>Ka\u017cdy kiedy\u015b zaczyna\u0142. Niekt\u00f3rzy rzucaj\u0105 si\u0119 na g\u0142\u0119bok\u0105 wod\u0119 zapisuj\u0105c si\u0119 od razu na wypasiony kurs z du\u017c\u0105 ilo\u015bci\u0105 amunicji, a inni wol\u0105 stopniowa\u0107 sobie obci\u0105\u017cenia, kt\u00f3re musz\u0105 znie\u015b\u0107 podczas nauki nowych umiej\u0119tno\u015bci. Ten kurs jest \u015bwietnym wst\u0119pem do \u015bwiata strzelectwa dynamicznego z wykorzystaniem pistoletu. Jest on kr\u00f3tki i z odpowiedni\u0105 ilo\u015bci\u0105 informacji, kt\u00f3r\u0105 jeste\u015b w stanie przyj\u0105\u0107 w tak kr\u00f3tkim czasie. Mo\u017ce jest tak, \u017ce dopiero kupi\u0142e\u015b pierwszy pistolet i nie do ko\u0144ca wiesz od czego zacz\u0105\u0107, to ten kurs jest dla Ciebie.<\/p>\n<h6><span style=\"font-size: 10pt\"><strong>PODCZAS KURSU ODPOWIESZ SOBIE NA PYTANIA:<\/strong><\/span><br \/>\n<span style=\"font-size: 10pt\"><strong>\u2013 CZY M\u00d3J PISTOLET GLOCK\/CZ\/HK\/S&amp;W JEST DOBRY DO DYNAMIKI?<\/strong><\/span><br \/>\n<span style=\"font-size: 10pt\"><strong>\u2013 CZY CHC\u0118 STRZELA\u0106 DYNAMICZNIE Z PISTOLETU?<\/strong><\/span><br \/>\n<span style=\"font-size: 10pt\"><strong>\u2013 JAKI PISTOLET WYBRA\u0106 DO DYNAMIKI?<\/strong><\/span><br \/>\n<span style=\"font-size: 10pt\"><strong>\u2013 CZY WARTO STARTOWA\u0106 W ZAWODACH IPSC NA MOIM POZIOMIE?<\/strong><\/span><\/h6>\n<p>Na tym kursie poruszymy najwa\u017cniejsze kwestie, kt\u00f3re zwi\u0105zane s\u0105 z celnym strzelaniem z pistoletu:<br \/>\n\u2013 chwyt broni \u2013 to on decyduje jak szybko b\u0119dziesz wraca\u0107 po ka\u017cdym strzale na cel przyrz\u0105dami celowniczymi, zar\u00f3wno prawa jak i lewa r\u0119ka maj\u0105 znaczenia podczas szybkiego prowadzenia ognia, dowiesz si\u0119 jak uk\u0142ada\u0107 praw\u0105 i lew\u0105 d\u0142o\u0144 na chwycie tak by odrzut kopa\u0142 najmniej, a Tobie strzelanie sprawia\u0142o jak najwi\u0119ksz\u0105 przyjemno\u015b\u0107<br \/>\n\u2013 dobycie broni z kabury \u2013 opowiem Ci o tym jak poprawnie rozpocz\u0105\u0107 dobycie, jak przyspieszy\u0107 podczas dobywania broni z kabury, na co zwr\u00f3ci\u0107 uwag\u0119 podczas odk\u0142adania broni do kabury, poznasz zalety nisko montowanych kabur<br \/>\n\u2013 celowanie \u2013 prze\u0107wiczymy szybkie sk\u0142adanie si\u0119 do celu, poznasz metod\u0119 dzi\u0119ki kt\u00f3rej, szybciej zaczniesz celowa\u0107, poznasz r\u00f3\u017cne rodzaje przyrz\u0105d\u00f3w celowniczych<br \/>\n\u2013 \u015bci\u0105ganie j\u0119zyka spustowego \u2013 poka\u017ce Ci dwie najbardziej popularne metody wyciskania spustu i sam wybierzesz, kt\u00f3ra Ci najbardziej odpowiada, dowiesz si\u0119 na czym polega wykorzystanie resetu j\u0119zyka spustowego i jak przyspieszy\u0107 swoje strzelanie z jego wykorzystaniem<\/p>\n<p>Opr\u00f3cz powy\u017cszych rzeczy b\u0119dziemy du\u017co trenowa\u0107 bezstrza\u0142owo, b\u0119dziemy strzela\u0107 r\u00f3wne \u0107wiczenia tak aby Twoja g\u0142owa ca\u0142y czas by\u0142a aktywna, na koniec b\u0119dziesz mia\u0142 okazj\u0119 strzeli\u0107 test strzelecki, kt\u00f3ry podsumuje Twoje osi\u0105gni\u0119cia i b\u0119dziesz mia\u0142 okazj\u0119 strzeli\u0107 w stresie zwi\u0105zanym z ograniczeniem czasowym. Na koniec otrzymasz podsumowanie oraz zestaw \u0107wicze\u0144 do domu. Poznasz \u0107wiczenia, dzi\u0119ki kt\u00f3rym za pomoc\u0105 ma\u0142ej ilo\u015bci amunicji b\u0119dziesz m\u00f3g\u0142 efektywnie doskonali\u0107 swoje umiej\u0119tno\u015bci strzeleckie.<\/p>\n<p><strong>MIEJSCE SZKOLENIA:<\/strong><br \/>\nPATRZ NA INFORMACJ\u0118 PRZY WYBORZE TERMINU!<\/p>\n<p><strong>CZAS SZKOLENIA:<\/strong><br \/>\n2 \u2013 3 godziny lub nieco d\u0142u\u017cej w zale\u017cno\u015bci od ilo\u015bci os\u00f3b<\/p>\n<p><strong>MINIMALNA I MAKSYMALNA ILO\u015a\u0106 OS\u00d3B NA SZKOLENIU:<\/strong><br \/>\nMinimalna ilo\u015b\u0107 os\u00f3b na szkoleniu: 4 osoby<br \/>\nMaksymalna ilo\u015b\u0107 os\u00f3b na szkoleniu: 6 os\u00f3b<\/p>\n<p><strong>NIEZB\u0118DNY SPRZ\u0118T NA SZKOLENIE:<\/strong><br \/>\nSprz\u0119t i \u015brodki potrzebne na szkolenie dla os\u00f3b nie posiadaj\u0105cych w\u0142asnej broni:<br \/>\n\u2013 spodnie z szlufkami, kt\u00f3rych nie boisz si\u0119 pobrudzi\u0107 oraz solidny pasek<br \/>\n\u2013 ubierz si\u0119 ciep\u0142o, na osi b\u0119dzie zimno!<\/p>\n<p><strong>Sprz\u0119t i \u015brodki potrzebne na szkolenie dla os\u00f3b posiadaj\u0105cych w\u0142asn\u0105 bro\u0144:<\/strong><br \/>\n\u2013 kabura do pistoletu<br \/>\n\u2013 solidny pasek do spodni<br \/>\n\u2013 spodnie z szlufkami, kt\u00f3rych nie boisz si\u0119 pobrudzi\u0107<br \/>\n\u2013 \u0142adownica na magazynek pistoletowy na pasie<br \/>\n\u2013 w\u0142asny pistolet<br \/>\n\u2013 2 magazynki pistoletowe<br \/>\n\u2013 50 sztuk amunicji<br \/>\n\u2013 ubierz si\u0119 ciep\u0142o, na osi b\u0119dzie zimno!<\/p>\n","protected":false},"excerpt":{"rendered":"<p>KURS PISTOLET \u2013 POZIOM 0, SPR\u00d3BUJ\u0118 MO\u017bE NIE UGRYZIE! CZAS &#8211; PATRZ NA INFORMACJ\u0118 PRZY WYBORZE TERMINU! MIEJSCE SZKOLENIA &#8211; PATRZ NA INFORMACJ\u0118 PRZY WYBORZE TERMINU! UWAGA! WYKUPUJ\u0104C TO SZKOLENIE [&hellip;]<\/p>\n","protected":false},"featured_media":100,"template":"","meta":[],"product_brand":[],"product_cat":[90],"product_tag":[],"class_list":{"0":"post-99","1":"product","2":"type-product","3":"status-publish","4":"has-post-thumbnail","6":"product_cat-kursy-pistolet","7":"product_shipping_class-brak-wysylki","9":"first","10":"instock","11":"taxable","12":"shipping-taxable","13":"purchasable","14":"product-type-variable"},"yoast_head":"<!-- This site is optimized with the Yoast SEO plugin v24.7 - https:\/\/yoast.com\/wordpress\/plugins\/seo\/ -->\n<title>Kurs Pistolet - Poziom 0 - Sklep Klubu Strzelaj\u0105cych Inaczej<\/title>\n<meta name=\"robots\" content=\"index, follow, max-snippet:-1, max-image-preview:large, max-video-preview:-1\" \/>\n<link rel=\"canonical\" href=\"https:\/\/sklep.strzelamyinaczej.pl\/en\/produkt\/kurs-pistolet-poziom-0\/\" \/>\n<meta property=\"og:locale\" content=\"en_US\" \/>\n<meta property=\"og:type\" content=\"article\" \/>\n<meta property=\"og:title\" content=\"Kurs Pistolet - Poziom 0 - Sklep Klubu Strzelaj\u0105cych Inaczej\" \/>\n<meta property=\"og:description\" content=\"KURS PISTOLET \u2013 POZIOM 0, SPR\u00d3BUJ\u0118 MO\u017bE NIE UGRYZIE! CZAS &#8211; PATRZ NA INFORMACJ\u0118 PRZY WYBORZE TERMINU! MIEJSCE SZKOLENIA &#8211; PATRZ NA INFORMACJ\u0118 PRZY WYBORZE TERMINU! UWAGA! WYKUPUJ\u0104C TO SZKOLENIE [&hellip;]\" \/>\n<meta property=\"og:url\" content=\"https:\/\/sklep.strzelamyinaczej.pl\/en\/produkt\/kurs-pistolet-poziom-0\/\" \/>\n<meta property=\"og:site_name\" content=\"Sklep Klubu Strzelaj\u0105cych Inaczej\" \/>\n<meta property=\"article:modified_time\" content=\"2026-04-26T18:48:56+00:00\" \/>\n<meta property=\"og:image\" content=\"http:\/\/sklep.strzelamyinaczej.pl\/wp-content\/uploads\/sites\/2\/2025\/01\/470191147_1038015548371969_8346180476410425705_n.jpg\" \/>\n\t<meta property=\"og:image:width\" content=\"1080\" \/>\n\t<meta property=\"og:image:height\" content=\"608\" \/>\n\t<meta property=\"og:image:type\" content=\"image\/jpeg\" \/>\n<meta name=\"twitter:card\" content=\"summary_large_image\" \/>\n<meta name=\"twitter:label1\" content=\"Est. reading time\" \/>\n\t<meta name=\"twitter:data1\" content=\"4 minutes\" \/>\n<script type=\"application\/ld+json\" class=\"yoast-schema-graph\">{\"@context\":\"https:\/\/schema.org\",\"@graph\":[{\"@type\":\"WebPage\",\"@id\":\"https:\/\/sklep.strzelamyinaczej.pl\/en\/produkt\/kurs-pistolet-poziom-0\/\",\"url\":\"https:\/\/sklep.strzelamyinaczej.pl\/en\/produkt\/kurs-pistolet-poziom-0\/\",\"name\":\"Kurs Pistolet - Poziom 0 - Sklep Klubu Strzelaj\u0105cych Inaczej\",\"isPartOf\":{\"@id\":\"https:\/\/sklep.strzelamyinaczej.pl\/en\/#website\"},\"primaryImageOfPage\":{\"@id\":\"https:\/\/sklep.strzelamyinaczej.pl\/en\/produkt\/kurs-pistolet-poziom-0\/#primaryimage\"},\"image\":{\"@id\":\"https:\/\/sklep.strzelamyinaczej.pl\/en\/produkt\/kurs-pistolet-poziom-0\/#primaryimage\"},\"thumbnailUrl\":\"https:\/\/sklep.strzelamyinaczej.pl\/wp-content\/uploads\/sites\/2\/2025\/01\/470191147_1038015548371969_8346180476410425705_n.jpg\",\"datePublished\":\"2025-01-05T12:55:20+00:00\",\"dateModified\":\"2026-04-26T18:48:56+00:00\",\"breadcrumb\":{\"@id\":\"https:\/\/sklep.strzelamyinaczej.pl\/en\/produkt\/kurs-pistolet-poziom-0\/#breadcrumb\"},\"inLanguage\":\"en-US\",\"potentialAction\":[{\"@type\":\"ReadAction\",\"target\":[\"https:\/\/sklep.strzelamyinaczej.pl\/en\/produkt\/kurs-pistolet-poziom-0\/\"]}]},{\"@type\":\"ImageObject\",\"inLanguage\":\"en-US\",\"@id\":\"https:\/\/sklep.strzelamyinaczej.pl\/en\/produkt\/kurs-pistolet-poziom-0\/#primaryimage\",\"url\":\"https:\/\/sklep.strzelamyinaczej.pl\/wp-content\/uploads\/sites\/2\/2025\/01\/470191147_1038015548371969_8346180476410425705_n.jpg\",\"contentUrl\":\"https:\/\/sklep.strzelamyinaczej.pl\/wp-content\/uploads\/sites\/2\/2025\/01\/470191147_1038015548371969_8346180476410425705_n.jpg\",\"width\":1080,\"height\":608},{\"@type\":\"BreadcrumbList\",\"@id\":\"https:\/\/sklep.strzelamyinaczej.pl\/en\/produkt\/kurs-pistolet-poziom-0\/#breadcrumb\",\"itemListElement\":[{\"@type\":\"ListItem\",\"position\":1,\"name\":\"Strona g\u0142\u00f3wna\",\"item\":\"https:\/\/sklep.strzelamyinaczej.pl\/en\/\"},{\"@type\":\"ListItem\",\"position\":2,\"name\":\"Sklep\",\"item\":\"https:\/\/sklep.strzelamyinaczej.pl\/\"},{\"@type\":\"ListItem\",\"position\":3,\"name\":\"Kurs Pistolet &#8211; Poziom 0\"}]},{\"@type\":\"WebSite\",\"@id\":\"https:\/\/sklep.strzelamyinaczej.pl\/en\/#website\",\"url\":\"https:\/\/sklep.strzelamyinaczej.pl\/en\/\",\"name\":\"Sklep Klubu Strzelaj\u0105cych Inaczej\",\"description\":\"\",\"potentialAction\":[{\"@type\":\"SearchAction\",\"target\":{\"@type\":\"EntryPoint\",\"urlTemplate\":\"https:\/\/sklep.strzelamyinaczej.pl\/en\/?s={search_term_string}\"},\"query-input\":{\"@type\":\"PropertyValueSpecification\",\"valueRequired\":true,\"valueName\":\"search_term_string\"}}],\"inLanguage\":\"en-US\"}]}<\/script>\n<!-- \/ Yoast SEO plugin. -->","yoast_head_json":{"title":"Kurs Pistolet - Poziom 0 - Sklep Klubu Strzelaj\u0105cych Inaczej","robots":{"index":"index","follow":"follow","max-snippet":"max-snippet:-1","max-image-preview":"max-image-preview:large","max-video-preview":"max-video-preview:-1"},"canonical":"https:\/\/sklep.strzelamyinaczej.pl\/en\/produkt\/kurs-pistolet-poziom-0\/","og_locale":"en_US","og_type":"article","og_title":"Kurs Pistolet - Poziom 0 - Sklep Klubu Strzelaj\u0105cych Inaczej","og_description":"KURS PISTOLET \u2013 POZIOM 0, SPR\u00d3BUJ\u0118 MO\u017bE NIE UGRYZIE! CZAS &#8211; PATRZ NA INFORMACJ\u0118 PRZY WYBORZE TERMINU! MIEJSCE SZKOLENIA &#8211; PATRZ NA INFORMACJ\u0118 PRZY WYBORZE TERMINU! UWAGA! WYKUPUJ\u0104C TO SZKOLENIE [&hellip;]","og_url":"https:\/\/sklep.strzelamyinaczej.pl\/en\/produkt\/kurs-pistolet-poziom-0\/","og_site_name":"Sklep Klubu Strzelaj\u0105cych Inaczej","article_modified_time":"2026-04-26T18:48:56+00:00","og_image":[{"width":1080,"height":608,"url":"http:\/\/sklep.strzelamyinaczej.pl\/wp-content\/uploads\/sites\/2\/2025\/01\/470191147_1038015548371969_8346180476410425705_n.jpg","type":"image\/jpeg"}],"twitter_card":"summary_large_image","twitter_misc":{"Est. reading time":"4 minutes"},"schema":{"@context":"https:\/\/schema.org","@graph":[{"@type":"WebPage","@id":"https:\/\/sklep.strzelamyinaczej.pl\/en\/produkt\/kurs-pistolet-poziom-0\/","url":"https:\/\/sklep.strzelamyinaczej.pl\/en\/produkt\/kurs-pistolet-poziom-0\/","name":"Kurs Pistolet - Poziom 0 - Sklep Klubu Strzelaj\u0105cych Inaczej","isPartOf":{"@id":"https:\/\/sklep.strzelamyinaczej.pl\/en\/#website"},"primaryImageOfPage":{"@id":"https:\/\/sklep.strzelamyinaczej.pl\/en\/produkt\/kurs-pistolet-poziom-0\/#primaryimage"},"image":{"@id":"https:\/\/sklep.strzelamyinaczej.pl\/en\/produkt\/kurs-pistolet-poziom-0\/#primaryimage"},"thumbnailUrl":"https:\/\/sklep.strzelamyinaczej.pl\/wp-content\/uploads\/sites\/2\/2025\/01\/470191147_1038015548371969_8346180476410425705_n.jpg","datePublished":"2025-01-05T12:55:20+00:00","dateModified":"2026-04-26T18:48:56+00:00","breadcrumb":{"@id":"https:\/\/sklep.strzelamyinaczej.pl\/en\/produkt\/kurs-pistolet-poziom-0\/#breadcrumb"},"inLanguage":"en-US","potentialAction":[{"@type":"ReadAction","target":["https:\/\/sklep.strzelamyinaczej.pl\/en\/produkt\/kurs-pistolet-poziom-0\/"]}]},{"@type":"ImageObject","inLanguage":"en-US","@id":"https:\/\/sklep.strzelamyinaczej.pl\/en\/produkt\/kurs-pistolet-poziom-0\/#primaryimage","url":"https:\/\/sklep.strzelamyinaczej.pl\/wp-content\/uploads\/sites\/2\/2025\/01\/470191147_1038015548371969_8346180476410425705_n.jpg","contentUrl":"https:\/\/sklep.strzelamyinaczej.pl\/wp-content\/uploads\/sites\/2\/2025\/01\/470191147_1038015548371969_8346180476410425705_n.jpg","width":1080,"height":608},{"@type":"BreadcrumbList","@id":"https:\/\/sklep.strzelamyinaczej.pl\/en\/produkt\/kurs-pistolet-poziom-0\/#breadcrumb","itemListElement":[{"@type":"ListItem","position":1,"name":"Strona g\u0142\u00f3wna","item":"https:\/\/sklep.strzelamyinaczej.pl\/en\/"},{"@type":"ListItem","position":2,"name":"Sklep","item":"https:\/\/sklep.strzelamyinaczej.pl\/"},{"@type":"ListItem","position":3,"name":"Kurs Pistolet &#8211; Poziom 0"}]},{"@type":"WebSite","@id":"https:\/\/sklep.strzelamyinaczej.pl\/en\/#website","url":"https:\/\/sklep.strzelamyinaczej.pl\/en\/","name":"Sklep Klubu Strzelaj\u0105cych Inaczej","description":"","potentialAction":[{"@type":"SearchAction","target":{"@type":"EntryPoint","urlTemplate":"https:\/\/sklep.strzelamyinaczej.pl\/en\/?s={search_term_string}"},"query-input":{"@type":"PropertyValueSpecification","valueRequired":true,"valueName":"search_term_string"}}],"inLanguage":"en-US"}]}},"_links":{"self":[{"href":"https:\/\/sklep.strzelamyinaczej.pl\/en\/wp-json\/wp\/v2\/product\/99","targetHints":{"allow":["GET"]}}],"collection":[{"href":"https:\/\/sklep.strzelamyinaczej.pl\/en\/wp-json\/wp\/v2\/product"}],"about":[{"href":"https:\/\/sklep.strzelamyinaczej.pl\/en\/wp-json\/wp\/v2\/types\/product"}],"wp:featuredmedia":[{"embeddable":true,"href":"https:\/\/sklep.strzelamyinaczej.pl\/en\/wp-json\/wp\/v2\/media\/100"}],"wp:attachment":[{"href":"https:\/\/sklep.strzelamyinaczej.pl\/en\/wp-json\/wp\/v2\/media?parent=99"}],"wp:term":[{"taxonomy":"product_brand","embeddable":true,"href":"https:\/\/sklep.strzelamyinaczej.pl\/en\/wp-json\/wp\/v2\/product_brand?post=99"},{"taxonomy":"product_cat","embeddable":true,"href":"https:\/\/sklep.strzelamyinaczej.pl\/en\/wp-json\/wp\/v2\/product_cat?post=99"},{"taxonomy":"product_tag","embeddable":true,"href":"https:\/\/sklep.strzelamyinaczej.pl\/en\/wp-json\/wp\/v2\/product_tag?post=99"}],"curies":[{"name":"wp","href":"https:\/\/api.w.org\/{rel}","templated":true}]}}